{"id":9630,"date":"2025-12-17T11:08:52","date_gmt":"2025-12-17T10:08:52","guid":{"rendered":"https:\/\/bilingual.hu\/uglies\/"},"modified":"2025-12-17T11:18:33","modified_gmt":"2025-12-17T10:18:33","slug":"uglies-by-scott-westerfield","status":"publish","type":"page","link":"https:\/\/bilingual.hu\/en\/uglies-by-scott-westerfield\/","title":{"rendered":"Uglies"},"content":{"rendered":"\n<h2 class=\"wp-block-heading has-text-align-center has-primary-color has-text-color has-link-color wp-elements-f70398293d2c397c66e32efd9d923461\" id=\"block-ca3bc6a9-b426-42d7-a199-24510534b174\">by Scott Westerfield<\/h2>\n\n<p class=\"has-primary-color has-text-color has-link-color wp-elements-3449df2bb762a0e943e6f326a756f330\" id=\"block-1b016a38-e7bf-4fc5-91e9-cda572fd488d\">Dear Parents,<\/p>\n\n<p class=\"has-primary-color has-text-color has-link-color wp-elements-85f7c9be5a666319090ac0611c1d1661\">As you may know, this term your 8th grade student in the Bilingual Program will be reading Uglies by Scott Westerfield. This will not be an adapted or abridged text, but rather the original work of American young adult literature. We\u2019d like to give you some background about the novel, mention the benefits and challenges from the students\u2019 point of view, and also make suggestions for how you could help.   <\/p>\n\n<h3 class=\"wp-block-heading has-secondary-color has-text-color has-link-color has-xx-large-font-size wp-elements-3aa6a70ba11956892e2faa1a782b4ce2\"><strong>Why is it important for my child to read in English?<\/strong> <\/h3>\n\n<p class=\"has-primary-color has-text-color has-link-color wp-elements-a80c8731506683f38a2c940e4b599cc8\">Reading in any language expands the mind and helps us explore vital topics and real-life situations, all the while allowing students to develop their comprehension skills, critical thinking capabilities and complexity of thought both in general and also in that specific language. Indeed, research indicates that reading skills directly relate to future academic and professional success. It can help students gain a deeper understanding of context and why characters \u2013 and people \u2013 make the choices they do. Reading also helps build independence and self-confidence and has a positive effect on the development of empathy as well as concentration. Finally, reading is a major resource for using and understanding language \u2013 including grammatical structure, lexical knowledge and writing skills. Not only can students pick up new words, but reading them in an authentic context can also help students understand the subtle nuances of the lexis that was chosen by the author. The same is true when we process the plot and character development through the linguistic structures employed by the author \u2013 helping students understand a variety of uses \u201cin the linguistic wild\u201d, as it were. All in all, reading in any language develops skills that are essential for each student\u2019s continuing studies and life in general.       <\/p>\n\n<h3 class=\"wp-block-heading has-secondary-color has-text-color has-link-color has-xx-large-font-size wp-elements-3c55b541d921a2800ec746fee3fb19ca\"><strong>Why was this novel chosen?<\/strong><\/h3>\n\n<p class=\"has-primary-color has-text-color has-link-color wp-elements-6ca95531b31ab4415934b7890e61af83\">Uglies by Scott Westerfeld has won several notable awards, including the ALA Best Books for Young Adults in 2006 and School Library Journal Best Books of the Year in 2005. While it may not have won major literary prizes, it has been highly regarded in the young adult literary world, especially for its thought-provoking themes and engaging narrative. <\/p>\n\n<h3 class=\"wp-block-heading has-secondary-color has-text-color has-link-color has-xx-large-font-size wp-elements-34d82c1b9f2f4babd27644bfedf9b608\"><strong>What are the benefits of this novel?<\/strong><\/h3>\n\n<p class=\"has-primary-color has-text-color has-link-color wp-elements-b2b1c9124a780c23a039d600df8a18f9\">Uglies is an engaging dystopian novel that captivates students while supporting language development. It introduces students to more advanced vocabulary and complex sentence structures, helping them improve both their reading comprehension and writing abilities. Through Tally\u2019s eyes of this futuristic world themes like identity, beauty standards, and societal pressure sparks critical thinking and meaningful classroom discussions in English. These conversations provide opportunities for students to express their opinions and reflect on real-world issues. Overall, Uglies encourages a deeper understanding of the English language while promoting thoughtful engagement with important social themes.    <\/p>\n\n<h3 class=\"wp-block-heading has-secondary-color has-text-color has-link-color has-xx-large-font-size wp-elements-f90012e390467335679c9f53b1b83fd9\"><strong>What are some of the challenges?\/How can I as a parent help? <\/strong><\/h3>\n\n<p class=\"has-primary-color has-text-color has-link-color wp-elements-d5f16b6fdd70f80ffccf0c7ed0017b57\">As with most futuristic novels, there is a lot of world building that happens and it can be a struggle at the beginning of these novels to immerse themselves in the new weird world. Along with the new environment comes language that may be very new or even made up. Westerfield does a wonderful job of making the world new and interesting without being too far out of the realm of our own reality to be able to relate. As your son or daughter make their way through the novel, you can help by asking questions about the different events, characters and even how they are relating to the novel.   <\/p>\n\n<p class=\"has-primary-color has-text-color has-link-color wp-elements-bf34766f6b24a4f7476dcc160f274a45\">Please let us know if you have further questions. We would like to thank you for your support in helping your child keep up with his or her chapter-by-chapter reading assignments at home. Finally, we hope your son or daughter learns from this novel and, most importantly, enjoys reading it!  <\/p>\n\n<p class=\"has-primary-color has-text-color has-link-color wp-elements-587781a75c0047c511d35f5cfe85d726\">Best regards: Anthony Laudadio, Head of Education \u2013 Primary &amp; High Schools<\/p>\n\n<p class=\"has-primary-color has-text-color has-link-color wp-elements-f53d0f2000e7e509d3e7c91eff2b425b\"><\/p>\n\n<p id=\"block-9637591c-f266-47a5-becf-cd95a3b27256\"><\/p>\n","protected":false},"excerpt":{"rendered":"<p>by Scott Westerfield Dear Parents, As you may know, this term your 8th grade student in the Bilingual Program will be reading Uglies by Scott Westerfield. This will not be an adapted or abridged text, but rather the original work of American young adult literature. We\u2019d like to give you some background about the novel, [&hellip;]<\/p>\n","protected":false},"author":19,"featured_media":0,"parent":0,"menu_order":0,"comment_status":"closed","ping_status":"closed","template":"","meta":{"_acf_changed":false,"footnotes":""},"class_list":["post-9630","page","type-page","status-publish","hentry"],"acf":[],"yoast_head":"<!-- This site is optimized with the Yoast SEO plugin v26.0 - https:\/\/yoast.com\/wordpress\/plugins\/seo\/ -->\n<title>Uglies - Bilingual<\/title>\n<meta name=\"robots\" content=\"index, follow, max-snippet:-1, max-image-preview:large, max-video-preview:-1\" \/>\n<link rel=\"canonical\" href=\"https:\/\/bilingual.hu\/en\/uglies-by-scott-westerfield\/\" \/>\n<meta property=\"og:locale\" content=\"en_US\" \/>\n<meta property=\"og:type\" content=\"article\" \/>\n<meta property=\"og:title\" content=\"Uglies - Bilingual\" \/>\n<meta property=\"og:description\" content=\"by Scott Westerfield Dear Parents, As you may know, this term your 8th grade student in the Bilingual Program will be reading Uglies by Scott Westerfield. This will not be an adapted or abridged text, but rather the original work of American young adult literature. We\u2019d like to give you some background about the novel, [&hellip;]\" \/>\n<meta property=\"og:url\" content=\"https:\/\/bilingual.hu\/en\/uglies-by-scott-westerfield\/\" \/>\n<meta property=\"og:site_name\" content=\"Bilingual\" \/>\n<meta property=\"article:publisher\" content=\"https:\/\/www.facebook.com\/bilingual.hu\" \/>\n<meta property=\"article:modified_time\" content=\"2025-12-17T10:18:33+00:00\" \/>\n<meta property=\"og:image\" content=\"https:\/\/bilingual.hu\/app\/uploads\/2025\/03\/bilingual-megosztasi-kep-en.jpg\" \/>\n\t<meta property=\"og:image:width\" content=\"2490\" \/>\n\t<meta property=\"og:image:height\" content=\"1438\" \/>\n\t<meta property=\"og:image:type\" content=\"image\/jpeg\" \/>\n<meta name=\"twitter:card\" content=\"summary_large_image\" \/>\n<meta name=\"twitter:label1\" content=\"Est. reading time\" \/>\n\t<meta name=\"twitter:data1\" content=\"4 minutes\" \/>\n<script type=\"application\/ld+json\" class=\"yoast-schema-graph\">{\"@context\":\"https:\/\/schema.org\",\"@graph\":[{\"@type\":\"WebPage\",\"@id\":\"https:\/\/bilingual.hu\/en\/uglies-by-scott-westerfield\/\",\"url\":\"https:\/\/bilingual.hu\/en\/uglies-by-scott-westerfield\/\",\"name\":\"Uglies - Bilingual\",\"isPartOf\":{\"@id\":\"https:\/\/bilingual.hu\/en\/#website\"},\"datePublished\":\"2025-12-17T10:08:52+00:00\",\"dateModified\":\"2025-12-17T10:18:33+00:00\",\"breadcrumb\":{\"@id\":\"https:\/\/bilingual.hu\/en\/uglies-by-scott-westerfield\/#breadcrumb\"},\"inLanguage\":\"en-US\",\"potentialAction\":[{\"@type\":\"ReadAction\",\"target\":[\"https:\/\/bilingual.hu\/en\/uglies-by-scott-westerfield\/\"]}]},{\"@type\":\"BreadcrumbList\",\"@id\":\"https:\/\/bilingual.hu\/en\/uglies-by-scott-westerfield\/#breadcrumb\",\"itemListElement\":[{\"@type\":\"ListItem\",\"position\":1,\"name\":\"&nbsp;\",\"item\":\"https:\/\/bilingual.hu\/en\/\"},{\"@type\":\"ListItem\",\"position\":2,\"name\":\"Uglies\"}]},{\"@type\":\"WebSite\",\"@id\":\"https:\/\/bilingual.hu\/en\/#website\",\"url\":\"https:\/\/bilingual.hu\/en\/\",\"name\":\"Bilingual\",\"description\":\"A Bilingual Program egy intenz\u00edv k\u00e9tnyelv\u0171 k\u00e9pz\u00e9s.\",\"publisher\":{\"@id\":\"https:\/\/bilingual.hu\/en\/#organization\"},\"potentialAction\":[{\"@type\":\"SearchAction\",\"target\":{\"@type\":\"EntryPoint\",\"urlTemplate\":\"https:\/\/bilingual.hu\/en\/?s={search_term_string}\"},\"query-input\":{\"@type\":\"PropertyValueSpecification\",\"valueRequired\":true,\"valueName\":\"search_term_string\"}}],\"inLanguage\":\"en-US\"},{\"@type\":\"Organization\",\"@id\":\"https:\/\/bilingual.hu\/en\/#organization\",\"name\":\"Bilingual\",\"url\":\"https:\/\/bilingual.hu\/en\/\",\"logo\":{\"@type\":\"ImageObject\",\"inLanguage\":\"en-US\",\"@id\":\"https:\/\/bilingual.hu\/en\/#\/schema\/logo\/image\/\",\"url\":\"https:\/\/bilingual.hu\/app\/uploads\/2024\/08\/Property-1Variant2.svg\",\"contentUrl\":\"https:\/\/bilingual.hu\/app\/uploads\/2024\/08\/Property-1Variant2.svg\",\"caption\":\"Bilingual\"},\"image\":{\"@id\":\"https:\/\/bilingual.hu\/en\/#\/schema\/logo\/image\/\"},\"sameAs\":[\"https:\/\/www.facebook.com\/bilingual.hu\",\"https:\/\/www.instagram.com\/bilingual.hu\/\",\"https:\/\/www.youtube.com\/channel\/UCr0fdfvgn1CRi0YwFT5LwEg\/videos\"]}]}<\/script>\n<!-- \/ Yoast SEO plugin. -->","yoast_head_json":{"title":"Uglies - Bilingual","robots":{"index":"index","follow":"follow","max-snippet":"max-snippet:-1","max-image-preview":"max-image-preview:large","max-video-preview":"max-video-preview:-1"},"canonical":"https:\/\/bilingual.hu\/en\/uglies-by-scott-westerfield\/","og_locale":"en_US","og_type":"article","og_title":"Uglies - Bilingual","og_description":"by Scott Westerfield Dear Parents, As you may know, this term your 8th grade student in the Bilingual Program will be reading Uglies by Scott Westerfield. This will not be an adapted or abridged text, but rather the original work of American young adult literature. We\u2019d like to give you some background about the novel, [&hellip;]","og_url":"https:\/\/bilingual.hu\/en\/uglies-by-scott-westerfield\/","og_site_name":"Bilingual","article_publisher":"https:\/\/www.facebook.com\/bilingual.hu","article_modified_time":"2025-12-17T10:18:33+00:00","og_image":[{"width":2490,"height":1438,"url":"https:\/\/bilingual.hu\/app\/uploads\/2025\/03\/bilingual-megosztasi-kep-en.jpg","type":"image\/jpeg"}],"twitter_card":"summary_large_image","twitter_misc":{"Est. reading time":"4 minutes"},"schema":{"@context":"https:\/\/schema.org","@graph":[{"@type":"WebPage","@id":"https:\/\/bilingual.hu\/en\/uglies-by-scott-westerfield\/","url":"https:\/\/bilingual.hu\/en\/uglies-by-scott-westerfield\/","name":"Uglies - Bilingual","isPartOf":{"@id":"https:\/\/bilingual.hu\/en\/#website"},"datePublished":"2025-12-17T10:08:52+00:00","dateModified":"2025-12-17T10:18:33+00:00","breadcrumb":{"@id":"https:\/\/bilingual.hu\/en\/uglies-by-scott-westerfield\/#breadcrumb"},"inLanguage":"en-US","potentialAction":[{"@type":"ReadAction","target":["https:\/\/bilingual.hu\/en\/uglies-by-scott-westerfield\/"]}]},{"@type":"BreadcrumbList","@id":"https:\/\/bilingual.hu\/en\/uglies-by-scott-westerfield\/#breadcrumb","itemListElement":[{"@type":"ListItem","position":1,"name":"&nbsp;","item":"https:\/\/bilingual.hu\/en\/"},{"@type":"ListItem","position":2,"name":"Uglies"}]},{"@type":"WebSite","@id":"https:\/\/bilingual.hu\/en\/#website","url":"https:\/\/bilingual.hu\/en\/","name":"Bilingual","description":"A Bilingual Program egy intenz\u00edv k\u00e9tnyelv\u0171 k\u00e9pz\u00e9s.","publisher":{"@id":"https:\/\/bilingual.hu\/en\/#organization"},"potentialAction":[{"@type":"SearchAction","target":{"@type":"EntryPoint","urlTemplate":"https:\/\/bilingual.hu\/en\/?s={search_term_string}"},"query-input":{"@type":"PropertyValueSpecification","valueRequired":true,"valueName":"search_term_string"}}],"inLanguage":"en-US"},{"@type":"Organization","@id":"https:\/\/bilingual.hu\/en\/#organization","name":"Bilingual","url":"https:\/\/bilingual.hu\/en\/","logo":{"@type":"ImageObject","inLanguage":"en-US","@id":"https:\/\/bilingual.hu\/en\/#\/schema\/logo\/image\/","url":"https:\/\/bilingual.hu\/app\/uploads\/2024\/08\/Property-1Variant2.svg","contentUrl":"https:\/\/bilingual.hu\/app\/uploads\/2024\/08\/Property-1Variant2.svg","caption":"Bilingual"},"image":{"@id":"https:\/\/bilingual.hu\/en\/#\/schema\/logo\/image\/"},"sameAs":["https:\/\/www.facebook.com\/bilingual.hu","https:\/\/www.instagram.com\/bilingual.hu\/","https:\/\/www.youtube.com\/channel\/UCr0fdfvgn1CRi0YwFT5LwEg\/videos"]}]}},"_links":{"self":[{"href":"https:\/\/bilingual.hu\/en\/wp-json\/wp\/v2\/pages\/9630","targetHints":{"allow":["GET"]}}],"collection":[{"href":"https:\/\/bilingual.hu\/en\/wp-json\/wp\/v2\/pages"}],"about":[{"href":"https:\/\/bilingual.hu\/en\/wp-json\/wp\/v2\/types\/page"}],"author":[{"embeddable":true,"href":"https:\/\/bilingual.hu\/en\/wp-json\/wp\/v2\/users\/19"}],"replies":[{"embeddable":true,"href":"https:\/\/bilingual.hu\/en\/wp-json\/wp\/v2\/comments?post=9630"}],"version-history":[{"count":1,"href":"https:\/\/bilingual.hu\/en\/wp-json\/wp\/v2\/pages\/9630\/revisions"}],"predecessor-version":[{"id":9631,"href":"https:\/\/bilingual.hu\/en\/wp-json\/wp\/v2\/pages\/9630\/revisions\/9631"}],"wp:attachment":[{"href":"https:\/\/bilingual.hu\/en\/wp-json\/wp\/v2\/media?parent=9630"}],"curies":[{"name":"wp","href":"https:\/\/api.w.org\/{rel}","templated":true}]}}