{"id":9232,"date":"2025-10-01T10:52:22","date_gmt":"2025-10-01T08:52:22","guid":{"rendered":"https:\/\/bilingual.hu\/?page_id=9232"},"modified":"2025-10-01T10:52:27","modified_gmt":"2025-10-01T08:52:27","slug":"new-kid-by-jerry-craft","status":"publish","type":"page","link":"https:\/\/bilingual.hu\/en\/new-kid-by-jerry-craft\/","title":{"rendered":"New Kid"},"content":{"rendered":"\n<h2 class=\"wp-block-heading has-text-align-center has-primary-color has-text-color has-link-color wp-elements-b185e09e02c1b44f676314d5481cdd39\">by Jerry Craft<\/h2>\n\n\n\n<p class=\"has-primary-color has-text-color has-link-color wp-elements-a9061adc2ca1e96507b7d1be77255cfe\">Dear Parents,<\/p>\n\n\n\n<p class=\"has-primary-color has-text-color has-link-color wp-elements-752913eaf7cc4f02eb1ee89c1977a3bc\">As you may know, this term your 7th grade student in the Bilingual Program will be reading<em> New Kid<\/em> by Jerry Craft. This will not be an adapted or abridged text, but rather the original work of American young adult literature. We\u2019d like to give you some background about the novel, mention the benefits and challenges from the students\u2019 point of view, and also make suggestions for how you could help.<\/p>\n\n\n\n<h3 class=\"wp-block-heading has-secondary-color has-text-color has-link-color has-xx-large-font-size wp-elements-633def51e2f057f21b186c06ec853595\"><strong>Why is it important for my child to read in English?<\/strong><\/h3>\n\n\n\n<p class=\"has-primary-color has-text-color has-link-color wp-elements-d18dc82a3cde29a70ce57ddd093f11b8\">Reading in any language expands the mind and helps us explore vital topics and real-life situations, all the while allowing students to develop their comprehension skills, critical thinking capabilities and complexity of thought both in general and also in that specific language. Indeed, research indicates that reading skills directly relate to future academic and professional success. It can help students gain a deeper understanding of context and why characters \u2013 and people \u2013 make the choices they do. Reading also helps build independence and self-confidence and has a positive effect on the development of empathy as well as concentration. Finally, reading is a major resource for using and understanding language \u2013 including grammatical structure, lexical knowledge and writing skills. Not only can students pick up new words, but reading them in an authentic context can also help students understand the subtle nuances of the lexis that was chosen by the author. The same is true when we process the plot and character development through the linguistic structures employed by the author \u2013 helping students understand a variety of uses \u201cin the linguistic wild\u201d, as it were. All in all, reading in any language develops skills that are essential for each student\u2019s continuing studies and life in general.<\/p>\n\n\n\n<h3 class=\"wp-block-heading has-secondary-color has-text-color has-link-color has-xx-large-font-size wp-elements-848ec8811c358232c7a019a4da333dd3\"><strong><strong>Why was this novel chosen?<\/strong><\/strong><\/h3>\n\n\n\n<p class=\"has-primary-color has-text-color has-link-color wp-elements-d0d04b80951aee8dd030cf50337abfce\"><em>New Kid<\/em> has won multiple notable awards such as the Coretta Scott King Award 2020, Kirkus Prize 2019, and Harvey Award for Best Children or Young Adult Book 2020. It was even the first ever graphic novel to win the prestigious John\u00a0 Newbery Medal 2020 for its accessible and relatable portrayal of diversity and identity.<\/p>\n\n\n\n<h3 class=\"wp-block-heading has-secondary-color has-text-color has-link-color has-xx-large-font-size wp-elements-9352ba253768109c66e1c0729eaa42f6\"><strong>What are the benefits of this novel?<\/strong><\/h3>\n\n\n\n<p class=\"has-primary-color has-text-color has-link-color wp-elements-d12ccc028a43f8bac7357e3a570b26aa\">Jerry Craft\u2019s <em>New Kid<\/em> is a semi-autobiographical graphic novel that explores how society subtly makes individuals feel out of place. The story follows Jordan, who navigates being the new student at an affluent, predominantly white school while adjusting to a different social environment. The combination of text and illustrations aids in understanding new vocabulary and expressions. The novel&#8217;s themes of diversity, fitting in, and social challenges promote meaningful classroom discussions, helping students practice English and develop empathy. Overall, <em>New Kid<\/em> supports language learning and encourages conversations about identity and inclusion, making it a valuable choice for the classroom.<\/p>\n\n\n\n<h3 class=\"wp-block-heading has-secondary-color has-text-color has-link-color has-xx-large-font-size wp-elements-2a1188c7b4afc596d790de2af3ad6278\"><strong>What are some of the challenges?\/How can I as a parent help?<\/strong><\/h3>\n\n\n\n<p class=\"has-primary-color has-text-color has-link-color wp-elements-941b2a81dbf42fea0841a41850e979ef\">Many students have been under the impression that because it is a graphic novel, it will be an easy read. While it may be easy to get through the words, graphic novels such as New Kid were written to push young people to see deeper into some more complex ideas like race and culture. Encouraging your son or daughter to look not only at the words but the background and details as they go panel by panel.<\/p>\n\n\n\n<p class=\"has-primary-color has-text-color has-link-color wp-elements-dafa0659faf49332981503ff4fc8804c\">Please let us know if you have further questions. We would like to thank you for your support in helping your child keep up with his or her chapter-by-chapter reading assignments at home. Finally, we hope your son or daughter learns from this novel and, most importantly, enjoys reading it!<\/p>\n","protected":false},"excerpt":{"rendered":"<p>by Jerry Craft Dear Parents, As you may know, this term your 7th grade student in the Bilingual Program will be reading New Kid by Jerry Craft. This will not be an adapted or abridged text, but rather the original work of American young adult literature. We\u2019d like to give you some background about the [&hellip;]<\/p>\n","protected":false},"author":19,"featured_media":0,"parent":0,"menu_order":0,"comment_status":"closed","ping_status":"closed","template":"","meta":{"_acf_changed":false,"footnotes":""},"class_list":["post-9232","page","type-page","status-publish","hentry"],"acf":[],"yoast_head":"<!-- This site is optimized with the Yoast SEO plugin v26.0 - https:\/\/yoast.com\/wordpress\/plugins\/seo\/ -->\n<title>New Kid - Bilingual<\/title>\n<meta name=\"robots\" content=\"index, follow, max-snippet:-1, max-image-preview:large, max-video-preview:-1\" \/>\n<link rel=\"canonical\" href=\"https:\/\/bilingual.hu\/en\/new-kid-by-jerry-craft\/\" \/>\n<meta property=\"og:locale\" content=\"en_US\" \/>\n<meta property=\"og:type\" content=\"article\" \/>\n<meta property=\"og:title\" content=\"New Kid - Bilingual\" \/>\n<meta property=\"og:description\" content=\"by Jerry Craft Dear Parents, As you may know, this term your 7th grade student in the Bilingual Program will be reading New Kid by Jerry Craft. This will not be an adapted or abridged text, but rather the original work of American young adult literature. We\u2019d like to give you some background about the [&hellip;]\" \/>\n<meta property=\"og:url\" content=\"https:\/\/bilingual.hu\/en\/new-kid-by-jerry-craft\/\" \/>\n<meta property=\"og:site_name\" content=\"Bilingual\" \/>\n<meta property=\"article:publisher\" content=\"https:\/\/www.facebook.com\/bilingual.hu\" \/>\n<meta property=\"article:modified_time\" content=\"2025-10-01T08:52:27+00:00\" \/>\n<meta property=\"og:image\" content=\"https:\/\/bilingual.hu\/app\/uploads\/2025\/03\/bilingual-megosztasi-kep-en.jpg\" \/>\n\t<meta property=\"og:image:width\" content=\"2490\" \/>\n\t<meta property=\"og:image:height\" content=\"1438\" \/>\n\t<meta property=\"og:image:type\" content=\"image\/jpeg\" \/>\n<meta name=\"twitter:card\" content=\"summary_large_image\" \/>\n<meta name=\"twitter:label1\" content=\"Est. reading time\" \/>\n\t<meta name=\"twitter:data1\" content=\"4 minutes\" \/>\n<script type=\"application\/ld+json\" class=\"yoast-schema-graph\">{\"@context\":\"https:\/\/schema.org\",\"@graph\":[{\"@type\":\"WebPage\",\"@id\":\"https:\/\/bilingual.hu\/en\/new-kid-by-jerry-craft\/\",\"url\":\"https:\/\/bilingual.hu\/en\/new-kid-by-jerry-craft\/\",\"name\":\"New Kid - Bilingual\",\"isPartOf\":{\"@id\":\"https:\/\/bilingual.hu\/en\/#website\"},\"datePublished\":\"2025-10-01T08:52:22+00:00\",\"dateModified\":\"2025-10-01T08:52:27+00:00\",\"breadcrumb\":{\"@id\":\"https:\/\/bilingual.hu\/en\/new-kid-by-jerry-craft\/#breadcrumb\"},\"inLanguage\":\"en-US\",\"potentialAction\":[{\"@type\":\"ReadAction\",\"target\":[\"https:\/\/bilingual.hu\/en\/new-kid-by-jerry-craft\/\"]}]},{\"@type\":\"BreadcrumbList\",\"@id\":\"https:\/\/bilingual.hu\/en\/new-kid-by-jerry-craft\/#breadcrumb\",\"itemListElement\":[{\"@type\":\"ListItem\",\"position\":1,\"name\":\"&nbsp;\",\"item\":\"https:\/\/bilingual.hu\/en\/\"},{\"@type\":\"ListItem\",\"position\":2,\"name\":\"New Kid\"}]},{\"@type\":\"WebSite\",\"@id\":\"https:\/\/bilingual.hu\/en\/#website\",\"url\":\"https:\/\/bilingual.hu\/en\/\",\"name\":\"Bilingual\",\"description\":\"A Bilingual Program egy intenz\u00edv k\u00e9tnyelv\u0171 k\u00e9pz\u00e9s.\",\"publisher\":{\"@id\":\"https:\/\/bilingual.hu\/en\/#organization\"},\"potentialAction\":[{\"@type\":\"SearchAction\",\"target\":{\"@type\":\"EntryPoint\",\"urlTemplate\":\"https:\/\/bilingual.hu\/en\/?s={search_term_string}\"},\"query-input\":{\"@type\":\"PropertyValueSpecification\",\"valueRequired\":true,\"valueName\":\"search_term_string\"}}],\"inLanguage\":\"en-US\"},{\"@type\":\"Organization\",\"@id\":\"https:\/\/bilingual.hu\/en\/#organization\",\"name\":\"Bilingual\",\"url\":\"https:\/\/bilingual.hu\/en\/\",\"logo\":{\"@type\":\"ImageObject\",\"inLanguage\":\"en-US\",\"@id\":\"https:\/\/bilingual.hu\/en\/#\/schema\/logo\/image\/\",\"url\":\"https:\/\/bilingual.hu\/app\/uploads\/2024\/08\/Property-1Variant2.svg\",\"contentUrl\":\"https:\/\/bilingual.hu\/app\/uploads\/2024\/08\/Property-1Variant2.svg\",\"caption\":\"Bilingual\"},\"image\":{\"@id\":\"https:\/\/bilingual.hu\/en\/#\/schema\/logo\/image\/\"},\"sameAs\":[\"https:\/\/www.facebook.com\/bilingual.hu\",\"https:\/\/www.instagram.com\/bilingual.hu\/\",\"https:\/\/www.youtube.com\/channel\/UCr0fdfvgn1CRi0YwFT5LwEg\/videos\"]}]}<\/script>\n<!-- \/ Yoast SEO plugin. -->","yoast_head_json":{"title":"New Kid - Bilingual","robots":{"index":"index","follow":"follow","max-snippet":"max-snippet:-1","max-image-preview":"max-image-preview:large","max-video-preview":"max-video-preview:-1"},"canonical":"https:\/\/bilingual.hu\/en\/new-kid-by-jerry-craft\/","og_locale":"en_US","og_type":"article","og_title":"New Kid - Bilingual","og_description":"by Jerry Craft Dear Parents, As you may know, this term your 7th grade student in the Bilingual Program will be reading New Kid by Jerry Craft. This will not be an adapted or abridged text, but rather the original work of American young adult literature. We\u2019d like to give you some background about the [&hellip;]","og_url":"https:\/\/bilingual.hu\/en\/new-kid-by-jerry-craft\/","og_site_name":"Bilingual","article_publisher":"https:\/\/www.facebook.com\/bilingual.hu","article_modified_time":"2025-10-01T08:52:27+00:00","og_image":[{"width":2490,"height":1438,"url":"https:\/\/bilingual.hu\/app\/uploads\/2025\/03\/bilingual-megosztasi-kep-en.jpg","type":"image\/jpeg"}],"twitter_card":"summary_large_image","twitter_misc":{"Est. reading time":"4 minutes"},"schema":{"@context":"https:\/\/schema.org","@graph":[{"@type":"WebPage","@id":"https:\/\/bilingual.hu\/en\/new-kid-by-jerry-craft\/","url":"https:\/\/bilingual.hu\/en\/new-kid-by-jerry-craft\/","name":"New Kid - Bilingual","isPartOf":{"@id":"https:\/\/bilingual.hu\/en\/#website"},"datePublished":"2025-10-01T08:52:22+00:00","dateModified":"2025-10-01T08:52:27+00:00","breadcrumb":{"@id":"https:\/\/bilingual.hu\/en\/new-kid-by-jerry-craft\/#breadcrumb"},"inLanguage":"en-US","potentialAction":[{"@type":"ReadAction","target":["https:\/\/bilingual.hu\/en\/new-kid-by-jerry-craft\/"]}]},{"@type":"BreadcrumbList","@id":"https:\/\/bilingual.hu\/en\/new-kid-by-jerry-craft\/#breadcrumb","itemListElement":[{"@type":"ListItem","position":1,"name":"&nbsp;","item":"https:\/\/bilingual.hu\/en\/"},{"@type":"ListItem","position":2,"name":"New Kid"}]},{"@type":"WebSite","@id":"https:\/\/bilingual.hu\/en\/#website","url":"https:\/\/bilingual.hu\/en\/","name":"Bilingual","description":"A Bilingual Program egy intenz\u00edv k\u00e9tnyelv\u0171 k\u00e9pz\u00e9s.","publisher":{"@id":"https:\/\/bilingual.hu\/en\/#organization"},"potentialAction":[{"@type":"SearchAction","target":{"@type":"EntryPoint","urlTemplate":"https:\/\/bilingual.hu\/en\/?s={search_term_string}"},"query-input":{"@type":"PropertyValueSpecification","valueRequired":true,"valueName":"search_term_string"}}],"inLanguage":"en-US"},{"@type":"Organization","@id":"https:\/\/bilingual.hu\/en\/#organization","name":"Bilingual","url":"https:\/\/bilingual.hu\/en\/","logo":{"@type":"ImageObject","inLanguage":"en-US","@id":"https:\/\/bilingual.hu\/en\/#\/schema\/logo\/image\/","url":"https:\/\/bilingual.hu\/app\/uploads\/2024\/08\/Property-1Variant2.svg","contentUrl":"https:\/\/bilingual.hu\/app\/uploads\/2024\/08\/Property-1Variant2.svg","caption":"Bilingual"},"image":{"@id":"https:\/\/bilingual.hu\/en\/#\/schema\/logo\/image\/"},"sameAs":["https:\/\/www.facebook.com\/bilingual.hu","https:\/\/www.instagram.com\/bilingual.hu\/","https:\/\/www.youtube.com\/channel\/UCr0fdfvgn1CRi0YwFT5LwEg\/videos"]}]}},"_links":{"self":[{"href":"https:\/\/bilingual.hu\/en\/wp-json\/wp\/v2\/pages\/9232","targetHints":{"allow":["GET"]}}],"collection":[{"href":"https:\/\/bilingual.hu\/en\/wp-json\/wp\/v2\/pages"}],"about":[{"href":"https:\/\/bilingual.hu\/en\/wp-json\/wp\/v2\/types\/page"}],"author":[{"embeddable":true,"href":"https:\/\/bilingual.hu\/en\/wp-json\/wp\/v2\/users\/19"}],"replies":[{"embeddable":true,"href":"https:\/\/bilingual.hu\/en\/wp-json\/wp\/v2\/comments?post=9232"}],"version-history":[{"count":1,"href":"https:\/\/bilingual.hu\/en\/wp-json\/wp\/v2\/pages\/9232\/revisions"}],"predecessor-version":[{"id":9233,"href":"https:\/\/bilingual.hu\/en\/wp-json\/wp\/v2\/pages\/9232\/revisions\/9233"}],"wp:attachment":[{"href":"https:\/\/bilingual.hu\/en\/wp-json\/wp\/v2\/media?parent=9232"}],"curies":[{"name":"wp","href":"https:\/\/api.w.org\/{rel}","templated":true}]}}