{"id":9226,"date":"2025-09-30T14:47:52","date_gmt":"2025-09-30T12:47:52","guid":{"rendered":"https:\/\/bilingual.hu\/?page_id=9226"},"modified":"2025-09-30T14:49:30","modified_gmt":"2025-09-30T12:49:30","slug":"gregor-the-overlander-by-suzanne-collins","status":"publish","type":"page","link":"https:\/\/bilingual.hu\/en\/gregor-the-overlander-by-suzanne-collins\/","title":{"rendered":"Gregor the Overlander"},"content":{"rendered":"\n<h2 class=\"wp-block-heading has-text-align-center has-primary-color has-text-color has-link-color wp-elements-f82a536d0323390a998950cc01f7853a\">by Suzanne Collins<\/h2>\n\n\n\n<p class=\"has-primary-color has-text-color has-link-color wp-elements-a9061adc2ca1e96507b7d1be77255cfe\">Dear Parents,<\/p>\n\n\n\n<p class=\"has-primary-color has-text-color has-link-color wp-elements-7bc872ce5aa33b6b7751cd25e0c00a55\">As you may know, this term your 6th grade student in the Bilingual Program will be reading <em>Gregor the Overlander<\/em> by Suzanne Collins. This will not be an adapted or abridged text, but rather the original work of American young adult literature. We\u2019d like to give you some background about the novel, mention the benefits and challenges from the students\u2019 point of view, and also make suggestions for how you could help.<\/p>\n\n\n\n<h3 class=\"wp-block-heading has-secondary-color has-text-color has-link-color has-xx-large-font-size wp-elements-633def51e2f057f21b186c06ec853595\"><strong>Why is it important for my child to read in English?<\/strong><\/h3>\n\n\n\n<p class=\"has-primary-color has-text-color has-link-color wp-elements-d18dc82a3cde29a70ce57ddd093f11b8\">Reading in any language expands the mind and helps us explore vital topics and real-life situations, all the while allowing students to develop their comprehension skills, critical thinking capabilities and complexity of thought both in general and also in that specific language. Indeed, research indicates that reading skills directly relate to future academic and professional success. It can help students gain a deeper understanding of context and why characters \u2013 and people \u2013 make the choices they do. Reading also helps build independence and self-confidence and has a positive effect on the development of empathy as well as concentration. Finally, reading is a major resource for using and understanding language \u2013 including grammatical structure, lexical knowledge and writing skills. Not only can students pick up new words, but reading them in an authentic context can also help students understand the subtle nuances of the lexis that was chosen by the author. The same is true when we process the plot and character development through the linguistic structures employed by the author \u2013 helping students understand a variety of uses \u201cin the linguistic wild\u201d, as it were. All in all, reading in any language develops skills that are essential for each student\u2019s continuing studies and life in general.<\/p>\n\n\n\n<h3 class=\"wp-block-heading has-secondary-color has-text-color has-link-color has-xx-large-font-size wp-elements-848ec8811c358232c7a019a4da333dd3\"><strong><strong>Why was this novel chosen?<\/strong><\/strong><\/h3>\n\n\n\n<p class=\"has-primary-color has-text-color has-link-color wp-elements-3582550ed42a1e3ecd46afd1fd84afcd\"><em>Gregor the Overlander<\/em> was chosen in 2004 for the Kirkus Reviews Editor&#8217;s Choice and won NIBA Children&#8217;s Novel Award in 2005. It is also highly recommended among many middle grade reading lists for its imaginative and vivid fantasy world.<\/p>\n\n\n\n<h3 class=\"wp-block-heading has-secondary-color has-text-color has-link-color has-xx-large-font-size wp-elements-9352ba253768109c66e1c0729eaa42f6\"><strong>What are the benefits of this novel?<\/strong><\/h3>\n\n\n\n<p class=\"has-primary-color has-text-color has-link-color wp-elements-00b9a0a46dc4e5bf302ec6384386fe5f\"><em>Gregor the Overlander<\/em> is an engaging fantasy novel that captivates sixth-grade EFL students, making language learning enjoyable. Gregor\u2019s love for his sister kicks off an epic adventure into the Underland which transports students into a\u00a0 realm of diverse and unexpected characters. The book introduces a wide range of vocabulary and complex grammatical structures in context, enhancing students&#8217; language skills along the way. It also encourages critical thinking through its exploration of themes like bravery, loyalty, and identity, while fostering social-emotional learning by highlighting relationships and empathy. By reading this novel, students not only build a strong foundation in English but also develop a love for reading, preparing them for more advanced literature.<\/p>\n\n\n\n<h3 class=\"wp-block-heading has-secondary-color has-text-color has-link-color has-xx-large-font-size wp-elements-2a1188c7b4afc596d790de2af3ad6278\"><strong>What are some of the challenges?\/How can I as a parent help?<\/strong><\/h3>\n\n\n\n<p class=\"has-primary-color has-text-color has-link-color wp-elements-724fde05e93bc34fc7c19750ba652efc\"><em>Gregor the Overlander <\/em>does have its challenges. Due to its complex vocabulary, fast-paced plot, and the introduction of multiple characters and fantasy species, may be overwhelming for learners still developing their language skills. Additionally, the book&#8217;s emotional depth and use of idiomatic expressions may be difficult for students to fully grasp. To help, you can encourage your child to talk about key points after each chapter to ensure understanding. Reading with your son or daughter would also help in fostering discussions and new perspectives.\u00a0<\/p>\n\n\n\n<p class=\"has-primary-color has-text-color has-link-color wp-elements-dafa0659faf49332981503ff4fc8804c\">Please let us know if you have further questions. We would like to thank you for your support in helping your child keep up with his or her chapter-by-chapter reading assignments at home. Finally, we hope your son or daughter learns from this novel and, most importantly, enjoys reading it!<\/p>\n\n\n\n<p><\/p>\n\n\n\n<p><\/p>\n","protected":false},"excerpt":{"rendered":"<p>by Suzanne Collins Dear Parents, As you may know, this term your 6th grade student in the Bilingual Program will be reading Gregor the Overlander by Suzanne Collins. This will not be an adapted or abridged text, but rather the original work of American young adult literature. We\u2019d like to give you some background about [&hellip;]<\/p>\n","protected":false},"author":19,"featured_media":0,"parent":0,"menu_order":0,"comment_status":"closed","ping_status":"closed","template":"","meta":{"_acf_changed":false,"footnotes":""},"class_list":["post-9226","page","type-page","status-publish","hentry"],"acf":[],"yoast_head":"<!-- This site is optimized with the Yoast SEO plugin v26.0 - https:\/\/yoast.com\/wordpress\/plugins\/seo\/ -->\n<title>Gregor the Overlander - Bilingual<\/title>\n<meta name=\"robots\" content=\"index, follow, max-snippet:-1, max-image-preview:large, max-video-preview:-1\" \/>\n<link rel=\"canonical\" href=\"https:\/\/bilingual.hu\/en\/gregor-the-overlander-by-suzanne-collins\/\" \/>\n<meta property=\"og:locale\" content=\"en_US\" \/>\n<meta property=\"og:type\" content=\"article\" \/>\n<meta property=\"og:title\" content=\"Gregor the Overlander - Bilingual\" \/>\n<meta property=\"og:description\" content=\"by Suzanne Collins Dear Parents, As you may know, this term your 6th grade student in the Bilingual Program will be reading Gregor the Overlander by Suzanne Collins. This will not be an adapted or abridged text, but rather the original work of American young adult literature. We\u2019d like to give you some background about [&hellip;]\" \/>\n<meta property=\"og:url\" content=\"https:\/\/bilingual.hu\/en\/gregor-the-overlander-by-suzanne-collins\/\" \/>\n<meta property=\"og:site_name\" content=\"Bilingual\" \/>\n<meta property=\"article:publisher\" content=\"https:\/\/www.facebook.com\/bilingual.hu\" \/>\n<meta property=\"article:modified_time\" content=\"2025-09-30T12:49:30+00:00\" \/>\n<meta property=\"og:image\" content=\"https:\/\/bilingual.hu\/app\/uploads\/2025\/03\/bilingual-megosztasi-kep-en.jpg\" \/>\n\t<meta property=\"og:image:width\" content=\"2490\" \/>\n\t<meta property=\"og:image:height\" content=\"1438\" \/>\n\t<meta property=\"og:image:type\" content=\"image\/jpeg\" \/>\n<meta name=\"twitter:card\" content=\"summary_large_image\" \/>\n<meta name=\"twitter:label1\" content=\"Est. reading time\" \/>\n\t<meta name=\"twitter:data1\" content=\"4 minutes\" \/>\n<script type=\"application\/ld+json\" class=\"yoast-schema-graph\">{\"@context\":\"https:\/\/schema.org\",\"@graph\":[{\"@type\":\"WebPage\",\"@id\":\"https:\/\/bilingual.hu\/en\/gregor-the-overlander-by-suzanne-collins\/\",\"url\":\"https:\/\/bilingual.hu\/en\/gregor-the-overlander-by-suzanne-collins\/\",\"name\":\"Gregor the Overlander - Bilingual\",\"isPartOf\":{\"@id\":\"https:\/\/bilingual.hu\/en\/#website\"},\"datePublished\":\"2025-09-30T12:47:52+00:00\",\"dateModified\":\"2025-09-30T12:49:30+00:00\",\"breadcrumb\":{\"@id\":\"https:\/\/bilingual.hu\/en\/gregor-the-overlander-by-suzanne-collins\/#breadcrumb\"},\"inLanguage\":\"en-US\",\"potentialAction\":[{\"@type\":\"ReadAction\",\"target\":[\"https:\/\/bilingual.hu\/en\/gregor-the-overlander-by-suzanne-collins\/\"]}]},{\"@type\":\"BreadcrumbList\",\"@id\":\"https:\/\/bilingual.hu\/en\/gregor-the-overlander-by-suzanne-collins\/#breadcrumb\",\"itemListElement\":[{\"@type\":\"ListItem\",\"position\":1,\"name\":\"&nbsp;\",\"item\":\"https:\/\/bilingual.hu\/en\/\"},{\"@type\":\"ListItem\",\"position\":2,\"name\":\"Gregor the Overlander\"}]},{\"@type\":\"WebSite\",\"@id\":\"https:\/\/bilingual.hu\/en\/#website\",\"url\":\"https:\/\/bilingual.hu\/en\/\",\"name\":\"Bilingual\",\"description\":\"A Bilingual Program egy intenz\u00edv k\u00e9tnyelv\u0171 k\u00e9pz\u00e9s.\",\"publisher\":{\"@id\":\"https:\/\/bilingual.hu\/en\/#organization\"},\"potentialAction\":[{\"@type\":\"SearchAction\",\"target\":{\"@type\":\"EntryPoint\",\"urlTemplate\":\"https:\/\/bilingual.hu\/en\/?s={search_term_string}\"},\"query-input\":{\"@type\":\"PropertyValueSpecification\",\"valueRequired\":true,\"valueName\":\"search_term_string\"}}],\"inLanguage\":\"en-US\"},{\"@type\":\"Organization\",\"@id\":\"https:\/\/bilingual.hu\/en\/#organization\",\"name\":\"Bilingual\",\"url\":\"https:\/\/bilingual.hu\/en\/\",\"logo\":{\"@type\":\"ImageObject\",\"inLanguage\":\"en-US\",\"@id\":\"https:\/\/bilingual.hu\/en\/#\/schema\/logo\/image\/\",\"url\":\"https:\/\/bilingual.hu\/app\/uploads\/2024\/08\/Property-1Variant2.svg\",\"contentUrl\":\"https:\/\/bilingual.hu\/app\/uploads\/2024\/08\/Property-1Variant2.svg\",\"caption\":\"Bilingual\"},\"image\":{\"@id\":\"https:\/\/bilingual.hu\/en\/#\/schema\/logo\/image\/\"},\"sameAs\":[\"https:\/\/www.facebook.com\/bilingual.hu\",\"https:\/\/www.instagram.com\/bilingual.hu\/\",\"https:\/\/www.youtube.com\/channel\/UCr0fdfvgn1CRi0YwFT5LwEg\/videos\"]}]}<\/script>\n<!-- \/ Yoast SEO plugin. -->","yoast_head_json":{"title":"Gregor the Overlander - Bilingual","robots":{"index":"index","follow":"follow","max-snippet":"max-snippet:-1","max-image-preview":"max-image-preview:large","max-video-preview":"max-video-preview:-1"},"canonical":"https:\/\/bilingual.hu\/en\/gregor-the-overlander-by-suzanne-collins\/","og_locale":"en_US","og_type":"article","og_title":"Gregor the Overlander - Bilingual","og_description":"by Suzanne Collins Dear Parents, As you may know, this term your 6th grade student in the Bilingual Program will be reading Gregor the Overlander by Suzanne Collins. This will not be an adapted or abridged text, but rather the original work of American young adult literature. We\u2019d like to give you some background about [&hellip;]","og_url":"https:\/\/bilingual.hu\/en\/gregor-the-overlander-by-suzanne-collins\/","og_site_name":"Bilingual","article_publisher":"https:\/\/www.facebook.com\/bilingual.hu","article_modified_time":"2025-09-30T12:49:30+00:00","og_image":[{"width":2490,"height":1438,"url":"https:\/\/bilingual.hu\/app\/uploads\/2025\/03\/bilingual-megosztasi-kep-en.jpg","type":"image\/jpeg"}],"twitter_card":"summary_large_image","twitter_misc":{"Est. reading time":"4 minutes"},"schema":{"@context":"https:\/\/schema.org","@graph":[{"@type":"WebPage","@id":"https:\/\/bilingual.hu\/en\/gregor-the-overlander-by-suzanne-collins\/","url":"https:\/\/bilingual.hu\/en\/gregor-the-overlander-by-suzanne-collins\/","name":"Gregor the Overlander - Bilingual","isPartOf":{"@id":"https:\/\/bilingual.hu\/en\/#website"},"datePublished":"2025-09-30T12:47:52+00:00","dateModified":"2025-09-30T12:49:30+00:00","breadcrumb":{"@id":"https:\/\/bilingual.hu\/en\/gregor-the-overlander-by-suzanne-collins\/#breadcrumb"},"inLanguage":"en-US","potentialAction":[{"@type":"ReadAction","target":["https:\/\/bilingual.hu\/en\/gregor-the-overlander-by-suzanne-collins\/"]}]},{"@type":"BreadcrumbList","@id":"https:\/\/bilingual.hu\/en\/gregor-the-overlander-by-suzanne-collins\/#breadcrumb","itemListElement":[{"@type":"ListItem","position":1,"name":"&nbsp;","item":"https:\/\/bilingual.hu\/en\/"},{"@type":"ListItem","position":2,"name":"Gregor the Overlander"}]},{"@type":"WebSite","@id":"https:\/\/bilingual.hu\/en\/#website","url":"https:\/\/bilingual.hu\/en\/","name":"Bilingual","description":"A Bilingual Program egy intenz\u00edv k\u00e9tnyelv\u0171 k\u00e9pz\u00e9s.","publisher":{"@id":"https:\/\/bilingual.hu\/en\/#organization"},"potentialAction":[{"@type":"SearchAction","target":{"@type":"EntryPoint","urlTemplate":"https:\/\/bilingual.hu\/en\/?s={search_term_string}"},"query-input":{"@type":"PropertyValueSpecification","valueRequired":true,"valueName":"search_term_string"}}],"inLanguage":"en-US"},{"@type":"Organization","@id":"https:\/\/bilingual.hu\/en\/#organization","name":"Bilingual","url":"https:\/\/bilingual.hu\/en\/","logo":{"@type":"ImageObject","inLanguage":"en-US","@id":"https:\/\/bilingual.hu\/en\/#\/schema\/logo\/image\/","url":"https:\/\/bilingual.hu\/app\/uploads\/2024\/08\/Property-1Variant2.svg","contentUrl":"https:\/\/bilingual.hu\/app\/uploads\/2024\/08\/Property-1Variant2.svg","caption":"Bilingual"},"image":{"@id":"https:\/\/bilingual.hu\/en\/#\/schema\/logo\/image\/"},"sameAs":["https:\/\/www.facebook.com\/bilingual.hu","https:\/\/www.instagram.com\/bilingual.hu\/","https:\/\/www.youtube.com\/channel\/UCr0fdfvgn1CRi0YwFT5LwEg\/videos"]}]}},"_links":{"self":[{"href":"https:\/\/bilingual.hu\/en\/wp-json\/wp\/v2\/pages\/9226","targetHints":{"allow":["GET"]}}],"collection":[{"href":"https:\/\/bilingual.hu\/en\/wp-json\/wp\/v2\/pages"}],"about":[{"href":"https:\/\/bilingual.hu\/en\/wp-json\/wp\/v2\/types\/page"}],"author":[{"embeddable":true,"href":"https:\/\/bilingual.hu\/en\/wp-json\/wp\/v2\/users\/19"}],"replies":[{"embeddable":true,"href":"https:\/\/bilingual.hu\/en\/wp-json\/wp\/v2\/comments?post=9226"}],"version-history":[{"count":1,"href":"https:\/\/bilingual.hu\/en\/wp-json\/wp\/v2\/pages\/9226\/revisions"}],"predecessor-version":[{"id":9228,"href":"https:\/\/bilingual.hu\/en\/wp-json\/wp\/v2\/pages\/9226\/revisions\/9228"}],"wp:attachment":[{"href":"https:\/\/bilingual.hu\/en\/wp-json\/wp\/v2\/media?parent=9226"}],"curies":[{"name":"wp","href":"https:\/\/api.w.org\/{rel}","templated":true}]}}