{"id":8821,"date":"2025-04-27T13:21:29","date_gmt":"2025-04-27T11:21:29","guid":{"rendered":"https:\/\/bilingual.hu\/?page_id=8821"},"modified":"2025-04-27T13:22:31","modified_gmt":"2025-04-27T11:22:31","slug":"cambridge-final-exams-general-information","status":"publish","type":"page","link":"https:\/\/bilingual.hu\/en\/cambridge-final-exams-general-information\/","title":{"rendered":"Cambridge Final Exams \u2013 General Information"},"content":{"rendered":"\n<p>Cambridge Final Exams are a key element of the Bilingual Program. Cambridge language exams are an internationally-recognized measurement tool that can be used to compare the knowledge of our students against an external benchmark and can therefore provide feedback to students, teachers and parents regarding students\u2019 progress, their needs in terms of their English language development, and also our program\u2019s overall performance. Each exam, year by year, is also a stepping stone toward higher achievement for each of our students and is a key element in helping them prepare for the Cambridge First (FCE) For Schools B2 level exam at the end of Grade 8 in primary school and even higher levels in our high school program. \u00a0\u00a0<br><br>Preparation for Cambridge Finals is fully integrated into our program as a whole, in both English lessons and co-taught subjects. That said, we also devote one English lesson per week to more focused exam preparation to ensure the students have the support they need year-round. Just as important, the preparation material and the tests themselves are age-appropriate \u2013 specially designed with your child\u2019s age group in mind.<br><br>Our Cambridge Final Exams are in full compliance with official exam standards and materials. As mentioned above, marks on the exam will allow students, teachers and parents to gain insight into each student\u2019s level and language needs. Students will have a chance to look through their corrected tests. Of course, parents may also do so by appointment with their child\u2019s main class English teacher, though the results will also be reported and interpreted in your child\u2019s end of year report.<br><br>Finally, in upper primary school in Grades 5 through 8, under either the Cambridge +1 or Cambridge Plus System, students with passing Cambridge exam results will see their end of year English marks positively affected by their exam scores. Please see more information on how the Cambridge +1 and Cambridge Plus systems work via the other link in your email regarding Cambridge Final Exams.<br><\/p>\n","protected":false},"excerpt":{"rendered":"<p>Cambridge Final Exams are a key element of the Bilingual Program. Cambridge language exams are an internationally-recognized measurement tool that can be used to compare the knowledge of our students against an external benchmark and can therefore provide feedback to students, teachers and parents regarding students\u2019 progress, their needs in terms of their English language [&hellip;]<\/p>\n","protected":false},"author":21,"featured_media":0,"parent":0,"menu_order":0,"comment_status":"closed","ping_status":"closed","template":"","meta":{"_acf_changed":false,"footnotes":""},"class_list":["post-8821","page","type-page","status-publish","hentry"],"acf":[],"yoast_head":"<!-- This site is optimized with the Yoast SEO plugin v26.0 - https:\/\/yoast.com\/wordpress\/plugins\/seo\/ -->\n<title>Cambridge Final Exams \u2013 General Information - Bilingual<\/title>\n<meta name=\"robots\" content=\"index, follow, max-snippet:-1, max-image-preview:large, max-video-preview:-1\" \/>\n<link rel=\"canonical\" href=\"https:\/\/bilingual.hu\/en\/cambridge-final-exams-general-information\/\" \/>\n<meta property=\"og:locale\" content=\"en_US\" \/>\n<meta property=\"og:type\" content=\"article\" \/>\n<meta property=\"og:title\" content=\"Cambridge Final Exams \u2013 General Information - Bilingual\" \/>\n<meta property=\"og:description\" content=\"Cambridge Final Exams are a key element of the Bilingual Program. Cambridge language exams are an internationally-recognized measurement tool that can be used to compare the knowledge of our students against an external benchmark and can therefore provide feedback to students, teachers and parents regarding students\u2019 progress, their needs in terms of their English language [&hellip;]\" \/>\n<meta property=\"og:url\" content=\"https:\/\/bilingual.hu\/en\/cambridge-final-exams-general-information\/\" \/>\n<meta property=\"og:site_name\" content=\"Bilingual\" \/>\n<meta property=\"article:publisher\" content=\"https:\/\/www.facebook.com\/bilingual.hu\" \/>\n<meta property=\"article:modified_time\" content=\"2025-04-27T11:22:31+00:00\" \/>\n<meta property=\"og:image\" content=\"https:\/\/bilingual.hu\/app\/uploads\/2025\/03\/bilingual-megosztasi-kep-en.jpg\" \/>\n\t<meta property=\"og:image:width\" content=\"2490\" \/>\n\t<meta property=\"og:image:height\" content=\"1438\" \/>\n\t<meta property=\"og:image:type\" content=\"image\/jpeg\" \/>\n<meta name=\"twitter:card\" content=\"summary_large_image\" \/>\n<meta name=\"twitter:label1\" content=\"Est. reading time\" \/>\n\t<meta name=\"twitter:data1\" content=\"2 minutes\" \/>\n<script type=\"application\/ld+json\" class=\"yoast-schema-graph\">{\"@context\":\"https:\/\/schema.org\",\"@graph\":[{\"@type\":\"WebPage\",\"@id\":\"https:\/\/bilingual.hu\/en\/cambridge-final-exams-general-information\/\",\"url\":\"https:\/\/bilingual.hu\/en\/cambridge-final-exams-general-information\/\",\"name\":\"Cambridge Final Exams \u2013 General Information - Bilingual\",\"isPartOf\":{\"@id\":\"https:\/\/bilingual.hu\/en\/#website\"},\"datePublished\":\"2025-04-27T11:21:29+00:00\",\"dateModified\":\"2025-04-27T11:22:31+00:00\",\"breadcrumb\":{\"@id\":\"https:\/\/bilingual.hu\/en\/cambridge-final-exams-general-information\/#breadcrumb\"},\"inLanguage\":\"en-US\",\"potentialAction\":[{\"@type\":\"ReadAction\",\"target\":[\"https:\/\/bilingual.hu\/en\/cambridge-final-exams-general-information\/\"]}]},{\"@type\":\"BreadcrumbList\",\"@id\":\"https:\/\/bilingual.hu\/en\/cambridge-final-exams-general-information\/#breadcrumb\",\"itemListElement\":[{\"@type\":\"ListItem\",\"position\":1,\"name\":\"&nbsp;\",\"item\":\"https:\/\/bilingual.hu\/en\/\"},{\"@type\":\"ListItem\",\"position\":2,\"name\":\"Cambridge Final Exams \u2013 General Information\"}]},{\"@type\":\"WebSite\",\"@id\":\"https:\/\/bilingual.hu\/en\/#website\",\"url\":\"https:\/\/bilingual.hu\/en\/\",\"name\":\"Bilingual\",\"description\":\"A Bilingual Program egy intenz\u00edv k\u00e9tnyelv\u0171 k\u00e9pz\u00e9s.\",\"publisher\":{\"@id\":\"https:\/\/bilingual.hu\/en\/#organization\"},\"potentialAction\":[{\"@type\":\"SearchAction\",\"target\":{\"@type\":\"EntryPoint\",\"urlTemplate\":\"https:\/\/bilingual.hu\/en\/?s={search_term_string}\"},\"query-input\":{\"@type\":\"PropertyValueSpecification\",\"valueRequired\":true,\"valueName\":\"search_term_string\"}}],\"inLanguage\":\"en-US\"},{\"@type\":\"Organization\",\"@id\":\"https:\/\/bilingual.hu\/en\/#organization\",\"name\":\"Bilingual\",\"url\":\"https:\/\/bilingual.hu\/en\/\",\"logo\":{\"@type\":\"ImageObject\",\"inLanguage\":\"en-US\",\"@id\":\"https:\/\/bilingual.hu\/en\/#\/schema\/logo\/image\/\",\"url\":\"https:\/\/bilingual.hu\/app\/uploads\/2024\/08\/Property-1Variant2.svg\",\"contentUrl\":\"https:\/\/bilingual.hu\/app\/uploads\/2024\/08\/Property-1Variant2.svg\",\"caption\":\"Bilingual\"},\"image\":{\"@id\":\"https:\/\/bilingual.hu\/en\/#\/schema\/logo\/image\/\"},\"sameAs\":[\"https:\/\/www.facebook.com\/bilingual.hu\",\"https:\/\/www.instagram.com\/bilingual.hu\/\",\"https:\/\/www.youtube.com\/channel\/UCr0fdfvgn1CRi0YwFT5LwEg\/videos\"]}]}<\/script>\n<!-- \/ Yoast SEO plugin. -->","yoast_head_json":{"title":"Cambridge Final Exams \u2013 General Information - Bilingual","robots":{"index":"index","follow":"follow","max-snippet":"max-snippet:-1","max-image-preview":"max-image-preview:large","max-video-preview":"max-video-preview:-1"},"canonical":"https:\/\/bilingual.hu\/en\/cambridge-final-exams-general-information\/","og_locale":"en_US","og_type":"article","og_title":"Cambridge Final Exams \u2013 General Information - Bilingual","og_description":"Cambridge Final Exams are a key element of the Bilingual Program. Cambridge language exams are an internationally-recognized measurement tool that can be used to compare the knowledge of our students against an external benchmark and can therefore provide feedback to students, teachers and parents regarding students\u2019 progress, their needs in terms of their English language [&hellip;]","og_url":"https:\/\/bilingual.hu\/en\/cambridge-final-exams-general-information\/","og_site_name":"Bilingual","article_publisher":"https:\/\/www.facebook.com\/bilingual.hu","article_modified_time":"2025-04-27T11:22:31+00:00","og_image":[{"width":2490,"height":1438,"url":"https:\/\/bilingual.hu\/app\/uploads\/2025\/03\/bilingual-megosztasi-kep-en.jpg","type":"image\/jpeg"}],"twitter_card":"summary_large_image","twitter_misc":{"Est. reading time":"2 minutes"},"schema":{"@context":"https:\/\/schema.org","@graph":[{"@type":"WebPage","@id":"https:\/\/bilingual.hu\/en\/cambridge-final-exams-general-information\/","url":"https:\/\/bilingual.hu\/en\/cambridge-final-exams-general-information\/","name":"Cambridge Final Exams \u2013 General Information - Bilingual","isPartOf":{"@id":"https:\/\/bilingual.hu\/en\/#website"},"datePublished":"2025-04-27T11:21:29+00:00","dateModified":"2025-04-27T11:22:31+00:00","breadcrumb":{"@id":"https:\/\/bilingual.hu\/en\/cambridge-final-exams-general-information\/#breadcrumb"},"inLanguage":"en-US","potentialAction":[{"@type":"ReadAction","target":["https:\/\/bilingual.hu\/en\/cambridge-final-exams-general-information\/"]}]},{"@type":"BreadcrumbList","@id":"https:\/\/bilingual.hu\/en\/cambridge-final-exams-general-information\/#breadcrumb","itemListElement":[{"@type":"ListItem","position":1,"name":"&nbsp;","item":"https:\/\/bilingual.hu\/en\/"},{"@type":"ListItem","position":2,"name":"Cambridge Final Exams \u2013 General Information"}]},{"@type":"WebSite","@id":"https:\/\/bilingual.hu\/en\/#website","url":"https:\/\/bilingual.hu\/en\/","name":"Bilingual","description":"A Bilingual Program egy intenz\u00edv k\u00e9tnyelv\u0171 k\u00e9pz\u00e9s.","publisher":{"@id":"https:\/\/bilingual.hu\/en\/#organization"},"potentialAction":[{"@type":"SearchAction","target":{"@type":"EntryPoint","urlTemplate":"https:\/\/bilingual.hu\/en\/?s={search_term_string}"},"query-input":{"@type":"PropertyValueSpecification","valueRequired":true,"valueName":"search_term_string"}}],"inLanguage":"en-US"},{"@type":"Organization","@id":"https:\/\/bilingual.hu\/en\/#organization","name":"Bilingual","url":"https:\/\/bilingual.hu\/en\/","logo":{"@type":"ImageObject","inLanguage":"en-US","@id":"https:\/\/bilingual.hu\/en\/#\/schema\/logo\/image\/","url":"https:\/\/bilingual.hu\/app\/uploads\/2024\/08\/Property-1Variant2.svg","contentUrl":"https:\/\/bilingual.hu\/app\/uploads\/2024\/08\/Property-1Variant2.svg","caption":"Bilingual"},"image":{"@id":"https:\/\/bilingual.hu\/en\/#\/schema\/logo\/image\/"},"sameAs":["https:\/\/www.facebook.com\/bilingual.hu","https:\/\/www.instagram.com\/bilingual.hu\/","https:\/\/www.youtube.com\/channel\/UCr0fdfvgn1CRi0YwFT5LwEg\/videos"]}]}},"_links":{"self":[{"href":"https:\/\/bilingual.hu\/en\/wp-json\/wp\/v2\/pages\/8821","targetHints":{"allow":["GET"]}}],"collection":[{"href":"https:\/\/bilingual.hu\/en\/wp-json\/wp\/v2\/pages"}],"about":[{"href":"https:\/\/bilingual.hu\/en\/wp-json\/wp\/v2\/types\/page"}],"author":[{"embeddable":true,"href":"https:\/\/bilingual.hu\/en\/wp-json\/wp\/v2\/users\/21"}],"replies":[{"embeddable":true,"href":"https:\/\/bilingual.hu\/en\/wp-json\/wp\/v2\/comments?post=8821"}],"version-history":[{"count":1,"href":"https:\/\/bilingual.hu\/en\/wp-json\/wp\/v2\/pages\/8821\/revisions"}],"predecessor-version":[{"id":8822,"href":"https:\/\/bilingual.hu\/en\/wp-json\/wp\/v2\/pages\/8821\/revisions\/8822"}],"wp:attachment":[{"href":"https:\/\/bilingual.hu\/en\/wp-json\/wp\/v2\/media?parent=8821"}],"curies":[{"name":"wp","href":"https:\/\/api.w.org\/{rel}","templated":true}]}}