{"id":8435,"date":"2025-02-27T15:13:00","date_gmt":"2025-02-27T14:13:00","guid":{"rendered":"https:\/\/bilingual.hu\/?page_id=8435"},"modified":"2026-03-30T12:21:00","modified_gmt":"2026-03-30T10:21:00","slug":"europa-2000-gimnazium-service-fee","status":"publish","type":"page","link":"https:\/\/bilingual.hu\/en\/europa-2000-gimnazium-service-fee\/","title":{"rendered":"Service Fees for the High School Program in the 2026\/27 School Year"},"content":{"rendered":"\n<div class=\"wp-block-columns alignwide is-layout-flex wp-container-core-columns-is-layout-28f84493 wp-block-columns-is-layout-flex\">\n<div class=\"wp-block-column is-layout-flow wp-block-column-is-layout-flow\" style=\"flex-basis:50%\">\n<div class=\"wp-block-group has-contrast-color has-primary-background-color has-text-color has-background has-link-color wp-elements-eb6594915b5f7d8296ff6c101839f8f7 is-nowrap is-layout-flex wp-container-core-group-is-layout-1b23125d wp-block-group-is-layout-flex\" style=\"border-radius:24px;padding-top:var(--wp--preset--spacing--60);padding-right:var(--wp--preset--spacing--60);padding-bottom:var(--wp--preset--spacing--60);padding-left:var(--wp--preset--spacing--60)\">\n<div class=\"wp-block-group wp-container-content-3cf5a658 is-vertical is-layout-flex wp-container-core-group-is-layout-98bb686d wp-block-group-is-layout-flex\">\n<h3 class=\"wp-block-heading\">High School Program <\/h3>\n\n\n\n<p class=\"has-h-3-font-size\">10th-12th grade students<\/p>\n<\/div>\n\n\n\n<figure class=\"wp-block-image size-large is-resized\"><a href=\"https:\/\/bilingual.hu\/en\/europa-2000-high-school-service-fee\/\"><img loading=\"lazy\" decoding=\"async\" width=\"19\" height=\"19\" src=\"https:\/\/bilingual.hu\/app\/uploads\/2024\/06\/arrow-right.svg\" alt=\"\" class=\"wp-image-446\" style=\"aspect-ratio:1;object-fit:contain;width:72px\"\/><\/a><\/figure>\n<\/div>\n<\/div>\n\n\n\n<div class=\"wp-block-column is-layout-flow wp-block-column-is-layout-flow\" style=\"flex-basis:50%\">\n<div class=\"wp-block-group has-contrast-color has-secondary-background-color has-text-color has-background has-link-color wp-elements-d91bd9a2ff5b8147a9934d1096b00a25 is-nowrap is-layout-flex wp-container-core-group-is-layout-1b23125d wp-block-group-is-layout-flex\" style=\"border-radius:24px;padding-top:var(--wp--preset--spacing--60);padding-right:var(--wp--preset--spacing--60);padding-bottom:var(--wp--preset--spacing--60);padding-left:var(--wp--preset--spacing--60)\">\n<div class=\"wp-block-group wp-container-content-3cf5a658 is-vertical is-layout-flex wp-container-core-group-is-layout-98bb686d wp-block-group-is-layout-flex\">\n<h3 class=\"wp-block-heading\">New High School Program<\/h3>\n\n\n\n<p class=\"has-h-3-font-size\">9th Grade \u2013 New Enrollees<\/p>\n<\/div>\n\n\n\n<figure class=\"wp-block-image size-large is-resized\"><a href=\"https:\/\/bilingual.hu\/en\/europa-2000-high-school-service-fee-2026-27-9th-grade\/\"><img loading=\"lazy\" decoding=\"async\" width=\"19\" height=\"19\" src=\"https:\/\/bilingual.hu\/app\/uploads\/2024\/06\/arrow-right.svg\" alt=\"\" class=\"wp-image-446\" style=\"aspect-ratio:1;object-fit:contain;width:72px\"\/><\/a><\/figure>\n<\/div>\n<\/div>\n<\/div>\n\n\n\n<p><\/p>\n","protected":false},"excerpt":{"rendered":"<p>High School Program 10th-12th grade students New High School Program 9th Grade \u2013 New Enrollees<\/p>\n","protected":false},"author":8,"featured_media":0,"parent":0,"menu_order":0,"comment_status":"closed","ping_status":"closed","template":"","meta":{"_acf_changed":false,"footnotes":""},"class_list":["post-8435","page","type-page","status-publish","hentry"],"acf":[],"yoast_head":"<!-- This site is optimized with the Yoast SEO plugin v26.0 - https:\/\/yoast.com\/wordpress\/plugins\/seo\/ -->\n<title>Service Fees for the High School Program in the 2026\/27 School Year - Bilingual<\/title>\n<meta name=\"robots\" content=\"index, follow, max-snippet:-1, max-image-preview:large, max-video-preview:-1\" \/>\n<link rel=\"canonical\" href=\"https:\/\/bilingual.hu\/en\/europa-2000-gimnazium-service-fee\/\" \/>\n<meta property=\"og:locale\" content=\"en_US\" \/>\n<meta property=\"og:type\" content=\"article\" \/>\n<meta property=\"og:title\" content=\"Service Fees for the High School Program in the 2026\/27 School Year - Bilingual\" \/>\n<meta property=\"og:description\" content=\"High School Program 10th-12th grade students New High School Program 9th Grade \u2013 New Enrollees\" \/>\n<meta property=\"og:url\" content=\"https:\/\/bilingual.hu\/en\/europa-2000-gimnazium-service-fee\/\" \/>\n<meta property=\"og:site_name\" content=\"Bilingual\" \/>\n<meta property=\"article:publisher\" content=\"https:\/\/www.facebook.com\/bilingual.hu\" \/>\n<meta property=\"article:modified_time\" content=\"2026-03-30T10:21:00+00:00\" \/>\n<meta property=\"og:image\" content=\"https:\/\/bilingual.hu\/app\/uploads\/2025\/03\/bilingual-megosztasi-kep-en.jpg\" \/>\n\t<meta property=\"og:image:width\" content=\"2490\" \/>\n\t<meta property=\"og:image:height\" content=\"1438\" \/>\n\t<meta property=\"og:image:type\" content=\"image\/jpeg\" \/>\n<meta name=\"twitter:card\" content=\"summary_large_image\" \/>\n<meta name=\"twitter:label1\" content=\"Est. reading time\" \/>\n\t<meta name=\"twitter:data1\" content=\"1 minute\" \/>\n<script type=\"application\/ld+json\" class=\"yoast-schema-graph\">{\"@context\":\"https:\/\/schema.org\",\"@graph\":[{\"@type\":\"WebPage\",\"@id\":\"https:\/\/bilingual.hu\/en\/europa-2000-gimnazium-service-fee\/\",\"url\":\"https:\/\/bilingual.hu\/en\/europa-2000-gimnazium-service-fee\/\",\"name\":\"Service Fees for the High School Program in the 2026\/27 School Year - Bilingual\",\"isPartOf\":{\"@id\":\"https:\/\/bilingual.hu\/en\/#website\"},\"primaryImageOfPage\":{\"@id\":\"https:\/\/bilingual.hu\/en\/europa-2000-gimnazium-service-fee\/#primaryimage\"},\"image\":{\"@id\":\"https:\/\/bilingual.hu\/en\/europa-2000-gimnazium-service-fee\/#primaryimage\"},\"thumbnailUrl\":\"https:\/\/bilingual.hu\/app\/uploads\/2024\/06\/arrow-right.svg\",\"datePublished\":\"2025-02-27T14:13:00+00:00\",\"dateModified\":\"2026-03-30T10:21:00+00:00\",\"breadcrumb\":{\"@id\":\"https:\/\/bilingual.hu\/en\/europa-2000-gimnazium-service-fee\/#breadcrumb\"},\"inLanguage\":\"en-US\",\"potentialAction\":[{\"@type\":\"ReadAction\",\"target\":[\"https:\/\/bilingual.hu\/en\/europa-2000-gimnazium-service-fee\/\"]}]},{\"@type\":\"ImageObject\",\"inLanguage\":\"en-US\",\"@id\":\"https:\/\/bilingual.hu\/en\/europa-2000-gimnazium-service-fee\/#primaryimage\",\"url\":\"https:\/\/bilingual.hu\/app\/uploads\/2024\/06\/arrow-right.svg\",\"contentUrl\":\"https:\/\/bilingual.hu\/app\/uploads\/2024\/06\/arrow-right.svg\"},{\"@type\":\"BreadcrumbList\",\"@id\":\"https:\/\/bilingual.hu\/en\/europa-2000-gimnazium-service-fee\/#breadcrumb\",\"itemListElement\":[{\"@type\":\"ListItem\",\"position\":1,\"name\":\"&nbsp;\",\"item\":\"https:\/\/bilingual.hu\/en\/\"},{\"@type\":\"ListItem\",\"position\":2,\"name\":\"Service Fees for the High School Program in the 2026\/27 School Year\"}]},{\"@type\":\"WebSite\",\"@id\":\"https:\/\/bilingual.hu\/en\/#website\",\"url\":\"https:\/\/bilingual.hu\/en\/\",\"name\":\"Bilingual\",\"description\":\"A Bilingual Program egy intenz\u00edv k\u00e9tnyelv\u0171 k\u00e9pz\u00e9s.\",\"publisher\":{\"@id\":\"https:\/\/bilingual.hu\/en\/#organization\"},\"potentialAction\":[{\"@type\":\"SearchAction\",\"target\":{\"@type\":\"EntryPoint\",\"urlTemplate\":\"https:\/\/bilingual.hu\/en\/?s={search_term_string}\"},\"query-input\":{\"@type\":\"PropertyValueSpecification\",\"valueRequired\":true,\"valueName\":\"search_term_string\"}}],\"inLanguage\":\"en-US\"},{\"@type\":\"Organization\",\"@id\":\"https:\/\/bilingual.hu\/en\/#organization\",\"name\":\"Bilingual\",\"url\":\"https:\/\/bilingual.hu\/en\/\",\"logo\":{\"@type\":\"ImageObject\",\"inLanguage\":\"en-US\",\"@id\":\"https:\/\/bilingual.hu\/en\/#\/schema\/logo\/image\/\",\"url\":\"https:\/\/bilingual.hu\/app\/uploads\/2024\/08\/Property-1Variant2.svg\",\"contentUrl\":\"https:\/\/bilingual.hu\/app\/uploads\/2024\/08\/Property-1Variant2.svg\",\"caption\":\"Bilingual\"},\"image\":{\"@id\":\"https:\/\/bilingual.hu\/en\/#\/schema\/logo\/image\/\"},\"sameAs\":[\"https:\/\/www.facebook.com\/bilingual.hu\",\"https:\/\/www.instagram.com\/bilingual.hu\/\",\"https:\/\/www.youtube.com\/channel\/UCr0fdfvgn1CRi0YwFT5LwEg\/videos\"]}]}<\/script>\n<!-- \/ Yoast SEO plugin. -->","yoast_head_json":{"title":"Service Fees for the High School Program in the 2026\/27 School Year - Bilingual","robots":{"index":"index","follow":"follow","max-snippet":"max-snippet:-1","max-image-preview":"max-image-preview:large","max-video-preview":"max-video-preview:-1"},"canonical":"https:\/\/bilingual.hu\/en\/europa-2000-gimnazium-service-fee\/","og_locale":"en_US","og_type":"article","og_title":"Service Fees for the High School Program in the 2026\/27 School Year - Bilingual","og_description":"High School Program 10th-12th grade students New High School Program 9th Grade \u2013 New Enrollees","og_url":"https:\/\/bilingual.hu\/en\/europa-2000-gimnazium-service-fee\/","og_site_name":"Bilingual","article_publisher":"https:\/\/www.facebook.com\/bilingual.hu","article_modified_time":"2026-03-30T10:21:00+00:00","og_image":[{"width":2490,"height":1438,"url":"https:\/\/bilingual.hu\/app\/uploads\/2025\/03\/bilingual-megosztasi-kep-en.jpg","type":"image\/jpeg"}],"twitter_card":"summary_large_image","twitter_misc":{"Est. reading time":"1 minute"},"schema":{"@context":"https:\/\/schema.org","@graph":[{"@type":"WebPage","@id":"https:\/\/bilingual.hu\/en\/europa-2000-gimnazium-service-fee\/","url":"https:\/\/bilingual.hu\/en\/europa-2000-gimnazium-service-fee\/","name":"Service Fees for the High School Program in the 2026\/27 School Year - Bilingual","isPartOf":{"@id":"https:\/\/bilingual.hu\/en\/#website"},"primaryImageOfPage":{"@id":"https:\/\/bilingual.hu\/en\/europa-2000-gimnazium-service-fee\/#primaryimage"},"image":{"@id":"https:\/\/bilingual.hu\/en\/europa-2000-gimnazium-service-fee\/#primaryimage"},"thumbnailUrl":"https:\/\/bilingual.hu\/app\/uploads\/2024\/06\/arrow-right.svg","datePublished":"2025-02-27T14:13:00+00:00","dateModified":"2026-03-30T10:21:00+00:00","breadcrumb":{"@id":"https:\/\/bilingual.hu\/en\/europa-2000-gimnazium-service-fee\/#breadcrumb"},"inLanguage":"en-US","potentialAction":[{"@type":"ReadAction","target":["https:\/\/bilingual.hu\/en\/europa-2000-gimnazium-service-fee\/"]}]},{"@type":"ImageObject","inLanguage":"en-US","@id":"https:\/\/bilingual.hu\/en\/europa-2000-gimnazium-service-fee\/#primaryimage","url":"https:\/\/bilingual.hu\/app\/uploads\/2024\/06\/arrow-right.svg","contentUrl":"https:\/\/bilingual.hu\/app\/uploads\/2024\/06\/arrow-right.svg"},{"@type":"BreadcrumbList","@id":"https:\/\/bilingual.hu\/en\/europa-2000-gimnazium-service-fee\/#breadcrumb","itemListElement":[{"@type":"ListItem","position":1,"name":"&nbsp;","item":"https:\/\/bilingual.hu\/en\/"},{"@type":"ListItem","position":2,"name":"Service Fees for the High School Program in the 2026\/27 School Year"}]},{"@type":"WebSite","@id":"https:\/\/bilingual.hu\/en\/#website","url":"https:\/\/bilingual.hu\/en\/","name":"Bilingual","description":"A Bilingual Program egy intenz\u00edv k\u00e9tnyelv\u0171 k\u00e9pz\u00e9s.","publisher":{"@id":"https:\/\/bilingual.hu\/en\/#organization"},"potentialAction":[{"@type":"SearchAction","target":{"@type":"EntryPoint","urlTemplate":"https:\/\/bilingual.hu\/en\/?s={search_term_string}"},"query-input":{"@type":"PropertyValueSpecification","valueRequired":true,"valueName":"search_term_string"}}],"inLanguage":"en-US"},{"@type":"Organization","@id":"https:\/\/bilingual.hu\/en\/#organization","name":"Bilingual","url":"https:\/\/bilingual.hu\/en\/","logo":{"@type":"ImageObject","inLanguage":"en-US","@id":"https:\/\/bilingual.hu\/en\/#\/schema\/logo\/image\/","url":"https:\/\/bilingual.hu\/app\/uploads\/2024\/08\/Property-1Variant2.svg","contentUrl":"https:\/\/bilingual.hu\/app\/uploads\/2024\/08\/Property-1Variant2.svg","caption":"Bilingual"},"image":{"@id":"https:\/\/bilingual.hu\/en\/#\/schema\/logo\/image\/"},"sameAs":["https:\/\/www.facebook.com\/bilingual.hu","https:\/\/www.instagram.com\/bilingual.hu\/","https:\/\/www.youtube.com\/channel\/UCr0fdfvgn1CRi0YwFT5LwEg\/videos"]}]}},"_links":{"self":[{"href":"https:\/\/bilingual.hu\/en\/wp-json\/wp\/v2\/pages\/8435","targetHints":{"allow":["GET"]}}],"collection":[{"href":"https:\/\/bilingual.hu\/en\/wp-json\/wp\/v2\/pages"}],"about":[{"href":"https:\/\/bilingual.hu\/en\/wp-json\/wp\/v2\/types\/page"}],"author":[{"embeddable":true,"href":"https:\/\/bilingual.hu\/en\/wp-json\/wp\/v2\/users\/8"}],"replies":[{"embeddable":true,"href":"https:\/\/bilingual.hu\/en\/wp-json\/wp\/v2\/comments?post=8435"}],"version-history":[{"count":10,"href":"https:\/\/bilingual.hu\/en\/wp-json\/wp\/v2\/pages\/8435\/revisions"}],"predecessor-version":[{"id":10233,"href":"https:\/\/bilingual.hu\/en\/wp-json\/wp\/v2\/pages\/8435\/revisions\/10233"}],"wp:attachment":[{"href":"https:\/\/bilingual.hu\/en\/wp-json\/wp\/v2\/media?parent=8435"}],"curies":[{"name":"wp","href":"https:\/\/api.w.org\/{rel}","templated":true}]}}