{"id":8429,"date":"2025-02-27T15:57:15","date_gmt":"2025-02-27T14:57:15","guid":{"rendered":"https:\/\/bilingual.hu\/?page_id=8429"},"modified":"2025-03-03T11:21:08","modified_gmt":"2025-03-03T10:21:08","slug":"services-fee","status":"publish","type":"page","link":"https:\/\/bilingual.hu\/en\/services-fee\/","title":{"rendered":"Services fee"},"content":{"rendered":"\n<div class=\"wp-block-group alignfull collection-menu is-layout-flow wp-block-group-is-layout-flow\" style=\"padding-top:var(--wp--preset--spacing--120);padding-bottom:var(--wp--preset--spacing--120)\">\n<div class=\"wp-block-group alignwide is-layout-flow wp-block-group-is-layout-flow\">\n<h1 class=\"wp-block-heading has-text-align-center has-primary-color has-text-color has-link-color has-4-x-large-font-size wp-elements-88f2c13b02251487e0a691e4ad50fc97\">Service Fee<\/h1>\n<\/div>\n\n\n\n<div class=\"wp-block-cover alignfull is-light\"><span aria-hidden=\"true\" class=\"wp-block-cover__background has-background-dim-0 has-background-dim\" style=\"background-color:#e0eaf5\"><\/span><div class=\"wp-block-cover__inner-container has-global-padding is-layout-constrained wp-block-cover-is-layout-constrained\">\n<div class=\"wp-block-group alignwide CollectionMenu is-content-justification-center is-layout-flex wp-container-core-group-is-layout-e1341f83 wp-block-group-is-layout-flex\" style=\"margin-bottom:var(--wp--preset--spacing--80)\">\n<div class=\"wp-block-group wp-container-content-bb43825f is-layout-flow wp-block-group-is-layout-flow\" style=\"min-height:306px\">\n<div class=\"wp-block-group has-global-padding is-layout-constrained wp-container-core-group-is-layout-97829e9f wp-block-group-is-layout-constrained\" style=\"padding-right:var(--wp--preset--spacing--40);padding-left:var(--wp--preset--spacing--40)\">\n<figure class=\"wp-block-image aligncenter size-full is-resized\"><a href=\"https:\/\/bilingual.hu\/en\/kindergarten-service-fee\/\"><img loading=\"lazy\" decoding=\"async\" width=\"635\" height=\"635\" src=\"https:\/\/bilingual.hu\/app\/uploads\/2024\/08\/Property-1ovodai-program.png\" alt=\"\" class=\"wp-image-4182\" style=\"aspect-ratio:1;object-fit:cover;width:220px\" srcset=\"https:\/\/bilingual.hu\/app\/uploads\/2024\/08\/Property-1ovodai-program.png 635w, https:\/\/bilingual.hu\/app\/uploads\/2024\/08\/Property-1ovodai-program-300x300.png 300w, https:\/\/bilingual.hu\/app\/uploads\/2024\/08\/Property-1ovodai-program-150x150.png 150w\" sizes=\"auto, (max-width: 635px) 100vw, 635px\" \/><\/a><\/figure>\n<\/div>\n\n\n\n<div class=\"wp-block-group has-global-padding is-layout-constrained wp-container-core-group-is-layout-ff778368 wp-block-group-is-layout-constrained\" style=\"padding-right:var(--wp--preset--spacing--30);padding-left:var(--wp--preset--spacing--30)\">\n<h3 class=\"wp-block-heading has-text-align-center is-style-default has-primary-color has-text-color has-link-color has-2-x-large-font-size wp-elements-eb52fd3b34206b5f655389ec32f1dcfa\" style=\"margin-top:var(--wp--preset--spacing--40);margin-right:0;margin-bottom:var(--wp--preset--spacing--30);margin-left:0;padding-top:0;padding-right:0;padding-bottom:0;padding-left:0\"><a href=\"https:\/\/bilingual.hu\/en\/kindergarten-service-fee\/\">Kindergarten Service&nbsp;Fee<\/a><\/h3>\n\n\n\n<p class=\"has-text-align-center has-secondary-color has-text-color has-link-color has-normal-font-size wp-elements-45f6b84c9e8b700a809ec8a492f95350\" style=\"font-style:normal;font-weight:800\"><a href=\"https:\/\/bilingual.hu\/en\/kindergarten-service-fee\/\">More<\/a><\/p>\n<\/div>\n<\/div>\n\n\n\n<div class=\"wp-block-group wp-container-content-bb43825f is-layout-flow wp-block-group-is-layout-flow\" style=\"min-height:306px\">\n<div class=\"wp-block-group has-global-padding is-layout-constrained wp-container-core-group-is-layout-97829e9f wp-block-group-is-layout-constrained\" style=\"padding-right:var(--wp--preset--spacing--40);padding-left:var(--wp--preset--spacing--40)\">\n<figure class=\"wp-block-image aligncenter size-full is-resized\"><a href=\"https:\/\/bilingual.hu\/en\/primary-school-service-fee\/\"><img loading=\"lazy\" decoding=\"async\" width=\"635\" height=\"635\" src=\"https:\/\/bilingual.hu\/app\/uploads\/2024\/08\/Property-1alt.isk-program.png\" alt=\"\" class=\"wp-image-4180\" style=\"aspect-ratio:1;object-fit:cover;width:220px\" srcset=\"https:\/\/bilingual.hu\/app\/uploads\/2024\/08\/Property-1alt.isk-program.png 635w, https:\/\/bilingual.hu\/app\/uploads\/2024\/08\/Property-1alt.isk-program-300x300.png 300w, https:\/\/bilingual.hu\/app\/uploads\/2024\/08\/Property-1alt.isk-program-150x150.png 150w\" sizes=\"auto, (max-width: 635px) 100vw, 635px\" \/><\/a><\/figure>\n<\/div>\n\n\n\n<div class=\"wp-block-group has-global-padding is-layout-constrained wp-container-core-group-is-layout-ff778368 wp-block-group-is-layout-constrained\" style=\"padding-right:var(--wp--preset--spacing--30);padding-left:var(--wp--preset--spacing--30)\">\n<h3 class=\"wp-block-heading has-text-align-center is-style-default has-primary-color has-text-color has-link-color has-2-x-large-font-size wp-elements-7790c34fa9b5a7cd7614bdf801fd9e3e\" style=\"margin-top:var(--wp--preset--spacing--40);margin-right:0;margin-bottom:var(--wp--preset--spacing--30);margin-left:0;padding-top:0;padding-right:0;padding-bottom:0;padding-left:0\"><a href=\"https:\/\/bilingual.hu\/en\/primary-school-service-fee\/\">Primary School Service Fee<\/a><\/h3>\n\n\n\n<p class=\"has-text-align-center has-secondary-color has-text-color has-link-color has-normal-font-size wp-elements-cd6b41b9fe02ef155655476e5c0eceb8\" style=\"font-style:normal;font-weight:800\"><a href=\"https:\/\/bilingual.hu\/en\/primary-school-service-fee\/\">More<\/a><\/p>\n<\/div>\n<\/div>\n\n\n\n<div class=\"wp-block-group wp-container-content-bb43825f is-layout-flow wp-block-group-is-layout-flow\" style=\"min-height:306px\">\n<div class=\"wp-block-group has-global-padding is-layout-constrained wp-container-core-group-is-layout-97829e9f wp-block-group-is-layout-constrained\" style=\"padding-right:var(--wp--preset--spacing--40);padding-left:var(--wp--preset--spacing--40)\">\n<figure class=\"wp-block-image aligncenter size-full is-resized\"><a href=\"https:\/\/bilingual.hu\/en\/europa-2000-gimnazium-service-fee\/\"><img loading=\"lazy\" decoding=\"async\" width=\"635\" height=\"635\" src=\"https:\/\/bilingual.hu\/app\/uploads\/2024\/08\/Property-1gimnaziumi-program.png\" alt=\"\" class=\"wp-image-4184\" style=\"aspect-ratio:1;object-fit:cover;width:220px\" srcset=\"https:\/\/bilingual.hu\/app\/uploads\/2024\/08\/Property-1gimnaziumi-program.png 635w, https:\/\/bilingual.hu\/app\/uploads\/2024\/08\/Property-1gimnaziumi-program-300x300.png 300w, https:\/\/bilingual.hu\/app\/uploads\/2024\/08\/Property-1gimnaziumi-program-150x150.png 150w\" sizes=\"auto, (max-width: 635px) 100vw, 635px\" \/><\/a><\/figure>\n<\/div>\n\n\n\n<div class=\"wp-block-group has-global-padding is-layout-constrained wp-container-core-group-is-layout-ff778368 wp-block-group-is-layout-constrained\" style=\"padding-right:var(--wp--preset--spacing--30);padding-left:var(--wp--preset--spacing--30)\">\n<h3 class=\"wp-block-heading has-text-align-center is-style-default has-primary-color has-text-color has-link-color has-2-x-large-font-size wp-elements-87af73b3eab3c6c062f12438d65ea54c\" style=\"margin-top:var(--wp--preset--spacing--40);margin-right:0;margin-bottom:var(--wp--preset--spacing--30);margin-left:0;padding-top:0;padding-right:0;padding-bottom:0;padding-left:0\"><a href=\"https:\/\/bilingual.hu\/en\/europa-2000-gimnazium-service-fee\/\">Eur\u00f3pa 2000 Gimn\u00e1zium Service Fee<\/a><\/h3>\n\n\n\n<p class=\"has-text-align-center has-secondary-color has-text-color has-link-color has-normal-font-size wp-elements-98e2e98e9788b389d2f7884217a6d9e6\" style=\"font-style:normal;font-weight:800\"><a href=\"https:\/\/bilingual.hu\/en\/europa-2000-gimnazium-service-fee\/\">More<\/a><\/p>\n<\/div>\n<\/div>\n<\/div>\n<\/div><\/div>\n\n\n\n<div class=\"wp-block-group alignwide has-global-padding is-layout-constrained wp-block-group-is-layout-constrained\">\n<div class=\"wp-block-group alignwide collection-menu-cta has-primary-background-color has-background is-content-justification-space-between is-nowrap is-layout-flex wp-container-core-group-is-layout-f655fa0f wp-block-group-is-layout-flex\" style=\"border-radius:24px;padding-top:var(--wp--preset--spacing--60);padding-right:var(--wp--preset--spacing--60);padding-bottom:var(--wp--preset--spacing--60);padding-left:var(--wp--preset--spacing--60)\">\n<div class=\"wp-block-group is-vertical is-layout-flex wp-container-core-group-is-layout-98bb686d wp-block-group-is-layout-flex\" style=\"border-style:none;border-width:0px;border-radius:0px\">\n<h3 class=\"wp-block-heading has-contrast-color has-text-color has-link-color wp-elements-5651af16f979801c3357d8a934428356\">This is how we operate in practice<\/h3>\n\n\n\n<p class=\"has-contrast-color has-text-color has-link-color wp-elements-cf15e7add31f2aa450d4588aa2e9d9d0\">Watch our short videos to get an insight into the lessons and sessions.<\/p>\n<\/div>\n\n\n\n<figure class=\"wp-block-image size-large is-resized\"><a href=\"https:\/\/bilingual.hu\/en\/why-bilingual\/watch-us-in-action\/\"><img decoding=\"async\" src=\"https:\/\/bilingual.hu\/app\/themes\/bilingual\/dist\/images\/icons\/arrow-right-negative.svg\" alt=\"ny\u00edl jobbra negat\u00edv\" class=\"wp-image-446\" style=\"aspect-ratio:1;object-fit:cover;width:72px\"\/><\/a><\/figure>\n<\/div>\n<\/div>\n<\/div>\n","protected":false},"excerpt":{"rendered":"<p>Service Fee This is how we operate in practice Watch our short videos to get an insight into the lessons and sessions.<\/p>\n","protected":false},"author":8,"featured_media":0,"parent":0,"menu_order":0,"comment_status":"closed","ping_status":"closed","template":"page-no-title","meta":{"_acf_changed":false,"footnotes":""},"class_list":["post-8429","page","type-page","status-publish","hentry"],"acf":[],"yoast_head":"<!-- This site is optimized with the Yoast SEO plugin v26.0 - https:\/\/yoast.com\/wordpress\/plugins\/seo\/ -->\n<title>Services fee - Bilingual<\/title>\n<meta name=\"robots\" content=\"index, follow, max-snippet:-1, max-image-preview:large, max-video-preview:-1\" \/>\n<link rel=\"canonical\" href=\"https:\/\/bilingual.hu\/en\/services-fee\/\" \/>\n<meta property=\"og:locale\" content=\"en_US\" \/>\n<meta property=\"og:type\" content=\"article\" \/>\n<meta property=\"og:title\" content=\"Services fee - Bilingual\" \/>\n<meta property=\"og:description\" content=\"Service Fee This is how we operate in practice Watch our short videos to get an insight into the lessons and sessions.\" \/>\n<meta property=\"og:url\" content=\"https:\/\/bilingual.hu\/en\/services-fee\/\" \/>\n<meta property=\"og:site_name\" content=\"Bilingual\" \/>\n<meta property=\"article:publisher\" content=\"https:\/\/www.facebook.com\/bilingual.hu\" \/>\n<meta property=\"article:modified_time\" content=\"2025-03-03T10:21:08+00:00\" \/>\n<meta property=\"og:image\" content=\"https:\/\/bilingual.hu\/app\/uploads\/2024\/08\/Property-1ovodai-program.png\" \/>\n<meta name=\"twitter:card\" content=\"summary_large_image\" \/>\n<meta name=\"twitter:label1\" content=\"Est. reading time\" \/>\n\t<meta name=\"twitter:data1\" content=\"2 minutes\" \/>\n<script type=\"application\/ld+json\" class=\"yoast-schema-graph\">{\"@context\":\"https:\/\/schema.org\",\"@graph\":[{\"@type\":\"WebPage\",\"@id\":\"https:\/\/bilingual.hu\/en\/services-fee\/\",\"url\":\"https:\/\/bilingual.hu\/en\/services-fee\/\",\"name\":\"Services fee - Bilingual\",\"isPartOf\":{\"@id\":\"https:\/\/bilingual.hu\/en\/#website\"},\"primaryImageOfPage\":{\"@id\":\"https:\/\/bilingual.hu\/en\/services-fee\/#primaryimage\"},\"image\":{\"@id\":\"https:\/\/bilingual.hu\/en\/services-fee\/#primaryimage\"},\"thumbnailUrl\":\"https:\/\/bilingual.hu\/app\/uploads\/2024\/08\/Property-1ovodai-program.png\",\"datePublished\":\"2025-02-27T14:57:15+00:00\",\"dateModified\":\"2025-03-03T10:21:08+00:00\",\"breadcrumb\":{\"@id\":\"https:\/\/bilingual.hu\/en\/services-fee\/#breadcrumb\"},\"inLanguage\":\"en-US\",\"potentialAction\":[{\"@type\":\"ReadAction\",\"target\":[\"https:\/\/bilingual.hu\/en\/services-fee\/\"]}]},{\"@type\":\"ImageObject\",\"inLanguage\":\"en-US\",\"@id\":\"https:\/\/bilingual.hu\/en\/services-fee\/#primaryimage\",\"url\":\"https:\/\/bilingual.hu\/app\/uploads\/2024\/08\/Property-1ovodai-program.png\",\"contentUrl\":\"https:\/\/bilingual.hu\/app\/uploads\/2024\/08\/Property-1ovodai-program.png\"},{\"@type\":\"BreadcrumbList\",\"@id\":\"https:\/\/bilingual.hu\/en\/services-fee\/#breadcrumb\",\"itemListElement\":[{\"@type\":\"ListItem\",\"position\":1,\"name\":\"&nbsp;\",\"item\":\"https:\/\/bilingual.hu\/en\/\"},{\"@type\":\"ListItem\",\"position\":2,\"name\":\"Services fee\"}]},{\"@type\":\"WebSite\",\"@id\":\"https:\/\/bilingual.hu\/en\/#website\",\"url\":\"https:\/\/bilingual.hu\/en\/\",\"name\":\"Bilingual\",\"description\":\"A Bilingual Program egy intenz\u00edv k\u00e9tnyelv\u0171 k\u00e9pz\u00e9s.\",\"publisher\":{\"@id\":\"https:\/\/bilingual.hu\/en\/#organization\"},\"potentialAction\":[{\"@type\":\"SearchAction\",\"target\":{\"@type\":\"EntryPoint\",\"urlTemplate\":\"https:\/\/bilingual.hu\/en\/?s={search_term_string}\"},\"query-input\":{\"@type\":\"PropertyValueSpecification\",\"valueRequired\":true,\"valueName\":\"search_term_string\"}}],\"inLanguage\":\"en-US\"},{\"@type\":\"Organization\",\"@id\":\"https:\/\/bilingual.hu\/en\/#organization\",\"name\":\"Bilingual\",\"url\":\"https:\/\/bilingual.hu\/en\/\",\"logo\":{\"@type\":\"ImageObject\",\"inLanguage\":\"en-US\",\"@id\":\"https:\/\/bilingual.hu\/en\/#\/schema\/logo\/image\/\",\"url\":\"https:\/\/bilingual.hu\/app\/uploads\/2024\/08\/Property-1Variant2.svg\",\"contentUrl\":\"https:\/\/bilingual.hu\/app\/uploads\/2024\/08\/Property-1Variant2.svg\",\"caption\":\"Bilingual\"},\"image\":{\"@id\":\"https:\/\/bilingual.hu\/en\/#\/schema\/logo\/image\/\"},\"sameAs\":[\"https:\/\/www.facebook.com\/bilingual.hu\",\"https:\/\/www.instagram.com\/bilingual.hu\/\",\"https:\/\/www.youtube.com\/channel\/UCr0fdfvgn1CRi0YwFT5LwEg\/videos\"]}]}<\/script>\n<!-- \/ Yoast SEO plugin. -->","yoast_head_json":{"title":"Services fee - Bilingual","robots":{"index":"index","follow":"follow","max-snippet":"max-snippet:-1","max-image-preview":"max-image-preview:large","max-video-preview":"max-video-preview:-1"},"canonical":"https:\/\/bilingual.hu\/en\/services-fee\/","og_locale":"en_US","og_type":"article","og_title":"Services fee - Bilingual","og_description":"Service Fee This is how we operate in practice Watch our short videos to get an insight into the lessons and sessions.","og_url":"https:\/\/bilingual.hu\/en\/services-fee\/","og_site_name":"Bilingual","article_publisher":"https:\/\/www.facebook.com\/bilingual.hu","article_modified_time":"2025-03-03T10:21:08+00:00","og_image":[{"url":"https:\/\/bilingual.hu\/app\/uploads\/2024\/08\/Property-1ovodai-program.png","type":"","width":"","height":""}],"twitter_card":"summary_large_image","twitter_misc":{"Est. reading time":"2 minutes"},"schema":{"@context":"https:\/\/schema.org","@graph":[{"@type":"WebPage","@id":"https:\/\/bilingual.hu\/en\/services-fee\/","url":"https:\/\/bilingual.hu\/en\/services-fee\/","name":"Services fee - Bilingual","isPartOf":{"@id":"https:\/\/bilingual.hu\/en\/#website"},"primaryImageOfPage":{"@id":"https:\/\/bilingual.hu\/en\/services-fee\/#primaryimage"},"image":{"@id":"https:\/\/bilingual.hu\/en\/services-fee\/#primaryimage"},"thumbnailUrl":"https:\/\/bilingual.hu\/app\/uploads\/2024\/08\/Property-1ovodai-program.png","datePublished":"2025-02-27T14:57:15+00:00","dateModified":"2025-03-03T10:21:08+00:00","breadcrumb":{"@id":"https:\/\/bilingual.hu\/en\/services-fee\/#breadcrumb"},"inLanguage":"en-US","potentialAction":[{"@type":"ReadAction","target":["https:\/\/bilingual.hu\/en\/services-fee\/"]}]},{"@type":"ImageObject","inLanguage":"en-US","@id":"https:\/\/bilingual.hu\/en\/services-fee\/#primaryimage","url":"https:\/\/bilingual.hu\/app\/uploads\/2024\/08\/Property-1ovodai-program.png","contentUrl":"https:\/\/bilingual.hu\/app\/uploads\/2024\/08\/Property-1ovodai-program.png"},{"@type":"BreadcrumbList","@id":"https:\/\/bilingual.hu\/en\/services-fee\/#breadcrumb","itemListElement":[{"@type":"ListItem","position":1,"name":"&nbsp;","item":"https:\/\/bilingual.hu\/en\/"},{"@type":"ListItem","position":2,"name":"Services fee"}]},{"@type":"WebSite","@id":"https:\/\/bilingual.hu\/en\/#website","url":"https:\/\/bilingual.hu\/en\/","name":"Bilingual","description":"A Bilingual Program egy intenz\u00edv k\u00e9tnyelv\u0171 k\u00e9pz\u00e9s.","publisher":{"@id":"https:\/\/bilingual.hu\/en\/#organization"},"potentialAction":[{"@type":"SearchAction","target":{"@type":"EntryPoint","urlTemplate":"https:\/\/bilingual.hu\/en\/?s={search_term_string}"},"query-input":{"@type":"PropertyValueSpecification","valueRequired":true,"valueName":"search_term_string"}}],"inLanguage":"en-US"},{"@type":"Organization","@id":"https:\/\/bilingual.hu\/en\/#organization","name":"Bilingual","url":"https:\/\/bilingual.hu\/en\/","logo":{"@type":"ImageObject","inLanguage":"en-US","@id":"https:\/\/bilingual.hu\/en\/#\/schema\/logo\/image\/","url":"https:\/\/bilingual.hu\/app\/uploads\/2024\/08\/Property-1Variant2.svg","contentUrl":"https:\/\/bilingual.hu\/app\/uploads\/2024\/08\/Property-1Variant2.svg","caption":"Bilingual"},"image":{"@id":"https:\/\/bilingual.hu\/en\/#\/schema\/logo\/image\/"},"sameAs":["https:\/\/www.facebook.com\/bilingual.hu","https:\/\/www.instagram.com\/bilingual.hu\/","https:\/\/www.youtube.com\/channel\/UCr0fdfvgn1CRi0YwFT5LwEg\/videos"]}]}},"_links":{"self":[{"href":"https:\/\/bilingual.hu\/en\/wp-json\/wp\/v2\/pages\/8429","targetHints":{"allow":["GET"]}}],"collection":[{"href":"https:\/\/bilingual.hu\/en\/wp-json\/wp\/v2\/pages"}],"about":[{"href":"https:\/\/bilingual.hu\/en\/wp-json\/wp\/v2\/types\/page"}],"author":[{"embeddable":true,"href":"https:\/\/bilingual.hu\/en\/wp-json\/wp\/v2\/users\/8"}],"replies":[{"embeddable":true,"href":"https:\/\/bilingual.hu\/en\/wp-json\/wp\/v2\/comments?post=8429"}],"version-history":[{"count":9,"href":"https:\/\/bilingual.hu\/en\/wp-json\/wp\/v2\/pages\/8429\/revisions"}],"predecessor-version":[{"id":8612,"href":"https:\/\/bilingual.hu\/en\/wp-json\/wp\/v2\/pages\/8429\/revisions\/8612"}],"wp:attachment":[{"href":"https:\/\/bilingual.hu\/en\/wp-json\/wp\/v2\/media?parent=8429"}],"curies":[{"name":"wp","href":"https:\/\/api.w.org\/{rel}","templated":true}]}}