{"id":8202,"date":"2025-02-13T22:37:59","date_gmt":"2025-02-13T21:37:59","guid":{"rendered":"https:\/\/bilingual.hu\/?page_id=8202"},"modified":"2025-02-18T08:51:32","modified_gmt":"2025-02-18T07:51:32","slug":"cambridge-first-for-schools-fce-b2-mock-exam-megyeri-uti-primary-school-grade-8-information-sheet","status":"publish","type":"page","link":"https:\/\/bilingual.hu\/en\/cambridge-first-for-schools-fce-b2-mock-exam-megyeri-uti-primary-school-grade-8-information-sheet\/","title":{"rendered":"Cambridge First for Schools (FCE) B2 Mock Exam Megyeri \u00dati Primary School Grade 8 Information Sheet"},"content":{"rendered":"\n<p><strong>Date:<\/strong>\u00a0Thursday, February 27, 2025<br><strong>Time:<\/strong>\u00a07:40am to 2:25pm (see schedule below)<br><strong>Location:<\/strong> Megyeri \u00dati Primary School<\/p>\n\n\n\n<p><strong>Administered by:<\/strong> Bilingual Program in conjunction with the British Council<\/p>\n\n\n\n<p><strong>What is the mock exam?<\/strong><br>The mock exam is a <strong>practice test<\/strong> \u2013 free of charge to students and families. Every spring starting in Grade 2 the Bilingual Program administers a Cambridge Final Exam as an <strong>external benchmarking tool<\/strong>. We use official test materials and run the exams under strict testing conditions. For Grade 8, the relevant exam is the <a href=\"http:\/\/www.cambridgeenglish.org\/exams\/first-for-schools\/\">Cambridge First for Schools (FCE) at level B2<\/a>. The Council will deliver final results two to three weeks after the mock exam.<\/p>\n\n\n\n<p>For more information please see the following:<\/p>\n\n\n<div class=\"wp-block-list\">\n<ul class=\"wp-block-list\">\n<li><a href=\"https:\/\/bilingual.hu\/app\/uploads\/2025\/02\/180143-information-for-candidates-first-for-schools-2015.pdf\">Information for Candidates&nbsp;<\/a><\/li>\n\n\n\n<li><a href=\"https:\/\/bilingual.hu\/app\/uploads\/2025\/02\/171593-cambridge-english-first-for-schools-brief-exam-guide.pdf\">Brief Exam Guide<\/a><\/li>\n<\/ul>\n<\/div>\n\n\n<p><strong>If my child has taken a Cambridge B2 exam in the last few months, does he\/she still need to take the mock exam?<\/strong><\/p>\n\n\n\n<p>Yes. All 8th grade students are required to take the Mock Exam, which is the final milestone in the English language development of students in the Bilingual Program. The results of the mock exams provide us with critical data to measure the success of the Program in the primary schools. Moreover, our teachers are still working hard to raise the level of each student\u2019s English, and the information from this mock exam will help them hone their work and do their best for the kids through the very end of 8th grade. Moreover, if you have NOT taken a Cambridge B2 exam in the last few months, the results of this mock exam can help students and their families decide whether to sign up for our next official exam with the British Council. Furthermore, these results are used as exit exam data, similar to the Math and Hungarian exams, which we report to the Educational Authorities (<em>Klebelsberg K\u00f6zpont<\/em>).<\/p>\n\n\n\n<p><strong>What is the schedule for February 27th?<br><\/strong>All components (Listening, Reading &amp; Use of English, Writing and Speaking) of the mock exam will be held on February 27th.<\/p>\n\n\n\n<p>Here is the <strong>detailed schedule for the February 27th<\/strong> First for Schools (FCE) B2 mock exam:<\/p>\n\n\n\n<figure class=\"wp-block-table is-style-regular\"><table class=\"has-border-color has-primary-border-color has-fixed-layout\" style=\"border-width:1px\"><thead><tr><th>Time<\/th><th>Activity<\/th><\/tr><\/thead><tbody><tr><td>8:00-8:40<\/td><td colspan=\"2\">Listening<\/td><\/tr><tr><td><strong>8:40-9:00<\/strong><\/td><td colspan=\"2\"><strong>Break<\/strong><\/td><\/tr><tr><td>9:00-10:15<\/td><td colspan=\"2\">Reading and Use of English<\/td><\/tr><tr><td><strong>10:15-10:30<\/strong><\/td><td colspan=\"2\"><strong>Break<\/strong><\/td><\/tr><tr><td>10:30-11:50<\/td><td colspan=\"2\">Writing<\/td><\/tr><tr><td><strong>11:50-12:50<\/strong><\/td><td colspan=\"2\"><strong>Lunch Break<\/strong><\/td><\/tr><tr><td>12:30-14:21<\/td><td colspan=\"2\">Speaking<\/td><\/tr><tr><td>&nbsp;<\/td><td colspan=\"2\"><strong>Pairings<\/strong>:<\/td><\/tr><tr><td>12:30-12:45<\/td><td>Markowski P\u00e9ter<\/td><td>R\u00e1cz Dalma<\/td><\/tr><tr><td>12:46-13:01<\/td><td>Szab\u00f3 Fanni Zs\u00f3fia<\/td><td>Szakolczay-Vr\u00e1bel Gergely<\/td><\/tr><tr><td>13:02-13:17<\/td><td>Stibi Ram\u00f3na<\/td><td>Varga Vikt\u00f3ria Bianka<\/td><\/tr><tr><td>13:18-13:33<\/td><td>Bal\u00e1zs Bianka Luca<\/td><td>Kov\u00e1cs Emil<\/td><\/tr><tr><td>13:34-13:49<\/td><td>Demeter Bertalan<\/td><td>Kir\u00e1ly Bendeg\u00faz<\/td><\/tr><tr><td>13:50-14:05<\/td><td>Dimitrova Regina Sofia<\/td><td>R\u00e1czky Fl\u00f3ra<\/td><\/tr><tr><td>14:06-14:21<\/td><td>Altner Zal\u00e1n<\/td><td>Gbilimou Noel<\/td><\/tr><\/tbody><\/table><\/figure>\n\n\n\n<p><strong>What else should I know about the speaking exam?<\/strong><\/p>\n\n\n\n<p>There are three important things to keep in mind regarding the speaking component:<\/p>\n\n\n<div class=\"wp-block-list\">\n<ol class=\"wp-block-list\">\n<li>Students take the speaking component in pairs (or in case of an odd number, in one group of three). Pairs are formed prior to exam day by the Bilingual Program main class teacher.<\/li>\n\n\n\n<li>The speaking exam sessions may run later than scheduled, or may finish earlier.<\/li>\n\n\n\n<li>There will not be any further classes or tutorials after the exam on February 27th.<\/li>\n<\/ol>\n<\/div>\n\n\n<p><strong>What else should I know about the schedule for February 27th?<\/strong><\/p>\n\n\n\n<p>In order to have enough time to prepare for the start of the exam, students are expected to<mark style=\"background-color:rgba(0, 0, 0, 0)\" class=\"has-inline-color has-secondary-color\"> <strong>arrive at the school no later than 7:30<\/strong><\/mark> on the day of the exam. <strong>The exam begins at 8:00 sharp.<\/strong> Students should wear comfortable clothes and bring three pens. Please make sure to have water on hand, as it is not permissible to leave the room during the test.<\/p>\n\n\n\n<p><strong>After the mock exam results arrive, what\u2019s the next step?<\/strong><\/p>\n\n\n\n<p>If, based on your child\u2019s mock exam score, you decide to sit for the official First for Schools (FCE) B2 Exam:<\/p>\n\n\n<div class=\"wp-block-list\">\n<ul class=\"wp-block-list\">\n<li>You willcontact the British Council directly to register for our <strong><mark style=\"background-color:rgba(0, 0, 0, 0)\" class=\"has-inline-color has-secondary-color\">exclusive<\/mark> Cambridge B2<\/strong> exam session, reserved for <strong><mark style=\"background-color:rgba(0, 0, 0, 0)\" class=\"has-inline-color has-secondary-color\">Bilingual Program students only.<\/mark><\/strong><\/li>\n\n\n\n<li>This exclusive Cambridge B2 exam session will be: <strong>May 31, 2025<\/strong><ul><li><strong>Speaking Exam: Saturday, <mark style=\"background-color:rgba(0, 0, 0, 0)\" class=\"has-inline-color has-secondary-color\">May 31, 2025<\/mark><\/strong> (in the afternoon)<\/li><\/ul><div class=\"wp-block-list\">\n<ul class=\"wp-block-list\">\n<li><strong>Written Exam: Saturday, <mark style=\"background-color:rgba(0, 0, 0, 0)\" class=\"has-inline-color has-secondary-color\">May 31, 2025<\/mark><\/strong> (paper-based)<\/li>\n<\/ul>\n<\/div><\/li>\n\n\n\n<li><strong>Registration Deadline:&nbsp;<mark style=\"background-color:rgba(0, 0, 0, 0)\" class=\"has-inline-color has-secondary-color\">Sunday, April 6, 2025<\/mark>, midnight<\/strong><\/li>\n\n\n\n<li><a href=\"https:\/\/forms.gle\/nYVaeRAHfqp9pXg97\"><strong>Registration link<\/strong><\/a><\/li>\n\n\n\n<li><strong>Please note that registration and payment are the family\u2019s responsibility<\/strong><\/li>\n<\/ul>\n<\/div>\n\n\n<p><strong>Is the Cambridge B2 First for Schools Exam valid in Hungary?<\/strong><\/p>\n\n\n\n<p><strong>All Cambridge exams<\/strong> (whether \u201cFor Schools\u201d or for adults) at levels B1, B2 and C1 are <strong>accepted in <\/strong><strong>Hungary<\/strong> as equivalent to the State-recognized, accredited language examinations systems in Hungary, as per this government decree on language examinations &#8211; <a href=\"https:\/\/net.jogtar.hu\/jogszabaly?docid=a0800137.kor\">137\/2008. (V.16.) Korm. rendelet<\/a>, particularly Paragraph 14, Section 10 and Appendix 3.<\/p>\n\n\n\n<p>We are very happy to make use of Cambridge exams and for the <strong>Bilingual Program<\/strong> to be recognized as an <strong>official Cambridge test preparation center<\/strong>. <a href=\"https:\/\/bilingual.hu\/en\/why-bilingual\/cambridge-english-qualifications\/\">Learn more here.<\/a><\/p>\n\n\n\n<p>For information on interpreting your child\u2019s results, more details on the status of Cambridge exams in Hungary, and other frequently asked questions, <strong>please visit <\/strong><a href=\"https:\/\/bilingual.hu\/en\/cambridge-exams-frequently-asked-questions\">&gt;&gt;this link&lt;&lt;<\/a> to learn more.<\/p>\n\n\n\n<p><strong>How can I find out more?<\/strong><\/p>\n\n\n\n<p>You can:<\/p>\n\n\n<div class=\"wp-block-list\">\n<ol class=\"wp-block-list\">\n<li>Check out the website links in this document<\/li>\n\n\n\n<li>Contact our staff members:<\/li>\n<\/ol>\n<\/div>\n\n<div class=\"wp-block-list\">\n<ul class=\"wp-block-list\">\n<li>Luke Jones, Bilingual Program Grade 8 Main Class Teacher<\/li>\n\n\n\n<li>William Robb, Bilingual Program Teacher Trainer \u2013 Megyeri<\/li>\n\n\n\n<li>R\u00e9ka \u00dcr\u00f6gi, Bilingual Program Manager \u2013 Megyeri<\/li>\n<\/ul>\n<\/div>\n\n\n<p>We will also hold <strong>parent-teacher conferences <\/strong>after the mock exam results are published \u2013 date and times forthcoming. You\u2019ll be able to talk with Luke, Bill and R\u00e9ka to clarify any questions you have about your child\u2019s mock exam results and the best course of action going forward. If you choose to come to this meeting, and your son or daughter would like to attend along with you, please feel free.<\/p>\n\n\n\n<p>If you have any questions about your child\u2019s Cambridge exams, please contact your Bilingual Program Manager or your child\u2019s Bilingual English teacher directly.&nbsp;<\/p>\n\n\n\n<p>We look forward to seeing the students on exam day and we wish them all the best!<\/p>\n\n\n\n<p><\/p>\n","protected":false},"excerpt":{"rendered":"<p>Date:\u00a0Thursday, February 27, 2025Time:\u00a07:40am to 2:25pm (see schedule below)Location: Megyeri \u00dati Primary School Administered by: Bilingual Program in conjunction with the British Council What is the mock exam?The mock exam is a practice test \u2013 free of charge to students and families. Every spring starting in Grade 2 the Bilingual Program administers a Cambridge Final [&hellip;]<\/p>\n","protected":false},"author":8,"featured_media":0,"parent":0,"menu_order":0,"comment_status":"closed","ping_status":"closed","template":"","meta":{"_acf_changed":false,"footnotes":""},"class_list":["post-8202","page","type-page","status-publish","hentry"],"acf":[],"yoast_head":"<!-- This site is optimized with the Yoast SEO plugin v26.0 - https:\/\/yoast.com\/wordpress\/plugins\/seo\/ -->\n<title>Cambridge First for Schools (FCE) B2 Mock Exam Megyeri \u00dati Primary School Grade 8 Information Sheet - Bilingual<\/title>\n<meta name=\"robots\" content=\"index, follow, max-snippet:-1, max-image-preview:large, max-video-preview:-1\" \/>\n<link rel=\"canonical\" href=\"https:\/\/bilingual.hu\/en\/cambridge-first-for-schools-fce-b2-mock-exam-megyeri-uti-primary-school-grade-8-information-sheet\/\" \/>\n<meta property=\"og:locale\" content=\"en_US\" \/>\n<meta property=\"og:type\" content=\"article\" \/>\n<meta property=\"og:title\" content=\"Cambridge First for Schools (FCE) B2 Mock Exam Megyeri \u00dati Primary School Grade 8 Information Sheet - Bilingual\" \/>\n<meta property=\"og:description\" content=\"Date:\u00a0Thursday, February 27, 2025Time:\u00a07:40am to 2:25pm (see schedule below)Location: Megyeri \u00dati Primary School Administered by: Bilingual Program in conjunction with the British Council What is the mock exam?The mock exam is a practice test \u2013 free of charge to students and families. Every spring starting in Grade 2 the Bilingual Program administers a Cambridge Final [&hellip;]\" \/>\n<meta property=\"og:url\" content=\"https:\/\/bilingual.hu\/en\/cambridge-first-for-schools-fce-b2-mock-exam-megyeri-uti-primary-school-grade-8-information-sheet\/\" \/>\n<meta property=\"og:site_name\" content=\"Bilingual\" \/>\n<meta property=\"article:publisher\" content=\"https:\/\/www.facebook.com\/bilingual.hu\" \/>\n<meta property=\"article:modified_time\" content=\"2025-02-18T07:51:32+00:00\" \/>\n<meta property=\"og:image\" content=\"https:\/\/bilingual.hu\/app\/uploads\/2025\/03\/bilingual-megosztasi-kep-en.jpg\" \/>\n\t<meta property=\"og:image:width\" content=\"2490\" \/>\n\t<meta property=\"og:image:height\" content=\"1438\" \/>\n\t<meta property=\"og:image:type\" content=\"image\/jpeg\" \/>\n<meta name=\"twitter:card\" content=\"summary_large_image\" \/>\n<meta name=\"twitter:label1\" content=\"Est. reading time\" \/>\n\t<meta name=\"twitter:data1\" content=\"6 minutes\" \/>\n<script type=\"application\/ld+json\" class=\"yoast-schema-graph\">{\"@context\":\"https:\/\/schema.org\",\"@graph\":[{\"@type\":\"WebPage\",\"@id\":\"https:\/\/bilingual.hu\/en\/cambridge-first-for-schools-fce-b2-mock-exam-megyeri-uti-primary-school-grade-8-information-sheet\/\",\"url\":\"https:\/\/bilingual.hu\/en\/cambridge-first-for-schools-fce-b2-mock-exam-megyeri-uti-primary-school-grade-8-information-sheet\/\",\"name\":\"Cambridge First for Schools (FCE) B2 Mock Exam Megyeri \u00dati Primary School Grade 8 Information Sheet - Bilingual\",\"isPartOf\":{\"@id\":\"https:\/\/bilingual.hu\/en\/#website\"},\"datePublished\":\"2025-02-13T21:37:59+00:00\",\"dateModified\":\"2025-02-18T07:51:32+00:00\",\"breadcrumb\":{\"@id\":\"https:\/\/bilingual.hu\/en\/cambridge-first-for-schools-fce-b2-mock-exam-megyeri-uti-primary-school-grade-8-information-sheet\/#breadcrumb\"},\"inLanguage\":\"en-US\",\"potentialAction\":[{\"@type\":\"ReadAction\",\"target\":[\"https:\/\/bilingual.hu\/en\/cambridge-first-for-schools-fce-b2-mock-exam-megyeri-uti-primary-school-grade-8-information-sheet\/\"]}]},{\"@type\":\"BreadcrumbList\",\"@id\":\"https:\/\/bilingual.hu\/en\/cambridge-first-for-schools-fce-b2-mock-exam-megyeri-uti-primary-school-grade-8-information-sheet\/#breadcrumb\",\"itemListElement\":[{\"@type\":\"ListItem\",\"position\":1,\"name\":\"&nbsp;\",\"item\":\"https:\/\/bilingual.hu\/en\/\"},{\"@type\":\"ListItem\",\"position\":2,\"name\":\"Cambridge First for Schools (FCE) B2 Mock Exam Megyeri \u00dati Primary School Grade 8 Information Sheet\"}]},{\"@type\":\"WebSite\",\"@id\":\"https:\/\/bilingual.hu\/en\/#website\",\"url\":\"https:\/\/bilingual.hu\/en\/\",\"name\":\"Bilingual\",\"description\":\"A Bilingual Program egy intenz\u00edv k\u00e9tnyelv\u0171 k\u00e9pz\u00e9s.\",\"publisher\":{\"@id\":\"https:\/\/bilingual.hu\/en\/#organization\"},\"potentialAction\":[{\"@type\":\"SearchAction\",\"target\":{\"@type\":\"EntryPoint\",\"urlTemplate\":\"https:\/\/bilingual.hu\/en\/?s={search_term_string}\"},\"query-input\":{\"@type\":\"PropertyValueSpecification\",\"valueRequired\":true,\"valueName\":\"search_term_string\"}}],\"inLanguage\":\"en-US\"},{\"@type\":\"Organization\",\"@id\":\"https:\/\/bilingual.hu\/en\/#organization\",\"name\":\"Bilingual\",\"url\":\"https:\/\/bilingual.hu\/en\/\",\"logo\":{\"@type\":\"ImageObject\",\"inLanguage\":\"en-US\",\"@id\":\"https:\/\/bilingual.hu\/en\/#\/schema\/logo\/image\/\",\"url\":\"https:\/\/bilingual.hu\/app\/uploads\/2024\/08\/Property-1Variant2.svg\",\"contentUrl\":\"https:\/\/bilingual.hu\/app\/uploads\/2024\/08\/Property-1Variant2.svg\",\"caption\":\"Bilingual\"},\"image\":{\"@id\":\"https:\/\/bilingual.hu\/en\/#\/schema\/logo\/image\/\"},\"sameAs\":[\"https:\/\/www.facebook.com\/bilingual.hu\",\"https:\/\/www.instagram.com\/bilingual.hu\/\",\"https:\/\/www.youtube.com\/channel\/UCr0fdfvgn1CRi0YwFT5LwEg\/videos\"]}]}<\/script>\n<!-- \/ Yoast SEO plugin. -->","yoast_head_json":{"title":"Cambridge First for Schools (FCE) B2 Mock Exam Megyeri \u00dati Primary School Grade 8 Information Sheet - Bilingual","robots":{"index":"index","follow":"follow","max-snippet":"max-snippet:-1","max-image-preview":"max-image-preview:large","max-video-preview":"max-video-preview:-1"},"canonical":"https:\/\/bilingual.hu\/en\/cambridge-first-for-schools-fce-b2-mock-exam-megyeri-uti-primary-school-grade-8-information-sheet\/","og_locale":"en_US","og_type":"article","og_title":"Cambridge First for Schools (FCE) B2 Mock Exam Megyeri \u00dati Primary School Grade 8 Information Sheet - Bilingual","og_description":"Date:\u00a0Thursday, February 27, 2025Time:\u00a07:40am to 2:25pm (see schedule below)Location: Megyeri \u00dati Primary School Administered by: Bilingual Program in conjunction with the British Council What is the mock exam?The mock exam is a practice test \u2013 free of charge to students and families. Every spring starting in Grade 2 the Bilingual Program administers a Cambridge Final [&hellip;]","og_url":"https:\/\/bilingual.hu\/en\/cambridge-first-for-schools-fce-b2-mock-exam-megyeri-uti-primary-school-grade-8-information-sheet\/","og_site_name":"Bilingual","article_publisher":"https:\/\/www.facebook.com\/bilingual.hu","article_modified_time":"2025-02-18T07:51:32+00:00","og_image":[{"width":2490,"height":1438,"url":"https:\/\/bilingual.hu\/app\/uploads\/2025\/03\/bilingual-megosztasi-kep-en.jpg","type":"image\/jpeg"}],"twitter_card":"summary_large_image","twitter_misc":{"Est. reading time":"6 minutes"},"schema":{"@context":"https:\/\/schema.org","@graph":[{"@type":"WebPage","@id":"https:\/\/bilingual.hu\/en\/cambridge-first-for-schools-fce-b2-mock-exam-megyeri-uti-primary-school-grade-8-information-sheet\/","url":"https:\/\/bilingual.hu\/en\/cambridge-first-for-schools-fce-b2-mock-exam-megyeri-uti-primary-school-grade-8-information-sheet\/","name":"Cambridge First for Schools (FCE) B2 Mock Exam Megyeri \u00dati Primary School Grade 8 Information Sheet - Bilingual","isPartOf":{"@id":"https:\/\/bilingual.hu\/en\/#website"},"datePublished":"2025-02-13T21:37:59+00:00","dateModified":"2025-02-18T07:51:32+00:00","breadcrumb":{"@id":"https:\/\/bilingual.hu\/en\/cambridge-first-for-schools-fce-b2-mock-exam-megyeri-uti-primary-school-grade-8-information-sheet\/#breadcrumb"},"inLanguage":"en-US","potentialAction":[{"@type":"ReadAction","target":["https:\/\/bilingual.hu\/en\/cambridge-first-for-schools-fce-b2-mock-exam-megyeri-uti-primary-school-grade-8-information-sheet\/"]}]},{"@type":"BreadcrumbList","@id":"https:\/\/bilingual.hu\/en\/cambridge-first-for-schools-fce-b2-mock-exam-megyeri-uti-primary-school-grade-8-information-sheet\/#breadcrumb","itemListElement":[{"@type":"ListItem","position":1,"name":"&nbsp;","item":"https:\/\/bilingual.hu\/en\/"},{"@type":"ListItem","position":2,"name":"Cambridge First for Schools (FCE) B2 Mock Exam Megyeri \u00dati Primary School Grade 8 Information Sheet"}]},{"@type":"WebSite","@id":"https:\/\/bilingual.hu\/en\/#website","url":"https:\/\/bilingual.hu\/en\/","name":"Bilingual","description":"A Bilingual Program egy intenz\u00edv k\u00e9tnyelv\u0171 k\u00e9pz\u00e9s.","publisher":{"@id":"https:\/\/bilingual.hu\/en\/#organization"},"potentialAction":[{"@type":"SearchAction","target":{"@type":"EntryPoint","urlTemplate":"https:\/\/bilingual.hu\/en\/?s={search_term_string}"},"query-input":{"@type":"PropertyValueSpecification","valueRequired":true,"valueName":"search_term_string"}}],"inLanguage":"en-US"},{"@type":"Organization","@id":"https:\/\/bilingual.hu\/en\/#organization","name":"Bilingual","url":"https:\/\/bilingual.hu\/en\/","logo":{"@type":"ImageObject","inLanguage":"en-US","@id":"https:\/\/bilingual.hu\/en\/#\/schema\/logo\/image\/","url":"https:\/\/bilingual.hu\/app\/uploads\/2024\/08\/Property-1Variant2.svg","contentUrl":"https:\/\/bilingual.hu\/app\/uploads\/2024\/08\/Property-1Variant2.svg","caption":"Bilingual"},"image":{"@id":"https:\/\/bilingual.hu\/en\/#\/schema\/logo\/image\/"},"sameAs":["https:\/\/www.facebook.com\/bilingual.hu","https:\/\/www.instagram.com\/bilingual.hu\/","https:\/\/www.youtube.com\/channel\/UCr0fdfvgn1CRi0YwFT5LwEg\/videos"]}]}},"_links":{"self":[{"href":"https:\/\/bilingual.hu\/en\/wp-json\/wp\/v2\/pages\/8202","targetHints":{"allow":["GET"]}}],"collection":[{"href":"https:\/\/bilingual.hu\/en\/wp-json\/wp\/v2\/pages"}],"about":[{"href":"https:\/\/bilingual.hu\/en\/wp-json\/wp\/v2\/types\/page"}],"author":[{"embeddable":true,"href":"https:\/\/bilingual.hu\/en\/wp-json\/wp\/v2\/users\/8"}],"replies":[{"embeddable":true,"href":"https:\/\/bilingual.hu\/en\/wp-json\/wp\/v2\/comments?post=8202"}],"version-history":[{"count":6,"href":"https:\/\/bilingual.hu\/en\/wp-json\/wp\/v2\/pages\/8202\/revisions"}],"predecessor-version":[{"id":8333,"href":"https:\/\/bilingual.hu\/en\/wp-json\/wp\/v2\/pages\/8202\/revisions\/8333"}],"wp:attachment":[{"href":"https:\/\/bilingual.hu\/en\/wp-json\/wp\/v2\/media?parent=8202"}],"curies":[{"name":"wp","href":"https:\/\/api.w.org\/{rel}","templated":true}]}}