{"id":7456,"date":"2024-10-07T13:46:38","date_gmt":"2024-10-07T11:46:38","guid":{"rendered":"https:\/\/bilingual.hu\/?page_id=7456"},"modified":"2024-10-07T13:47:29","modified_gmt":"2024-10-07T11:47:29","slug":"tuck-everlasting-by-natalie-babbitt","status":"publish","type":"page","link":"https:\/\/bilingual.hu\/en\/tuck-everlasting-by-natalie-babbitt\/","title":{"rendered":"Tuck Everlasting\u00a0by Natalie Babbitt"},"content":{"rendered":"\n<p class=\"has-primary-color has-text-color has-link-color wp-elements-a9061adc2ca1e96507b7d1be77255cfe\">Dear Parents,<\/p>\n\n\n\n<p class=\"has-primary-color has-text-color has-link-color wp-elements-bbb56bce3f2af2f083c16f4df37d5d3d\">As you may know, this term your 7th grade student in the Bilingual Program will be reading\u00a0<em>Tuck Everlasting<\/em>\u00a0by Natalie Babbitt. This will not be an adapted or abridged text, but rather the original work of American young adult literature. We\u2019d like to give you some background about the novel, mention the benefits and challenges from the students\u2019 point of view, and also make suggestions for how you could help.<\/p>\n\n\n\n<h3 class=\"wp-block-heading has-secondary-color has-text-color has-link-color has-xx-large-font-size wp-elements-4088cd96a683d600e214680f31b3daa8\">Why is it important for my child to read in English?<\/h3>\n\n\n\n<p class=\"has-primary-color has-text-color has-link-color wp-elements-d18dc82a3cde29a70ce57ddd093f11b8\">Reading in any language expands the mind and helps us explore vital topics and real-life situations, all the while allowing students to develop their comprehension skills, critical thinking capabilities and complexity of thought both in general and also in that specific language. Indeed, research indicates that reading skills directly relate to future academic and professional success. It can help students gain a deeper understanding of context and why characters \u2013 and people \u2013 make the choices they do. Reading also helps build independence and self-confidence and has a positive effect on the development of empathy as well as concentration. Finally, reading is a major resource for using and understanding language \u2013 including grammatical structure, lexical knowledge and writing skills. Not only can students pick up new words, but reading them in an authentic context can also help students understand the subtle nuances of the lexis that was chosen by the author. The same is true when we process the plot and character development through the linguistic structures employed by the author \u2013 helping students understand a variety of uses \u201cin the linguistic wild\u201d, as it were. All in all, reading in any language develops skills that are essential for each student\u2019s continuing studies and life in general.<\/p>\n\n\n\n<h3 class=\"wp-block-heading has-secondary-color has-text-color has-link-color has-xx-large-font-size wp-elements-caebb969083dcbe04fa0623c33ee158a\"><strong>Why was this novel chosen?<\/strong><\/h3>\n\n\n\n<p class=\"has-primary-color has-text-color has-link-color wp-elements-caf8ceef416ae179875f2f5d2040441a\">Natalie Babbitt wrote novels for young adult for many years. Her take on ordinary situations mingled with small twists of fantasy makes her novels almost believable. Her style of writing is detailed and packed with nuanced language, metaphors, and symbolism. This particular romantic, coming-of-age story delights people of all ages. Its magical twist of immortality and the difficult choices we have to make as we grow up tends to appeal to everyone who reads it. It won the 1976 Christopher Award and has been recognized as an American Library Association notable book.<\/p>\n\n\n\n<h3 class=\"wp-block-heading has-secondary-color has-text-color has-link-color has-xx-large-font-size wp-elements-9352ba253768109c66e1c0729eaa42f6\"><strong>What are the benefits of this novel?<\/strong><\/h3>\n\n\n\n<p class=\"has-primary-color has-text-color has-link-color wp-elements-98be281ded0b5108edd24295a6a30696\">Tuck Everlasting\u00a0follows young Winnie as she meets a mysterious family in her sleepy town. With her own family aloof and indifferent, young Winnie yearns for adventure and falls into the company of the Tuck family, who can give that to her. She finds herself in tough situations that lead her down a path where she must make a choice that will affect the entirety of her life. The use of symbolism and metaphors throughout the novel guides students to deeper levels of comprehension. The themes also bring up conversations about making difficult choices and understanding the repercussions that those choices may have on our own lives and on those around us.<\/p>\n\n\n\n<h3 class=\"wp-block-heading has-secondary-color has-text-color has-link-color has-xx-large-font-size wp-elements-185c40a68988c82f988347a673741ccc\"><strong>What are some of the challenges? \/ How can I as a parent help?<\/strong><\/h3>\n\n\n\n<p class=\"has-primary-color has-text-color has-link-color wp-elements-ce2c358c6ab0af75727af2ce0828044b\">The language used in the novel can be a challenge, as Babbitt uses her words to paint a picture for her readers. Her descriptions may seem mundane, but her use of symbolism \u00a0to dig into deeper issues is abundant. Students may need to read certain passages a couple of times to really grasp the author\u2019s meaning and see what it is she is trying to point out. We will, of course, work on this with students in class \u2013 through brainstorming, guided exploration and other types of scaffolding. At home the assignment accompanying the reading will provide needed guidance, too. Of course, keeping your child on track with assignments will smooth the way for the discussions to take place in class.<\/p>\n\n\n\n<p class=\"has-primary-color has-text-color has-link-color wp-elements-54c2eff44a251be37bd6d08ad55e751b\">Please let us know if you have further questions. We would like to thank you for your support in helping your son or daughter keep up with his or her chapter-by-chapter reading assignments at home. Finally, we hope your child learns from this novel and, most importantly, enjoys reading it!<\/p>\n\n\n\n<p class=\"has-primary-color has-text-color has-link-color wp-elements-cc5f21aaca49d47db50b16f352a5c03c\">Best regards: Anthony Laudadio, Head of Education \u2013 Primary &amp; High Schools<\/p>\n","protected":false},"excerpt":{"rendered":"<p>Dear Parents, As you may know, this term your 7th grade student in the Bilingual Program will be reading\u00a0Tuck Everlasting\u00a0by Natalie Babbitt. This will not be an adapted or abridged text, but rather the original work of American young adult literature. We\u2019d like to give you some background about the novel, mention the benefits and [&hellip;]<\/p>\n","protected":false},"author":19,"featured_media":0,"parent":0,"menu_order":0,"comment_status":"closed","ping_status":"closed","template":"","meta":{"_acf_changed":false,"footnotes":""},"class_list":["post-7456","page","type-page","status-publish","hentry"],"acf":[],"yoast_head":"<!-- This site is optimized with the Yoast SEO plugin v26.0 - https:\/\/yoast.com\/wordpress\/plugins\/seo\/ -->\n<title>Tuck Everlasting\u00a0by Natalie Babbitt - Bilingual<\/title>\n<meta name=\"robots\" content=\"index, follow, max-snippet:-1, max-image-preview:large, max-video-preview:-1\" \/>\n<link rel=\"canonical\" href=\"https:\/\/bilingual.hu\/en\/tuck-everlasting-by-natalie-babbitt\/\" \/>\n<meta property=\"og:locale\" content=\"en_US\" \/>\n<meta property=\"og:type\" content=\"article\" \/>\n<meta property=\"og:title\" content=\"Tuck Everlasting\u00a0by Natalie Babbitt - Bilingual\" \/>\n<meta property=\"og:description\" content=\"Dear Parents, As you may know, this term your 7th grade student in the Bilingual Program will be reading\u00a0Tuck Everlasting\u00a0by Natalie Babbitt. This will not be an adapted or abridged text, but rather the original work of American young adult literature. We\u2019d like to give you some background about the novel, mention the benefits and [&hellip;]\" \/>\n<meta property=\"og:url\" content=\"https:\/\/bilingual.hu\/en\/tuck-everlasting-by-natalie-babbitt\/\" \/>\n<meta property=\"og:site_name\" content=\"Bilingual\" \/>\n<meta property=\"article:publisher\" content=\"https:\/\/www.facebook.com\/bilingual.hu\" \/>\n<meta property=\"article:modified_time\" content=\"2024-10-07T11:47:29+00:00\" \/>\n<meta property=\"og:image\" content=\"https:\/\/bilingual.hu\/app\/uploads\/2025\/03\/bilingual-megosztasi-kep-en.jpg\" \/>\n\t<meta property=\"og:image:width\" content=\"2490\" \/>\n\t<meta property=\"og:image:height\" content=\"1438\" \/>\n\t<meta property=\"og:image:type\" content=\"image\/jpeg\" \/>\n<meta name=\"twitter:card\" content=\"summary_large_image\" \/>\n<meta name=\"twitter:label1\" content=\"Est. reading time\" \/>\n\t<meta name=\"twitter:data1\" content=\"4 minutes\" \/>\n<script type=\"application\/ld+json\" class=\"yoast-schema-graph\">{\"@context\":\"https:\/\/schema.org\",\"@graph\":[{\"@type\":\"WebPage\",\"@id\":\"https:\/\/bilingual.hu\/en\/tuck-everlasting-by-natalie-babbitt\/\",\"url\":\"https:\/\/bilingual.hu\/en\/tuck-everlasting-by-natalie-babbitt\/\",\"name\":\"Tuck Everlasting\u00a0by Natalie Babbitt - Bilingual\",\"isPartOf\":{\"@id\":\"https:\/\/bilingual.hu\/en\/#website\"},\"datePublished\":\"2024-10-07T11:46:38+00:00\",\"dateModified\":\"2024-10-07T11:47:29+00:00\",\"breadcrumb\":{\"@id\":\"https:\/\/bilingual.hu\/en\/tuck-everlasting-by-natalie-babbitt\/#breadcrumb\"},\"inLanguage\":\"en-US\",\"potentialAction\":[{\"@type\":\"ReadAction\",\"target\":[\"https:\/\/bilingual.hu\/en\/tuck-everlasting-by-natalie-babbitt\/\"]}]},{\"@type\":\"BreadcrumbList\",\"@id\":\"https:\/\/bilingual.hu\/en\/tuck-everlasting-by-natalie-babbitt\/#breadcrumb\",\"itemListElement\":[{\"@type\":\"ListItem\",\"position\":1,\"name\":\"&nbsp;\",\"item\":\"https:\/\/bilingual.hu\/en\/\"},{\"@type\":\"ListItem\",\"position\":2,\"name\":\"Tuck Everlasting\u00a0by Natalie Babbitt\"}]},{\"@type\":\"WebSite\",\"@id\":\"https:\/\/bilingual.hu\/en\/#website\",\"url\":\"https:\/\/bilingual.hu\/en\/\",\"name\":\"Bilingual\",\"description\":\"A Bilingual Program egy intenz\u00edv k\u00e9tnyelv\u0171 k\u00e9pz\u00e9s.\",\"publisher\":{\"@id\":\"https:\/\/bilingual.hu\/en\/#organization\"},\"potentialAction\":[{\"@type\":\"SearchAction\",\"target\":{\"@type\":\"EntryPoint\",\"urlTemplate\":\"https:\/\/bilingual.hu\/en\/?s={search_term_string}\"},\"query-input\":{\"@type\":\"PropertyValueSpecification\",\"valueRequired\":true,\"valueName\":\"search_term_string\"}}],\"inLanguage\":\"en-US\"},{\"@type\":\"Organization\",\"@id\":\"https:\/\/bilingual.hu\/en\/#organization\",\"name\":\"Bilingual\",\"url\":\"https:\/\/bilingual.hu\/en\/\",\"logo\":{\"@type\":\"ImageObject\",\"inLanguage\":\"en-US\",\"@id\":\"https:\/\/bilingual.hu\/en\/#\/schema\/logo\/image\/\",\"url\":\"https:\/\/bilingual.hu\/app\/uploads\/2024\/08\/Property-1Variant2.svg\",\"contentUrl\":\"https:\/\/bilingual.hu\/app\/uploads\/2024\/08\/Property-1Variant2.svg\",\"caption\":\"Bilingual\"},\"image\":{\"@id\":\"https:\/\/bilingual.hu\/en\/#\/schema\/logo\/image\/\"},\"sameAs\":[\"https:\/\/www.facebook.com\/bilingual.hu\",\"https:\/\/www.instagram.com\/bilingual.hu\/\",\"https:\/\/www.youtube.com\/channel\/UCr0fdfvgn1CRi0YwFT5LwEg\/videos\"]}]}<\/script>\n<!-- \/ Yoast SEO plugin. -->","yoast_head_json":{"title":"Tuck Everlasting\u00a0by Natalie Babbitt - Bilingual","robots":{"index":"index","follow":"follow","max-snippet":"max-snippet:-1","max-image-preview":"max-image-preview:large","max-video-preview":"max-video-preview:-1"},"canonical":"https:\/\/bilingual.hu\/en\/tuck-everlasting-by-natalie-babbitt\/","og_locale":"en_US","og_type":"article","og_title":"Tuck Everlasting\u00a0by Natalie Babbitt - Bilingual","og_description":"Dear Parents, As you may know, this term your 7th grade student in the Bilingual Program will be reading\u00a0Tuck Everlasting\u00a0by Natalie Babbitt. This will not be an adapted or abridged text, but rather the original work of American young adult literature. We\u2019d like to give you some background about the novel, mention the benefits and [&hellip;]","og_url":"https:\/\/bilingual.hu\/en\/tuck-everlasting-by-natalie-babbitt\/","og_site_name":"Bilingual","article_publisher":"https:\/\/www.facebook.com\/bilingual.hu","article_modified_time":"2024-10-07T11:47:29+00:00","og_image":[{"width":2490,"height":1438,"url":"https:\/\/bilingual.hu\/app\/uploads\/2025\/03\/bilingual-megosztasi-kep-en.jpg","type":"image\/jpeg"}],"twitter_card":"summary_large_image","twitter_misc":{"Est. reading time":"4 minutes"},"schema":{"@context":"https:\/\/schema.org","@graph":[{"@type":"WebPage","@id":"https:\/\/bilingual.hu\/en\/tuck-everlasting-by-natalie-babbitt\/","url":"https:\/\/bilingual.hu\/en\/tuck-everlasting-by-natalie-babbitt\/","name":"Tuck Everlasting\u00a0by Natalie Babbitt - Bilingual","isPartOf":{"@id":"https:\/\/bilingual.hu\/en\/#website"},"datePublished":"2024-10-07T11:46:38+00:00","dateModified":"2024-10-07T11:47:29+00:00","breadcrumb":{"@id":"https:\/\/bilingual.hu\/en\/tuck-everlasting-by-natalie-babbitt\/#breadcrumb"},"inLanguage":"en-US","potentialAction":[{"@type":"ReadAction","target":["https:\/\/bilingual.hu\/en\/tuck-everlasting-by-natalie-babbitt\/"]}]},{"@type":"BreadcrumbList","@id":"https:\/\/bilingual.hu\/en\/tuck-everlasting-by-natalie-babbitt\/#breadcrumb","itemListElement":[{"@type":"ListItem","position":1,"name":"&nbsp;","item":"https:\/\/bilingual.hu\/en\/"},{"@type":"ListItem","position":2,"name":"Tuck Everlasting\u00a0by Natalie Babbitt"}]},{"@type":"WebSite","@id":"https:\/\/bilingual.hu\/en\/#website","url":"https:\/\/bilingual.hu\/en\/","name":"Bilingual","description":"A Bilingual Program egy intenz\u00edv k\u00e9tnyelv\u0171 k\u00e9pz\u00e9s.","publisher":{"@id":"https:\/\/bilingual.hu\/en\/#organization"},"potentialAction":[{"@type":"SearchAction","target":{"@type":"EntryPoint","urlTemplate":"https:\/\/bilingual.hu\/en\/?s={search_term_string}"},"query-input":{"@type":"PropertyValueSpecification","valueRequired":true,"valueName":"search_term_string"}}],"inLanguage":"en-US"},{"@type":"Organization","@id":"https:\/\/bilingual.hu\/en\/#organization","name":"Bilingual","url":"https:\/\/bilingual.hu\/en\/","logo":{"@type":"ImageObject","inLanguage":"en-US","@id":"https:\/\/bilingual.hu\/en\/#\/schema\/logo\/image\/","url":"https:\/\/bilingual.hu\/app\/uploads\/2024\/08\/Property-1Variant2.svg","contentUrl":"https:\/\/bilingual.hu\/app\/uploads\/2024\/08\/Property-1Variant2.svg","caption":"Bilingual"},"image":{"@id":"https:\/\/bilingual.hu\/en\/#\/schema\/logo\/image\/"},"sameAs":["https:\/\/www.facebook.com\/bilingual.hu","https:\/\/www.instagram.com\/bilingual.hu\/","https:\/\/www.youtube.com\/channel\/UCr0fdfvgn1CRi0YwFT5LwEg\/videos"]}]}},"_links":{"self":[{"href":"https:\/\/bilingual.hu\/en\/wp-json\/wp\/v2\/pages\/7456","targetHints":{"allow":["GET"]}}],"collection":[{"href":"https:\/\/bilingual.hu\/en\/wp-json\/wp\/v2\/pages"}],"about":[{"href":"https:\/\/bilingual.hu\/en\/wp-json\/wp\/v2\/types\/page"}],"author":[{"embeddable":true,"href":"https:\/\/bilingual.hu\/en\/wp-json\/wp\/v2\/users\/19"}],"replies":[{"embeddable":true,"href":"https:\/\/bilingual.hu\/en\/wp-json\/wp\/v2\/comments?post=7456"}],"version-history":[{"count":2,"href":"https:\/\/bilingual.hu\/en\/wp-json\/wp\/v2\/pages\/7456\/revisions"}],"predecessor-version":[{"id":7459,"href":"https:\/\/bilingual.hu\/en\/wp-json\/wp\/v2\/pages\/7456\/revisions\/7459"}],"wp:attachment":[{"href":"https:\/\/bilingual.hu\/en\/wp-json\/wp\/v2\/media?parent=7456"}],"curies":[{"name":"wp","href":"https:\/\/api.w.org\/{rel}","templated":true}]}}