{"id":7397,"date":"2024-10-07T12:05:55","date_gmt":"2024-10-07T10:05:55","guid":{"rendered":"https:\/\/bilingual.hu\/?page_id=7397"},"modified":"2024-10-07T13:04:25","modified_gmt":"2024-10-07T11:04:25","slug":"charlottes-web-by-e-b-white","status":"publish","type":"page","link":"https:\/\/bilingual.hu\/en\/charlottes-web-by-e-b-white\/","title":{"rendered":"Charlotte\u2019s Web\u00a0by E.B. White"},"content":{"rendered":"\n<p class=\"has-primary-color has-text-color has-link-color wp-elements-a9061adc2ca1e96507b7d1be77255cfe\">Dear Parents,<\/p>\n\n\n\n<p class=\"has-primary-color has-text-color has-link-color wp-elements-48d55e08e17f1ffb68d671018bebda0d\">As you may know, this term your 5th grade student in the Bilingual Program will be reading&nbsp;<em>Charlotte\u2019s Web<\/em>&nbsp;by E.B. White. This will not be an adapted or abridged text, but rather the original work of American young adult literature. We\u2019d like to give you some background about the novel, mention the benefits and challenges from the students\u2019 point of view, and also make suggestions for how you could help.<\/p>\n\n\n\n<h3 class=\"wp-block-heading has-secondary-color has-text-color has-link-color has-xx-large-font-size wp-elements-4088cd96a683d600e214680f31b3daa8\">Why is it important for my child to read in English?<\/h3>\n\n\n\n<p class=\"has-primary-color has-text-color has-link-color wp-elements-d18dc82a3cde29a70ce57ddd093f11b8\">Reading in any language expands the mind and helps us explore vital topics and real-life situations, all the while allowing students to develop their comprehension skills, critical thinking capabilities and complexity of thought both in general and also in that specific language. Indeed, research indicates that reading skills directly relate to future academic and professional success. It can help students gain a deeper understanding of context and why characters \u2013 and people \u2013 make the choices they do. Reading also helps build independence and self-confidence and has a positive effect on the development of empathy as well as concentration. Finally, reading is a major resource for using and understanding language \u2013 including grammatical structure, lexical knowledge and writing skills. Not only can students pick up new words, but reading them in an authentic context can also help students understand the subtle nuances of the lexis that was chosen by the author. The same is true when we process the plot and character development through the linguistic structures employed by the author \u2013 helping students understand a variety of uses \u201cin the linguistic wild\u201d, as it were. All in all, reading in any language develops skills that are essential for each student\u2019s continuing studies and life in general.<\/p>\n\n\n\n<h3 class=\"wp-block-heading has-secondary-color has-text-color has-link-color has-xx-large-font-size wp-elements-caebb969083dcbe04fa0623c33ee158a\"><strong>Why was this novel chosen?<\/strong><\/h3>\n\n\n\n<p class=\"has-primary-color has-text-color has-link-color wp-elements-66c852f06c8514c006f14511e402139c\"><em>Charlotte\u2019s Web<\/em>&nbsp;by E.B. White has been a beloved story about life, death, friendship, and courage that has enthralled people of all ages for over 50 years \u2013 a true classic of American literature. It has won numerous awards including: the Newbery Honor Book 1953, the American Library Association Notable Children\u2019s Book 1953, the Laura Ingalls Wilder Award 1970, the Horn Book Fanfare 1953, and the Massachusetts Children&#8217;s Book Award 1984.<\/p>\n\n\n\n<h3 class=\"wp-block-heading has-secondary-color has-text-color has-link-color has-xx-large-font-size wp-elements-9352ba253768109c66e1c0729eaa42f6\"><strong>What are the benefits of this novel?<\/strong><\/h3>\n\n\n\n<p class=\"has-primary-color has-text-color has-link-color wp-elements-b5d6072b45317b30e7bc0461e0035200\"><em>Charlotte\u2019s Web<\/em>\u00a0has many benefits for students in 5th grade. Although it may seem to be an easy read for many of our students, it contains messages that lead each student to think critically and form their own opinions. These messages about life, death, and friendship help students create connections to their own lives and, in turn, create a deeper empathy for the characters in the novel as well as the friends and loved ones in their daily lives. E.B. White\u2019s unique voice captures the innocence of the characters as they move through the story. His word choice throughout is also highlighted by Charlotte, which easily lends itself to word study.<\/p>\n\n\n\n<h3 class=\"wp-block-heading has-secondary-color has-text-color has-link-color has-xx-large-font-size wp-elements-185c40a68988c82f988347a673741ccc\"><strong>What are some of the challenges? \/ How can I as a parent help?<\/strong><\/h3>\n\n\n\n<p class=\"has-primary-color has-text-color has-link-color wp-elements-504880beb81d8898dc906f6e565f28c9\">As with all new material, there may be challenges that your child will face while reading\u00a0<em>Charlotte\u2019s Web<\/em>. There will be some unfamiliar vocabulary that the children may need help getting through. We don\u2019t believe that each new word needs to be taught explicitly, but instead we seek to help students understand that they can use the context of the scene to help them understand the gist of the words. Rather than explicitly stating how characters are feeling, the author uses actions to reflect the mood throughout the book, which for some students will be a new learning. Therefore, it is important to talk with your child about their understanding of the story and to encourage them to ask why they believe certain actions are taken by the characters. This will help them read actions for motives, rather than just words \u2013 a useful skill in life.<\/p>\n\n\n\n<p class=\"has-primary-color has-text-color has-link-color wp-elements-54c2eff44a251be37bd6d08ad55e751b\">Please let us know if you have further questions. We would like to thank you for your support in helping your son or daughter keep up with his or her chapter-by-chapter reading assignments at home. Finally, we hope your child learns from this novel and, most importantly, enjoys reading it!<\/p>\n\n\n\n<p class=\"has-primary-color has-text-color has-link-color wp-elements-cc5f21aaca49d47db50b16f352a5c03c\">Best regards: Anthony Laudadio, Head of Education \u2013 Primary &amp; High Schools<\/p>\n","protected":false},"excerpt":{"rendered":"<p>Dear Parents, As you may know, this term your 5th grade student in the Bilingual Program will be reading&nbsp;Charlotte\u2019s Web&nbsp;by E.B. White. This will not be an adapted or abridged text, but rather the original work of American young adult literature. We\u2019d like to give you some background about the novel, mention the benefits and [&hellip;]<\/p>\n","protected":false},"author":19,"featured_media":0,"parent":0,"menu_order":0,"comment_status":"closed","ping_status":"closed","template":"","meta":{"_acf_changed":false,"footnotes":""},"class_list":["post-7397","page","type-page","status-publish","hentry"],"acf":[],"yoast_head":"<!-- This site is optimized with the Yoast SEO plugin v26.0 - https:\/\/yoast.com\/wordpress\/plugins\/seo\/ -->\n<title>Charlotte\u2019s Web\u00a0by E.B. White - Bilingual<\/title>\n<meta name=\"robots\" content=\"index, follow, max-snippet:-1, max-image-preview:large, max-video-preview:-1\" \/>\n<link rel=\"canonical\" href=\"https:\/\/bilingual.hu\/en\/charlottes-web-by-e-b-white\/\" \/>\n<meta property=\"og:locale\" content=\"en_US\" \/>\n<meta property=\"og:type\" content=\"article\" \/>\n<meta property=\"og:title\" content=\"Charlotte\u2019s Web\u00a0by E.B. White - Bilingual\" \/>\n<meta property=\"og:description\" content=\"Dear Parents, As you may know, this term your 5th grade student in the Bilingual Program will be reading&nbsp;Charlotte\u2019s Web&nbsp;by E.B. White. This will not be an adapted or abridged text, but rather the original work of American young adult literature. We\u2019d like to give you some background about the novel, mention the benefits and [&hellip;]\" \/>\n<meta property=\"og:url\" content=\"https:\/\/bilingual.hu\/en\/charlottes-web-by-e-b-white\/\" \/>\n<meta property=\"og:site_name\" content=\"Bilingual\" \/>\n<meta property=\"article:publisher\" content=\"https:\/\/www.facebook.com\/bilingual.hu\" \/>\n<meta property=\"article:modified_time\" content=\"2024-10-07T11:04:25+00:00\" \/>\n<meta property=\"og:image\" content=\"https:\/\/bilingual.hu\/app\/uploads\/2025\/03\/bilingual-megosztasi-kep-en.jpg\" \/>\n\t<meta property=\"og:image:width\" content=\"2490\" \/>\n\t<meta property=\"og:image:height\" content=\"1438\" \/>\n\t<meta property=\"og:image:type\" content=\"image\/jpeg\" \/>\n<meta name=\"twitter:card\" content=\"summary_large_image\" \/>\n<meta name=\"twitter:label1\" content=\"Est. reading time\" \/>\n\t<meta name=\"twitter:data1\" content=\"4 minutes\" \/>\n<script type=\"application\/ld+json\" class=\"yoast-schema-graph\">{\"@context\":\"https:\/\/schema.org\",\"@graph\":[{\"@type\":\"WebPage\",\"@id\":\"https:\/\/bilingual.hu\/en\/charlottes-web-by-e-b-white\/\",\"url\":\"https:\/\/bilingual.hu\/en\/charlottes-web-by-e-b-white\/\",\"name\":\"Charlotte\u2019s Web\u00a0by E.B. White - Bilingual\",\"isPartOf\":{\"@id\":\"https:\/\/bilingual.hu\/en\/#website\"},\"datePublished\":\"2024-10-07T10:05:55+00:00\",\"dateModified\":\"2024-10-07T11:04:25+00:00\",\"breadcrumb\":{\"@id\":\"https:\/\/bilingual.hu\/en\/charlottes-web-by-e-b-white\/#breadcrumb\"},\"inLanguage\":\"en-US\",\"potentialAction\":[{\"@type\":\"ReadAction\",\"target\":[\"https:\/\/bilingual.hu\/en\/charlottes-web-by-e-b-white\/\"]}]},{\"@type\":\"BreadcrumbList\",\"@id\":\"https:\/\/bilingual.hu\/en\/charlottes-web-by-e-b-white\/#breadcrumb\",\"itemListElement\":[{\"@type\":\"ListItem\",\"position\":1,\"name\":\"&nbsp;\",\"item\":\"https:\/\/bilingual.hu\/en\/\"},{\"@type\":\"ListItem\",\"position\":2,\"name\":\"Charlotte\u2019s Web\u00a0by E.B. White\"}]},{\"@type\":\"WebSite\",\"@id\":\"https:\/\/bilingual.hu\/en\/#website\",\"url\":\"https:\/\/bilingual.hu\/en\/\",\"name\":\"Bilingual\",\"description\":\"A Bilingual Program egy intenz\u00edv k\u00e9tnyelv\u0171 k\u00e9pz\u00e9s.\",\"publisher\":{\"@id\":\"https:\/\/bilingual.hu\/en\/#organization\"},\"potentialAction\":[{\"@type\":\"SearchAction\",\"target\":{\"@type\":\"EntryPoint\",\"urlTemplate\":\"https:\/\/bilingual.hu\/en\/?s={search_term_string}\"},\"query-input\":{\"@type\":\"PropertyValueSpecification\",\"valueRequired\":true,\"valueName\":\"search_term_string\"}}],\"inLanguage\":\"en-US\"},{\"@type\":\"Organization\",\"@id\":\"https:\/\/bilingual.hu\/en\/#organization\",\"name\":\"Bilingual\",\"url\":\"https:\/\/bilingual.hu\/en\/\",\"logo\":{\"@type\":\"ImageObject\",\"inLanguage\":\"en-US\",\"@id\":\"https:\/\/bilingual.hu\/en\/#\/schema\/logo\/image\/\",\"url\":\"https:\/\/bilingual.hu\/app\/uploads\/2024\/08\/Property-1Variant2.svg\",\"contentUrl\":\"https:\/\/bilingual.hu\/app\/uploads\/2024\/08\/Property-1Variant2.svg\",\"caption\":\"Bilingual\"},\"image\":{\"@id\":\"https:\/\/bilingual.hu\/en\/#\/schema\/logo\/image\/\"},\"sameAs\":[\"https:\/\/www.facebook.com\/bilingual.hu\",\"https:\/\/www.instagram.com\/bilingual.hu\/\",\"https:\/\/www.youtube.com\/channel\/UCr0fdfvgn1CRi0YwFT5LwEg\/videos\"]}]}<\/script>\n<!-- \/ Yoast SEO plugin. -->","yoast_head_json":{"title":"Charlotte\u2019s Web\u00a0by E.B. White - Bilingual","robots":{"index":"index","follow":"follow","max-snippet":"max-snippet:-1","max-image-preview":"max-image-preview:large","max-video-preview":"max-video-preview:-1"},"canonical":"https:\/\/bilingual.hu\/en\/charlottes-web-by-e-b-white\/","og_locale":"en_US","og_type":"article","og_title":"Charlotte\u2019s Web\u00a0by E.B. White - Bilingual","og_description":"Dear Parents, As you may know, this term your 5th grade student in the Bilingual Program will be reading&nbsp;Charlotte\u2019s Web&nbsp;by E.B. White. This will not be an adapted or abridged text, but rather the original work of American young adult literature. We\u2019d like to give you some background about the novel, mention the benefits and [&hellip;]","og_url":"https:\/\/bilingual.hu\/en\/charlottes-web-by-e-b-white\/","og_site_name":"Bilingual","article_publisher":"https:\/\/www.facebook.com\/bilingual.hu","article_modified_time":"2024-10-07T11:04:25+00:00","og_image":[{"width":2490,"height":1438,"url":"https:\/\/bilingual.hu\/app\/uploads\/2025\/03\/bilingual-megosztasi-kep-en.jpg","type":"image\/jpeg"}],"twitter_card":"summary_large_image","twitter_misc":{"Est. reading time":"4 minutes"},"schema":{"@context":"https:\/\/schema.org","@graph":[{"@type":"WebPage","@id":"https:\/\/bilingual.hu\/en\/charlottes-web-by-e-b-white\/","url":"https:\/\/bilingual.hu\/en\/charlottes-web-by-e-b-white\/","name":"Charlotte\u2019s Web\u00a0by E.B. White - Bilingual","isPartOf":{"@id":"https:\/\/bilingual.hu\/en\/#website"},"datePublished":"2024-10-07T10:05:55+00:00","dateModified":"2024-10-07T11:04:25+00:00","breadcrumb":{"@id":"https:\/\/bilingual.hu\/en\/charlottes-web-by-e-b-white\/#breadcrumb"},"inLanguage":"en-US","potentialAction":[{"@type":"ReadAction","target":["https:\/\/bilingual.hu\/en\/charlottes-web-by-e-b-white\/"]}]},{"@type":"BreadcrumbList","@id":"https:\/\/bilingual.hu\/en\/charlottes-web-by-e-b-white\/#breadcrumb","itemListElement":[{"@type":"ListItem","position":1,"name":"&nbsp;","item":"https:\/\/bilingual.hu\/en\/"},{"@type":"ListItem","position":2,"name":"Charlotte\u2019s Web\u00a0by E.B. White"}]},{"@type":"WebSite","@id":"https:\/\/bilingual.hu\/en\/#website","url":"https:\/\/bilingual.hu\/en\/","name":"Bilingual","description":"A Bilingual Program egy intenz\u00edv k\u00e9tnyelv\u0171 k\u00e9pz\u00e9s.","publisher":{"@id":"https:\/\/bilingual.hu\/en\/#organization"},"potentialAction":[{"@type":"SearchAction","target":{"@type":"EntryPoint","urlTemplate":"https:\/\/bilingual.hu\/en\/?s={search_term_string}"},"query-input":{"@type":"PropertyValueSpecification","valueRequired":true,"valueName":"search_term_string"}}],"inLanguage":"en-US"},{"@type":"Organization","@id":"https:\/\/bilingual.hu\/en\/#organization","name":"Bilingual","url":"https:\/\/bilingual.hu\/en\/","logo":{"@type":"ImageObject","inLanguage":"en-US","@id":"https:\/\/bilingual.hu\/en\/#\/schema\/logo\/image\/","url":"https:\/\/bilingual.hu\/app\/uploads\/2024\/08\/Property-1Variant2.svg","contentUrl":"https:\/\/bilingual.hu\/app\/uploads\/2024\/08\/Property-1Variant2.svg","caption":"Bilingual"},"image":{"@id":"https:\/\/bilingual.hu\/en\/#\/schema\/logo\/image\/"},"sameAs":["https:\/\/www.facebook.com\/bilingual.hu","https:\/\/www.instagram.com\/bilingual.hu\/","https:\/\/www.youtube.com\/channel\/UCr0fdfvgn1CRi0YwFT5LwEg\/videos"]}]}},"_links":{"self":[{"href":"https:\/\/bilingual.hu\/en\/wp-json\/wp\/v2\/pages\/7397","targetHints":{"allow":["GET"]}}],"collection":[{"href":"https:\/\/bilingual.hu\/en\/wp-json\/wp\/v2\/pages"}],"about":[{"href":"https:\/\/bilingual.hu\/en\/wp-json\/wp\/v2\/types\/page"}],"author":[{"embeddable":true,"href":"https:\/\/bilingual.hu\/en\/wp-json\/wp\/v2\/users\/19"}],"replies":[{"embeddable":true,"href":"https:\/\/bilingual.hu\/en\/wp-json\/wp\/v2\/comments?post=7397"}],"version-history":[{"count":1,"href":"https:\/\/bilingual.hu\/en\/wp-json\/wp\/v2\/pages\/7397\/revisions"}],"predecessor-version":[{"id":7398,"href":"https:\/\/bilingual.hu\/en\/wp-json\/wp\/v2\/pages\/7397\/revisions\/7398"}],"wp:attachment":[{"href":"https:\/\/bilingual.hu\/en\/wp-json\/wp\/v2\/media?parent=7397"}],"curies":[{"name":"wp","href":"https:\/\/api.w.org\/{rel}","templated":true}]}}