{"id":7387,"date":"2024-10-07T11:58:42","date_gmt":"2024-10-07T09:58:42","guid":{"rendered":"https:\/\/bilingual.hu\/?page_id=7387"},"modified":"2024-10-07T13:02:32","modified_gmt":"2024-10-07T11:02:32","slug":"the-diary-of-a-wimpy-kid-by-jeff-kinney","status":"publish","type":"page","link":"https:\/\/bilingual.hu\/en\/the-diary-of-a-wimpy-kid-by-jeff-kinney\/","title":{"rendered":"The\u00a0Diary of a Wimpy Kid\u00a0by Jeff Kinney"},"content":{"rendered":"\n<p class=\"has-primary-color has-text-color has-link-color wp-elements-a9061adc2ca1e96507b7d1be77255cfe\">Dear Parents,<\/p>\n\n\n\n<p class=\"has-primary-color has-text-color has-link-color wp-elements-f6eddf46a0c90a8dcb8eff7dea0cc669\">As you may know, this term your 4th grade student in the Bilingual Program will read their first Reading Program novel:&nbsp;<em>The<\/em>&nbsp;<em>Diary of a Wimpy Kid<\/em>&nbsp;by Jeff Kinney. This will not be an adapted or abridged text, but rather the original work of American young adult literature. We\u2019d like to give you some background about the novel, mention the benefits and challenges from the students\u2019 point of view, and also make suggestions for how you could help..<\/p>\n\n\n\n<h3 class=\"wp-block-heading has-secondary-color has-text-color has-link-color has-xx-large-font-size wp-elements-4088cd96a683d600e214680f31b3daa8\">Why is it important for my child to read in English?<\/h3>\n\n\n\n<p class=\"has-primary-color has-text-color has-link-color wp-elements-d18dc82a3cde29a70ce57ddd093f11b8\">Reading in any language expands the mind and helps us explore vital topics and real-life situations, all the while allowing students to develop their comprehension skills, critical thinking capabilities and complexity of thought both in general and also in that specific language. Indeed, research indicates that reading skills directly relate to future academic and professional success. It can help students gain a deeper understanding of context and why characters \u2013 and people \u2013 make the choices they do. Reading also helps build independence and self-confidence and has a positive effect on the development of empathy as well as concentration. Finally, reading is a major resource for using and understanding language \u2013 including grammatical structure, lexical knowledge and writing skills. Not only can students pick up new words, but reading them in an authentic context can also help students understand the subtle nuances of the lexis that was chosen by the author. The same is true when we process the plot and character development through the linguistic structures employed by the author \u2013 helping students understand a variety of uses \u201cin the linguistic wild\u201d, as it were. All in all, reading in any language develops skills that are essential for each student\u2019s continuing studies and life in general.<\/p>\n\n\n\n<h3 class=\"wp-block-heading has-secondary-color has-text-color has-link-color has-xx-large-font-size wp-elements-caebb969083dcbe04fa0623c33ee158a\"><strong>Why was this novel chosen?<\/strong><\/h3>\n\n\n\n<p class=\"has-primary-color has-text-color has-link-color wp-elements-0cd2460bca729b4a14d41b28dd8dd549\"><em>The Diary of a Wimpy Kid<\/em>\u00a0series has been popular among students around the world for over a decade and was recognized with the Blue Peter Book Award in 2012. Jeff Kinney uses not only his words but also sketches to immerse children in the middle school world of Greg Heffley and friends. Through hilarious mishaps we get to know each of the boys as they make their way through their first year of middle school. This graphic novel was chosen as a fun and engaging introduction to the Reading Program that your students will participate in during the remainder of primary school and even our Bilingual High School Program.<\/p>\n\n\n\n<h3 class=\"wp-block-heading has-secondary-color has-text-color has-link-color has-xx-large-font-size wp-elements-9352ba253768109c66e1c0729eaa42f6\"><strong>What are the benefits of this novel?<\/strong><\/h3>\n\n\n\n<p class=\"has-primary-color has-text-color has-link-color wp-elements-89ad69c9000295533e084dcf3f4d8011\">Jeff Kinney has a special talent for combining his art and writing to truly engage children. The main character, Greg Heffley, is not an overly sympathetic character, which allows readers to make their own judgements about his actions, friendships, and loyalty. The story, coupled with the drawings, helps students new to novels in English to comprehend the plot even if every word is not one hundred percent clear. Our students can easily relate to the growing \u201cpains\u201d faced by the characters in the novel, because they often face similar situations as they near the end of lower school and are on the verge of gaining more independence as upper school students. It can also help students grow in empathy, as they see how the actions of our main character affect those around him, both positively and negatively.<\/p>\n\n\n\n<h3 class=\"wp-block-heading has-secondary-color has-text-color has-link-color has-xx-large-font-size wp-elements-185c40a68988c82f988347a673741ccc\"><strong>What are some of the challenges? \/ How can I as a parent help?<\/strong><\/h3>\n\n\n\n<p class=\"has-primary-color has-text-color has-link-color wp-elements-17bdc75daff3e172d5ac53a5eddbc30f\">With this being their first full novel in the Reading Program, it is essential that your student keep up with the assigned reading and any homework that may accompany it. If a student gets behind, it will make it difficult for them to understand the activities that will be done in class. As with any new novel, it may take some time for students to get into the habit of slowing down to make sure they understand what\u2019s taking place. As a parent, it would be wonderful if you were to sit down and read with your child or have him\/her read to you and pause to ask questions to gauge comprehension, though the assignment accompanying the reading will provide needed guidance, too. There will be some focus on vocabulary as well, but this doesn\u2019t mean that students are expected to know every single new word. Instead we seek to help our students learn how to use context to both learn new words and also follow \u2013 and enjoy \u2013 the story.<\/p>\n\n\n\n<p class=\"has-primary-color has-text-color has-link-color wp-elements-dafa0659faf49332981503ff4fc8804c\">Please let us know if you have further questions. We would like to thank you for your support in helping your child keep up with his or her chapter-by-chapter reading assignments at home. Finally, we hope your son or daughter learns from this novel and, most importantly, enjoys reading it!<\/p>\n\n\n\n<p class=\"has-primary-color has-text-color has-link-color wp-elements-cc5f21aaca49d47db50b16f352a5c03c\">Best regards: Anthony Laudadio, Head of Education \u2013 Primary &amp; High Schools<\/p>\n\n\n\n<p class=\"has-primary-color has-text-color has-link-color wp-elements-f53d0f2000e7e509d3e7c91eff2b425b\"><\/p>\n","protected":false},"excerpt":{"rendered":"<p>Dear Parents, As you may know, this term your 4th grade student in the Bilingual Program will read their first Reading Program novel:&nbsp;The&nbsp;Diary of a Wimpy Kid&nbsp;by Jeff Kinney. This will not be an adapted or abridged text, but rather the original work of American young adult literature. We\u2019d like to give you some background [&hellip;]<\/p>\n","protected":false},"author":19,"featured_media":0,"parent":0,"menu_order":0,"comment_status":"closed","ping_status":"closed","template":"","meta":{"_acf_changed":false,"footnotes":""},"class_list":["post-7387","page","type-page","status-publish","hentry"],"acf":[],"yoast_head":"<!-- This site is optimized with the Yoast SEO plugin v26.0 - https:\/\/yoast.com\/wordpress\/plugins\/seo\/ -->\n<title>The\u00a0Diary of a Wimpy Kid\u00a0by Jeff Kinney - Bilingual<\/title>\n<meta name=\"robots\" content=\"index, follow, max-snippet:-1, max-image-preview:large, max-video-preview:-1\" \/>\n<link rel=\"canonical\" href=\"https:\/\/bilingual.hu\/en\/the-diary-of-a-wimpy-kid-by-jeff-kinney\/\" \/>\n<meta property=\"og:locale\" content=\"en_US\" \/>\n<meta property=\"og:type\" content=\"article\" \/>\n<meta property=\"og:title\" content=\"The\u00a0Diary of a Wimpy Kid\u00a0by Jeff Kinney - Bilingual\" \/>\n<meta property=\"og:description\" content=\"Dear Parents, As you may know, this term your 4th grade student in the Bilingual Program will read their first Reading Program novel:&nbsp;The&nbsp;Diary of a Wimpy Kid&nbsp;by Jeff Kinney. This will not be an adapted or abridged text, but rather the original work of American young adult literature. We\u2019d like to give you some background [&hellip;]\" \/>\n<meta property=\"og:url\" content=\"https:\/\/bilingual.hu\/en\/the-diary-of-a-wimpy-kid-by-jeff-kinney\/\" \/>\n<meta property=\"og:site_name\" content=\"Bilingual\" \/>\n<meta property=\"article:publisher\" content=\"https:\/\/www.facebook.com\/bilingual.hu\" \/>\n<meta property=\"article:modified_time\" content=\"2024-10-07T11:02:32+00:00\" \/>\n<meta property=\"og:image\" content=\"https:\/\/bilingual.hu\/app\/uploads\/2025\/03\/bilingual-megosztasi-kep-en.jpg\" \/>\n\t<meta property=\"og:image:width\" content=\"2490\" \/>\n\t<meta property=\"og:image:height\" content=\"1438\" \/>\n\t<meta property=\"og:image:type\" content=\"image\/jpeg\" \/>\n<meta name=\"twitter:card\" content=\"summary_large_image\" \/>\n<meta name=\"twitter:label1\" content=\"Est. reading time\" \/>\n\t<meta name=\"twitter:data1\" content=\"5 minutes\" \/>\n<script type=\"application\/ld+json\" class=\"yoast-schema-graph\">{\"@context\":\"https:\/\/schema.org\",\"@graph\":[{\"@type\":\"WebPage\",\"@id\":\"https:\/\/bilingual.hu\/en\/the-diary-of-a-wimpy-kid-by-jeff-kinney\/\",\"url\":\"https:\/\/bilingual.hu\/en\/the-diary-of-a-wimpy-kid-by-jeff-kinney\/\",\"name\":\"The\u00a0Diary of a Wimpy Kid\u00a0by Jeff Kinney - Bilingual\",\"isPartOf\":{\"@id\":\"https:\/\/bilingual.hu\/en\/#website\"},\"datePublished\":\"2024-10-07T09:58:42+00:00\",\"dateModified\":\"2024-10-07T11:02:32+00:00\",\"breadcrumb\":{\"@id\":\"https:\/\/bilingual.hu\/en\/the-diary-of-a-wimpy-kid-by-jeff-kinney\/#breadcrumb\"},\"inLanguage\":\"en-US\",\"potentialAction\":[{\"@type\":\"ReadAction\",\"target\":[\"https:\/\/bilingual.hu\/en\/the-diary-of-a-wimpy-kid-by-jeff-kinney\/\"]}]},{\"@type\":\"BreadcrumbList\",\"@id\":\"https:\/\/bilingual.hu\/en\/the-diary-of-a-wimpy-kid-by-jeff-kinney\/#breadcrumb\",\"itemListElement\":[{\"@type\":\"ListItem\",\"position\":1,\"name\":\"&nbsp;\",\"item\":\"https:\/\/bilingual.hu\/en\/\"},{\"@type\":\"ListItem\",\"position\":2,\"name\":\"The\u00a0Diary of a Wimpy Kid\u00a0by Jeff Kinney\"}]},{\"@type\":\"WebSite\",\"@id\":\"https:\/\/bilingual.hu\/en\/#website\",\"url\":\"https:\/\/bilingual.hu\/en\/\",\"name\":\"Bilingual\",\"description\":\"A Bilingual Program egy intenz\u00edv k\u00e9tnyelv\u0171 k\u00e9pz\u00e9s.\",\"publisher\":{\"@id\":\"https:\/\/bilingual.hu\/en\/#organization\"},\"potentialAction\":[{\"@type\":\"SearchAction\",\"target\":{\"@type\":\"EntryPoint\",\"urlTemplate\":\"https:\/\/bilingual.hu\/en\/?s={search_term_string}\"},\"query-input\":{\"@type\":\"PropertyValueSpecification\",\"valueRequired\":true,\"valueName\":\"search_term_string\"}}],\"inLanguage\":\"en-US\"},{\"@type\":\"Organization\",\"@id\":\"https:\/\/bilingual.hu\/en\/#organization\",\"name\":\"Bilingual\",\"url\":\"https:\/\/bilingual.hu\/en\/\",\"logo\":{\"@type\":\"ImageObject\",\"inLanguage\":\"en-US\",\"@id\":\"https:\/\/bilingual.hu\/en\/#\/schema\/logo\/image\/\",\"url\":\"https:\/\/bilingual.hu\/app\/uploads\/2024\/08\/Property-1Variant2.svg\",\"contentUrl\":\"https:\/\/bilingual.hu\/app\/uploads\/2024\/08\/Property-1Variant2.svg\",\"caption\":\"Bilingual\"},\"image\":{\"@id\":\"https:\/\/bilingual.hu\/en\/#\/schema\/logo\/image\/\"},\"sameAs\":[\"https:\/\/www.facebook.com\/bilingual.hu\",\"https:\/\/www.instagram.com\/bilingual.hu\/\",\"https:\/\/www.youtube.com\/channel\/UCr0fdfvgn1CRi0YwFT5LwEg\/videos\"]}]}<\/script>\n<!-- \/ Yoast SEO plugin. -->","yoast_head_json":{"title":"The\u00a0Diary of a Wimpy Kid\u00a0by Jeff Kinney - Bilingual","robots":{"index":"index","follow":"follow","max-snippet":"max-snippet:-1","max-image-preview":"max-image-preview:large","max-video-preview":"max-video-preview:-1"},"canonical":"https:\/\/bilingual.hu\/en\/the-diary-of-a-wimpy-kid-by-jeff-kinney\/","og_locale":"en_US","og_type":"article","og_title":"The\u00a0Diary of a Wimpy Kid\u00a0by Jeff Kinney - Bilingual","og_description":"Dear Parents, As you may know, this term your 4th grade student in the Bilingual Program will read their first Reading Program novel:&nbsp;The&nbsp;Diary of a Wimpy Kid&nbsp;by Jeff Kinney. This will not be an adapted or abridged text, but rather the original work of American young adult literature. We\u2019d like to give you some background [&hellip;]","og_url":"https:\/\/bilingual.hu\/en\/the-diary-of-a-wimpy-kid-by-jeff-kinney\/","og_site_name":"Bilingual","article_publisher":"https:\/\/www.facebook.com\/bilingual.hu","article_modified_time":"2024-10-07T11:02:32+00:00","og_image":[{"width":2490,"height":1438,"url":"https:\/\/bilingual.hu\/app\/uploads\/2025\/03\/bilingual-megosztasi-kep-en.jpg","type":"image\/jpeg"}],"twitter_card":"summary_large_image","twitter_misc":{"Est. reading time":"5 minutes"},"schema":{"@context":"https:\/\/schema.org","@graph":[{"@type":"WebPage","@id":"https:\/\/bilingual.hu\/en\/the-diary-of-a-wimpy-kid-by-jeff-kinney\/","url":"https:\/\/bilingual.hu\/en\/the-diary-of-a-wimpy-kid-by-jeff-kinney\/","name":"The\u00a0Diary of a Wimpy Kid\u00a0by Jeff Kinney - Bilingual","isPartOf":{"@id":"https:\/\/bilingual.hu\/en\/#website"},"datePublished":"2024-10-07T09:58:42+00:00","dateModified":"2024-10-07T11:02:32+00:00","breadcrumb":{"@id":"https:\/\/bilingual.hu\/en\/the-diary-of-a-wimpy-kid-by-jeff-kinney\/#breadcrumb"},"inLanguage":"en-US","potentialAction":[{"@type":"ReadAction","target":["https:\/\/bilingual.hu\/en\/the-diary-of-a-wimpy-kid-by-jeff-kinney\/"]}]},{"@type":"BreadcrumbList","@id":"https:\/\/bilingual.hu\/en\/the-diary-of-a-wimpy-kid-by-jeff-kinney\/#breadcrumb","itemListElement":[{"@type":"ListItem","position":1,"name":"&nbsp;","item":"https:\/\/bilingual.hu\/en\/"},{"@type":"ListItem","position":2,"name":"The\u00a0Diary of a Wimpy Kid\u00a0by Jeff Kinney"}]},{"@type":"WebSite","@id":"https:\/\/bilingual.hu\/en\/#website","url":"https:\/\/bilingual.hu\/en\/","name":"Bilingual","description":"A Bilingual Program egy intenz\u00edv k\u00e9tnyelv\u0171 k\u00e9pz\u00e9s.","publisher":{"@id":"https:\/\/bilingual.hu\/en\/#organization"},"potentialAction":[{"@type":"SearchAction","target":{"@type":"EntryPoint","urlTemplate":"https:\/\/bilingual.hu\/en\/?s={search_term_string}"},"query-input":{"@type":"PropertyValueSpecification","valueRequired":true,"valueName":"search_term_string"}}],"inLanguage":"en-US"},{"@type":"Organization","@id":"https:\/\/bilingual.hu\/en\/#organization","name":"Bilingual","url":"https:\/\/bilingual.hu\/en\/","logo":{"@type":"ImageObject","inLanguage":"en-US","@id":"https:\/\/bilingual.hu\/en\/#\/schema\/logo\/image\/","url":"https:\/\/bilingual.hu\/app\/uploads\/2024\/08\/Property-1Variant2.svg","contentUrl":"https:\/\/bilingual.hu\/app\/uploads\/2024\/08\/Property-1Variant2.svg","caption":"Bilingual"},"image":{"@id":"https:\/\/bilingual.hu\/en\/#\/schema\/logo\/image\/"},"sameAs":["https:\/\/www.facebook.com\/bilingual.hu","https:\/\/www.instagram.com\/bilingual.hu\/","https:\/\/www.youtube.com\/channel\/UCr0fdfvgn1CRi0YwFT5LwEg\/videos"]}]}},"_links":{"self":[{"href":"https:\/\/bilingual.hu\/en\/wp-json\/wp\/v2\/pages\/7387","targetHints":{"allow":["GET"]}}],"collection":[{"href":"https:\/\/bilingual.hu\/en\/wp-json\/wp\/v2\/pages"}],"about":[{"href":"https:\/\/bilingual.hu\/en\/wp-json\/wp\/v2\/types\/page"}],"author":[{"embeddable":true,"href":"https:\/\/bilingual.hu\/en\/wp-json\/wp\/v2\/users\/19"}],"replies":[{"embeddable":true,"href":"https:\/\/bilingual.hu\/en\/wp-json\/wp\/v2\/comments?post=7387"}],"version-history":[{"count":1,"href":"https:\/\/bilingual.hu\/en\/wp-json\/wp\/v2\/pages\/7387\/revisions"}],"predecessor-version":[{"id":7390,"href":"https:\/\/bilingual.hu\/en\/wp-json\/wp\/v2\/pages\/7387\/revisions\/7390"}],"wp:attachment":[{"href":"https:\/\/bilingual.hu\/en\/wp-json\/wp\/v2\/media?parent=7387"}],"curies":[{"name":"wp","href":"https:\/\/api.w.org\/{rel}","templated":true}]}}