{"id":6850,"date":"2024-09-05T10:24:28","date_gmt":"2024-09-05T08:24:28","guid":{"rendered":"https:\/\/bilingual.hu\/cambridge-exams-frequently-asked-questions\/"},"modified":"2025-02-13T11:28:58","modified_gmt":"2025-02-13T10:28:58","slug":"cambridge-exams-frequently-asked-questions","status":"publish","type":"page","link":"https:\/\/bilingual.hu\/en\/cambridge-exams-frequently-asked-questions\/","title":{"rendered":"Cambridge Exams \u2013 Frequently Asked Questions"},"content":{"rendered":"\n<h4 class=\"wp-block-heading\"><strong>Is the Cambridge B2 First for Schools Exam valid in Hungary?<\/strong><\/h4>\n\n\n\n<p><strong>All Cambridge exams<\/strong> (whether \u201cFor Schools\u201d or for adults) at levels B1, B2 and C1 are <strong>accepted in <\/strong><strong>Hungary<\/strong> as equivalent to the State-recognized, accredited language examinations systems in Hungary, as per this government decree on language examinations &#8211; <a href=\"https:\/\/net.jogtar.hu\/jogszabaly?docid=a0800137.kor\">137\/2008. (V.16.) Korm. rendelet<\/a>, particularly Paragraph 14, Section 10 and Appendix 3.<\/p>\n\n\n\n<p>We are very happy to make use of Cambridge exams and for the <strong>Bilingual Program<\/strong> to be recognized as an <strong>official Cambridge test preparation center<\/strong>. The level of excellence that Cambridge Assessment brings to its range of English language examinations is well-known. They are <strong>recognized by over 25,000 universities, employers and governments<\/strong> around the world. The Cambridge First for Schools exam in particular was <strong>developed with teens in mind<\/strong>. It is the material they have been trained on in Bilingual Program Grades 7 and 8 (where the students\u2019 English language level will most probably allow them to perform well on this exam even before beginning their high school studies), it is easier for them to relate to, and it will be more relevant and familiar to them as they sit the test.sor\u00e1n.<\/p>\n\n\n\n<h4 class=\"wp-block-heading\"><strong>What else can I learn about the status of Cambridge exams in Hungary?<\/strong><\/h4>\n\n\n<div class=\"wp-block-list\">\n<ol class=\"wp-block-list\">\n<li>Upon passing the exam, the certificate issued by Cambridge is to be used when presenting proof of language level to relevant institutions and authorities. The fact that no additional certificate is required is an indication that the Hungarian government fully recognizes Cambridge Assessment as a language testing system.<\/li>\n\n\n\n<li>Because Cambridge exam certificates are equivalent to the State-recognized, accredited language examination systems in Hungary (see above), they can no longer be nostrified (\u201cnationalized\u201d) by NYAK.<\/li>\n\n\n\n<li>If for any reason authorities or institutions do not immediately recognize your child\u2019s Cambridge exam certificate, please refer them to 137\/2008. (V.16.) Korm. rendelet and\/or contact the Education Authority (Oktat\u00e1si Hivatal) for help and support. <a href=\"https:\/\/net.jogtar.hu\/jogszabaly?docid=a0800137.kor\">137\/2008.<br>(V. 16.)<br>Korm.<br>rendeletre   <\/a>, valamint vegy\u00e9k fel a kapcsolatot az Oktat\u00e1si Hivatallal tov\u00e1bbi seg\u00edts\u00e9g\u00e9rt<strong>.<\/strong><\/li>\n\n\n\n<li>The Hungarian state continues to recognize the level of the exam taken. For example, if a student takes a C1 level exam but scores at B2 level, Hungarian institutions will not recognize the B2 achievement (although Cambridge Assessment will \u2013 the certificate will indicate such). The same applies to scores that are higher than the level of the exam. That is, if you take a B2 exam but score at level C1, only the B2 achievement will be recognized by Hungarian institutions.<\/li>\n\n\n\n<li>The Hungarian government\u2019s social assistance program for young adults, whereby families were able to claim money back from the Hungarian State Treasury upon a child successfully passing their first language examination, no longer applies to Cambridge exams. In other words, claiming money back from the Hungarian State Treasury is not possible in the case of Cambridge exams.<\/li>\n<\/ol>\n<\/div>\n\n\n<h4 class=\"wp-block-heading\"><strong>Based on his\/her scores, should my child sit the official B2 exam?<\/strong><\/h4>\n\n\n\n<p>The British Council and Cambridge have provided some general guidelines to help parents and students decide whether to sit the official exam.<br><br>The key to interpreting your son or daughter\u2019s score is the Overall Cambridge English Scale score near the bottom of your child\u2019s mock results PDF (in the \u201cOverall\u201d box).<br><br>If your child\u2019s Overall Cambridge English Scale score on the mock exam is at least 4 points above the minimum level for B2, i.e., at least 4 points greater than 160, then he\/she has a good chance of passing the official exam.<br><br>If your child\u2019s Overall Cambridge English Scale score on the mock exam is at least 4 points above the minimum level for B2, i.e., at least 4 points greater than 160, then he\/she has a good chance of passing the official exam. <br><br>Just as clearly, in borderline cases \u2013 instances where the mock exam score is at most 3 points above or below 160 \u2013 the student may well still pass the official test, but with a higher risk of not doing so. Overall Cambridge English Scale scores below 157 on the mock exam indicate a low likelihood of passing the official B2 exam. Of course anyone is free to sit the official Cambridge B2 exam; it is only that the risks of not passing are higher or lower depending on the score earned on the mock exam. <br><br>To learn more about the\u00a0Cambridge\u00a0English Scale, please consult\u00a0<a href=\"http:\/\/i.kics.it\/click?s=03h20vepku12n062g1wf&amp;t=559261768215309587&amp;u=aHR0cHM6Ly9kcml2ZS5nb29nbGUuY29tL2ZpbGUvZC8wQnowSHhzb0dmWF9qUVdrMFkwNUhXVVppZEVkaFZrdHdVRmR2VG05aE1qRTJVRXRyL3ZpZXc_dXNwPXNoYXJpbmc&amp;mcrc=85e552819536e192a1b505a6334ee8ca\" target=\"_blank\" rel=\"noreferrer noopener\">this PDF fact sheet<\/a>. In sum, the\u00a0Cambridge\u00a0English Scale is a universal tool for identifying language level across a wide range of\u00a0Cambridge\u00a0examinations. The score range for the Cambridge First for Schools (FCE) exams \u2013 level\u00a0B2\u00a0\u2013 is 160 to 179. A score between 140 and 159 indicates achievement at level B1, while a score of 180 to 199 indicates level C1.<\/p>\n\n\n\n<h4 class=\"wp-block-heading\"><strong>What if I\u2019m stronger in some areas than others?<\/strong><\/h4>\n\n\n\n<p>It is important to remember that&nbsp;Cambridge&nbsp;does not require a B2-level score on each of the individual&nbsp;exam&nbsp;components in order to earn a B2 level certificate for the exam as a whole. Thus, if the overall average of the&nbsp;Cambridge&nbsp;English Scale scores on the various components reaches the minimum score for B2, the candidate has passed, meaning that a low score on one component can be made up for with higher scores on other parts of the test. However, there is one important caveat, which is that Cambridge does require a score of at least 140 on the Cambridge English Scale on each component of the test in order for the candidate to earn a B2 certificate. Learn more about results and results reporting <a href=\"https:\/\/www.cambridgeenglish.org\/exams-and-tests\/first-for-schools\/results\/\">here<\/a>.<\/p>\n\n\n\n<h4 class=\"wp-block-heading\"><strong>What if my score on the mock exam is very high?<\/strong><\/h4>\n\n\n\n<p>Regarding the option of taking a C1 level exam, there are several reasons the B2 level exam may in fact be the better choice for your child. First of all, if your son or daughter does not reach a C1 level score on the C1 exam, Cambridge will recognize that he\/she has achieved level B2, but Hungarian authorities will not. Moreover, the C1 level exam is not the test that the students have prepared for. This matters, as familiarity with format, task types, length, examiner expectations, etc. is not a negligible component of performance. <br><br>That said, if you do register your child for the C1&nbsp;exam, called&nbsp;C1 Advanced (CAE), you can find available dates and also&nbsp;<a href=\"https:\/\/esolreg.britishcouncil.org\/Hungary\/en-HU\" target=\"_blank\" rel=\"noreferrer noopener\">register here<\/a>&nbsp;and find&nbsp;<a href=\"http:\/\/i.kics.it\/click?s=03h20vepku12n062g1wf&amp;t=559261768215309587&amp;u=aHR0cHM6Ly93d3cuYnJpdGlzaGNvdW5jaWwuaHUvZW4vZXhhbS9jYW1icmlkZ2UvZGF0ZXMtZmVlcy1sb2NhdGlvbnM&amp;mcrc=a9063bf16ff3be7e3007e272c9787413\" target=\"_blank\" rel=\"noreferrer noopener\">information&nbsp;on fees here<\/a>. Like the&nbsp;B2&nbsp;level&nbsp;exam, the CAE&nbsp;exam&nbsp;is accepted in Hungary as equivalent to the State-recognized, accredited language examinations systems in Hungary, as per this government decree on language examinations &#8211; <a href=\"https:\/\/net.jogtar.hu\/jogszabaly?docid=a0800137.kor\">137\/2008. (V.16.) Korm. rendelet<\/a>, particularly Paragraph 14, Section 10 and Appendix 3 (but again, with recognition granted within Hungary only for a passing mark at that specific level).<\/p>\n\n\n\n<h4 class=\"wp-block-heading\"><strong>What else can I learn now that may be helpful?<\/strong><\/h4>\n\n\n\n<p>There is <strong>no age requirement<\/strong> for candidates taking Cambridge exams. In previous years there was a condition that candidates turn&nbsp;at least age 14&nbsp;in the same calendar year they took the&nbsp;exam in order to receive a certificate. However, now that Cambridge exams are accepted as equivalent to the State-recognized, accredited language examinations systems in Hungary, there is now no minimum age. Cambridge issues certificates for all its candidates. The age of the candidate will not be included on the certificate.<\/p>\n\n\n\n<p>Regarding&nbsp;how long a passing&nbsp;<strong>exam&nbsp;result is valid<\/strong>,&nbsp;Cambridge&nbsp;Assessment exams do not expire. They are valid for life. However, individual institutions or entities (e.g., a university) may require&nbsp;exam&nbsp;results&nbsp;from within a certain time frame. If you have a specific entity to whom you intend to submit the&nbsp;results&nbsp;as part of an application, please consult their policies.<br><br><\/p>\n\n\n\n<p><\/p>\n","protected":false},"excerpt":{"rendered":"<p>Is the Cambridge B2 First for Schools Exam valid in Hungary? All Cambridge exams (whether \u201cFor Schools\u201d or for adults) at levels B1, B2 and C1 are accepted in Hungary as equivalent to the State-recognized, accredited language examinations systems in Hungary, as per this government decree on language examinations &#8211; 137\/2008. (V.16.) Korm. rendelet, particularly [&hellip;]<\/p>\n","protected":false},"author":8,"featured_media":0,"parent":0,"menu_order":0,"comment_status":"closed","ping_status":"closed","template":"","meta":{"_acf_changed":false,"footnotes":""},"class_list":["post-6850","page","type-page","status-publish","hentry"],"acf":[],"yoast_head":"<!-- This site is optimized with the Yoast SEO plugin v26.0 - https:\/\/yoast.com\/wordpress\/plugins\/seo\/ -->\n<title>Cambridge Exams \u2013 Frequently Asked Questions - Bilingual<\/title>\n<meta name=\"robots\" content=\"index, follow, max-snippet:-1, max-image-preview:large, max-video-preview:-1\" \/>\n<link rel=\"canonical\" href=\"https:\/\/bilingual.hu\/en\/cambridge-exams-frequently-asked-questions\/\" \/>\n<meta property=\"og:locale\" content=\"en_US\" \/>\n<meta property=\"og:type\" content=\"article\" \/>\n<meta property=\"og:title\" content=\"Cambridge Exams \u2013 Frequently Asked Questions - Bilingual\" \/>\n<meta property=\"og:description\" content=\"Is the Cambridge B2 First for Schools Exam valid in Hungary? All Cambridge exams (whether \u201cFor Schools\u201d or for adults) at levels B1, B2 and C1 are accepted in Hungary as equivalent to the State-recognized, accredited language examinations systems in Hungary, as per this government decree on language examinations &#8211; 137\/2008. (V.16.) Korm. rendelet, particularly [&hellip;]\" \/>\n<meta property=\"og:url\" content=\"https:\/\/bilingual.hu\/en\/cambridge-exams-frequently-asked-questions\/\" \/>\n<meta property=\"og:site_name\" content=\"Bilingual\" \/>\n<meta property=\"article:publisher\" content=\"https:\/\/www.facebook.com\/bilingual.hu\" \/>\n<meta property=\"article:modified_time\" content=\"2025-02-13T10:28:58+00:00\" \/>\n<meta property=\"og:image\" content=\"https:\/\/bilingual.hu\/app\/uploads\/2025\/03\/bilingual-megosztasi-kep-en.jpg\" \/>\n\t<meta property=\"og:image:width\" content=\"2490\" \/>\n\t<meta property=\"og:image:height\" content=\"1438\" \/>\n\t<meta property=\"og:image:type\" content=\"image\/jpeg\" \/>\n<meta name=\"twitter:card\" content=\"summary_large_image\" \/>\n<meta name=\"twitter:label1\" content=\"Est. reading time\" \/>\n\t<meta name=\"twitter:data1\" content=\"7 minutes\" \/>\n<script type=\"application\/ld+json\" class=\"yoast-schema-graph\">{\"@context\":\"https:\/\/schema.org\",\"@graph\":[{\"@type\":\"WebPage\",\"@id\":\"https:\/\/bilingual.hu\/en\/cambridge-exams-frequently-asked-questions\/\",\"url\":\"https:\/\/bilingual.hu\/en\/cambridge-exams-frequently-asked-questions\/\",\"name\":\"Cambridge Exams \u2013 Frequently Asked Questions - Bilingual\",\"isPartOf\":{\"@id\":\"https:\/\/bilingual.hu\/en\/#website\"},\"datePublished\":\"2024-09-05T08:24:28+00:00\",\"dateModified\":\"2025-02-13T10:28:58+00:00\",\"breadcrumb\":{\"@id\":\"https:\/\/bilingual.hu\/en\/cambridge-exams-frequently-asked-questions\/#breadcrumb\"},\"inLanguage\":\"en-US\",\"potentialAction\":[{\"@type\":\"ReadAction\",\"target\":[\"https:\/\/bilingual.hu\/en\/cambridge-exams-frequently-asked-questions\/\"]}]},{\"@type\":\"BreadcrumbList\",\"@id\":\"https:\/\/bilingual.hu\/en\/cambridge-exams-frequently-asked-questions\/#breadcrumb\",\"itemListElement\":[{\"@type\":\"ListItem\",\"position\":1,\"name\":\"&nbsp;\",\"item\":\"https:\/\/bilingual.hu\/en\/\"},{\"@type\":\"ListItem\",\"position\":2,\"name\":\"Cambridge Exams \u2013 Frequently Asked Questions\"}]},{\"@type\":\"WebSite\",\"@id\":\"https:\/\/bilingual.hu\/en\/#website\",\"url\":\"https:\/\/bilingual.hu\/en\/\",\"name\":\"Bilingual\",\"description\":\"A Bilingual Program egy intenz\u00edv k\u00e9tnyelv\u0171 k\u00e9pz\u00e9s.\",\"publisher\":{\"@id\":\"https:\/\/bilingual.hu\/en\/#organization\"},\"potentialAction\":[{\"@type\":\"SearchAction\",\"target\":{\"@type\":\"EntryPoint\",\"urlTemplate\":\"https:\/\/bilingual.hu\/en\/?s={search_term_string}\"},\"query-input\":{\"@type\":\"PropertyValueSpecification\",\"valueRequired\":true,\"valueName\":\"search_term_string\"}}],\"inLanguage\":\"en-US\"},{\"@type\":\"Organization\",\"@id\":\"https:\/\/bilingual.hu\/en\/#organization\",\"name\":\"Bilingual\",\"url\":\"https:\/\/bilingual.hu\/en\/\",\"logo\":{\"@type\":\"ImageObject\",\"inLanguage\":\"en-US\",\"@id\":\"https:\/\/bilingual.hu\/en\/#\/schema\/logo\/image\/\",\"url\":\"https:\/\/bilingual.hu\/app\/uploads\/2024\/08\/Property-1Variant2.svg\",\"contentUrl\":\"https:\/\/bilingual.hu\/app\/uploads\/2024\/08\/Property-1Variant2.svg\",\"caption\":\"Bilingual\"},\"image\":{\"@id\":\"https:\/\/bilingual.hu\/en\/#\/schema\/logo\/image\/\"},\"sameAs\":[\"https:\/\/www.facebook.com\/bilingual.hu\",\"https:\/\/www.instagram.com\/bilingual.hu\/\",\"https:\/\/www.youtube.com\/channel\/UCr0fdfvgn1CRi0YwFT5LwEg\/videos\"]}]}<\/script>\n<!-- \/ Yoast SEO plugin. -->","yoast_head_json":{"title":"Cambridge Exams \u2013 Frequently Asked Questions - Bilingual","robots":{"index":"index","follow":"follow","max-snippet":"max-snippet:-1","max-image-preview":"max-image-preview:large","max-video-preview":"max-video-preview:-1"},"canonical":"https:\/\/bilingual.hu\/en\/cambridge-exams-frequently-asked-questions\/","og_locale":"en_US","og_type":"article","og_title":"Cambridge Exams \u2013 Frequently Asked Questions - Bilingual","og_description":"Is the Cambridge B2 First for Schools Exam valid in Hungary? All Cambridge exams (whether \u201cFor Schools\u201d or for adults) at levels B1, B2 and C1 are accepted in Hungary as equivalent to the State-recognized, accredited language examinations systems in Hungary, as per this government decree on language examinations &#8211; 137\/2008. (V.16.) Korm. rendelet, particularly [&hellip;]","og_url":"https:\/\/bilingual.hu\/en\/cambridge-exams-frequently-asked-questions\/","og_site_name":"Bilingual","article_publisher":"https:\/\/www.facebook.com\/bilingual.hu","article_modified_time":"2025-02-13T10:28:58+00:00","og_image":[{"width":2490,"height":1438,"url":"https:\/\/bilingual.hu\/app\/uploads\/2025\/03\/bilingual-megosztasi-kep-en.jpg","type":"image\/jpeg"}],"twitter_card":"summary_large_image","twitter_misc":{"Est. reading time":"7 minutes"},"schema":{"@context":"https:\/\/schema.org","@graph":[{"@type":"WebPage","@id":"https:\/\/bilingual.hu\/en\/cambridge-exams-frequently-asked-questions\/","url":"https:\/\/bilingual.hu\/en\/cambridge-exams-frequently-asked-questions\/","name":"Cambridge Exams \u2013 Frequently Asked Questions - Bilingual","isPartOf":{"@id":"https:\/\/bilingual.hu\/en\/#website"},"datePublished":"2024-09-05T08:24:28+00:00","dateModified":"2025-02-13T10:28:58+00:00","breadcrumb":{"@id":"https:\/\/bilingual.hu\/en\/cambridge-exams-frequently-asked-questions\/#breadcrumb"},"inLanguage":"en-US","potentialAction":[{"@type":"ReadAction","target":["https:\/\/bilingual.hu\/en\/cambridge-exams-frequently-asked-questions\/"]}]},{"@type":"BreadcrumbList","@id":"https:\/\/bilingual.hu\/en\/cambridge-exams-frequently-asked-questions\/#breadcrumb","itemListElement":[{"@type":"ListItem","position":1,"name":"&nbsp;","item":"https:\/\/bilingual.hu\/en\/"},{"@type":"ListItem","position":2,"name":"Cambridge Exams \u2013 Frequently Asked Questions"}]},{"@type":"WebSite","@id":"https:\/\/bilingual.hu\/en\/#website","url":"https:\/\/bilingual.hu\/en\/","name":"Bilingual","description":"A Bilingual Program egy intenz\u00edv k\u00e9tnyelv\u0171 k\u00e9pz\u00e9s.","publisher":{"@id":"https:\/\/bilingual.hu\/en\/#organization"},"potentialAction":[{"@type":"SearchAction","target":{"@type":"EntryPoint","urlTemplate":"https:\/\/bilingual.hu\/en\/?s={search_term_string}"},"query-input":{"@type":"PropertyValueSpecification","valueRequired":true,"valueName":"search_term_string"}}],"inLanguage":"en-US"},{"@type":"Organization","@id":"https:\/\/bilingual.hu\/en\/#organization","name":"Bilingual","url":"https:\/\/bilingual.hu\/en\/","logo":{"@type":"ImageObject","inLanguage":"en-US","@id":"https:\/\/bilingual.hu\/en\/#\/schema\/logo\/image\/","url":"https:\/\/bilingual.hu\/app\/uploads\/2024\/08\/Property-1Variant2.svg","contentUrl":"https:\/\/bilingual.hu\/app\/uploads\/2024\/08\/Property-1Variant2.svg","caption":"Bilingual"},"image":{"@id":"https:\/\/bilingual.hu\/en\/#\/schema\/logo\/image\/"},"sameAs":["https:\/\/www.facebook.com\/bilingual.hu","https:\/\/www.instagram.com\/bilingual.hu\/","https:\/\/www.youtube.com\/channel\/UCr0fdfvgn1CRi0YwFT5LwEg\/videos"]}]}},"_links":{"self":[{"href":"https:\/\/bilingual.hu\/en\/wp-json\/wp\/v2\/pages\/6850","targetHints":{"allow":["GET"]}}],"collection":[{"href":"https:\/\/bilingual.hu\/en\/wp-json\/wp\/v2\/pages"}],"about":[{"href":"https:\/\/bilingual.hu\/en\/wp-json\/wp\/v2\/types\/page"}],"author":[{"embeddable":true,"href":"https:\/\/bilingual.hu\/en\/wp-json\/wp\/v2\/users\/8"}],"replies":[{"embeddable":true,"href":"https:\/\/bilingual.hu\/en\/wp-json\/wp\/v2\/comments?post=6850"}],"version-history":[{"count":5,"href":"https:\/\/bilingual.hu\/en\/wp-json\/wp\/v2\/pages\/6850\/revisions"}],"predecessor-version":[{"id":8163,"href":"https:\/\/bilingual.hu\/en\/wp-json\/wp\/v2\/pages\/6850\/revisions\/8163"}],"wp:attachment":[{"href":"https:\/\/bilingual.hu\/en\/wp-json\/wp\/v2\/media?parent=6850"}],"curies":[{"name":"wp","href":"https:\/\/api.w.org\/{rel}","templated":true}]}}