{"id":6710,"date":"2024-08-28T11:58:43","date_gmt":"2024-08-28T09:58:43","guid":{"rendered":"https:\/\/bilingual.hu\/koszonjuk\/"},"modified":"2024-08-28T12:17:27","modified_gmt":"2024-08-28T10:17:27","slug":"thank-you","status":"publish","type":"page","link":"https:\/\/bilingual.hu\/en\/thank-you\/","title":{"rendered":"Thank you!"},"content":{"rendered":"\n<div class=\"wp-block-columns is-layout-flex wp-container-core-columns-is-layout-28f84493 wp-block-columns-is-layout-flex\">\n<div class=\"wp-block-column is-layout-flow wp-block-column-is-layout-flow\">\n<main class=\"wp-block-group has-global-padding is-layout-constrained wp-block-group-is-layout-constrained\">\n<main class=\"wp-block-group has-global-padding is-layout-constrained wp-container-core-group-is-layout-f4c4f630 wp-block-group-is-layout-constrained\" style=\"margin-top:0;margin-bottom:0;padding-top:var(--wp--preset--spacing--110);padding-bottom:var(--wp--preset--spacing--60)\">\n<h1 class=\"wp-block-heading alignwide has-text-align-center has-blue-gray-color has-text-color has-link-color has-jost-font-family has-h-2-font-size wp-elements-cc2e09d524ca36265cc9675862fbebff\" style=\"line-height:1.25\">Thank you! We have successfully received your data. Our staff will process the information soon.\u00a0<\/h1>\n\n\n\n<div class=\"wp-block-buttons is-content-justification-center is-layout-flex wp-container-core-buttons-is-layout-a89b3969 wp-block-buttons-is-layout-flex\">\n<div class=\"wp-block-button is-style-orange-button\"><a class=\"wp-block-button__link wp-element-button\" href=\"https:\/\/bilingual.hu\/en\/\">Back to home page<\/a><\/div>\n<\/div>\n<\/main>\n<\/main>\n<\/div>\n<\/div>\n\n\n\n<div class=\"wp-block-cover alignfull is-light allow-overflow\" style=\"margin-top:0;padding-top:var(--wp--preset--spacing--120);padding-bottom:var(--wp--preset--spacing--120);min-height:100%;aspect-ratio:unset;\"><span aria-hidden=\"true\" class=\"wp-block-cover__background has-background-dim-0 has-background-dim\"><\/span><img decoding=\"async\" class=\"wp-block-cover__image-background wp-image-587\" alt=\"hull\u00e1m h\u00e1tt\u00e9rk\u00e9p\" src=\"https:\/\/bilingual.hu\/app\/themes\/bilingual\/dist\/images\/ornament-wave.svg\" style=\"object-position:50% 0%\" data-object-fit=\"cover\" data-object-position=\"50% 0%\"\/><div class=\"wp-block-cover__inner-container has-global-padding is-layout-constrained wp-block-cover-is-layout-constrained\">\n<div class=\"wp-block-columns is-layout-flex wp-container-core-columns-is-layout-08c01c1c wp-block-columns-is-layout-flex\">\n<div class=\"wp-block-column is-layout-flow wp-block-column-is-layout-flow\" style=\"flex-basis:33.333%\">\n<div class=\"wp-block-group hide-on-mobile wp-container-content-9cfa9a5a is-vertical is-content-justification-stretch is-nowrap is-layout-flex wp-container-core-group-is-layout-c5fcdf13 wp-block-group-is-layout-flex has-background\" style=\"border-radius:32px;min-height:272px;background-image:url(&#039;https:\/\/bilingual.hu\/app\/themes\/bilingual\/dist\/images\/teachers.png&#039;);background-position:68% 36%;background-repeat:no-repeat;background-size:cover;\">\n<div class=\"wp-block-buttons is-horizontal is-content-justification-center is-nowrap is-layout-flex wp-container-core-buttons-is-layout-5de7f813 wp-block-buttons-is-layout-flex\">\n<div class=\"wp-block-button has-custom-width wp-block-button__width-100 is-style-orange-button prevent-hover-effect\"><a class=\"wp-block-button__link has-text-align-left wp-element-button\" href=\"https:\/\/bilingual.hu\/en\/about-us\/our-teachers-staff\/our-teachers\/\">Teachers<\/a><\/div>\n<\/div>\n<\/div>\n\n\n\n<div class=\"wp-block-buttons show-on-mobile is-content-justification-center is-nowrap is-layout-flex wp-container-core-buttons-is-layout-775de51a wp-block-buttons-is-layout-flex\" style=\"margin-top:0;margin-bottom:0\">\n<div class=\"wp-block-button is-style-orange-button button-with-icon\"><a class=\"wp-block-button__link has-text-align-left wp-element-button\" href=\"https:\/\/bilingual.hu\/en\/about-us\/our-teachers-staff\/our-teachers\/\">Teachers <img decoding=\"async\" class=\"wp-image-357\" style=\"width: 16px;\" src=\"https:\/\/bilingual.hu\/app\/themes\/bilingual\/dist\/images\/icons\/button-arrow.svg\" alt=\"Tan\u00e1raink\"><\/a><\/div>\n<\/div>\n<\/div>\n\n\n\n<div class=\"wp-block-column is-layout-flow wp-block-column-is-layout-flow\" style=\"flex-basis:33.333%\">\n<div class=\"wp-block-group hide-on-mobile wp-container-content-9cfa9a5a is-vertical is-content-justification-stretch is-nowrap is-layout-flex wp-container-core-group-is-layout-c5fcdf13 wp-block-group-is-layout-flex has-background\" style=\"border-radius:32px;min-height:272px;background-image:url(&#039;https:\/\/bilingual.hu\/app\/themes\/bilingual\/dist\/images\/events.png&#039;);background-position:56% 28%;background-size:cover;\">\n<div class=\"wp-block-buttons is-horizontal is-content-justification-center is-nowrap is-layout-flex wp-container-core-buttons-is-layout-5de7f813 wp-block-buttons-is-layout-flex\">\n<div class=\"wp-block-button has-custom-width wp-block-button__width-100 is-style-light-blue-button prevent-hover-effect\"><a class=\"wp-block-button__link has-text-align-left wp-element-button\" href=\"https:\/\/bilingual.hu\/en\/enrollment-info\/dates-regarding-enrollment\/\">Events<\/a><\/div>\n<\/div>\n<\/div>\n\n\n\n<div class=\"wp-block-buttons show-on-mobile is-content-justification-center is-nowrap is-layout-flex wp-container-core-buttons-is-layout-775de51a wp-block-buttons-is-layout-flex\" style=\"margin-top:0;margin-bottom:0\">\n<div class=\"wp-block-button is-style-light-blue-button button-with-icon\"><a class=\"wp-block-button__link has-text-align-left wp-element-button\" href=\"https:\/\/bilingual.hu\/en\/enrollment-info\/dates-regarding-enrollment\/\">Events <img decoding=\"async\" class=\"wp-image-357\" style=\"width: 16px;\" src=\"https:\/\/bilingual.hu\/app\/themes\/bilingual\/dist\/images\/icons\/button-arrow.svg\" alt=\"Esem\u00e9nyek\"><\/a><\/div>\n<\/div>\n<\/div>\n\n\n\n<div class=\"wp-block-column is-layout-flow wp-block-column-is-layout-flow\" style=\"flex-basis:33.333%\">\n<div class=\"wp-block-group hide-on-mobile wp-container-content-9cfa9a5a is-vertical is-content-justification-stretch is-nowrap is-layout-flex wp-container-core-group-is-layout-c5fcdf13 wp-block-group-is-layout-flex has-background\" style=\"border-radius:32px;min-height:272px;background-image:url(&#039;https:\/\/bilingual.hu\/app\/themes\/bilingual\/dist\/images\/faq.png&#039;);background-position:69% 30%;background-size:cover;\">\n<div class=\"wp-block-buttons is-horizontal is-content-justification-center is-nowrap is-layout-flex wp-container-core-buttons-is-layout-5de7f813 wp-block-buttons-is-layout-flex\">\n<div class=\"wp-block-button has-custom-width wp-block-button__width-100 is-style-blue-button prevent-hover-effect\"><a class=\"wp-block-button__link has-text-align-left wp-element-button\" href=\"https:\/\/bilingual.hu\/en\/enrollment-info\/faq\/\">FAQ<\/a><\/div>\n<\/div>\n<\/div>\n\n\n\n<div class=\"wp-block-buttons show-on-mobile is-content-justification-center is-nowrap is-layout-flex wp-container-core-buttons-is-layout-775de51a wp-block-buttons-is-layout-flex\" style=\"margin-top:0;margin-bottom:0\">\n<div class=\"wp-block-button is-style-blue-button button-with-icon\"><a class=\"wp-block-button__link has-text-align-left wp-element-button\" href=\"https:\/\/bilingual.hu\/en\/enrollment-info\/faq\/\">FAQ <img decoding=\"async\" class=\"wp-image-357\" style=\"width: 16px;\" src=\"https:\/\/bilingual.hu\/app\/themes\/bilingual\/dist\/images\/icons\/button-arrow.svg\" alt=\"GYIK\"><\/a><\/div>\n<\/div>\n<\/div>\n<\/div>\n<\/div><\/div>\n\n\n\n<div class=\"wp-block-group alignfull social-life has-background is-layout-flow wp-container-core-group-is-layout-461c7350 wp-block-group-is-layout-flow\" style=\"background:linear-gradient(180deg,rgb(47,49,115) 0%,rgb(111,158,207) 100%);margin-top:0;margin-bottom:0;padding-top:var(--wp--preset--spacing--110);padding-bottom:var(--wp--preset--spacing--40)\">\n<div class=\"wp-block-group alignwide has-global-padding is-layout-constrained wp-block-group-is-layout-constrained\">\n<h2 class=\"wp-block-heading alignwide has-text-align-center has-secondary-color has-text-color has-link-color has-jost-font-family has-h-1-font-size wp-elements-fe985c94fb5dfd18e4c42ef3ed627b99\" style=\"margin-bottom:var(--wp--preset--spacing--40)\">Our community life<\/h2>\n\n\n\n<p class=\"has-text-align-center has-contrast-color has-text-color has-link-color has-medium-font-size wp-elements-a2aa4a24e18d666580930b0e6e40938a\" style=\"margin-bottom:var(--wp--preset--spacing--70)\">There are also plenty of programs waiting for the students outside of the lessons, be it the exciting competitions of the House System, daycare or overnight camps, foreign exchange programs or trips.<\/p>\n\n\n\n<div class=\"wp-block-group social-life--icons-wrapper is-content-justification-center is-layout-flex wp-container-core-group-is-layout-ec8c926b wp-block-group-is-layout-flex\" style=\"margin-bottom:var(--wp--preset--spacing--70)\">\n<div class=\"wp-block-buttons is-nowrap is-layout-flex wp-container-core-buttons-is-layout-6c531013 wp-block-buttons-is-layout-flex\">\n<div class=\"wp-block-button has-custom-font-size is-style-link-button has-h-3-font-size\"><a class=\"wp-block-button__link has-contrast-color has-text-color has-link-color wp-element-button\" href=\"https:\/\/bilingual.hu\/en\/bilingual-family-day-2024\/\"><img decoding=\"async\" class=\"wp-image-422\" style=\"width: 84px;\" src=\"https:\/\/bilingual.hu\/app\/themes\/bilingual\/dist\/images\/icons\/event-calendar-monochrome-circle-shadow.svg\" alt=\"Esem\u00e9nyek\">Events<\/a><\/div>\n<\/div>\n\n\n\n<div class=\"wp-block-buttons is-nowrap is-layout-flex wp-container-core-buttons-is-layout-6c531013 wp-block-buttons-is-layout-flex\">\n<div class=\"wp-block-button has-custom-font-size is-style-link-button has-h-3-font-size\"><a class=\"wp-block-button__link has-contrast-color has-text-color has-link-color wp-element-button\" href=\"https:\/\/bilingual.hu\/en\/about-us\/gallery\/\"><img decoding=\"async\" class=\"wp-image-422\" style=\"width: 84px;\" src=\"https:\/\/bilingual.hu\/app\/themes\/bilingual\/dist\/images\/icons\/gallery-monochrome-circle-shadow.svg\" alt=\"Gal\u00e9ria\">Gallery<\/a><\/div>\n<\/div>\n\n\n\n<div class=\"wp-block-buttons is-nowrap is-layout-flex wp-container-core-buttons-is-layout-6c531013 wp-block-buttons-is-layout-flex\">\n<div class=\"wp-block-button has-custom-font-size is-style-link-button has-h-3-font-size\"><a class=\"wp-block-button__link has-contrast-color has-text-color has-link-color wp-element-button\" href=\"https:\/\/bilingual.hu\/en\/about-us\/hirek-aktualitasok-2\/\"><img decoding=\"async\" class=\"wp-image-422\" style=\"width: 84px;\" src=\"https:\/\/bilingual.hu\/app\/themes\/bilingual\/dist\/images\/icons\/news-monochrome-circle-shadow.svg\" alt=\"H\u00edrek\">News<\/a><\/div>\n<\/div>\n<\/div>\n<\/div>\n\n\n\n<div class=\"wp-block-group alignfull social-life-animation has-global-padding is-layout-constrained wp-block-group-is-layout-constrained\">\n<div class=\"wp-block-group alignfull is-vertical is-layout-flex wp-container-core-group-is-layout-fe9cc265 wp-block-group-is-layout-flex\">\n<div class=\"wp-block-group social-life-animation-row is-nowrap is-layout-flex wp-container-core-group-is-layout-6c531013 wp-block-group-is-layout-flex\">\n<figure class=\"wp-block-image size-large\"><img decoding=\"async\" src=\"https:\/\/bilingual.hu\/app\/themes\/bilingual\/dist\/images\/social-life-animation\/pic01.png\" alt=\" \" class=\"social-life-animation-img\"\/><\/figure>\n\n\n\n<figure class=\"wp-block-image size-large\"><img decoding=\"async\" src=\"https:\/\/bilingual.hu\/app\/themes\/bilingual\/dist\/images\/social-life-animation\/pic02.png\" alt=\" \" class=\"social-life-animation-img\"\/><\/figure>\n\n\n\n<figure class=\"wp-block-image size-large\"><img decoding=\"async\" src=\"https:\/\/bilingual.hu\/app\/themes\/bilingual\/dist\/images\/social-life-animation\/pic03.png\" alt=\" \" class=\"social-life-animation-img\"\/><\/figure>\n\n\n\n<figure class=\"wp-block-image size-large\"><img decoding=\"async\" src=\"https:\/\/bilingual.hu\/app\/themes\/bilingual\/dist\/images\/social-life-animation\/pic04.png\" alt=\" \" class=\"social-life-animation-img\"\/><\/figure>\n\n\n\n<figure class=\"wp-block-image size-large\"><img decoding=\"async\" src=\"https:\/\/bilingual.hu\/app\/themes\/bilingual\/dist\/images\/social-life-animation\/pic05.png\" alt=\" \" class=\"social-life-animation-img\"\/><\/figure>\n\n\n\n<figure class=\"wp-block-image size-large\"><img decoding=\"async\" src=\"https:\/\/bilingual.hu\/app\/themes\/bilingual\/dist\/images\/social-life-animation\/pic06.png\" alt=\" \" class=\"social-life-animation-img\"\/><\/figure>\n\n\n\n<figure class=\"wp-block-image size-large\"><img decoding=\"async\" src=\"https:\/\/bilingual.hu\/app\/themes\/bilingual\/dist\/images\/social-life-animation\/pic01.png\" alt=\" \" class=\"social-life-animation-img\"\/><\/figure>\n\n\n\n<figure class=\"wp-block-image size-large\"><img decoding=\"async\" src=\"https:\/\/bilingual.hu\/app\/themes\/bilingual\/dist\/images\/social-life-animation\/pic02.png\" alt=\" \" class=\"social-life-animation-img\"\/><\/figure>\n\n\n\n<figure class=\"wp-block-image size-large\"><img decoding=\"async\" src=\"https:\/\/bilingual.hu\/app\/themes\/bilingual\/dist\/images\/social-life-animation\/pic03.png\" alt=\" \" class=\"social-life-animation-img\"\/><\/figure>\n\n\n\n<figure class=\"wp-block-image size-large\"><img decoding=\"async\" src=\"https:\/\/bilingual.hu\/app\/themes\/bilingual\/dist\/images\/social-life-animation\/pic04.png\" alt=\" \" class=\"social-life-animation-img\"\/><\/figure>\n\n\n\n<figure class=\"wp-block-image size-large\"><img decoding=\"async\" src=\"https:\/\/bilingual.hu\/app\/themes\/bilingual\/dist\/images\/social-life-animation\/pic05.png\" alt=\" \" class=\"social-life-animation-img\"\/><\/figure>\n\n\n\n<figure class=\"wp-block-image size-large\"><img decoding=\"async\" src=\"https:\/\/bilingual.hu\/app\/themes\/bilingual\/dist\/images\/social-life-animation\/pic06.png\" alt=\" \" class=\"social-life-animation-img\"\/><\/figure>\n<\/div>\n\n\n\n<div class=\"wp-block-group social-life-animation-row-reverse is-nowrap is-layout-flex wp-container-core-group-is-layout-6c531013 wp-block-group-is-layout-flex\">\n<figure class=\"wp-block-image size-large\"><img decoding=\"async\" src=\"https:\/\/bilingual.hu\/app\/themes\/bilingual\/dist\/images\/social-life-animation\/pic07.png\" alt=\" \" class=\"social-life-animation-img\"\/><\/figure>\n\n\n\n<figure class=\"wp-block-image size-large\"><img decoding=\"async\" src=\"https:\/\/bilingual.hu\/app\/themes\/bilingual\/dist\/images\/social-life-animation\/pic08.png\" alt=\" \" class=\"social-life-animation-img\"\/><\/figure>\n\n\n\n<figure class=\"wp-block-image size-large\"><img decoding=\"async\" src=\"https:\/\/bilingual.hu\/app\/themes\/bilingual\/dist\/images\/social-life-animation\/pic09.png\" alt=\" \" class=\"social-life-animation-img\"\/><\/figure>\n\n\n\n<figure class=\"wp-block-image size-large\"><img decoding=\"async\" src=\"https:\/\/bilingual.hu\/app\/themes\/bilingual\/dist\/images\/social-life-animation\/pic10.png\" alt=\" \" class=\"social-life-animation-img\"\/><\/figure>\n\n\n\n<figure class=\"wp-block-image size-large\"><img decoding=\"async\" src=\"https:\/\/bilingual.hu\/app\/themes\/bilingual\/dist\/images\/social-life-animation\/pic11.png\" alt=\" \" class=\"social-life-animation-img\"\/><\/figure>\n\n\n\n<figure class=\"wp-block-image size-large\"><img decoding=\"async\" src=\"https:\/\/bilingual.hu\/app\/themes\/bilingual\/dist\/images\/social-life-animation\/pic12.png\" alt=\" \" class=\"social-life-animation-img\"\/><\/figure>\n\n\n\n<figure class=\"wp-block-image size-large\"><img decoding=\"async\" src=\"https:\/\/bilingual.hu\/app\/themes\/bilingual\/dist\/images\/social-life-animation\/pic07.png\" alt=\" \"\n        class=\"social-life-animation-img\" \/><\/figure>\n\n\n\n<figure class=\"wp-block-image size-large\"><img decoding=\"async\"\n        src=\"https:\/\/bilingual.hu\/app\/themes\/bilingual\/dist\/images\/social-life-animation\/pic08.png\" alt=\" \"\n        class=\"social-life-animation-img\" \/><\/figure>\n\n\n\n<figure class=\"wp-block-image size-large\"><img decoding=\"async\"\n        src=\"https:\/\/bilingual.hu\/app\/themes\/bilingual\/dist\/images\/social-life-animation\/pic09.png\" alt=\" \"\n        class=\"social-life-animation-img\" \/><\/figure>\n\n\n\n<figure class=\"wp-block-image size-large\"><img decoding=\"async\"\n        src=\"https:\/\/bilingual.hu\/app\/themes\/bilingual\/dist\/images\/social-life-animation\/pic10.png\" alt=\" \"\n        class=\"social-life-animation-img\" \/><\/figure>\n\n\n\n<figure class=\"wp-block-image size-large\"><img decoding=\"async\"\n        src=\"https:\/\/bilingual.hu\/app\/themes\/bilingual\/dist\/images\/social-life-animation\/pic11.png\" alt=\" \"\n        class=\"social-life-animation-img\" \/><\/figure>\n\n\n\n<figure class=\"wp-block-image size-large\"><img decoding=\"async\"\n        src=\"https:\/\/bilingual.hu\/app\/themes\/bilingual\/dist\/images\/social-life-animation\/pic12.png\" alt=\" \"\n        class=\"social-life-animation-img\" \/><\/figure>\n<\/div>\n<\/div>\n<\/div>\n<\/div>\n","protected":false},"excerpt":{"rendered":"<p>Thank you! We have successfully received your data. Our staff will process the information soon.\u00a0 Our community life There are also plenty of programs waiting for the students outside of the lessons, be it the exciting competitions of the House System, daycare or overnight camps, foreign exchange programs or trips.<\/p>\n","protected":false},"author":8,"featured_media":0,"parent":0,"menu_order":0,"comment_status":"closed","ping_status":"closed","template":"page-no-title","meta":{"_acf_changed":false,"footnotes":""},"class_list":["post-6710","page","type-page","status-publish","hentry"],"acf":[],"yoast_head":"<!-- This site is optimized with the Yoast SEO plugin v26.0 - https:\/\/yoast.com\/wordpress\/plugins\/seo\/ -->\n<title>Thank you! - Bilingual<\/title>\n<meta name=\"robots\" content=\"index, follow, max-snippet:-1, max-image-preview:large, max-video-preview:-1\" \/>\n<link rel=\"canonical\" href=\"https:\/\/bilingual.hu\/en\/thank-you\/\" \/>\n<meta property=\"og:locale\" content=\"en_US\" \/>\n<meta property=\"og:type\" content=\"article\" \/>\n<meta property=\"og:title\" content=\"Thank you! - Bilingual\" \/>\n<meta property=\"og:description\" content=\"Thank you! We have successfully received your data. Our staff will process the information soon.\u00a0 Our community life There are also plenty of programs waiting for the students outside of the lessons, be it the exciting competitions of the House System, daycare or overnight camps, foreign exchange programs or trips.\" \/>\n<meta property=\"og:url\" content=\"https:\/\/bilingual.hu\/en\/thank-you\/\" \/>\n<meta property=\"og:site_name\" content=\"Bilingual\" \/>\n<meta property=\"article:publisher\" content=\"https:\/\/www.facebook.com\/bilingual.hu\" \/>\n<meta property=\"article:modified_time\" content=\"2024-08-28T10:17:27+00:00\" \/>\n<meta property=\"og:image\" content=\"https:\/\/bilingual.hu\/app\/themes\/bilingual\/dist\/images\/ornament-wave.svg\" \/>\n<meta name=\"twitter:card\" content=\"summary_large_image\" \/>\n<meta name=\"twitter:label1\" content=\"Est. reading time\" \/>\n\t<meta name=\"twitter:data1\" content=\"7 minutes\" \/>\n<script type=\"application\/ld+json\" class=\"yoast-schema-graph\">{\"@context\":\"https:\/\/schema.org\",\"@graph\":[{\"@type\":\"WebPage\",\"@id\":\"https:\/\/bilingual.hu\/en\/thank-you\/\",\"url\":\"https:\/\/bilingual.hu\/en\/thank-you\/\",\"name\":\"Thank you! - Bilingual\",\"isPartOf\":{\"@id\":\"https:\/\/bilingual.hu\/en\/#website\"},\"primaryImageOfPage\":{\"@id\":\"https:\/\/bilingual.hu\/en\/thank-you\/#primaryimage\"},\"image\":{\"@id\":\"https:\/\/bilingual.hu\/en\/thank-you\/#primaryimage\"},\"thumbnailUrl\":\"https:\/\/bilingual.hu\/app\/themes\/bilingual\/dist\/images\/ornament-wave.svg\",\"datePublished\":\"2024-08-28T09:58:43+00:00\",\"dateModified\":\"2024-08-28T10:17:27+00:00\",\"breadcrumb\":{\"@id\":\"https:\/\/bilingual.hu\/en\/thank-you\/#breadcrumb\"},\"inLanguage\":\"en-US\",\"potentialAction\":[{\"@type\":\"ReadAction\",\"target\":[\"https:\/\/bilingual.hu\/en\/thank-you\/\"]}]},{\"@type\":\"ImageObject\",\"inLanguage\":\"en-US\",\"@id\":\"https:\/\/bilingual.hu\/en\/thank-you\/#primaryimage\",\"url\":\"https:\/\/bilingual.hu\/app\/themes\/bilingual\/dist\/images\/ornament-wave.svg\",\"contentUrl\":\"https:\/\/bilingual.hu\/app\/themes\/bilingual\/dist\/images\/ornament-wave.svg\"},{\"@type\":\"BreadcrumbList\",\"@id\":\"https:\/\/bilingual.hu\/en\/thank-you\/#breadcrumb\",\"itemListElement\":[{\"@type\":\"ListItem\",\"position\":1,\"name\":\"&nbsp;\",\"item\":\"https:\/\/bilingual.hu\/en\/\"},{\"@type\":\"ListItem\",\"position\":2,\"name\":\"Thank you!\"}]},{\"@type\":\"WebSite\",\"@id\":\"https:\/\/bilingual.hu\/en\/#website\",\"url\":\"https:\/\/bilingual.hu\/en\/\",\"name\":\"Bilingual\",\"description\":\"A Bilingual Program egy intenz\u00edv k\u00e9tnyelv\u0171 k\u00e9pz\u00e9s.\",\"publisher\":{\"@id\":\"https:\/\/bilingual.hu\/en\/#organization\"},\"potentialAction\":[{\"@type\":\"SearchAction\",\"target\":{\"@type\":\"EntryPoint\",\"urlTemplate\":\"https:\/\/bilingual.hu\/en\/?s={search_term_string}\"},\"query-input\":{\"@type\":\"PropertyValueSpecification\",\"valueRequired\":true,\"valueName\":\"search_term_string\"}}],\"inLanguage\":\"en-US\"},{\"@type\":\"Organization\",\"@id\":\"https:\/\/bilingual.hu\/en\/#organization\",\"name\":\"Bilingual\",\"url\":\"https:\/\/bilingual.hu\/en\/\",\"logo\":{\"@type\":\"ImageObject\",\"inLanguage\":\"en-US\",\"@id\":\"https:\/\/bilingual.hu\/en\/#\/schema\/logo\/image\/\",\"url\":\"https:\/\/bilingual.hu\/app\/uploads\/2024\/08\/Property-1Variant2.svg\",\"contentUrl\":\"https:\/\/bilingual.hu\/app\/uploads\/2024\/08\/Property-1Variant2.svg\",\"caption\":\"Bilingual\"},\"image\":{\"@id\":\"https:\/\/bilingual.hu\/en\/#\/schema\/logo\/image\/\"},\"sameAs\":[\"https:\/\/www.facebook.com\/bilingual.hu\",\"https:\/\/www.instagram.com\/bilingual.hu\/\",\"https:\/\/www.youtube.com\/channel\/UCr0fdfvgn1CRi0YwFT5LwEg\/videos\"]}]}<\/script>\n<!-- \/ Yoast SEO plugin. -->","yoast_head_json":{"title":"Thank you! - Bilingual","robots":{"index":"index","follow":"follow","max-snippet":"max-snippet:-1","max-image-preview":"max-image-preview:large","max-video-preview":"max-video-preview:-1"},"canonical":"https:\/\/bilingual.hu\/en\/thank-you\/","og_locale":"en_US","og_type":"article","og_title":"Thank you! - Bilingual","og_description":"Thank you! We have successfully received your data. Our staff will process the information soon.\u00a0 Our community life There are also plenty of programs waiting for the students outside of the lessons, be it the exciting competitions of the House System, daycare or overnight camps, foreign exchange programs or trips.","og_url":"https:\/\/bilingual.hu\/en\/thank-you\/","og_site_name":"Bilingual","article_publisher":"https:\/\/www.facebook.com\/bilingual.hu","article_modified_time":"2024-08-28T10:17:27+00:00","og_image":[{"url":"https:\/\/bilingual.hu\/app\/themes\/bilingual\/dist\/images\/ornament-wave.svg","type":"","width":"","height":""}],"twitter_card":"summary_large_image","twitter_misc":{"Est. reading time":"7 minutes"},"schema":{"@context":"https:\/\/schema.org","@graph":[{"@type":"WebPage","@id":"https:\/\/bilingual.hu\/en\/thank-you\/","url":"https:\/\/bilingual.hu\/en\/thank-you\/","name":"Thank you! - Bilingual","isPartOf":{"@id":"https:\/\/bilingual.hu\/en\/#website"},"primaryImageOfPage":{"@id":"https:\/\/bilingual.hu\/en\/thank-you\/#primaryimage"},"image":{"@id":"https:\/\/bilingual.hu\/en\/thank-you\/#primaryimage"},"thumbnailUrl":"https:\/\/bilingual.hu\/app\/themes\/bilingual\/dist\/images\/ornament-wave.svg","datePublished":"2024-08-28T09:58:43+00:00","dateModified":"2024-08-28T10:17:27+00:00","breadcrumb":{"@id":"https:\/\/bilingual.hu\/en\/thank-you\/#breadcrumb"},"inLanguage":"en-US","potentialAction":[{"@type":"ReadAction","target":["https:\/\/bilingual.hu\/en\/thank-you\/"]}]},{"@type":"ImageObject","inLanguage":"en-US","@id":"https:\/\/bilingual.hu\/en\/thank-you\/#primaryimage","url":"https:\/\/bilingual.hu\/app\/themes\/bilingual\/dist\/images\/ornament-wave.svg","contentUrl":"https:\/\/bilingual.hu\/app\/themes\/bilingual\/dist\/images\/ornament-wave.svg"},{"@type":"BreadcrumbList","@id":"https:\/\/bilingual.hu\/en\/thank-you\/#breadcrumb","itemListElement":[{"@type":"ListItem","position":1,"name":"&nbsp;","item":"https:\/\/bilingual.hu\/en\/"},{"@type":"ListItem","position":2,"name":"Thank you!"}]},{"@type":"WebSite","@id":"https:\/\/bilingual.hu\/en\/#website","url":"https:\/\/bilingual.hu\/en\/","name":"Bilingual","description":"A Bilingual Program egy intenz\u00edv k\u00e9tnyelv\u0171 k\u00e9pz\u00e9s.","publisher":{"@id":"https:\/\/bilingual.hu\/en\/#organization"},"potentialAction":[{"@type":"SearchAction","target":{"@type":"EntryPoint","urlTemplate":"https:\/\/bilingual.hu\/en\/?s={search_term_string}"},"query-input":{"@type":"PropertyValueSpecification","valueRequired":true,"valueName":"search_term_string"}}],"inLanguage":"en-US"},{"@type":"Organization","@id":"https:\/\/bilingual.hu\/en\/#organization","name":"Bilingual","url":"https:\/\/bilingual.hu\/en\/","logo":{"@type":"ImageObject","inLanguage":"en-US","@id":"https:\/\/bilingual.hu\/en\/#\/schema\/logo\/image\/","url":"https:\/\/bilingual.hu\/app\/uploads\/2024\/08\/Property-1Variant2.svg","contentUrl":"https:\/\/bilingual.hu\/app\/uploads\/2024\/08\/Property-1Variant2.svg","caption":"Bilingual"},"image":{"@id":"https:\/\/bilingual.hu\/en\/#\/schema\/logo\/image\/"},"sameAs":["https:\/\/www.facebook.com\/bilingual.hu","https:\/\/www.instagram.com\/bilingual.hu\/","https:\/\/www.youtube.com\/channel\/UCr0fdfvgn1CRi0YwFT5LwEg\/videos"]}]}},"_links":{"self":[{"href":"https:\/\/bilingual.hu\/en\/wp-json\/wp\/v2\/pages\/6710","targetHints":{"allow":["GET"]}}],"collection":[{"href":"https:\/\/bilingual.hu\/en\/wp-json\/wp\/v2\/pages"}],"about":[{"href":"https:\/\/bilingual.hu\/en\/wp-json\/wp\/v2\/types\/page"}],"author":[{"embeddable":true,"href":"https:\/\/bilingual.hu\/en\/wp-json\/wp\/v2\/users\/8"}],"replies":[{"embeddable":true,"href":"https:\/\/bilingual.hu\/en\/wp-json\/wp\/v2\/comments?post=6710"}],"version-history":[{"count":1,"href":"https:\/\/bilingual.hu\/en\/wp-json\/wp\/v2\/pages\/6710\/revisions"}],"predecessor-version":[{"id":6712,"href":"https:\/\/bilingual.hu\/en\/wp-json\/wp\/v2\/pages\/6710\/revisions\/6712"}],"wp:attachment":[{"href":"https:\/\/bilingual.hu\/en\/wp-json\/wp\/v2\/media?parent=6710"}],"curies":[{"name":"wp","href":"https:\/\/api.w.org\/{rel}","templated":true}]}}