{"id":4455,"date":"2024-06-06T10:37:55","date_gmt":"2024-06-06T08:37:55","guid":{"rendered":"https:\/\/bilingual.hu\/why-bilingual\/miben-vagyunk-masok\/"},"modified":"2024-08-26T12:47:08","modified_gmt":"2024-08-26T10:47:08","slug":"unique-elements","status":"publish","type":"page","link":"https:\/\/bilingual.hu\/en\/why-bilingual\/unique-elements\/","title":{"rendered":"Unique elements"},"content":{"rendered":"\n<div class=\"wp-block-group has-global-padding is-layout-constrained wp-block-group-is-layout-constrained\" style=\"padding-top:124px\">\n<h1 class=\"wp-block-heading has-text-align-center has-primary-color has-text-color has-link-color has-4-x-large-font-size wp-elements-76ddd3d1189bf4a34c4893d7fa20b2de\">Unique elements<\/h1>\n\n\n\n<p class=\"has-text-align-center has-medium-font-size\">The Bilingual Program provides a significant level difference in the teaching of the English language compared to the traditional national bilingual program and provides the entire Hungarian curriculum. In the framework of the partnership, we provide intensive bilingual training within the framework of the Hungarian bilingual education system. In addition to providing an intensive five-day-a-week English-language environment, we also hold various camps and afternoon sessions.<\/p>\n<\/div>\n\n\n\n<div class=\"wp-block-group alignfull has-global-padding is-layout-constrained wp-block-group-is-layout-constrained\" style=\"padding-top:124px;padding-bottom:124px\">\n<div class=\"wp-block-columns alignwide is-layout-flex wp-container-core-columns-is-layout-28f84493 wp-block-columns-is-layout-flex\">\n<div class=\"wp-block-column is-layout-flow wp-block-column-is-layout-flow\" style=\"padding-right:var(--wp--preset--spacing--20);padding-left:var(--wp--preset--spacing--20);flex-basis:40%\"><div class=\"yco-block-accordion YcoAccordionBlock is-layout-constrained  is-style-blue-orange-accordion\"><ul class=\"accordion YcoAccordion isAccordion\"><li class=\"accordion__item\"><h2><em class=\"icon icon-plus\"><\/em>Native English-Speaking Teachers<\/h2><span class=\"accordion__content\">\n<p>The Bilingual Program employs only native English-speaking teachers. They come from many English-speaking countries around the world (e.g. USA, Canada, Great Britain, Australia and South Africa) and all have a higher education degree and a &#8220;teaching English as a foreign language&#8221; (TEFL, teaching English as a foreign language) qualification.<\/p>\n<\/span><\/li><\/ul><\/div>\n\n<div class=\"yco-block-accordion YcoAccordionBlock is-layout-constrained  is-style-blue-orange-accordion\"><ul class=\"accordion YcoAccordion isAccordion\"><li class=\"accordion__item\"><h2><em class=\"icon icon-plus\"><\/em>Co-teaching<\/h2><span class=\"accordion__content\">\n<p>A unique element of the Bilingual Program is the use of the bilingual family model in the school environment. Each class (*) is taught by two teachers, one native speaker of English and one native speaker of Hungarian. The lessons are held in both languages, there is no translation or repetition, blocks and tasks build on each other; for example, the first part is in Hungarian, and the second one is in English, and so on. With frequent language changes, we achieve a natural bilingual environment and that the children use both languages \u200b\u200bwith equal confidence.<\/p>\n<\/span><\/li><\/ul><\/div>\n\n<div class=\"yco-block-accordion YcoAccordionBlock is-layout-constrained  is-style-blue-orange-accordion\"><ul class=\"accordion YcoAccordion isAccordion\"><li class=\"accordion__item\"><h2><em class=\"icon icon-plus\"><\/em>The Active classroom<\/h2><span class=\"accordion__content\">\n<p>The focus of the Bilingual Program is on interactivity and communication. Our teachers strive to involve the children in every lesson, both through teacher-student and group interactions. Language teaching is communication-oriented; this also comes from the bilingual family model. The language teaching methodology is CLIL (Content and Language Integrated Learning), so the children do not experience language learning as a subject, but rather\u00a0 as a natural communication tool that they use automatically in everyday life.<\/p>\n<\/span><\/li><\/ul><\/div>\n\n<div class=\"yco-block-accordion YcoAccordionBlock is-layout-constrained  is-style-blue-orange-accordion\"><ul class=\"accordion YcoAccordion isAccordion\"><li class=\"accordion__item\"><h2><em class=\"icon icon-plus\"><\/em>Hungarian Language Development<\/h2><span class=\"accordion__content\">\n<p>The Bilingual Program is the only school education program in Hungary that is bilingual throughout the school day, for the vast majority of classes (*). Thus, development in both languages \u200b\u200bis guaranteed. Our more than 20 years of work and its results prove that the Hungarian language and subject development of the children studying in the Bilingual Program is at the same level as in the best elementary schools. At the same time, all of this, in a unique way, is also true for English language and subject development.<\/p>\n\n\n\n<p><sup>*except for the subjects of Hungarian language and literature, ethics and some natural science classes in upper school<\/sup><\/p>\n<\/span><\/li><\/ul><\/div>\n\n<div class=\"yco-block-accordion YcoAccordionBlock is-layout-constrained  is-style-blue-orange-accordion\"><ul class=\"accordion YcoAccordion isAccordion\"><li class=\"accordion__item\"><h2><em class=\"icon icon-plus\"><\/em>The Bilingual Reading Program<\/h2><span class=\"accordion__content\">\n<p>The Bilingual Program considers reading to be very important as a means of learning about the world. Reading is an opportunity that helps develop an openness to the world; it aids the development of learning skills and abilities, awakens curiosity and encourages thinking. Therefore, the Bilingual Reading Program starts at the beginning of second grade. In the lower grades, children read and process shorter texts and then proceed to longer, age-appropriate texts that are organized by topic (currently: Kids A-Z app). In the upper grades, original, English-language (not abridged!) books that meet the interests of today&#8217;s children are read and worked on in class. In many cases, the class itself decides on the specific reading material from the youth literature list suggested by our teachers.<\/p>\n<\/span><\/li><\/ul><\/div>\n\n<div class=\"yco-block-accordion YcoAccordionBlock is-layout-constrained  is-style-blue-orange-accordion\"><ul class=\"accordion YcoAccordion isAccordion\"><li class=\"accordion__item\"><h2><em class=\"icon icon-plus\"><\/em>Computational Thinking<\/h2><span class=\"accordion__content\">\n<p>One of the most important 21st century skills is computational thinking. This is the ability with which our students learn to break down larger, complex problems into solvable, smaller parts and then reassemble the big whole. This develops skills such as critical thinking, creativity and logical reasoning. As part of the regular lessons, our teachers use tasks and techniques that develop this very important ability.<\/p>\n<\/span><\/li><\/ul><\/div>\n\n<div class=\"yco-block-accordion YcoAccordionBlock is-layout-constrained  is-style-blue-orange-accordion\"><ul class=\"accordion YcoAccordion isAccordion\"><li class=\"accordion__item\"><h2><em class=\"icon icon-plus\"><\/em>The Bilingual House System<\/h2><span class=\"accordion__content\">\n<p>For our upper grades, the novel-like House System offers an excellent opportunity for extracurricular language practice and learning the tricks of teamwork. During the school year, the four houses (organized across our institutions) compete for points and the final victory in various programs organized at school, as well as in mid-year, and one- or two-day camps.<\/p>\n<\/span><\/li><\/ul><\/div><\/div>\n\n\n\n<div class=\"wp-block-column is-layout-flow wp-block-column-is-layout-flow\" style=\"flex-basis:10%\"><\/div>\n\n\n\n<div class=\"wp-block-column hide-on-mobile is-layout-flow wp-block-column-is-layout-flow\" style=\"flex-basis:50%\">\n<div class=\"wp-block-columns is-layout-flex wp-container-core-columns-is-layout-28f84493 wp-block-columns-is-layout-flex\">\n<div class=\"wp-block-column is-layout-flow wp-block-column-is-layout-flow\" style=\"flex-basis:100%\">\n<div class=\"wp-block-columns is-layout-flex wp-container-core-columns-is-layout-28f84493 wp-block-columns-is-layout-flex\">\n<div class=\"wp-block-column is-layout-flow wp-block-column-is-layout-flow\" style=\"flex-basis:100%\">\n<figure class=\"wp-block-gallery aligncenter has-nested-images columns-default is-cropped wp-block-gallery-2 is-layout-flex wp-block-gallery-is-layout-flex\">\n<figure class=\"wp-block-image size-full has-custom-border is-style-rounded is-style-rounded--1\"><img loading=\"lazy\" decoding=\"async\" width=\"1270\" height=\"1270\" data-id=\"4838\" src=\"https:\/\/bilingual.hu\/app\/uploads\/2024\/08\/Property-1angol-anyanyelvu-tanarok.png\" alt=\"\" class=\"wp-image-4838\" style=\"border-radius:25px\" srcset=\"https:\/\/bilingual.hu\/app\/uploads\/2024\/08\/Property-1angol-anyanyelvu-tanarok.png 1270w, https:\/\/bilingual.hu\/app\/uploads\/2024\/08\/Property-1angol-anyanyelvu-tanarok-300x300.png 300w, https:\/\/bilingual.hu\/app\/uploads\/2024\/08\/Property-1angol-anyanyelvu-tanarok-1024x1024.png 1024w, https:\/\/bilingual.hu\/app\/uploads\/2024\/08\/Property-1angol-anyanyelvu-tanarok-150x150.png 150w, https:\/\/bilingual.hu\/app\/uploads\/2024\/08\/Property-1angol-anyanyelvu-tanarok-768x768.png 768w\" sizes=\"auto, (max-width: 1270px) 100vw, 1270px\" \/><\/figure>\n<\/figure>\n<\/div>\n<\/div>\n<\/div>\n<\/div>\n<\/div>\n<\/div>\n<\/div>\n\n\n\n<div class=\"wp-block-group alignwide has-global-padding is-layout-constrained wp-block-group-is-layout-constrained\" style=\"padding-bottom:var(--wp--preset--spacing--80)\">\n<div class=\"wp-block-group alignwide collection-menu-cta has-primary-background-color has-background is-content-justification-space-between is-nowrap is-layout-flex wp-container-core-group-is-layout-f655fa0f wp-block-group-is-layout-flex\" style=\"border-radius:24px;padding-top:var(--wp--preset--spacing--60);padding-right:var(--wp--preset--spacing--60);padding-bottom:var(--wp--preset--spacing--60);padding-left:var(--wp--preset--spacing--60)\">\n<div class=\"wp-block-group is-vertical is-layout-flex wp-container-core-group-is-layout-98bb686d wp-block-group-is-layout-flex\" style=\"border-style:none;border-width:0px;border-radius:0px\">\n<h3 class=\"wp-block-heading has-contrast-color has-text-color has-link-color wp-elements-36c3a09aa70837e7b6f0f62449110aed\">Watch us in action<\/h3>\n\n\n\n<p class=\"has-contrast-color has-text-color has-link-color wp-elements-cf15e7add31f2aa450d4588aa2e9d9d0\">Watch our short videos to get an insight into the lessons and sessions.<\/p>\n<\/div>\n\n\n\n<figure class=\"wp-block-image size-large is-resized\"><a href=\"https:\/\/bilingual.hu\/en\/why-bilingual\/watch-us-in-action\/\"><img decoding=\"async\" src=\"https:\/\/bilingual.hu\/app\/themes\/bilingual\/dist\/images\/icons\/arrow-right-negative.svg\" alt=\"ny\u00edl jobbra negat\u00edv\" class=\"wp-image-446\" style=\"aspect-ratio:1;object-fit:cover;width:72px\"\/><\/a><\/figure>\n<\/div>\n<\/div>\n","protected":false},"excerpt":{"rendered":"<p>Unique elements The Bilingual Program provides a significant level difference in the teaching of the English language compared to the traditional national bilingual program and provides the entire Hungarian curriculum. In the framework of the partnership, we provide intensive bilingual training within the framework of the Hungarian bilingual education system. In addition to providing an [&hellip;]<\/p>\n","protected":false},"author":8,"featured_media":0,"parent":1996,"menu_order":0,"comment_status":"closed","ping_status":"closed","template":"page-no-title","meta":{"_acf_changed":false,"footnotes":""},"class_list":["post-4455","page","type-page","status-publish","hentry"],"acf":[],"yoast_head":"<!-- This site is optimized with the Yoast SEO plugin v26.0 - https:\/\/yoast.com\/wordpress\/plugins\/seo\/ -->\n<title>Unique elements - Bilingual<\/title>\n<meta name=\"robots\" content=\"index, follow, max-snippet:-1, max-image-preview:large, max-video-preview:-1\" \/>\n<link rel=\"canonical\" href=\"https:\/\/bilingual.hu\/en\/why-bilingual\/unique-elements\/\" \/>\n<meta property=\"og:locale\" content=\"en_US\" \/>\n<meta property=\"og:type\" content=\"article\" \/>\n<meta property=\"og:title\" content=\"Unique elements - Bilingual\" \/>\n<meta property=\"og:description\" content=\"Unique elements The Bilingual Program provides a significant level difference in the teaching of the English language compared to the traditional national bilingual program and provides the entire Hungarian curriculum. In the framework of the partnership, we provide intensive bilingual training within the framework of the Hungarian bilingual education system. In addition to providing an [&hellip;]\" \/>\n<meta property=\"og:url\" content=\"https:\/\/bilingual.hu\/en\/why-bilingual\/unique-elements\/\" \/>\n<meta property=\"og:site_name\" content=\"Bilingual\" \/>\n<meta property=\"article:publisher\" content=\"https:\/\/www.facebook.com\/bilingual.hu\" \/>\n<meta property=\"article:modified_time\" content=\"2024-08-26T10:47:08+00:00\" \/>\n<meta property=\"og:image\" content=\"https:\/\/bilingual.hu\/app\/uploads\/2024\/08\/Property-1angol-anyanyelvu-tanarok.png\" \/>\n<meta name=\"twitter:card\" content=\"summary_large_image\" \/>\n<meta name=\"twitter:label1\" content=\"Est. reading time\" \/>\n\t<meta name=\"twitter:data1\" content=\"1 minute\" \/>\n<script type=\"application\/ld+json\" class=\"yoast-schema-graph\">{\"@context\":\"https:\/\/schema.org\",\"@graph\":[{\"@type\":\"WebPage\",\"@id\":\"https:\/\/bilingual.hu\/en\/why-bilingual\/unique-elements\/\",\"url\":\"https:\/\/bilingual.hu\/en\/why-bilingual\/unique-elements\/\",\"name\":\"Unique elements - Bilingual\",\"isPartOf\":{\"@id\":\"https:\/\/bilingual.hu\/en\/#website\"},\"primaryImageOfPage\":{\"@id\":\"https:\/\/bilingual.hu\/en\/why-bilingual\/unique-elements\/#primaryimage\"},\"image\":{\"@id\":\"https:\/\/bilingual.hu\/en\/why-bilingual\/unique-elements\/#primaryimage\"},\"thumbnailUrl\":\"https:\/\/bilingual.hu\/app\/uploads\/2024\/08\/Property-1angol-anyanyelvu-tanarok.png\",\"datePublished\":\"2024-06-06T08:37:55+00:00\",\"dateModified\":\"2024-08-26T10:47:08+00:00\",\"breadcrumb\":{\"@id\":\"https:\/\/bilingual.hu\/en\/why-bilingual\/unique-elements\/#breadcrumb\"},\"inLanguage\":\"en-US\",\"potentialAction\":[{\"@type\":\"ReadAction\",\"target\":[\"https:\/\/bilingual.hu\/en\/why-bilingual\/unique-elements\/\"]}]},{\"@type\":\"ImageObject\",\"inLanguage\":\"en-US\",\"@id\":\"https:\/\/bilingual.hu\/en\/why-bilingual\/unique-elements\/#primaryimage\",\"url\":\"https:\/\/bilingual.hu\/app\/uploads\/2024\/08\/Property-1angol-anyanyelvu-tanarok.png\",\"contentUrl\":\"https:\/\/bilingual.hu\/app\/uploads\/2024\/08\/Property-1angol-anyanyelvu-tanarok.png\"},{\"@type\":\"BreadcrumbList\",\"@id\":\"https:\/\/bilingual.hu\/en\/why-bilingual\/unique-elements\/#breadcrumb\",\"itemListElement\":[{\"@type\":\"ListItem\",\"position\":1,\"name\":\"&nbsp;\",\"item\":\"https:\/\/bilingual.hu\/en\/\"},{\"@type\":\"ListItem\",\"position\":2,\"name\":\"Why Bilingual?\",\"item\":\"https:\/\/bilingual.hu\/en\/why-bilingual\/\"},{\"@type\":\"ListItem\",\"position\":3,\"name\":\"Unique elements\"}]},{\"@type\":\"WebSite\",\"@id\":\"https:\/\/bilingual.hu\/en\/#website\",\"url\":\"https:\/\/bilingual.hu\/en\/\",\"name\":\"Bilingual\",\"description\":\"A Bilingual Program egy intenz\u00edv k\u00e9tnyelv\u0171 k\u00e9pz\u00e9s.\",\"publisher\":{\"@id\":\"https:\/\/bilingual.hu\/en\/#organization\"},\"potentialAction\":[{\"@type\":\"SearchAction\",\"target\":{\"@type\":\"EntryPoint\",\"urlTemplate\":\"https:\/\/bilingual.hu\/en\/?s={search_term_string}\"},\"query-input\":{\"@type\":\"PropertyValueSpecification\",\"valueRequired\":true,\"valueName\":\"search_term_string\"}}],\"inLanguage\":\"en-US\"},{\"@type\":\"Organization\",\"@id\":\"https:\/\/bilingual.hu\/en\/#organization\",\"name\":\"Bilingual\",\"url\":\"https:\/\/bilingual.hu\/en\/\",\"logo\":{\"@type\":\"ImageObject\",\"inLanguage\":\"en-US\",\"@id\":\"https:\/\/bilingual.hu\/en\/#\/schema\/logo\/image\/\",\"url\":\"https:\/\/bilingual.hu\/app\/uploads\/2024\/08\/Property-1Variant2.svg\",\"contentUrl\":\"https:\/\/bilingual.hu\/app\/uploads\/2024\/08\/Property-1Variant2.svg\",\"caption\":\"Bilingual\"},\"image\":{\"@id\":\"https:\/\/bilingual.hu\/en\/#\/schema\/logo\/image\/\"},\"sameAs\":[\"https:\/\/www.facebook.com\/bilingual.hu\",\"https:\/\/www.instagram.com\/bilingual.hu\/\",\"https:\/\/www.youtube.com\/channel\/UCr0fdfvgn1CRi0YwFT5LwEg\/videos\"]}]}<\/script>\n<!-- \/ Yoast SEO plugin. -->","yoast_head_json":{"title":"Unique elements - Bilingual","robots":{"index":"index","follow":"follow","max-snippet":"max-snippet:-1","max-image-preview":"max-image-preview:large","max-video-preview":"max-video-preview:-1"},"canonical":"https:\/\/bilingual.hu\/en\/why-bilingual\/unique-elements\/","og_locale":"en_US","og_type":"article","og_title":"Unique elements - Bilingual","og_description":"Unique elements The Bilingual Program provides a significant level difference in the teaching of the English language compared to the traditional national bilingual program and provides the entire Hungarian curriculum. In the framework of the partnership, we provide intensive bilingual training within the framework of the Hungarian bilingual education system. In addition to providing an [&hellip;]","og_url":"https:\/\/bilingual.hu\/en\/why-bilingual\/unique-elements\/","og_site_name":"Bilingual","article_publisher":"https:\/\/www.facebook.com\/bilingual.hu","article_modified_time":"2024-08-26T10:47:08+00:00","og_image":[{"url":"https:\/\/bilingual.hu\/app\/uploads\/2024\/08\/Property-1angol-anyanyelvu-tanarok.png","type":"","width":"","height":""}],"twitter_card":"summary_large_image","twitter_misc":{"Est. reading time":"1 minute"},"schema":{"@context":"https:\/\/schema.org","@graph":[{"@type":"WebPage","@id":"https:\/\/bilingual.hu\/en\/why-bilingual\/unique-elements\/","url":"https:\/\/bilingual.hu\/en\/why-bilingual\/unique-elements\/","name":"Unique elements - Bilingual","isPartOf":{"@id":"https:\/\/bilingual.hu\/en\/#website"},"primaryImageOfPage":{"@id":"https:\/\/bilingual.hu\/en\/why-bilingual\/unique-elements\/#primaryimage"},"image":{"@id":"https:\/\/bilingual.hu\/en\/why-bilingual\/unique-elements\/#primaryimage"},"thumbnailUrl":"https:\/\/bilingual.hu\/app\/uploads\/2024\/08\/Property-1angol-anyanyelvu-tanarok.png","datePublished":"2024-06-06T08:37:55+00:00","dateModified":"2024-08-26T10:47:08+00:00","breadcrumb":{"@id":"https:\/\/bilingual.hu\/en\/why-bilingual\/unique-elements\/#breadcrumb"},"inLanguage":"en-US","potentialAction":[{"@type":"ReadAction","target":["https:\/\/bilingual.hu\/en\/why-bilingual\/unique-elements\/"]}]},{"@type":"ImageObject","inLanguage":"en-US","@id":"https:\/\/bilingual.hu\/en\/why-bilingual\/unique-elements\/#primaryimage","url":"https:\/\/bilingual.hu\/app\/uploads\/2024\/08\/Property-1angol-anyanyelvu-tanarok.png","contentUrl":"https:\/\/bilingual.hu\/app\/uploads\/2024\/08\/Property-1angol-anyanyelvu-tanarok.png"},{"@type":"BreadcrumbList","@id":"https:\/\/bilingual.hu\/en\/why-bilingual\/unique-elements\/#breadcrumb","itemListElement":[{"@type":"ListItem","position":1,"name":"&nbsp;","item":"https:\/\/bilingual.hu\/en\/"},{"@type":"ListItem","position":2,"name":"Why Bilingual?","item":"https:\/\/bilingual.hu\/en\/why-bilingual\/"},{"@type":"ListItem","position":3,"name":"Unique elements"}]},{"@type":"WebSite","@id":"https:\/\/bilingual.hu\/en\/#website","url":"https:\/\/bilingual.hu\/en\/","name":"Bilingual","description":"A Bilingual Program egy intenz\u00edv k\u00e9tnyelv\u0171 k\u00e9pz\u00e9s.","publisher":{"@id":"https:\/\/bilingual.hu\/en\/#organization"},"potentialAction":[{"@type":"SearchAction","target":{"@type":"EntryPoint","urlTemplate":"https:\/\/bilingual.hu\/en\/?s={search_term_string}"},"query-input":{"@type":"PropertyValueSpecification","valueRequired":true,"valueName":"search_term_string"}}],"inLanguage":"en-US"},{"@type":"Organization","@id":"https:\/\/bilingual.hu\/en\/#organization","name":"Bilingual","url":"https:\/\/bilingual.hu\/en\/","logo":{"@type":"ImageObject","inLanguage":"en-US","@id":"https:\/\/bilingual.hu\/en\/#\/schema\/logo\/image\/","url":"https:\/\/bilingual.hu\/app\/uploads\/2024\/08\/Property-1Variant2.svg","contentUrl":"https:\/\/bilingual.hu\/app\/uploads\/2024\/08\/Property-1Variant2.svg","caption":"Bilingual"},"image":{"@id":"https:\/\/bilingual.hu\/en\/#\/schema\/logo\/image\/"},"sameAs":["https:\/\/www.facebook.com\/bilingual.hu","https:\/\/www.instagram.com\/bilingual.hu\/","https:\/\/www.youtube.com\/channel\/UCr0fdfvgn1CRi0YwFT5LwEg\/videos"]}]}},"_links":{"self":[{"href":"https:\/\/bilingual.hu\/en\/wp-json\/wp\/v2\/pages\/4455","targetHints":{"allow":["GET"]}}],"collection":[{"href":"https:\/\/bilingual.hu\/en\/wp-json\/wp\/v2\/pages"}],"about":[{"href":"https:\/\/bilingual.hu\/en\/wp-json\/wp\/v2\/types\/page"}],"author":[{"embeddable":true,"href":"https:\/\/bilingual.hu\/en\/wp-json\/wp\/v2\/users\/8"}],"replies":[{"embeddable":true,"href":"https:\/\/bilingual.hu\/en\/wp-json\/wp\/v2\/comments?post=4455"}],"version-history":[{"count":11,"href":"https:\/\/bilingual.hu\/en\/wp-json\/wp\/v2\/pages\/4455\/revisions"}],"predecessor-version":[{"id":6632,"href":"https:\/\/bilingual.hu\/en\/wp-json\/wp\/v2\/pages\/4455\/revisions\/6632"}],"up":[{"embeddable":true,"href":"https:\/\/bilingual.hu\/en\/wp-json\/wp\/v2\/pages\/1996"}],"wp:attachment":[{"href":"https:\/\/bilingual.hu\/en\/wp-json\/wp\/v2\/media?parent=4455"}],"curies":[{"name":"wp","href":"https:\/\/api.w.org\/{rel}","templated":true}]}}