{"id":4430,"date":"2024-08-16T09:23:23","date_gmt":"2024-08-16T07:23:23","guid":{"rendered":"https:\/\/bilingual.hu\/kapcsolatfelveteli-urlap\/"},"modified":"2026-02-13T09:32:26","modified_gmt":"2026-02-13T08:32:26","slug":"contact-form","status":"publish","type":"page","link":"https:\/\/bilingual.hu\/en\/contact-form\/","title":{"rendered":"Contact form"},"content":{"rendered":"\n<script async src=\"https:\/\/r3.minicrm.hu\/api\/minicrm.js?t=1770892640\">\n<\/script>\n<link rel=\"stylesheet\" href=\"https:\/\/r3.minicrm.hu\/api\/minicrm.css\" \/>\n<style>\n<\/style>\n<form formhash=\"38040-28ezlf6qz32duvd6b6ck1g1xm0i8kj\" action=\"https:\/\/r3.minicrm.hu\/Api\/Signup\" method=\"post\" class=\"TurnKeyCRM\" id=\"Web\">\n    <fieldset>\n        <legend>\n            Contact form\n        <\/legend>\n        <div class=\"InputBlock\">\n            <label for=\"Project_Name_2014\" class=\"Required\">\n                Child&#8217;s name\n            <\/label>\n            <input data-field=\"Name\" data-table=\"Project\" data-type name=\"Project[2014][Name]\" id=\"Project_Name_2014\" language=\"HU\" value type=\"text\" \/>\n        <\/div>\n        <div class=\"InputBlock\">\n            <label for=\"Contact_FirstName_2016\" class=\"Required\">\n                Parent&#8217;s first name\n            <\/label>\n            <input data-field=\"FirstName\" data-table=\"Contact\" data-type=\"Person\" name=\"Contact[2016][FirstName]\" id=\"Contact_FirstName_2016\" language=\"HU\" value type=\"text\" \/>\n        <\/div>\n        <div class=\"InputBlock\">\n            <label for=\"Contact_LastName_2016\" class=\"Required\">\n                Parent&#8217;s surname\n            <\/label>\n            <input data-field=\"LastName\" data-table=\"Contact\" data-type=\"Person\" name=\"Contact[2016][LastName]\" id=\"Contact_LastName_2016\" language=\"HU\" value type=\"text\" \/>\n        <\/div>\n        <div class=\"InputBlock\">\n            <label for=\"Contact_Email_2016\" class=\"Required\">\n                Parent&#8217;s email address\n            <\/label>\n            <input data-field=\"Email\" data-table=\"Contact\" data-type=\"Person\" name=\"Contact[2016][Email]\" id=\"Contact_Email_2016\" language=\"HU\" value type=\"text\" \/>\n        <\/div>\n        <div class=\"InputBlock\">\n            <label for=\"Contact_Phone_2016\" class=\"Required\">\n                Parent&#8217;s phone number\n            <\/label>\n            <input data-field=\"Phone\" data-table=\"Contact\" data-type=\"Person\" name=\"Contact[2016][Phone]\" id=\"Contact_Phone_2016\" language=\"HU\" value type=\"text\" \/>\n        <\/div>\n        <div class=\"InputBlock\">\n            <label for=\"Project_Intezmeny8_2014\">\n                Kindergartens\n            <\/label>\n            <div data-field=\"Intezmeny8\" data-table=\"Project\" data-type id=\"Project_Intezmeny8_2014\" language=\"HU\" value>\n                <label class=\"SetLabel\">\n                    <input id=\"Project_Intezmeny8_2014_4786\" type=\"checkbox\" value=\"1\" name=\"Project[2014][Intezmeny8][]\" \/>\n                    <span class=\"OverflowEllipsis CheckBoxLabel\">\n                        \u00d3buda &#8211; Sz\u00e1zszorsz\u00e9p\/Sz\u00ednes Gyerekkert \u00d3voda\n                    <\/span>\n                <\/label>\n                <br \/>\n                <label class=\"SetLabel\">\n                    <input id=\"Project_Intezmeny8_2014_4787\" type=\"checkbox\" value=\"2\" name=\"Project[2014][Intezmeny8][]\" \/>\n                    <span class=\"OverflowEllipsis CheckBoxLabel\">\n                        \u00dajpest &#8211; Ny\u00e1r \u00d3voda\n                    <\/span>\n                <\/label>\n                <br \/>\n                <label class=\"SetLabel\">\n                    <input id=\"Project_Intezmeny8_2014_5304\" type=\"checkbox\" value=\"4\" name=\"Project[2014][Intezmeny8][]\" \/>\n                    <span class=\"OverflowEllipsis CheckBoxLabel\">\n                        Budakeszi &#8211; Sziv\u00e1rv\u00e1ny \u00d3voda\n                    <\/span>\n                <\/label>\n                <br \/>\n            <\/div>\n            <div class=\"Description\">\n                [Which institution(s) are you interested in ? (Multiple choice)]\n            <\/div>\n            <br \/>\n        <\/div>\n        <div class=\"InputBlock\">\n            <label for=\"Project_Intezmenyek_2014\">\n                Primary Schools\n            <\/label>\n            <div data-field=\"Intezmenyek\" data-table=\"Project\" data-type id=\"Project_Intezmenyek_2014\" language=\"HU\" value>\n                <label class=\"SetLabel\">\n                    <input id=\"Project_Intezmenyek_2014_4790\" type=\"checkbox\" value=\"1\" name=\"Project[2014][Intezmenyek][]\" \/>\n                    <span class=\"OverflowEllipsis CheckBoxLabel\">\n                        \u00d3buda &#8211; Kr\u00fady Gyula  \u00c1ltal\u00e1nos Iskola\n                    <\/span>\n                <\/label>\n                <br \/>\n                <label class=\"SetLabel\">\n                    <input id=\"Project_Intezmenyek_2014_4791\" type=\"checkbox\" value=\"2\" name=\"Project[2014][Intezmenyek][]\" \/>\n                    <span class=\"OverflowEllipsis CheckBoxLabel\">\n                        \u00d3buda &#8211; \u00d3budai Nagy L\u00e1szl\u00f3 &#8211; V\u00e1radi\n                    <\/span>\n                <\/label>\n                <br \/>\n                <label class=\"SetLabel\">\n                    <input id=\"Project_Intezmenyek_2014_4792\" type=\"checkbox\" value=\"4\" name=\"Project[2014][Intezmenyek][]\" \/>\n                    <span class=\"OverflowEllipsis CheckBoxLabel\">\n                        \u00d3buda &#8211; Sz\u00ednes Vil\u00e1g \u00c1ltal\u00e1nos Iskola\n                    <\/span>\n                <\/label>\n                <br \/>\n                <label class=\"SetLabel\">\n                    <input id=\"Project_Intezmenyek_2014_5094\" type=\"checkbox\" value=\"32\" name=\"Project[2014][Intezmenyek][]\" \/>\n                    <span class=\"OverflowEllipsis CheckBoxLabel\">\n                        \u00d3buda &#8211; Pais Dezs\u0151 \u00c1ltal\u00e1nos Iskola\n                    <\/span>\n                <\/label>\n                <br \/>\n                <label class=\"SetLabel\">\n                    <input id=\"Project_Intezmenyek_2014_4793\" type=\"checkbox\" value=\"8\" name=\"Project[2014][Intezmenyek][]\" \/>\n                    <span class=\"OverflowEllipsis CheckBoxLabel\">\n                        \u00dajpest &#8211; Megyeri \u00dati \u00c1ltal\u00e1nos Iskola\n                    <\/span>\n                <\/label>\n                <br \/>\n                <label class=\"SetLabel\">\n                    <input id=\"Project_Intezmenyek_2014_4794\" type=\"checkbox\" value=\"16\" name=\"Project[2014][Intezmenyek][]\" \/>\n                    <span class=\"OverflowEllipsis CheckBoxLabel\">\n                        Budakeszi &#8211; Sz\u00e9chenyi Istv\u00e1n \u00c1ltal\u00e1nos Iskola\n                    <\/span>\n                <\/label>\n                <br \/>\n            <\/div>\n            <div class=\"Description\">\n                [Which institution(s) are you interested in ? (Multiple choice)]\n            <\/div>\n            <br \/>\n        <\/div>\n        <div class=\"InputBlock\">\n            <label for=\"Project_Intezmeny9_2014\">\n                High School\n            <\/label>\n            <div data-field=\"Intezmeny9\" data-table=\"Project\" data-type id=\"Project_Intezmeny9_2014\" language=\"HU\" value>\n                <label class=\"SetLabel\">\n                    <input id=\"Project_Intezmeny9_2014_4795\" type=\"checkbox\" value=\"1\" name=\"Project[2014][Intezmeny9][]\" \/>\n                    <span class=\"OverflowEllipsis CheckBoxLabel\">\n                        Zugl\u00f3 &#8211; Eur\u00f3pa 2000 Gimn\u00e1zium\n                    <\/span>\n                <\/label>\n                <br \/>\n            <\/div>\n        <\/div>\n        <div class=\"InputBlock\">\n            <label for=\"Project_Kezdes2_2014\" class=\"Required\">\n                Start date\n            <\/label>\n            <select data-field=\"Kezdes2\" data-table=\"Project\" data-type name=\"Project[2014][Kezdes2]\" id=\"Project_Kezdes2_2014\" language=\"HU\" value>\n                <option selected value>\n                <\/option>\n                <option value=\"8323\">\n                    2025-2026 Tan\u00e9v k\u00f6zben\/During the School year\n                <\/option>\n                <option value=\"6089\">\n                    2026 szeptember\/September 2026\n                <\/option>\n                <option value=\"8025\">\n                    2027 szeptember\/September 2027\n                <\/option>\n            <\/select>\n            <div class=\"Description\">\n                [When would you like to start our Program?]\n            <\/div>\n            <br \/>\n        <\/div>\n        <div class=\"InputBlock\">\n            <label for=\"Project_Megjegyzes3_2014\">\n                Comment\n            <\/label>\n            <textarea data-field=\"Megjegyzes3\" data-table=\"Project\" data-type name=\"Project[2014][Megjegyzes3]\" id=\"Project_Megjegyzes3_2014\" language=\"HU\" value>\n            <\/textarea>\n        <\/div>\n        <div class=\"InputBlock\">\n            <label for=\"Dummy_GDPR_Contribution_\" class=\"Required\">\n                Adatkezel\u00e9si hozz\u00e1j\u00e1rul\u00e1s\n            <\/label>\n            <div data-field=\"GDPR_Contribution\" data-table=\"Dummy\" data-type id=\"Dummy_GDPR_Contribution_\" language=\"HU\" value>\n                <label class=\"SetLabel\">\n                    <input id=\"Dummy_GDPR_Contribution__0\" type=\"checkbox\" value=\"1\" name=\"Dummy[][GDPR_Contribution][]\" \/>\n                    <span class=\"OverflowEllipsis CheckBoxLabel\">\n                        Hozz\u00e1j\u00e1rulok, hogy a(z) Bilingual K\u00e9tnyelv\u0171 Oktat\u00e1si Nonprofit Kft.\n                        <a href=\"https:\/\/www.minicrm.hu\/gdpr\/\" target=\"_blank\">\n                            CRM rendszer\u00e9ben\n                        <\/a>\n                        kezelje az adataimat \u00e9s elfogadom az\n                        <a href=\"https:\/\/bilingual.hu\/app\/uploads\/2024\/07\/adatkezelesi_tajekoztato_szerzodeses_partnereknek.pdf\" target=\"_blank\">\n                            adatkezel\u00e9si nyilatkozatot.\n                        <\/a>\n                    <\/span>\n                <\/label>\n                <br \/>\n            <\/div>\n        <\/div>\n    <\/fieldset>\n    <div id=\"Response_38040-28ezlf6qz32duvd6b6ck1g1xm0i8kj\" style=\"display: none;\" class=\"Response\">\n    <\/div>\n    <input id=\"Submit_38040-28ezlf6qz32duvd6b6ck1g1xm0i8kj\" type=\"Submit\" value=\"Send\" \/>\n<\/form>\n\n\n\n<div style=\"height:100px\" aria-hidden=\"true\" class=\"wp-block-spacer\"><\/div>\n","protected":false},"excerpt":{"rendered":"<p>Contact form Child&#8217;s name Parent&#8217;s first name Parent&#8217;s surname Parent&#8217;s email address Parent&#8217;s phone number Kindergartens \u00d3buda &#8211; Sz\u00e1zszorsz\u00e9p\/Sz\u00ednes Gyerekkert \u00d3voda \u00dajpest &#8211; Ny\u00e1r \u00d3voda Budakeszi &#8211; Sziv\u00e1rv\u00e1ny \u00d3voda [Which institution(s) are you interested in ? (Multiple choice)] Primary Schools \u00d3buda &#8211; Kr\u00fady Gyula \u00c1ltal\u00e1nos Iskola \u00d3buda &#8211; \u00d3budai Nagy L\u00e1szl\u00f3 &#8211; V\u00e1radi \u00d3buda &#8211; [&hellip;]<\/p>\n","protected":false},"author":8,"featured_media":0,"parent":0,"menu_order":0,"comment_status":"closed","ping_status":"closed","template":"","meta":{"_acf_changed":false,"footnotes":""},"class_list":["post-4430","page","type-page","status-publish","hentry"],"acf":[],"yoast_head":"<!-- This site is optimized with the Yoast SEO plugin v26.0 - https:\/\/yoast.com\/wordpress\/plugins\/seo\/ -->\n<title>Contact form - Bilingual<\/title>\n<meta name=\"robots\" content=\"index, follow, max-snippet:-1, max-image-preview:large, max-video-preview:-1\" \/>\n<link rel=\"canonical\" href=\"https:\/\/bilingual.hu\/en\/contact-form\/\" \/>\n<meta property=\"og:locale\" content=\"en_US\" \/>\n<meta property=\"og:type\" content=\"article\" \/>\n<meta property=\"og:title\" content=\"Contact form - Bilingual\" \/>\n<meta property=\"og:description\" content=\"Contact form Child&#8217;s name Parent&#8217;s first name Parent&#8217;s surname Parent&#8217;s email address Parent&#8217;s phone number Kindergartens \u00d3buda &#8211; Sz\u00e1zszorsz\u00e9p\/Sz\u00ednes Gyerekkert \u00d3voda \u00dajpest &#8211; Ny\u00e1r \u00d3voda Budakeszi &#8211; Sziv\u00e1rv\u00e1ny \u00d3voda [Which institution(s) are you interested in ? (Multiple choice)] Primary Schools \u00d3buda &#8211; Kr\u00fady Gyula \u00c1ltal\u00e1nos Iskola \u00d3buda &#8211; \u00d3budai Nagy L\u00e1szl\u00f3 &#8211; V\u00e1radi \u00d3buda &#8211; [&hellip;]\" \/>\n<meta property=\"og:url\" content=\"https:\/\/bilingual.hu\/en\/contact-form\/\" \/>\n<meta property=\"og:site_name\" content=\"Bilingual\" \/>\n<meta property=\"article:publisher\" content=\"https:\/\/www.facebook.com\/bilingual.hu\" \/>\n<meta property=\"article:modified_time\" content=\"2026-02-13T08:32:26+00:00\" \/>\n<meta property=\"og:image\" content=\"https:\/\/bilingual.hu\/app\/uploads\/2025\/03\/bilingual-megosztasi-kep-en.jpg\" \/>\n\t<meta property=\"og:image:width\" content=\"2490\" \/>\n\t<meta property=\"og:image:height\" content=\"1438\" \/>\n\t<meta property=\"og:image:type\" content=\"image\/jpeg\" \/>\n<meta name=\"twitter:card\" content=\"summary_large_image\" \/>\n<meta name=\"twitter:label1\" content=\"Est. reading time\" \/>\n\t<meta name=\"twitter:data1\" content=\"1 minute\" \/>\n<script type=\"application\/ld+json\" class=\"yoast-schema-graph\">{\"@context\":\"https:\/\/schema.org\",\"@graph\":[{\"@type\":\"WebPage\",\"@id\":\"https:\/\/bilingual.hu\/en\/contact-form\/\",\"url\":\"https:\/\/bilingual.hu\/en\/contact-form\/\",\"name\":\"Contact form - Bilingual\",\"isPartOf\":{\"@id\":\"https:\/\/bilingual.hu\/en\/#website\"},\"datePublished\":\"2024-08-16T07:23:23+00:00\",\"dateModified\":\"2026-02-13T08:32:26+00:00\",\"breadcrumb\":{\"@id\":\"https:\/\/bilingual.hu\/en\/contact-form\/#breadcrumb\"},\"inLanguage\":\"en-US\",\"potentialAction\":[{\"@type\":\"ReadAction\",\"target\":[\"https:\/\/bilingual.hu\/en\/contact-form\/\"]}]},{\"@type\":\"BreadcrumbList\",\"@id\":\"https:\/\/bilingual.hu\/en\/contact-form\/#breadcrumb\",\"itemListElement\":[{\"@type\":\"ListItem\",\"position\":1,\"name\":\"&nbsp;\",\"item\":\"https:\/\/bilingual.hu\/en\/\"},{\"@type\":\"ListItem\",\"position\":2,\"name\":\"Contact form\"}]},{\"@type\":\"WebSite\",\"@id\":\"https:\/\/bilingual.hu\/en\/#website\",\"url\":\"https:\/\/bilingual.hu\/en\/\",\"name\":\"Bilingual\",\"description\":\"A Bilingual Program egy intenz\u00edv k\u00e9tnyelv\u0171 k\u00e9pz\u00e9s.\",\"publisher\":{\"@id\":\"https:\/\/bilingual.hu\/en\/#organization\"},\"potentialAction\":[{\"@type\":\"SearchAction\",\"target\":{\"@type\":\"EntryPoint\",\"urlTemplate\":\"https:\/\/bilingual.hu\/en\/?s={search_term_string}\"},\"query-input\":{\"@type\":\"PropertyValueSpecification\",\"valueRequired\":true,\"valueName\":\"search_term_string\"}}],\"inLanguage\":\"en-US\"},{\"@type\":\"Organization\",\"@id\":\"https:\/\/bilingual.hu\/en\/#organization\",\"name\":\"Bilingual\",\"url\":\"https:\/\/bilingual.hu\/en\/\",\"logo\":{\"@type\":\"ImageObject\",\"inLanguage\":\"en-US\",\"@id\":\"https:\/\/bilingual.hu\/en\/#\/schema\/logo\/image\/\",\"url\":\"https:\/\/bilingual.hu\/app\/uploads\/2024\/08\/Property-1Variant2.svg\",\"contentUrl\":\"https:\/\/bilingual.hu\/app\/uploads\/2024\/08\/Property-1Variant2.svg\",\"caption\":\"Bilingual\"},\"image\":{\"@id\":\"https:\/\/bilingual.hu\/en\/#\/schema\/logo\/image\/\"},\"sameAs\":[\"https:\/\/www.facebook.com\/bilingual.hu\",\"https:\/\/www.instagram.com\/bilingual.hu\/\",\"https:\/\/www.youtube.com\/channel\/UCr0fdfvgn1CRi0YwFT5LwEg\/videos\"]}]}<\/script>\n<!-- \/ Yoast SEO plugin. -->","yoast_head_json":{"title":"Contact form - Bilingual","robots":{"index":"index","follow":"follow","max-snippet":"max-snippet:-1","max-image-preview":"max-image-preview:large","max-video-preview":"max-video-preview:-1"},"canonical":"https:\/\/bilingual.hu\/en\/contact-form\/","og_locale":"en_US","og_type":"article","og_title":"Contact form - Bilingual","og_description":"Contact form Child&#8217;s name Parent&#8217;s first name Parent&#8217;s surname Parent&#8217;s email address Parent&#8217;s phone number Kindergartens \u00d3buda &#8211; Sz\u00e1zszorsz\u00e9p\/Sz\u00ednes Gyerekkert \u00d3voda \u00dajpest &#8211; Ny\u00e1r \u00d3voda Budakeszi &#8211; Sziv\u00e1rv\u00e1ny \u00d3voda [Which institution(s) are you interested in ? (Multiple choice)] Primary Schools \u00d3buda &#8211; Kr\u00fady Gyula \u00c1ltal\u00e1nos Iskola \u00d3buda &#8211; \u00d3budai Nagy L\u00e1szl\u00f3 &#8211; V\u00e1radi \u00d3buda &#8211; [&hellip;]","og_url":"https:\/\/bilingual.hu\/en\/contact-form\/","og_site_name":"Bilingual","article_publisher":"https:\/\/www.facebook.com\/bilingual.hu","article_modified_time":"2026-02-13T08:32:26+00:00","og_image":[{"width":2490,"height":1438,"url":"https:\/\/bilingual.hu\/app\/uploads\/2025\/03\/bilingual-megosztasi-kep-en.jpg","type":"image\/jpeg"}],"twitter_card":"summary_large_image","twitter_misc":{"Est. reading time":"1 minute"},"schema":{"@context":"https:\/\/schema.org","@graph":[{"@type":"WebPage","@id":"https:\/\/bilingual.hu\/en\/contact-form\/","url":"https:\/\/bilingual.hu\/en\/contact-form\/","name":"Contact form - Bilingual","isPartOf":{"@id":"https:\/\/bilingual.hu\/en\/#website"},"datePublished":"2024-08-16T07:23:23+00:00","dateModified":"2026-02-13T08:32:26+00:00","breadcrumb":{"@id":"https:\/\/bilingual.hu\/en\/contact-form\/#breadcrumb"},"inLanguage":"en-US","potentialAction":[{"@type":"ReadAction","target":["https:\/\/bilingual.hu\/en\/contact-form\/"]}]},{"@type":"BreadcrumbList","@id":"https:\/\/bilingual.hu\/en\/contact-form\/#breadcrumb","itemListElement":[{"@type":"ListItem","position":1,"name":"&nbsp;","item":"https:\/\/bilingual.hu\/en\/"},{"@type":"ListItem","position":2,"name":"Contact form"}]},{"@type":"WebSite","@id":"https:\/\/bilingual.hu\/en\/#website","url":"https:\/\/bilingual.hu\/en\/","name":"Bilingual","description":"A Bilingual Program egy intenz\u00edv k\u00e9tnyelv\u0171 k\u00e9pz\u00e9s.","publisher":{"@id":"https:\/\/bilingual.hu\/en\/#organization"},"potentialAction":[{"@type":"SearchAction","target":{"@type":"EntryPoint","urlTemplate":"https:\/\/bilingual.hu\/en\/?s={search_term_string}"},"query-input":{"@type":"PropertyValueSpecification","valueRequired":true,"valueName":"search_term_string"}}],"inLanguage":"en-US"},{"@type":"Organization","@id":"https:\/\/bilingual.hu\/en\/#organization","name":"Bilingual","url":"https:\/\/bilingual.hu\/en\/","logo":{"@type":"ImageObject","inLanguage":"en-US","@id":"https:\/\/bilingual.hu\/en\/#\/schema\/logo\/image\/","url":"https:\/\/bilingual.hu\/app\/uploads\/2024\/08\/Property-1Variant2.svg","contentUrl":"https:\/\/bilingual.hu\/app\/uploads\/2024\/08\/Property-1Variant2.svg","caption":"Bilingual"},"image":{"@id":"https:\/\/bilingual.hu\/en\/#\/schema\/logo\/image\/"},"sameAs":["https:\/\/www.facebook.com\/bilingual.hu","https:\/\/www.instagram.com\/bilingual.hu\/","https:\/\/www.youtube.com\/channel\/UCr0fdfvgn1CRi0YwFT5LwEg\/videos"]}]}},"_links":{"self":[{"href":"https:\/\/bilingual.hu\/en\/wp-json\/wp\/v2\/pages\/4430","targetHints":{"allow":["GET"]}}],"collection":[{"href":"https:\/\/bilingual.hu\/en\/wp-json\/wp\/v2\/pages"}],"about":[{"href":"https:\/\/bilingual.hu\/en\/wp-json\/wp\/v2\/types\/page"}],"author":[{"embeddable":true,"href":"https:\/\/bilingual.hu\/en\/wp-json\/wp\/v2\/users\/8"}],"replies":[{"embeddable":true,"href":"https:\/\/bilingual.hu\/en\/wp-json\/wp\/v2\/comments?post=4430"}],"version-history":[{"count":5,"href":"https:\/\/bilingual.hu\/en\/wp-json\/wp\/v2\/pages\/4430\/revisions"}],"predecessor-version":[{"id":9797,"href":"https:\/\/bilingual.hu\/en\/wp-json\/wp\/v2\/pages\/4430\/revisions\/9797"}],"wp:attachment":[{"href":"https:\/\/bilingual.hu\/en\/wp-json\/wp\/v2\/media?parent=4430"}],"curies":[{"name":"wp","href":"https:\/\/api.w.org\/{rel}","templated":true}]}}