{"id":3173,"date":"2024-07-31T14:00:44","date_gmt":"2024-07-31T12:00:44","guid":{"rendered":"https:\/\/bilingual.hu\/miert-a-bilingual\/cambridge-nyelvvizsga-rendszer\/"},"modified":"2025-03-21T16:52:58","modified_gmt":"2025-03-21T15:52:58","slug":"cambridge-english-qualifications","status":"publish","type":"page","link":"https:\/\/bilingual.hu\/en\/why-bilingual\/cambridge-english-qualifications\/","title":{"rendered":"Cambridge English Qualifications"},"content":{"rendered":"\n<div class=\"wp-block-columns alignwide is-layout-flex wp-container-core-columns-is-layout-33ad86cc wp-block-columns-is-layout-flex\" style=\"padding-bottom:var(--wp--preset--spacing--90)\">\n<div class=\"wp-block-column is-layout-flow wp-block-column-is-layout-flow\">\n<h2 class=\"wp-block-heading\">Bilingual Program &#8211; Cambridge English Qualifications Official Partner<\/h2>\n\n\n\n<div class=\"wp-block-columns is-layout-flex wp-container-core-columns-is-layout-28f84493 wp-block-columns-is-layout-flex\">\n<div class=\"wp-block-column is-layout-flow wp-block-column-is-layout-flow\">\n<p>We are proud to announce that <strong>in 2024 the Bilingual Program became a British Council Advantage Premium Member.<\/strong>&nbsp; We&#8217;ve worked in conjunction with the British Council for many years to run Special Mock Cambridge Exams to prepare students for official Cambridge Exams at key points in their education.&nbsp;<strong>We also have two official Cambridge B2 First for Schools Exams each year<\/strong> held by the British Council exclusively for Bilingual Program students.<\/p>\n\n\n\n<p>We are excited to share that the&nbsp;<strong>Bilingual Program has been recognized by Cambridge Assessment Test Center<\/strong>&nbsp;and was granted permission to use their logo starting in 2022. Our focus on&nbsp;<strong>preparing students for Cambridge exams<\/strong>&nbsp;is a source of pride and&nbsp;<strong>this recognition is a testament to the hard work of our students and our teachers. <\/strong>We are committed to&nbsp;<strong>providing high quality education<\/strong>&nbsp;that prepares students for success on the global stage.<\/p>\n<\/div>\n\n\n\n<div class=\"wp-block-column is-layout-flow wp-block-column-is-layout-flow\">\n<figure class=\"wp-block-image aligncenter size-full is-resized is-style-rounded is-style-rounded--1\"><img loading=\"lazy\" decoding=\"async\" width=\"3405\" height=\"1013\" src=\"https:\/\/bilingual.hu\/app\/uploads\/2025\/03\/British-Council-Advantage_Badge_Secondary_Premium-Member_RGB_Digital_PNG.png\" alt=\"\" class=\"wp-image-8701\" style=\"width:331px;height:auto\" srcset=\"https:\/\/bilingual.hu\/app\/uploads\/2025\/03\/British-Council-Advantage_Badge_Secondary_Premium-Member_RGB_Digital_PNG.png 3405w, https:\/\/bilingual.hu\/app\/uploads\/2025\/03\/British-Council-Advantage_Badge_Secondary_Premium-Member_RGB_Digital_PNG-300x89.png 300w, https:\/\/bilingual.hu\/app\/uploads\/2025\/03\/British-Council-Advantage_Badge_Secondary_Premium-Member_RGB_Digital_PNG-1024x305.png 1024w, https:\/\/bilingual.hu\/app\/uploads\/2025\/03\/British-Council-Advantage_Badge_Secondary_Premium-Member_RGB_Digital_PNG-768x228.png 768w, https:\/\/bilingual.hu\/app\/uploads\/2025\/03\/British-Council-Advantage_Badge_Secondary_Premium-Member_RGB_Digital_PNG-1536x457.png 1536w, https:\/\/bilingual.hu\/app\/uploads\/2025\/03\/British-Council-Advantage_Badge_Secondary_Premium-Member_RGB_Digital_PNG-2048x609.png 2048w\" sizes=\"auto, (max-width: 3405px) 100vw, 3405px\" \/><\/figure>\n\n\n\n<figure class=\"wp-block-image aligncenter size-full is-resized is-style-rounded is-style-rounded--2\"><img loading=\"lazy\" decoding=\"async\" width=\"1787\" height=\"959\" src=\"https:\/\/bilingual.hu\/app\/uploads\/2024\/08\/klipartz.com_.png\" alt=\"\" class=\"wp-image-4582\" style=\"width:331px;height:auto\" srcset=\"https:\/\/bilingual.hu\/app\/uploads\/2024\/08\/klipartz.com_.png 1787w, https:\/\/bilingual.hu\/app\/uploads\/2024\/08\/klipartz.com_-300x161.png 300w, https:\/\/bilingual.hu\/app\/uploads\/2024\/08\/klipartz.com_-1024x550.png 1024w, https:\/\/bilingual.hu\/app\/uploads\/2024\/08\/klipartz.com_-768x412.png 768w, https:\/\/bilingual.hu\/app\/uploads\/2024\/08\/klipartz.com_-1536x824.png 1536w\" sizes=\"auto, (max-width: 1787px) 100vw, 1787px\" \/><\/figure>\n<\/div>\n<\/div>\n\n\n\n<h3 class=\"wp-block-heading\"><strong><mark style=\"background-color:rgba(0, 0, 0, 0)\" class=\"has-inline-color has-blue-gray-color\">The right tool for the job<\/mark><\/strong><\/h3>\n\n\n\n<p>Bilingual uses Cambridge University English Language Assessment tools in order to externally benchmark the performance of its students. Cambridge English Language Assessment is the premier provider of English language exams for speakers of other languages globally, with meticulously well-prepared exams and preparation material for learners of all ages.<\/p>\n\n\n\n<h3 class=\"wp-block-heading\"><strong><mark style=\"background-color:rgba(0, 0, 0, 0)\" class=\"has-inline-color has-secondary-color\">The right exam for the right age<\/mark><\/strong><\/h3>\n\n\n\n<p>We begin testing our students at the end of second grade with Young Learners Exams that are especially designed for children in this age group. Then starting in fifth grade we begin the For Schools series, finishing with the First Certificate for Schools B2 level language exam at the end of eighth grade.<\/p>\n\n\n\n<p>Learn about the exams <a href=\"https:\/\/www.britishcouncil.hu\/angol-nyelvvizsga-cambridge\/tipusai\/altalanos-angol\">here<\/a>&nbsp; <\/p>\n\n\n\n<h3 class=\"wp-block-heading\"><strong><mark style=\"background-color:rgba(0, 0, 0, 0)\" class=\"has-inline-color has-secondary-color\">To prepare is to succeed<\/mark><\/strong><\/h3>\n\n\n\n<p>Language development takes place in all subjects and in all lessons as part and parcel of the Bilingual program. Still, English language and literature lessons and afternoon tutorials provide the most intensive language learning opportunities. In addition, one lesson out of the weekly five English language lessons is devoted to the use of Cambridge exam preparation material.<\/p>\n\n\n\n<h3 class=\"wp-block-heading\"><strong><mark style=\"background-color:rgba(0, 0, 0, 0)\" class=\"has-inline-color has-blue-gray-color\">Taking the measure with exams<\/mark><\/strong><\/h3>\n\n\n\n<p>Cambridge Final Exams &#8211; run under strict testing conditions &#8211; cap each year from second grade, showing where students, classes and the Bilingual Program stand. Special Mock Exams take place in milestone years. The ultimate dry run, these are conducted in conjunction with the British Council to prepare students for official Cambridge Exams at key points in their education.<\/p>\n\n\n\n<figure class=\"wp-block-image size-large is-style-rounded is-style-rounded--3\"><img loading=\"lazy\" decoding=\"async\" width=\"1024\" height=\"576\" src=\"https:\/\/bilingual.hu\/app\/uploads\/2024\/08\/Bilingual_Online_Ads_52-1024x576.jpg\" alt=\"\" class=\"wp-image-4809\" srcset=\"https:\/\/bilingual.hu\/app\/uploads\/2024\/08\/Bilingual_Online_Ads_52-1024x576.jpg 1024w, https:\/\/bilingual.hu\/app\/uploads\/2024\/08\/Bilingual_Online_Ads_52-300x169.jpg 300w, https:\/\/bilingual.hu\/app\/uploads\/2024\/08\/Bilingual_Online_Ads_52-768x432.jpg 768w, https:\/\/bilingual.hu\/app\/uploads\/2024\/08\/Bilingual_Online_Ads_52-1536x864.jpg 1536w, https:\/\/bilingual.hu\/app\/uploads\/2024\/08\/Bilingual_Online_Ads_52-2048x1152.jpg 2048w\" sizes=\"auto, (max-width: 1024px) 100vw, 1024px\" \/><\/figure>\n\n\n\n<h3 class=\"wp-block-heading\"><strong><mark style=\"background-color:rgba(0, 0, 0, 0)\" class=\"has-inline-color has-secondary-color\">How is Bilingual doing?<\/mark><\/strong><\/h3>\n\n\n\n<p><strong>Over 80% of our students pass B2 by the end of eighth grade!<\/strong><\/p>\n\n\n\n<p>More than 80% of our eighth grade students perform at level B2 or higher on their Mock Exams.&nbsp; Of these, an even higher number score in the C1 range in the speaking portion of the test. This is signature Bilingual: a balanced user across all the skills and an especially confident and talented speaker of English.<\/p>\n\n\n\n<h3 class=\"wp-block-heading\"><strong><mark style=\"background-color:rgba(0, 0, 0, 0)\" class=\"has-inline-color has-blue-gray-color\">International Language Standards \u2013 Why is it important to have an internationally recognised language exam?<\/mark><\/strong><\/h3>\n\n\n\n<p>Language exams are the requirement for study, work in Hungary or abroad. To be able to compare the different levels of exams, there is a Common European Framework of Reference for Languages (CEFR). This framework enables a common understanding of language skill levels across borders. Here you can see how Cambridge English Exams match the CEFR:<\/p>\n\n\n\n<figure class=\"wp-block-image is-resized has-custom-border\"><img decoding=\"async\" src=\"https:\/\/lh7-rt.googleusercontent.com\/docsz\/AD_4nXeCiDmy7GIau4DCql2D6XZoJmtkTV6-8se706Fc-WrwRcBxzPXJujkROhKq3ay6fi8FsB3d_JYwmjgD_mKodzipSNBuI7hWg46m1u1PgbMunUFv1ZFhvOf37Q4A1F3Rg5jIKSW-TDlYPpYq1tq2BZiaX_9fZzwM5fY3l7z_6A?key=Ch9ik5kLdDmgBdX17qZ8RQ\" alt=\"The full CEFR chart\" style=\"border-radius:25px;width:1076px;height:auto\"\/><\/figure>\n<\/div>\n<\/div>\n\n\n\n<div class=\"wp-block-columns is-layout-flex wp-container-core-columns-is-layout-28f84493 wp-block-columns-is-layout-flex\">\n<div class=\"wp-block-column is-layout-flow wp-block-column-is-layout-flow\">\n<div class=\"wp-block-group has-contrast-color has-secondary-background-color has-text-color has-background has-link-color wp-elements-7e21745af0c3ff0ed7b26124e4c5c483 is-layout-flow wp-block-group-is-layout-flow\" style=\"border-radius:24px;padding-top:var(--wp--preset--spacing--60);padding-right:var(--wp--preset--spacing--60);padding-bottom:var(--wp--preset--spacing--60);padding-left:var(--wp--preset--spacing--60)\">\n<h2 class=\"wp-block-heading has-h-4-font-size\">Our teachers<\/h2>\n\n\n\n<p style=\"margin-top:var(--wp--preset--spacing--20)\">All Bilingual Program teachers are native speakers of English or, on occasion, balanced bilinguals.<\/p>\n\n\n\n<figure class=\"wp-block-image size-large is-resized\"><a href=\"https:\/\/bilingual.hu\/en\/about-us\/our-teachers-staff\/\"><img loading=\"lazy\" decoding=\"async\" width=\"19\" height=\"19\" src=\"https:\/\/bilingual.hu\/app\/uploads\/2024\/06\/arrow-right.svg\" alt=\"\" class=\"wp-image-446\" style=\"object-fit:cover;width:72px;height:72px\"\/><\/a><\/figure>\n<\/div>\n<\/div>\n\n\n\n<div class=\"wp-block-column is-layout-flow wp-block-column-is-layout-flow\">\n<div class=\"wp-block-group has-contrast-color has-primary-background-color has-text-color has-background has-link-color wp-elements-77193db81e4ea4e4e3df64a5700bb321 is-layout-flow wp-block-group-is-layout-flow\" style=\"border-radius:24px;padding-top:var(--wp--preset--spacing--60);padding-right:var(--wp--preset--spacing--60);padding-bottom:var(--wp--preset--spacing--60);padding-left:var(--wp--preset--spacing--60)\">\n<h2 class=\"wp-block-heading has-h-4-font-size\">Contact<\/h2>\n\n\n\n<p style=\"margin-top:var(--wp--preset--spacing--20)\">If you have a question, contact us!<\/p>\n\n\n\n<figure class=\"wp-block-image size-large is-resized\"><a href=\"https:\/\/bilingual.hu\/en\/contact\/\"><img loading=\"lazy\" decoding=\"async\" width=\"19\" height=\"19\" src=\"https:\/\/bilingual.hu\/app\/uploads\/2024\/06\/arrow-right.svg\" alt=\"\" class=\"wp-image-446\" style=\"object-fit:cover;width:72px;height:72px\"\/><\/a><\/figure>\n<\/div>\n<\/div>\n<\/div>\n\n\n\n<div style=\"height:44px\" aria-hidden=\"true\" class=\"wp-block-spacer\"><\/div>\n","protected":false},"excerpt":{"rendered":"<p>Bilingual Program &#8211; Cambridge English Qualifications Official Partner We are proud to announce that in 2024 the Bilingual Program became a British Council Advantage Premium Member.&nbsp; We&#8217;ve worked in conjunction with the British Council for many years to run Special Mock Cambridge Exams to prepare students for official Cambridge Exams at key points in their [&hellip;]<\/p>\n","protected":false},"author":8,"featured_media":0,"parent":1996,"menu_order":0,"comment_status":"closed","ping_status":"closed","template":"page-no-title-breadcrumb","meta":{"_acf_changed":false,"footnotes":""},"class_list":["post-3173","page","type-page","status-publish","hentry"],"acf":[],"yoast_head":"<!-- This site is optimized with the Yoast SEO plugin v26.0 - https:\/\/yoast.com\/wordpress\/plugins\/seo\/ -->\n<title>Cambridge English Qualifications - Bilingual<\/title>\n<meta name=\"robots\" content=\"index, follow, max-snippet:-1, max-image-preview:large, max-video-preview:-1\" \/>\n<link rel=\"canonical\" href=\"https:\/\/bilingual.hu\/en\/why-bilingual\/cambridge-english-qualifications\/\" \/>\n<meta property=\"og:locale\" content=\"en_US\" \/>\n<meta property=\"og:type\" content=\"article\" \/>\n<meta property=\"og:title\" content=\"Cambridge English Qualifications - Bilingual\" \/>\n<meta property=\"og:description\" content=\"Bilingual Program &#8211; Cambridge English Qualifications Official Partner We are proud to announce that in 2024 the Bilingual Program became a British Council Advantage Premium Member.&nbsp; We&#8217;ve worked in conjunction with the British Council for many years to run Special Mock Cambridge Exams to prepare students for official Cambridge Exams at key points in their [&hellip;]\" \/>\n<meta property=\"og:url\" content=\"https:\/\/bilingual.hu\/en\/why-bilingual\/cambridge-english-qualifications\/\" \/>\n<meta property=\"og:site_name\" content=\"Bilingual\" \/>\n<meta property=\"article:publisher\" content=\"https:\/\/www.facebook.com\/bilingual.hu\" \/>\n<meta property=\"article:modified_time\" content=\"2025-03-21T15:52:58+00:00\" \/>\n<meta property=\"og:image\" content=\"https:\/\/bilingual.hu\/app\/uploads\/2025\/03\/British-Council-Advantage_Badge_Secondary_Premium-Member_RGB_Digital_PNG.png\" \/>\n<meta name=\"twitter:card\" content=\"summary_large_image\" \/>\n<meta name=\"twitter:label1\" content=\"Est. reading time\" \/>\n\t<meta name=\"twitter:data1\" content=\"5 minutes\" \/>\n<script type=\"application\/ld+json\" class=\"yoast-schema-graph\">{\"@context\":\"https:\/\/schema.org\",\"@graph\":[{\"@type\":\"WebPage\",\"@id\":\"https:\/\/bilingual.hu\/en\/why-bilingual\/cambridge-english-qualifications\/\",\"url\":\"https:\/\/bilingual.hu\/en\/why-bilingual\/cambridge-english-qualifications\/\",\"name\":\"Cambridge English Qualifications - Bilingual\",\"isPartOf\":{\"@id\":\"https:\/\/bilingual.hu\/en\/#website\"},\"primaryImageOfPage\":{\"@id\":\"https:\/\/bilingual.hu\/en\/why-bilingual\/cambridge-english-qualifications\/#primaryimage\"},\"image\":{\"@id\":\"https:\/\/bilingual.hu\/en\/why-bilingual\/cambridge-english-qualifications\/#primaryimage\"},\"thumbnailUrl\":\"https:\/\/bilingual.hu\/app\/uploads\/2025\/03\/British-Council-Advantage_Badge_Secondary_Premium-Member_RGB_Digital_PNG.png\",\"datePublished\":\"2024-07-31T12:00:44+00:00\",\"dateModified\":\"2025-03-21T15:52:58+00:00\",\"breadcrumb\":{\"@id\":\"https:\/\/bilingual.hu\/en\/why-bilingual\/cambridge-english-qualifications\/#breadcrumb\"},\"inLanguage\":\"en-US\",\"potentialAction\":[{\"@type\":\"ReadAction\",\"target\":[\"https:\/\/bilingual.hu\/en\/why-bilingual\/cambridge-english-qualifications\/\"]}]},{\"@type\":\"ImageObject\",\"inLanguage\":\"en-US\",\"@id\":\"https:\/\/bilingual.hu\/en\/why-bilingual\/cambridge-english-qualifications\/#primaryimage\",\"url\":\"https:\/\/bilingual.hu\/app\/uploads\/2025\/03\/British-Council-Advantage_Badge_Secondary_Premium-Member_RGB_Digital_PNG.png\",\"contentUrl\":\"https:\/\/bilingual.hu\/app\/uploads\/2025\/03\/British-Council-Advantage_Badge_Secondary_Premium-Member_RGB_Digital_PNG.png\"},{\"@type\":\"BreadcrumbList\",\"@id\":\"https:\/\/bilingual.hu\/en\/why-bilingual\/cambridge-english-qualifications\/#breadcrumb\",\"itemListElement\":[{\"@type\":\"ListItem\",\"position\":1,\"name\":\"&nbsp;\",\"item\":\"https:\/\/bilingual.hu\/en\/\"},{\"@type\":\"ListItem\",\"position\":2,\"name\":\"Why Bilingual?\",\"item\":\"https:\/\/bilingual.hu\/en\/why-bilingual\/\"},{\"@type\":\"ListItem\",\"position\":3,\"name\":\"Cambridge English Qualifications\"}]},{\"@type\":\"WebSite\",\"@id\":\"https:\/\/bilingual.hu\/en\/#website\",\"url\":\"https:\/\/bilingual.hu\/en\/\",\"name\":\"Bilingual\",\"description\":\"A Bilingual Program egy intenz\u00edv k\u00e9tnyelv\u0171 k\u00e9pz\u00e9s.\",\"publisher\":{\"@id\":\"https:\/\/bilingual.hu\/en\/#organization\"},\"potentialAction\":[{\"@type\":\"SearchAction\",\"target\":{\"@type\":\"EntryPoint\",\"urlTemplate\":\"https:\/\/bilingual.hu\/en\/?s={search_term_string}\"},\"query-input\":{\"@type\":\"PropertyValueSpecification\",\"valueRequired\":true,\"valueName\":\"search_term_string\"}}],\"inLanguage\":\"en-US\"},{\"@type\":\"Organization\",\"@id\":\"https:\/\/bilingual.hu\/en\/#organization\",\"name\":\"Bilingual\",\"url\":\"https:\/\/bilingual.hu\/en\/\",\"logo\":{\"@type\":\"ImageObject\",\"inLanguage\":\"en-US\",\"@id\":\"https:\/\/bilingual.hu\/en\/#\/schema\/logo\/image\/\",\"url\":\"https:\/\/bilingual.hu\/app\/uploads\/2024\/08\/Property-1Variant2.svg\",\"contentUrl\":\"https:\/\/bilingual.hu\/app\/uploads\/2024\/08\/Property-1Variant2.svg\",\"caption\":\"Bilingual\"},\"image\":{\"@id\":\"https:\/\/bilingual.hu\/en\/#\/schema\/logo\/image\/\"},\"sameAs\":[\"https:\/\/www.facebook.com\/bilingual.hu\",\"https:\/\/www.instagram.com\/bilingual.hu\/\",\"https:\/\/www.youtube.com\/channel\/UCr0fdfvgn1CRi0YwFT5LwEg\/videos\"]}]}<\/script>\n<!-- \/ Yoast SEO plugin. -->","yoast_head_json":{"title":"Cambridge English Qualifications - Bilingual","robots":{"index":"index","follow":"follow","max-snippet":"max-snippet:-1","max-image-preview":"max-image-preview:large","max-video-preview":"max-video-preview:-1"},"canonical":"https:\/\/bilingual.hu\/en\/why-bilingual\/cambridge-english-qualifications\/","og_locale":"en_US","og_type":"article","og_title":"Cambridge English Qualifications - Bilingual","og_description":"Bilingual Program &#8211; Cambridge English Qualifications Official Partner We are proud to announce that in 2024 the Bilingual Program became a British Council Advantage Premium Member.&nbsp; We&#8217;ve worked in conjunction with the British Council for many years to run Special Mock Cambridge Exams to prepare students for official Cambridge Exams at key points in their [&hellip;]","og_url":"https:\/\/bilingual.hu\/en\/why-bilingual\/cambridge-english-qualifications\/","og_site_name":"Bilingual","article_publisher":"https:\/\/www.facebook.com\/bilingual.hu","article_modified_time":"2025-03-21T15:52:58+00:00","og_image":[{"url":"https:\/\/bilingual.hu\/app\/uploads\/2025\/03\/British-Council-Advantage_Badge_Secondary_Premium-Member_RGB_Digital_PNG.png","type":"","width":"","height":""}],"twitter_card":"summary_large_image","twitter_misc":{"Est. reading time":"5 minutes"},"schema":{"@context":"https:\/\/schema.org","@graph":[{"@type":"WebPage","@id":"https:\/\/bilingual.hu\/en\/why-bilingual\/cambridge-english-qualifications\/","url":"https:\/\/bilingual.hu\/en\/why-bilingual\/cambridge-english-qualifications\/","name":"Cambridge English Qualifications - Bilingual","isPartOf":{"@id":"https:\/\/bilingual.hu\/en\/#website"},"primaryImageOfPage":{"@id":"https:\/\/bilingual.hu\/en\/why-bilingual\/cambridge-english-qualifications\/#primaryimage"},"image":{"@id":"https:\/\/bilingual.hu\/en\/why-bilingual\/cambridge-english-qualifications\/#primaryimage"},"thumbnailUrl":"https:\/\/bilingual.hu\/app\/uploads\/2025\/03\/British-Council-Advantage_Badge_Secondary_Premium-Member_RGB_Digital_PNG.png","datePublished":"2024-07-31T12:00:44+00:00","dateModified":"2025-03-21T15:52:58+00:00","breadcrumb":{"@id":"https:\/\/bilingual.hu\/en\/why-bilingual\/cambridge-english-qualifications\/#breadcrumb"},"inLanguage":"en-US","potentialAction":[{"@type":"ReadAction","target":["https:\/\/bilingual.hu\/en\/why-bilingual\/cambridge-english-qualifications\/"]}]},{"@type":"ImageObject","inLanguage":"en-US","@id":"https:\/\/bilingual.hu\/en\/why-bilingual\/cambridge-english-qualifications\/#primaryimage","url":"https:\/\/bilingual.hu\/app\/uploads\/2025\/03\/British-Council-Advantage_Badge_Secondary_Premium-Member_RGB_Digital_PNG.png","contentUrl":"https:\/\/bilingual.hu\/app\/uploads\/2025\/03\/British-Council-Advantage_Badge_Secondary_Premium-Member_RGB_Digital_PNG.png"},{"@type":"BreadcrumbList","@id":"https:\/\/bilingual.hu\/en\/why-bilingual\/cambridge-english-qualifications\/#breadcrumb","itemListElement":[{"@type":"ListItem","position":1,"name":"&nbsp;","item":"https:\/\/bilingual.hu\/en\/"},{"@type":"ListItem","position":2,"name":"Why Bilingual?","item":"https:\/\/bilingual.hu\/en\/why-bilingual\/"},{"@type":"ListItem","position":3,"name":"Cambridge English Qualifications"}]},{"@type":"WebSite","@id":"https:\/\/bilingual.hu\/en\/#website","url":"https:\/\/bilingual.hu\/en\/","name":"Bilingual","description":"A Bilingual Program egy intenz\u00edv k\u00e9tnyelv\u0171 k\u00e9pz\u00e9s.","publisher":{"@id":"https:\/\/bilingual.hu\/en\/#organization"},"potentialAction":[{"@type":"SearchAction","target":{"@type":"EntryPoint","urlTemplate":"https:\/\/bilingual.hu\/en\/?s={search_term_string}"},"query-input":{"@type":"PropertyValueSpecification","valueRequired":true,"valueName":"search_term_string"}}],"inLanguage":"en-US"},{"@type":"Organization","@id":"https:\/\/bilingual.hu\/en\/#organization","name":"Bilingual","url":"https:\/\/bilingual.hu\/en\/","logo":{"@type":"ImageObject","inLanguage":"en-US","@id":"https:\/\/bilingual.hu\/en\/#\/schema\/logo\/image\/","url":"https:\/\/bilingual.hu\/app\/uploads\/2024\/08\/Property-1Variant2.svg","contentUrl":"https:\/\/bilingual.hu\/app\/uploads\/2024\/08\/Property-1Variant2.svg","caption":"Bilingual"},"image":{"@id":"https:\/\/bilingual.hu\/en\/#\/schema\/logo\/image\/"},"sameAs":["https:\/\/www.facebook.com\/bilingual.hu","https:\/\/www.instagram.com\/bilingual.hu\/","https:\/\/www.youtube.com\/channel\/UCr0fdfvgn1CRi0YwFT5LwEg\/videos"]}]}},"_links":{"self":[{"href":"https:\/\/bilingual.hu\/en\/wp-json\/wp\/v2\/pages\/3173","targetHints":{"allow":["GET"]}}],"collection":[{"href":"https:\/\/bilingual.hu\/en\/wp-json\/wp\/v2\/pages"}],"about":[{"href":"https:\/\/bilingual.hu\/en\/wp-json\/wp\/v2\/types\/page"}],"author":[{"embeddable":true,"href":"https:\/\/bilingual.hu\/en\/wp-json\/wp\/v2\/users\/8"}],"replies":[{"embeddable":true,"href":"https:\/\/bilingual.hu\/en\/wp-json\/wp\/v2\/comments?post=3173"}],"version-history":[{"count":12,"href":"https:\/\/bilingual.hu\/en\/wp-json\/wp\/v2\/pages\/3173\/revisions"}],"predecessor-version":[{"id":8708,"href":"https:\/\/bilingual.hu\/en\/wp-json\/wp\/v2\/pages\/3173\/revisions\/8708"}],"up":[{"embeddable":true,"href":"https:\/\/bilingual.hu\/en\/wp-json\/wp\/v2\/pages\/1996"}],"wp:attachment":[{"href":"https:\/\/bilingual.hu\/en\/wp-json\/wp\/v2\/media?parent=3173"}],"curies":[{"name":"wp","href":"https:\/\/api.w.org\/{rel}","templated":true}]}}