{"id":2616,"date":"2024-06-28T15:24:14","date_gmt":"2024-06-28T13:24:14","guid":{"rendered":"https:\/\/bilingual.hu\/enrollment-info\/dokumentumtar\/"},"modified":"2026-03-30T12:41:54","modified_gmt":"2026-03-30T10:41:54","slug":"downloads","status":"publish","type":"page","link":"https:\/\/bilingual.hu\/en\/enrollment-info\/downloads\/","title":{"rendered":"Downloads"},"content":{"rendered":"\n<div class=\"wp-block-group alignwide has-global-padding is-layout-constrained wp-block-group-is-layout-constrained\" style=\"padding-top:var(--wp--preset--spacing--120);padding-bottom:var(--wp--preset--spacing--120)\">\n<div class=\"wp-block-group has-global-padding is-layout-constrained wp-block-group-is-layout-constrained\" style=\"padding-bottom:var(--wp--preset--spacing--110)\">\n<h2 class=\"wp-block-heading alignwide has-text-align-center has-primary-color has-text-color has-link-color has-h-1-font-size wp-elements-0eb4b385d8a4f777af913b2c6bd93150\">Downloads<\/h2>\n\n\n\n<p class=\"has-text-align-center\">You can find downloadable documents and forms here<\/p>\n\n\n<div class=\"yco-block-accordion YcoAccordionBlock is-layout-constrained  is-style-blue-accordion\"><ul class=\"accordion YcoAccordion isAccordion\"><li class=\"accordion__item\"><h2><em class=\"icon icon-plus\"><\/em>General Terms and Conditions<\/h2><span class=\"accordion__content\">\n<p><strong>General Terms and Conditions 2026<\/strong><\/p>\n\n\n\n<p>Effective from April 1, 2026<\/p>\n\n\n\n<p><a href=\"http:\/\/bilingual.hu\/gtc-2026\">General Terms and Conditions 2026<\/a><\/p>\n\n\n\n<p><a href=\"https:\/\/bilingual.hu\/app\/uploads\/2026\/03\/ASZF_1A-melleklet_Szolgaltatasi_Dijak_2026_2021-22-tol-uj-ugyfelek.pdf\">Appendix 1 \/ A<\/a><\/p>\n\n\n\n<p><a href=\"https:\/\/bilingual.hu\/app\/uploads\/2026\/03\/ASZF_1B_melleklet_Szolgaltatasi_Dijak_2026-2027_2021-2022-elott-csatlakozott-ugyfelek.pdf\">Appendix 1 \/ B<\/a><\/p>\n\n\n\n<p><a href=\"https:\/\/bilingual.hu\/app\/uploads\/2026\/03\/ASZF_1C_melleklet_Szolgaltatasi_Dijak_2026-2027_fizetesi-modok-es-hataridok.pdf\">Appendix 1 \/ C<\/a><\/p>\n\n\n\n<p><a href=\"https:\/\/bilingual.hu\/app\/uploads\/2026\/03\/ASZF_1D_melleklet_2026-2027.pdf\">Appendix 1 \/ D<\/a><\/p>\n\n\n\n<p><a href=\"https:\/\/bilingual.hu\/app\/uploads\/2026\/03\/ASZF-2.-melleklet_Partnerintezmenyek.pdf\">Appendix 2<\/a><\/p>\n\n\n\n<hr class=\"wp-block-separator has-alpha-channel-opacity\"\/>\n\n\n\n<p><strong>General Terms and Conditions 2025<\/strong><\/p>\n\n\n\n<p>Effective from April 1, 2025<\/p>\n\n\n\n<p><a href=\"https:\/\/bilingual.hu\/app\/uploads\/2025\/02\/aszf_2025.pdf\">General Terms and Conditions 2025 <\/a><\/p>\n\n\n\n<p><a href=\"https:\/\/bilingual.hu\/app\/uploads\/2025\/02\/ASZF_1A_melleklet_Szolgaltatasi_Dijak_2025_uj-ugyfelek.docx.pdf\">Appendix 1 \/ A<\/a><\/p>\n\n\n\n<p><a href=\"https:\/\/bilingual.hu\/app\/uploads\/2025\/02\/ASZF_1B_melleklet_Szolgaltatasi_Dijak_2025-2026_2021-2022-elott-csatlakozott-ugyfelek.docx.pdf\">Appendix 1 \/ B<\/a><\/p>\n\n\n\n<p><a href=\"https:\/\/bilingual.hu\/app\/uploads\/2025\/02\/ASZF_1C_melleklet_Szolgaltatasi_Dijak_2025-2026_fizetesi-modok-es-hataridok.docx.pdf\">Appendix 1 \/ C<\/a><\/p>\n\n\n\n<p><a href=\"https:\/\/bilingual.hu\/app\/uploads\/2025\/02\/ASZF-modositasok-2025.pdf\">General Terms and Conditions Update 2025 <\/a><\/p>\n\n\n\n<p><\/p>\n<\/span><\/li><\/ul><\/div>\n\n<div class=\"yco-block-accordion YcoAccordionBlock is-layout-constrained  is-style-blue-accordion\"><ul class=\"accordion YcoAccordion isAccordion\"><li class=\"accordion__item\"><h2><em class=\"icon icon-plus\"><\/em>Letter of Authorization for registration<\/h2><span class=\"accordion__content\">\n<p><a href=\"https:\/\/bilingual.hu\/app\/uploads\/2026\/04\/meghatalmazas-beiratkozashoz.pdf\">Letter of Authorization<\/a><\/p>\n\n\n\n<p><\/p>\n<\/span><\/li><\/ul><\/div>\n\n<div class=\"yco-block-accordion YcoAccordionBlock is-layout-constrained  is-style-blue-accordion\"><ul class=\"accordion YcoAccordion isAccordion\"><li class=\"accordion__item\"><h2><em class=\"icon icon-plus\"><\/em>Requesting modification, pausing or termination of the parents contract<\/h2><span class=\"accordion__content\">\n<p>You can request the updating of your data, changing the contract via the form below. You can only fill the data that you want to change, and leave the rest of the cells empty.<\/p>\n\n\n\n<div class=\"wp-block-buttons is-layout-flex wp-block-buttons-is-layout-flex\">\n<div class=\"wp-block-button is-style-blue-button\"><a class=\"wp-block-button__link wp-element-button\" href=\"https:\/\/bilingual.hu\/en\/amending-the-contract\/\">Amending the contract<\/a><\/div>\n<\/div>\n<\/span><\/li><\/ul><\/div>\n\n<div class=\"yco-block-accordion YcoAccordionBlock is-layout-constrained  is-style-blue-accordion\"><ul class=\"accordion YcoAccordion isAccordion\"><li class=\"accordion__item\"><h2><em class=\"icon icon-plus\"><\/em>Privacy policy<\/h2><span class=\"accordion__content\">\n<p><a href=\"https:\/\/bilingual.hu\/app\/uploads\/2024\/07\/adatkezelesi_tajekoztato_szerzodeses_partnereknek.pdf\" target=\"_blank\" rel=\"noreferrer noopener\">Privacy policy for clients<\/a><br><a href=\"https:\/\/bilingual.hu\/app\/uploads\/2024\/07\/adatkezelesi_tajekoztato_digitalis_munkarend_idejere.pdf\" target=\"_blank\" rel=\"noreferrer noopener\">Privacy policy for the digital teaching period<\/a><\/p>\n<\/span><\/li><\/ul><\/div>\n\n<div class=\"yco-block-accordion YcoAccordionBlock is-layout-constrained  is-style-blue-accordion\"><ul class=\"accordion YcoAccordion isAccordion\"><li class=\"accordion__item\"><h2><em class=\"icon icon-plus\"><\/em>Declaration forms for camp attendance<\/h2><span class=\"accordion__content\">\n<p><a href=\"https:\/\/bilingual.hu\/app\/uploads\/2024\/07\/Szuloi-nyilatkozatok-taborokhoz-foto-engedely-egeszsegi-allapot.docx\" target=\"_blank\" rel=\"noreferrer noopener\">Declaration forms for camp attendance<\/a><\/p>\n<\/span><\/li><\/ul><\/div>\n\n<div class=\"yco-block-accordion YcoAccordionBlock is-layout-constrained  is-style-blue-accordion\"><ul class=\"accordion YcoAccordion isAccordion\"><li class=\"accordion__item\"><h2><em class=\"icon icon-plus\"><\/em>Guide to the Contract<\/h2><span class=\"accordion__content\">\n<p><a href=\"https:\/\/bilingual.hu\/app\/uploads\/2024\/07\/bilingual-hu-guide-to-the-contract-eng-20181130.pdf\" target=\"_blank\" rel=\"noreferrer noopener\">Guide to the Contract<\/a><\/p>\n<\/span><\/li><\/ul><\/div>\n\n<div class=\"yco-block-accordion YcoAccordionBlock is-layout-constrained  is-style-blue-accordion\"><ul class=\"accordion YcoAccordion isAccordion\"><li class=\"accordion__item\"><h2><em class=\"icon icon-plus\"><\/em>How Do We Use Language Exams as a Comparison Tool?<\/h2><span class=\"accordion__content\">\n<p><a href=\"https:\/\/bilingual.hu\/app\/uploads\/2024\/07\/Description_Language_Exam_201403_EN_upd_201511-1.pdf\" target=\"_blank\" rel=\"noreferrer noopener\"><a href=\"https:\/\/bilingual.hu\/sites\/default\/files\/doc\/Description_Language_Exam_201403_EN_upd_201511.pdf\">Language exam description<\/a><\/a><\/p>\n<\/span><\/li><\/ul><\/div><\/div>\n\n\n\n<div class=\"wp-block-columns alignwide is-layout-flex wp-container-core-columns-is-layout-d9f6a26e wp-block-columns-is-layout-flex\" style=\"padding-top:var(--wp--preset--spacing--90);padding-bottom:var(--wp--preset--spacing--90)\">\n<div class=\"wp-block-column is-layout-flow wp-block-column-is-layout-flow\" style=\"flex-basis:50%\">\n<div class=\"wp-block-group has-contrast-color has-primary-background-color has-text-color has-background has-link-color wp-elements-91284e5428d70e2567cf51192774133c is-nowrap is-layout-flex wp-container-core-group-is-layout-1b23125d wp-block-group-is-layout-flex\" style=\"border-radius:24px;padding-top:var(--wp--preset--spacing--60);padding-right:var(--wp--preset--spacing--60);padding-bottom:var(--wp--preset--spacing--60);padding-left:var(--wp--preset--spacing--60)\">\n<div class=\"wp-block-group wp-container-content-3cf5a658 is-vertical is-layout-flex wp-container-core-group-is-layout-98bb686d wp-block-group-is-layout-flex\">\n<h3 class=\"wp-block-heading\">FAQ<\/h3>\n<\/div>\n\n\n\n<figure class=\"wp-block-image size-large is-resized\"><a href=\"https:\/\/bilingual.hu\/en\/enrollment-info\/faq\/\"><img loading=\"lazy\" decoding=\"async\" width=\"19\" height=\"19\" src=\"https:\/\/bilingual.hu\/app\/uploads\/2024\/06\/arrow-right.svg\" alt=\"\" class=\"wp-image-446\" style=\"aspect-ratio:1;object-fit:contain;width:72px\"\/><\/a><\/figure>\n<\/div>\n<\/div>\n\n\n\n<div class=\"wp-block-column is-layout-flow wp-block-column-is-layout-flow\" style=\"flex-basis:50%\">\n<div class=\"wp-block-group has-contrast-color has-secondary-background-color has-text-color has-background has-link-color wp-elements-6cfbb33ff7fb8e31e52d4c35eef6d93f is-nowrap is-layout-flex wp-container-core-group-is-layout-1b23125d wp-block-group-is-layout-flex\" style=\"border-radius:24px;padding-top:var(--wp--preset--spacing--60);padding-right:var(--wp--preset--spacing--60);padding-bottom:var(--wp--preset--spacing--60);padding-left:var(--wp--preset--spacing--60)\">\n<div class=\"wp-block-group wp-container-content-3cf5a658 is-vertical is-layout-flex wp-container-core-group-is-layout-98bb686d wp-block-group-is-layout-flex\">\n<h3 class=\"wp-block-heading\">Contact us<\/h3>\n<\/div>\n\n\n\n<figure class=\"wp-block-image size-large is-resized\"><a href=\"https:\/\/bilingual.hu\/en\/contact\/\"><img loading=\"lazy\" decoding=\"async\" width=\"19\" height=\"19\" src=\"https:\/\/bilingual.hu\/app\/uploads\/2024\/06\/arrow-right.svg\" alt=\"\" class=\"wp-image-446\" style=\"aspect-ratio:1;object-fit:contain;width:72px\"\/><\/a><\/figure>\n<\/div>\n<\/div>\n<\/div>\n<\/div>\n","protected":false},"excerpt":{"rendered":"<p>Downloads You can find downloadable documents and forms here FAQ Contact us<\/p>\n","protected":false},"author":8,"featured_media":0,"parent":2469,"menu_order":0,"comment_status":"closed","ping_status":"closed","template":"page-no-title","meta":{"_acf_changed":false,"footnotes":""},"class_list":["post-2616","page","type-page","status-publish","hentry"],"acf":[],"yoast_head":"<!-- This site is optimized with the Yoast SEO plugin v26.0 - https:\/\/yoast.com\/wordpress\/plugins\/seo\/ -->\n<title>Downloads - Bilingual<\/title>\n<meta name=\"robots\" content=\"index, follow, max-snippet:-1, max-image-preview:large, max-video-preview:-1\" \/>\n<link rel=\"canonical\" href=\"https:\/\/bilingual.hu\/en\/enrollment-info\/downloads\/\" \/>\n<meta property=\"og:locale\" content=\"en_US\" \/>\n<meta property=\"og:type\" content=\"article\" \/>\n<meta property=\"og:title\" content=\"Downloads - Bilingual\" \/>\n<meta property=\"og:description\" content=\"Downloads You can find downloadable documents and forms here FAQ Contact us\" \/>\n<meta property=\"og:url\" content=\"https:\/\/bilingual.hu\/en\/enrollment-info\/downloads\/\" \/>\n<meta property=\"og:site_name\" content=\"Bilingual\" \/>\n<meta property=\"article:publisher\" content=\"https:\/\/www.facebook.com\/bilingual.hu\" \/>\n<meta property=\"article:modified_time\" content=\"2026-03-30T10:41:54+00:00\" \/>\n<meta property=\"og:image\" content=\"https:\/\/bilingual.hu\/app\/uploads\/2025\/03\/bilingual-megosztasi-kep-en.jpg\" \/>\n\t<meta property=\"og:image:width\" content=\"2490\" \/>\n\t<meta property=\"og:image:height\" content=\"1438\" \/>\n\t<meta property=\"og:image:type\" content=\"image\/jpeg\" \/>\n<meta name=\"twitter:card\" content=\"summary_large_image\" \/>\n<meta name=\"twitter:label1\" content=\"Est. reading time\" \/>\n\t<meta name=\"twitter:data1\" content=\"1 minute\" \/>\n<script type=\"application\/ld+json\" class=\"yoast-schema-graph\">{\"@context\":\"https:\/\/schema.org\",\"@graph\":[{\"@type\":\"WebPage\",\"@id\":\"https:\/\/bilingual.hu\/en\/enrollment-info\/downloads\/\",\"url\":\"https:\/\/bilingual.hu\/en\/enrollment-info\/downloads\/\",\"name\":\"Downloads - Bilingual\",\"isPartOf\":{\"@id\":\"https:\/\/bilingual.hu\/en\/#website\"},\"primaryImageOfPage\":{\"@id\":\"https:\/\/bilingual.hu\/en\/enrollment-info\/downloads\/#primaryimage\"},\"image\":{\"@id\":\"https:\/\/bilingual.hu\/en\/enrollment-info\/downloads\/#primaryimage\"},\"thumbnailUrl\":\"https:\/\/bilingual.hu\/app\/uploads\/2024\/06\/arrow-right.svg\",\"datePublished\":\"2024-06-28T13:24:14+00:00\",\"dateModified\":\"2026-03-30T10:41:54+00:00\",\"breadcrumb\":{\"@id\":\"https:\/\/bilingual.hu\/en\/enrollment-info\/downloads\/#breadcrumb\"},\"inLanguage\":\"en-US\",\"potentialAction\":[{\"@type\":\"ReadAction\",\"target\":[\"https:\/\/bilingual.hu\/en\/enrollment-info\/downloads\/\"]}]},{\"@type\":\"ImageObject\",\"inLanguage\":\"en-US\",\"@id\":\"https:\/\/bilingual.hu\/en\/enrollment-info\/downloads\/#primaryimage\",\"url\":\"https:\/\/bilingual.hu\/app\/uploads\/2024\/06\/arrow-right.svg\",\"contentUrl\":\"https:\/\/bilingual.hu\/app\/uploads\/2024\/06\/arrow-right.svg\"},{\"@type\":\"BreadcrumbList\",\"@id\":\"https:\/\/bilingual.hu\/en\/enrollment-info\/downloads\/#breadcrumb\",\"itemListElement\":[{\"@type\":\"ListItem\",\"position\":1,\"name\":\"&nbsp;\",\"item\":\"https:\/\/bilingual.hu\/en\/\"},{\"@type\":\"ListItem\",\"position\":2,\"name\":\"Enrollment info\",\"item\":\"https:\/\/bilingual.hu\/en\/enrollment-info\/\"},{\"@type\":\"ListItem\",\"position\":3,\"name\":\"Downloads\"}]},{\"@type\":\"WebSite\",\"@id\":\"https:\/\/bilingual.hu\/en\/#website\",\"url\":\"https:\/\/bilingual.hu\/en\/\",\"name\":\"Bilingual\",\"description\":\"A Bilingual Program egy intenz\u00edv k\u00e9tnyelv\u0171 k\u00e9pz\u00e9s.\",\"publisher\":{\"@id\":\"https:\/\/bilingual.hu\/en\/#organization\"},\"potentialAction\":[{\"@type\":\"SearchAction\",\"target\":{\"@type\":\"EntryPoint\",\"urlTemplate\":\"https:\/\/bilingual.hu\/en\/?s={search_term_string}\"},\"query-input\":{\"@type\":\"PropertyValueSpecification\",\"valueRequired\":true,\"valueName\":\"search_term_string\"}}],\"inLanguage\":\"en-US\"},{\"@type\":\"Organization\",\"@id\":\"https:\/\/bilingual.hu\/en\/#organization\",\"name\":\"Bilingual\",\"url\":\"https:\/\/bilingual.hu\/en\/\",\"logo\":{\"@type\":\"ImageObject\",\"inLanguage\":\"en-US\",\"@id\":\"https:\/\/bilingual.hu\/en\/#\/schema\/logo\/image\/\",\"url\":\"https:\/\/bilingual.hu\/app\/uploads\/2024\/08\/Property-1Variant2.svg\",\"contentUrl\":\"https:\/\/bilingual.hu\/app\/uploads\/2024\/08\/Property-1Variant2.svg\",\"caption\":\"Bilingual\"},\"image\":{\"@id\":\"https:\/\/bilingual.hu\/en\/#\/schema\/logo\/image\/\"},\"sameAs\":[\"https:\/\/www.facebook.com\/bilingual.hu\",\"https:\/\/www.instagram.com\/bilingual.hu\/\",\"https:\/\/www.youtube.com\/channel\/UCr0fdfvgn1CRi0YwFT5LwEg\/videos\"]}]}<\/script>\n<!-- \/ Yoast SEO plugin. -->","yoast_head_json":{"title":"Downloads - Bilingual","robots":{"index":"index","follow":"follow","max-snippet":"max-snippet:-1","max-image-preview":"max-image-preview:large","max-video-preview":"max-video-preview:-1"},"canonical":"https:\/\/bilingual.hu\/en\/enrollment-info\/downloads\/","og_locale":"en_US","og_type":"article","og_title":"Downloads - Bilingual","og_description":"Downloads You can find downloadable documents and forms here FAQ Contact us","og_url":"https:\/\/bilingual.hu\/en\/enrollment-info\/downloads\/","og_site_name":"Bilingual","article_publisher":"https:\/\/www.facebook.com\/bilingual.hu","article_modified_time":"2026-03-30T10:41:54+00:00","og_image":[{"width":2490,"height":1438,"url":"https:\/\/bilingual.hu\/app\/uploads\/2025\/03\/bilingual-megosztasi-kep-en.jpg","type":"image\/jpeg"}],"twitter_card":"summary_large_image","twitter_misc":{"Est. reading time":"1 minute"},"schema":{"@context":"https:\/\/schema.org","@graph":[{"@type":"WebPage","@id":"https:\/\/bilingual.hu\/en\/enrollment-info\/downloads\/","url":"https:\/\/bilingual.hu\/en\/enrollment-info\/downloads\/","name":"Downloads - Bilingual","isPartOf":{"@id":"https:\/\/bilingual.hu\/en\/#website"},"primaryImageOfPage":{"@id":"https:\/\/bilingual.hu\/en\/enrollment-info\/downloads\/#primaryimage"},"image":{"@id":"https:\/\/bilingual.hu\/en\/enrollment-info\/downloads\/#primaryimage"},"thumbnailUrl":"https:\/\/bilingual.hu\/app\/uploads\/2024\/06\/arrow-right.svg","datePublished":"2024-06-28T13:24:14+00:00","dateModified":"2026-03-30T10:41:54+00:00","breadcrumb":{"@id":"https:\/\/bilingual.hu\/en\/enrollment-info\/downloads\/#breadcrumb"},"inLanguage":"en-US","potentialAction":[{"@type":"ReadAction","target":["https:\/\/bilingual.hu\/en\/enrollment-info\/downloads\/"]}]},{"@type":"ImageObject","inLanguage":"en-US","@id":"https:\/\/bilingual.hu\/en\/enrollment-info\/downloads\/#primaryimage","url":"https:\/\/bilingual.hu\/app\/uploads\/2024\/06\/arrow-right.svg","contentUrl":"https:\/\/bilingual.hu\/app\/uploads\/2024\/06\/arrow-right.svg"},{"@type":"BreadcrumbList","@id":"https:\/\/bilingual.hu\/en\/enrollment-info\/downloads\/#breadcrumb","itemListElement":[{"@type":"ListItem","position":1,"name":"&nbsp;","item":"https:\/\/bilingual.hu\/en\/"},{"@type":"ListItem","position":2,"name":"Enrollment info","item":"https:\/\/bilingual.hu\/en\/enrollment-info\/"},{"@type":"ListItem","position":3,"name":"Downloads"}]},{"@type":"WebSite","@id":"https:\/\/bilingual.hu\/en\/#website","url":"https:\/\/bilingual.hu\/en\/","name":"Bilingual","description":"A Bilingual Program egy intenz\u00edv k\u00e9tnyelv\u0171 k\u00e9pz\u00e9s.","publisher":{"@id":"https:\/\/bilingual.hu\/en\/#organization"},"potentialAction":[{"@type":"SearchAction","target":{"@type":"EntryPoint","urlTemplate":"https:\/\/bilingual.hu\/en\/?s={search_term_string}"},"query-input":{"@type":"PropertyValueSpecification","valueRequired":true,"valueName":"search_term_string"}}],"inLanguage":"en-US"},{"@type":"Organization","@id":"https:\/\/bilingual.hu\/en\/#organization","name":"Bilingual","url":"https:\/\/bilingual.hu\/en\/","logo":{"@type":"ImageObject","inLanguage":"en-US","@id":"https:\/\/bilingual.hu\/en\/#\/schema\/logo\/image\/","url":"https:\/\/bilingual.hu\/app\/uploads\/2024\/08\/Property-1Variant2.svg","contentUrl":"https:\/\/bilingual.hu\/app\/uploads\/2024\/08\/Property-1Variant2.svg","caption":"Bilingual"},"image":{"@id":"https:\/\/bilingual.hu\/en\/#\/schema\/logo\/image\/"},"sameAs":["https:\/\/www.facebook.com\/bilingual.hu","https:\/\/www.instagram.com\/bilingual.hu\/","https:\/\/www.youtube.com\/channel\/UCr0fdfvgn1CRi0YwFT5LwEg\/videos"]}]}},"_links":{"self":[{"href":"https:\/\/bilingual.hu\/en\/wp-json\/wp\/v2\/pages\/2616","targetHints":{"allow":["GET"]}}],"collection":[{"href":"https:\/\/bilingual.hu\/en\/wp-json\/wp\/v2\/pages"}],"about":[{"href":"https:\/\/bilingual.hu\/en\/wp-json\/wp\/v2\/types\/page"}],"author":[{"embeddable":true,"href":"https:\/\/bilingual.hu\/en\/wp-json\/wp\/v2\/users\/8"}],"replies":[{"embeddable":true,"href":"https:\/\/bilingual.hu\/en\/wp-json\/wp\/v2\/comments?post=2616"}],"version-history":[{"count":4,"href":"https:\/\/bilingual.hu\/en\/wp-json\/wp\/v2\/pages\/2616\/revisions"}],"predecessor-version":[{"id":10237,"href":"https:\/\/bilingual.hu\/en\/wp-json\/wp\/v2\/pages\/2616\/revisions\/10237"}],"up":[{"embeddable":true,"href":"https:\/\/bilingual.hu\/en\/wp-json\/wp\/v2\/pages\/2469"}],"wp:attachment":[{"href":"https:\/\/bilingual.hu\/en\/wp-json\/wp\/v2\/media?parent=2616"}],"curies":[{"name":"wp","href":"https:\/\/api.w.org\/{rel}","templated":true}]}}