{"id":2471,"date":"2024-06-20T15:13:10","date_gmt":"2024-06-20T13:13:10","guid":{"rendered":"https:\/\/bilingual.hu\/rolunk\/"},"modified":"2024-08-20T09:41:04","modified_gmt":"2024-08-20T07:41:04","slug":"about-us","status":"publish","type":"page","link":"https:\/\/bilingual.hu\/en\/about-us\/","title":{"rendered":"About us"},"content":{"rendered":"\n<div class=\"wp-block-group alignfull collection-menu is-layout-flow wp-block-group-is-layout-flow\" style=\"padding-top:var(--wp--preset--spacing--120);padding-bottom:var(--wp--preset--spacing--120)\">\n<div class=\"wp-block-group alignwide is-layout-flow wp-block-group-is-layout-flow\">\n<h1 class=\"wp-block-heading has-text-align-center has-primary-color has-text-color has-link-color has-4-x-large-font-size wp-elements-c4b0b53d68a0f07d57c1d47fda7e1ebd\">About us<\/h1>\n\n\n\n<div class=\"wp-block-group has-global-padding is-layout-constrained wp-block-group-is-layout-constrained\" style=\"margin-bottom:var(--wp--preset--spacing--110)\"><\/div>\n<\/div>\n\n\n\n<div class=\"wp-block-cover alignfull is-light\"><span aria-hidden=\"true\" class=\"wp-block-cover__background has-contrast-background-color has-background-dim-100 has-background-dim\"><\/span><img decoding=\"async\" class=\"wp-block-cover__image-background wp-image-587\" alt=\"\" src=\"https:\/\/bilingual.hu\/app\/themes\/bilingual\/dist\/images\/ornament-wave.svg\" style=\"object-position:50% 0%\" data-object-fit=\"cover\" data-object-position=\"50% 0%\"\/><div class=\"wp-block-cover__inner-container has-global-padding is-layout-constrained wp-block-cover-is-layout-constrained\">\n<div class=\"wp-block-group alignwide CollectionMenu is-content-justification-center is-layout-flex wp-container-core-group-is-layout-1d5b6e68 wp-block-group-is-layout-flex\" style=\"margin-bottom:var(--wp--preset--spacing--110)\">\n<div class=\"wp-block-group wp-container-content-bb43825f is-layout-flow wp-block-group-is-layout-flow\" style=\"min-height:306px\">\n<div class=\"wp-block-group has-global-padding is-layout-constrained wp-container-core-group-is-layout-97829e9f wp-block-group-is-layout-constrained\" style=\"padding-right:var(--wp--preset--spacing--40);padding-left:var(--wp--preset--spacing--40)\">\n<figure class=\"wp-block-image aligncenter size-full is-resized\"><a href=\"https:\/\/bilingual.hu\/en\/about-us\/our-teachers-staff\/\"><img loading=\"lazy\" decoding=\"async\" width=\"635\" height=\"635\" src=\"https:\/\/bilingual.hu\/app\/uploads\/2024\/07\/tanaraink-munkatarsaink.png\" alt=\"\" class=\"wp-image-2757\" style=\"aspect-ratio:1;object-fit:cover;width:220px\" srcset=\"https:\/\/bilingual.hu\/app\/uploads\/2024\/07\/tanaraink-munkatarsaink.png 635w, https:\/\/bilingual.hu\/app\/uploads\/2024\/07\/tanaraink-munkatarsaink-300x300.png 300w, https:\/\/bilingual.hu\/app\/uploads\/2024\/07\/tanaraink-munkatarsaink-150x150.png 150w\" sizes=\"auto, (max-width: 635px) 100vw, 635px\" \/><\/a><\/figure>\n<\/div>\n\n\n\n<div class=\"wp-block-group has-global-padding is-layout-constrained wp-container-core-group-is-layout-ff778368 wp-block-group-is-layout-constrained\" style=\"padding-right:var(--wp--preset--spacing--30);padding-left:var(--wp--preset--spacing--30)\">\n<h3 class=\"wp-block-heading has-text-align-center is-style-default has-primary-color has-text-color has-link-color has-2-x-large-font-size wp-elements-fde770b2faf47f46385b8d041efd1e48\" style=\"margin-top:var(--wp--preset--spacing--40);margin-right:0;margin-bottom:var(--wp--preset--spacing--30);margin-left:0;padding-top:0;padding-right:0;padding-bottom:0;padding-left:0\"><a href=\"https:\/\/bilingual.hu\/en\/about-us\/our-teachers-staff\/\">Teachers, staff<\/a><\/h3>\n\n\n\n<p class=\"has-text-align-center has-secondary-color has-text-color has-link-color has-normal-font-size wp-elements-a2d4995d74cc47457d6e0eee32e2f8ff\" style=\"font-style:normal;font-weight:800\"><a href=\"https:\/\/bilingual.hu\/en\/about-us\/our-teachers-staff\/\">More<\/a><\/p>\n<\/div>\n<\/div>\n\n\n\n<div class=\"wp-block-group wp-container-content-bb43825f is-layout-flow wp-block-group-is-layout-flow\" style=\"min-height:306px\">\n<div class=\"wp-block-group has-global-padding is-layout-constrained wp-container-core-group-is-layout-97829e9f wp-block-group-is-layout-constrained\" style=\"padding-right:var(--wp--preset--spacing--40);padding-left:var(--wp--preset--spacing--40)\">\n<figure class=\"wp-block-image aligncenter size-full is-resized\"><a href=\"https:\/\/bilingual.hu\/en\/about-us\/news\"><img loading=\"lazy\" decoding=\"async\" width=\"635\" height=\"635\" src=\"https:\/\/bilingual.hu\/app\/uploads\/2024\/07\/hirek-aktualitasok.png\" alt=\"\" class=\"wp-image-2759\" style=\"aspect-ratio:1;object-fit:cover;width:220px\" srcset=\"https:\/\/bilingual.hu\/app\/uploads\/2024\/07\/hirek-aktualitasok.png 635w, https:\/\/bilingual.hu\/app\/uploads\/2024\/07\/hirek-aktualitasok-300x300.png 300w, https:\/\/bilingual.hu\/app\/uploads\/2024\/07\/hirek-aktualitasok-150x150.png 150w\" sizes=\"auto, (max-width: 635px) 100vw, 635px\" \/><\/a><\/figure>\n<\/div>\n\n\n\n<div class=\"wp-block-group has-global-padding is-layout-constrained wp-container-core-group-is-layout-ff778368 wp-block-group-is-layout-constrained\" style=\"padding-right:var(--wp--preset--spacing--30);padding-left:var(--wp--preset--spacing--30)\">\n<h3 class=\"wp-block-heading has-text-align-center is-style-default has-primary-color has-text-color has-link-color has-2-x-large-font-size wp-elements-0347d40980a68ee986a15eaf6e35e5b4\" style=\"margin-top:var(--wp--preset--spacing--40);margin-right:0;margin-bottom:var(--wp--preset--spacing--30);margin-left:0;padding-top:0;padding-right:0;padding-bottom:0;padding-left:0\"><a href=\"https:\/\/bilingual.hu\/en\/about-us\/news\">News<\/a><\/h3>\n\n\n\n<p class=\"has-text-align-center has-secondary-color has-text-color has-link-color has-normal-font-size wp-elements-c0289310f6b3d83be3b053fc42e8e1b5\" style=\"font-style:normal;font-weight:800\"><a href=\"https:\/\/bilingual.hu\/en\/about-us\/news\">More<\/a><\/p>\n<\/div>\n<\/div>\n\n\n\n<div class=\"wp-block-group wp-container-content-bb43825f is-layout-flow wp-block-group-is-layout-flow\" style=\"min-height:306px\">\n<div class=\"wp-block-group has-global-padding is-layout-constrained wp-container-core-group-is-layout-97829e9f wp-block-group-is-layout-constrained\" style=\"padding-right:var(--wp--preset--spacing--40);padding-left:var(--wp--preset--spacing--40)\">\n<figure class=\"wp-block-image aligncenter size-full is-resized\"><a href=\"https:\/\/bilingual.hu\/en\/about-us\/gallery\/\"><img loading=\"lazy\" decoding=\"async\" width=\"635\" height=\"635\" src=\"https:\/\/bilingual.hu\/app\/uploads\/2024\/07\/galeria-video.png\" alt=\"\" class=\"wp-image-2761\" style=\"aspect-ratio:1;object-fit:cover;width:220px\" srcset=\"https:\/\/bilingual.hu\/app\/uploads\/2024\/07\/galeria-video.png 635w, https:\/\/bilingual.hu\/app\/uploads\/2024\/07\/galeria-video-300x300.png 300w, https:\/\/bilingual.hu\/app\/uploads\/2024\/07\/galeria-video-150x150.png 150w\" sizes=\"auto, (max-width: 635px) 100vw, 635px\" \/><\/a><\/figure>\n<\/div>\n\n\n\n<div class=\"wp-block-group has-global-padding is-layout-constrained wp-container-core-group-is-layout-ff778368 wp-block-group-is-layout-constrained\" style=\"padding-right:var(--wp--preset--spacing--30);padding-left:var(--wp--preset--spacing--30)\">\n<h3 class=\"wp-block-heading has-text-align-center is-style-default has-primary-color has-text-color has-link-color has-2-x-large-font-size wp-elements-92ccdfde35d2071af8cee2d583911426\" style=\"margin-top:var(--wp--preset--spacing--40);margin-right:0;margin-bottom:var(--wp--preset--spacing--30);margin-left:0;padding-top:0;padding-right:0;padding-bottom:0;padding-left:0\"><a href=\"https:\/\/bilingual.hu\/en\/about-us\/gallery\/\">Gallery<\/a><\/h3>\n\n\n\n<p class=\"has-text-align-center has-secondary-color has-text-color has-link-color has-normal-font-size wp-elements-f10fe49fb9e1f39aab498d7c17666adb\" style=\"font-style:normal;font-weight:800\"><a href=\"https:\/\/bilingual.hu\/en\/about-us\/gallery\/\">More<\/a><\/p>\n<\/div>\n<\/div>\n\n\n\n<div class=\"wp-block-group wp-container-content-bb43825f is-layout-flow wp-block-group-is-layout-flow\" style=\"min-height:306px\">\n<div class=\"wp-block-group has-global-padding is-layout-constrained wp-container-core-group-is-layout-97829e9f wp-block-group-is-layout-constrained\" style=\"padding-right:var(--wp--preset--spacing--40);padding-left:var(--wp--preset--spacing--40)\">\n<figure class=\"wp-block-image aligncenter size-full is-resized\"><a href=\"https:\/\/bilingual.hu\/en\/about-us\/testimonials\/\"><img loading=\"lazy\" decoding=\"async\" width=\"635\" height=\"635\" src=\"https:\/\/bilingual.hu\/app\/uploads\/2024\/07\/rolunk-mondtak.png\" alt=\"\" class=\"wp-image-2764\" style=\"aspect-ratio:1;object-fit:cover;width:220px\" srcset=\"https:\/\/bilingual.hu\/app\/uploads\/2024\/07\/rolunk-mondtak.png 635w, https:\/\/bilingual.hu\/app\/uploads\/2024\/07\/rolunk-mondtak-300x300.png 300w, https:\/\/bilingual.hu\/app\/uploads\/2024\/07\/rolunk-mondtak-150x150.png 150w\" sizes=\"auto, (max-width: 635px) 100vw, 635px\" \/><\/a><\/figure>\n<\/div>\n\n\n\n<div class=\"wp-block-group has-global-padding is-layout-constrained wp-container-core-group-is-layout-ff778368 wp-block-group-is-layout-constrained\" style=\"padding-right:var(--wp--preset--spacing--30);padding-left:var(--wp--preset--spacing--30)\">\n<h3 class=\"wp-block-heading has-text-align-center is-style-default has-primary-color has-text-color has-link-color has-2-x-large-font-size wp-elements-0f519eb3b98b13d7ca3c563a2829603e\" style=\"margin-top:var(--wp--preset--spacing--40);margin-right:0;margin-bottom:var(--wp--preset--spacing--30);margin-left:0;padding-top:0;padding-right:0;padding-bottom:0;padding-left:0\"><a href=\"https:\/\/bilingual.hu\/en\/about-us\/testimonials\/\">Testimonials<\/a><\/h3>\n\n\n\n<p class=\"has-text-align-center has-secondary-color has-text-color has-link-color has-normal-font-size wp-elements-2e417a3cb473313e016b46115bf11cb4\" style=\"font-style:normal;font-weight:800\"><a href=\"https:\/\/bilingual.hu\/en\/about-us\/testimonials\/\">More<\/a><\/p>\n<\/div>\n<\/div>\n<\/div>\n<\/div><\/div>\n\n\n\n<div class=\"wp-block-group alignwide has-global-padding is-layout-constrained wp-block-group-is-layout-constrained\">\n<div class=\"wp-block-group alignwide collection-menu-cta has-primary-background-color has-background is-content-justification-space-between is-nowrap is-layout-flex wp-container-core-group-is-layout-f655fa0f wp-block-group-is-layout-flex\" style=\"border-radius:24px;padding-top:var(--wp--preset--spacing--60);padding-right:var(--wp--preset--spacing--60);padding-bottom:var(--wp--preset--spacing--60);padding-left:var(--wp--preset--spacing--60)\">\n<div class=\"wp-block-group is-vertical is-layout-flex wp-container-core-group-is-layout-98bb686d wp-block-group-is-layout-flex\" style=\"border-style:none;border-width:0px;border-radius:0px\">\n<h3 class=\"wp-block-heading has-contrast-color has-text-color has-link-color wp-elements-36c3a09aa70837e7b6f0f62449110aed\">Watch us in action<\/h3>\n\n\n\n<p class=\"has-contrast-color has-text-color has-link-color wp-elements-cf15e7add31f2aa450d4588aa2e9d9d0\">Watch our short videos to get an insight into the lessons and sessions.<\/p>\n<\/div>\n\n\n\n<figure class=\"wp-block-image size-large is-resized\"><a href=\"https:\/\/bilingual.hu\/en\/why-bilingual\/watch-us-in-action\/\"><img decoding=\"async\" src=\"https:\/\/bilingual.hu\/app\/themes\/bilingual\/dist\/images\/icons\/arrow-right-negative.svg\" alt=\"ny\u00edl jobbra negat\u00edv\" class=\"wp-image-446\" style=\"aspect-ratio:1;object-fit:cover;width:72px\"\/><\/a><\/figure>\n<\/div>\n<\/div>\n<\/div>\n","protected":false},"excerpt":{"rendered":"<p>About us Watch us in action Watch our short videos to get an insight into the lessons and sessions.<\/p>\n","protected":false},"author":8,"featured_media":0,"parent":0,"menu_order":0,"comment_status":"closed","ping_status":"closed","template":"page-no-title-social","meta":{"_acf_changed":false,"footnotes":""},"class_list":["post-2471","page","type-page","status-publish","hentry"],"acf":[],"yoast_head":"<!-- This site is optimized with the Yoast SEO plugin v26.0 - https:\/\/yoast.com\/wordpress\/plugins\/seo\/ -->\n<title>About us - Bilingual<\/title>\n<meta name=\"robots\" content=\"index, follow, max-snippet:-1, max-image-preview:large, max-video-preview:-1\" \/>\n<link rel=\"canonical\" href=\"https:\/\/bilingual.hu\/en\/about-us\/\" \/>\n<meta property=\"og:locale\" content=\"en_US\" \/>\n<meta property=\"og:type\" content=\"article\" \/>\n<meta property=\"og:title\" content=\"About us - Bilingual\" \/>\n<meta property=\"og:description\" content=\"About us Watch us in action Watch our short videos to get an insight into the lessons and sessions.\" \/>\n<meta property=\"og:url\" content=\"https:\/\/bilingual.hu\/en\/about-us\/\" \/>\n<meta property=\"og:site_name\" content=\"Bilingual\" \/>\n<meta property=\"article:publisher\" content=\"https:\/\/www.facebook.com\/bilingual.hu\" \/>\n<meta property=\"article:modified_time\" content=\"2024-08-20T07:41:04+00:00\" \/>\n<meta property=\"og:image\" content=\"https:\/\/bilingual.hu\/app\/themes\/bilingual\/dist\/images\/ornament-wave.svg\" \/>\n<meta name=\"twitter:card\" content=\"summary_large_image\" \/>\n<meta name=\"twitter:label1\" content=\"Est. reading time\" \/>\n\t<meta name=\"twitter:data1\" content=\"2 minutes\" \/>\n<script type=\"application\/ld+json\" class=\"yoast-schema-graph\">{\"@context\":\"https:\/\/schema.org\",\"@graph\":[{\"@type\":\"WebPage\",\"@id\":\"https:\/\/bilingual.hu\/en\/about-us\/\",\"url\":\"https:\/\/bilingual.hu\/en\/about-us\/\",\"name\":\"About us - Bilingual\",\"isPartOf\":{\"@id\":\"https:\/\/bilingual.hu\/en\/#website\"},\"primaryImageOfPage\":{\"@id\":\"https:\/\/bilingual.hu\/en\/about-us\/#primaryimage\"},\"image\":{\"@id\":\"https:\/\/bilingual.hu\/en\/about-us\/#primaryimage\"},\"thumbnailUrl\":\"https:\/\/bilingual.hu\/app\/themes\/bilingual\/dist\/images\/ornament-wave.svg\",\"datePublished\":\"2024-06-20T13:13:10+00:00\",\"dateModified\":\"2024-08-20T07:41:04+00:00\",\"breadcrumb\":{\"@id\":\"https:\/\/bilingual.hu\/en\/about-us\/#breadcrumb\"},\"inLanguage\":\"en-US\",\"potentialAction\":[{\"@type\":\"ReadAction\",\"target\":[\"https:\/\/bilingual.hu\/en\/about-us\/\"]}]},{\"@type\":\"ImageObject\",\"inLanguage\":\"en-US\",\"@id\":\"https:\/\/bilingual.hu\/en\/about-us\/#primaryimage\",\"url\":\"https:\/\/bilingual.hu\/app\/themes\/bilingual\/dist\/images\/ornament-wave.svg\",\"contentUrl\":\"https:\/\/bilingual.hu\/app\/themes\/bilingual\/dist\/images\/ornament-wave.svg\"},{\"@type\":\"BreadcrumbList\",\"@id\":\"https:\/\/bilingual.hu\/en\/about-us\/#breadcrumb\",\"itemListElement\":[{\"@type\":\"ListItem\",\"position\":1,\"name\":\"&nbsp;\",\"item\":\"https:\/\/bilingual.hu\/en\/\"},{\"@type\":\"ListItem\",\"position\":2,\"name\":\"About us\"}]},{\"@type\":\"WebSite\",\"@id\":\"https:\/\/bilingual.hu\/en\/#website\",\"url\":\"https:\/\/bilingual.hu\/en\/\",\"name\":\"Bilingual\",\"description\":\"A Bilingual Program egy intenz\u00edv k\u00e9tnyelv\u0171 k\u00e9pz\u00e9s.\",\"publisher\":{\"@id\":\"https:\/\/bilingual.hu\/en\/#organization\"},\"potentialAction\":[{\"@type\":\"SearchAction\",\"target\":{\"@type\":\"EntryPoint\",\"urlTemplate\":\"https:\/\/bilingual.hu\/en\/?s={search_term_string}\"},\"query-input\":{\"@type\":\"PropertyValueSpecification\",\"valueRequired\":true,\"valueName\":\"search_term_string\"}}],\"inLanguage\":\"en-US\"},{\"@type\":\"Organization\",\"@id\":\"https:\/\/bilingual.hu\/en\/#organization\",\"name\":\"Bilingual\",\"url\":\"https:\/\/bilingual.hu\/en\/\",\"logo\":{\"@type\":\"ImageObject\",\"inLanguage\":\"en-US\",\"@id\":\"https:\/\/bilingual.hu\/en\/#\/schema\/logo\/image\/\",\"url\":\"https:\/\/bilingual.hu\/app\/uploads\/2024\/08\/Property-1Variant2.svg\",\"contentUrl\":\"https:\/\/bilingual.hu\/app\/uploads\/2024\/08\/Property-1Variant2.svg\",\"caption\":\"Bilingual\"},\"image\":{\"@id\":\"https:\/\/bilingual.hu\/en\/#\/schema\/logo\/image\/\"},\"sameAs\":[\"https:\/\/www.facebook.com\/bilingual.hu\",\"https:\/\/www.instagram.com\/bilingual.hu\/\",\"https:\/\/www.youtube.com\/channel\/UCr0fdfvgn1CRi0YwFT5LwEg\/videos\"]}]}<\/script>\n<!-- \/ Yoast SEO plugin. -->","yoast_head_json":{"title":"About us - Bilingual","robots":{"index":"index","follow":"follow","max-snippet":"max-snippet:-1","max-image-preview":"max-image-preview:large","max-video-preview":"max-video-preview:-1"},"canonical":"https:\/\/bilingual.hu\/en\/about-us\/","og_locale":"en_US","og_type":"article","og_title":"About us - Bilingual","og_description":"About us Watch us in action Watch our short videos to get an insight into the lessons and sessions.","og_url":"https:\/\/bilingual.hu\/en\/about-us\/","og_site_name":"Bilingual","article_publisher":"https:\/\/www.facebook.com\/bilingual.hu","article_modified_time":"2024-08-20T07:41:04+00:00","og_image":[{"url":"https:\/\/bilingual.hu\/app\/themes\/bilingual\/dist\/images\/ornament-wave.svg","type":"","width":"","height":""}],"twitter_card":"summary_large_image","twitter_misc":{"Est. reading time":"2 minutes"},"schema":{"@context":"https:\/\/schema.org","@graph":[{"@type":"WebPage","@id":"https:\/\/bilingual.hu\/en\/about-us\/","url":"https:\/\/bilingual.hu\/en\/about-us\/","name":"About us - Bilingual","isPartOf":{"@id":"https:\/\/bilingual.hu\/en\/#website"},"primaryImageOfPage":{"@id":"https:\/\/bilingual.hu\/en\/about-us\/#primaryimage"},"image":{"@id":"https:\/\/bilingual.hu\/en\/about-us\/#primaryimage"},"thumbnailUrl":"https:\/\/bilingual.hu\/app\/themes\/bilingual\/dist\/images\/ornament-wave.svg","datePublished":"2024-06-20T13:13:10+00:00","dateModified":"2024-08-20T07:41:04+00:00","breadcrumb":{"@id":"https:\/\/bilingual.hu\/en\/about-us\/#breadcrumb"},"inLanguage":"en-US","potentialAction":[{"@type":"ReadAction","target":["https:\/\/bilingual.hu\/en\/about-us\/"]}]},{"@type":"ImageObject","inLanguage":"en-US","@id":"https:\/\/bilingual.hu\/en\/about-us\/#primaryimage","url":"https:\/\/bilingual.hu\/app\/themes\/bilingual\/dist\/images\/ornament-wave.svg","contentUrl":"https:\/\/bilingual.hu\/app\/themes\/bilingual\/dist\/images\/ornament-wave.svg"},{"@type":"BreadcrumbList","@id":"https:\/\/bilingual.hu\/en\/about-us\/#breadcrumb","itemListElement":[{"@type":"ListItem","position":1,"name":"&nbsp;","item":"https:\/\/bilingual.hu\/en\/"},{"@type":"ListItem","position":2,"name":"About us"}]},{"@type":"WebSite","@id":"https:\/\/bilingual.hu\/en\/#website","url":"https:\/\/bilingual.hu\/en\/","name":"Bilingual","description":"A Bilingual Program egy intenz\u00edv k\u00e9tnyelv\u0171 k\u00e9pz\u00e9s.","publisher":{"@id":"https:\/\/bilingual.hu\/en\/#organization"},"potentialAction":[{"@type":"SearchAction","target":{"@type":"EntryPoint","urlTemplate":"https:\/\/bilingual.hu\/en\/?s={search_term_string}"},"query-input":{"@type":"PropertyValueSpecification","valueRequired":true,"valueName":"search_term_string"}}],"inLanguage":"en-US"},{"@type":"Organization","@id":"https:\/\/bilingual.hu\/en\/#organization","name":"Bilingual","url":"https:\/\/bilingual.hu\/en\/","logo":{"@type":"ImageObject","inLanguage":"en-US","@id":"https:\/\/bilingual.hu\/en\/#\/schema\/logo\/image\/","url":"https:\/\/bilingual.hu\/app\/uploads\/2024\/08\/Property-1Variant2.svg","contentUrl":"https:\/\/bilingual.hu\/app\/uploads\/2024\/08\/Property-1Variant2.svg","caption":"Bilingual"},"image":{"@id":"https:\/\/bilingual.hu\/en\/#\/schema\/logo\/image\/"},"sameAs":["https:\/\/www.facebook.com\/bilingual.hu","https:\/\/www.instagram.com\/bilingual.hu\/","https:\/\/www.youtube.com\/channel\/UCr0fdfvgn1CRi0YwFT5LwEg\/videos"]}]}},"_links":{"self":[{"href":"https:\/\/bilingual.hu\/en\/wp-json\/wp\/v2\/pages\/2471","targetHints":{"allow":["GET"]}}],"collection":[{"href":"https:\/\/bilingual.hu\/en\/wp-json\/wp\/v2\/pages"}],"about":[{"href":"https:\/\/bilingual.hu\/en\/wp-json\/wp\/v2\/types\/page"}],"author":[{"embeddable":true,"href":"https:\/\/bilingual.hu\/en\/wp-json\/wp\/v2\/users\/8"}],"replies":[{"embeddable":true,"href":"https:\/\/bilingual.hu\/en\/wp-json\/wp\/v2\/comments?post=2471"}],"version-history":[{"count":7,"href":"https:\/\/bilingual.hu\/en\/wp-json\/wp\/v2\/pages\/2471\/revisions"}],"predecessor-version":[{"id":6206,"href":"https:\/\/bilingual.hu\/en\/wp-json\/wp\/v2\/pages\/2471\/revisions\/6206"}],"wp:attachment":[{"href":"https:\/\/bilingual.hu\/en\/wp-json\/wp\/v2\/media?parent=2471"}],"curies":[{"name":"wp","href":"https:\/\/api.w.org\/{rel}","templated":true}]}}