{"id":2469,"date":"2024-06-11T16:19:53","date_gmt":"2024-06-11T14:19:53","guid":{"rendered":"https:\/\/bilingual.hu\/beiratkozas\/"},"modified":"2025-03-26T14:55:48","modified_gmt":"2025-03-26T13:55:48","slug":"enrollment-info","status":"publish","type":"page","link":"https:\/\/bilingual.hu\/en\/enrollment-info\/","title":{"rendered":"Enrollment info"},"content":{"rendered":"\n<div class=\"wp-block-group alignfull collection-menu is-layout-flow wp-block-group-is-layout-flow\" style=\"padding-top:var(--wp--preset--spacing--120);padding-bottom:var(--wp--preset--spacing--120)\">\n<div class=\"wp-block-group alignwide is-layout-flow wp-block-group-is-layout-flow\">\n<h1 class=\"wp-block-heading has-text-align-center has-primary-color has-text-color has-link-color has-4-x-large-font-size wp-elements-1ac41a3f7db1b082b31363687dd18ca7\">Enrollment info<\/h1>\n\n\n\n<div class=\"wp-block-group has-global-padding is-layout-constrained wp-block-group-is-layout-constrained\" style=\"margin-bottom:var(--wp--preset--spacing--110)\"><\/div>\n<\/div>\n\n\n\n<div class=\"wp-block-cover alignfull is-light\"><span aria-hidden=\"true\" class=\"wp-block-cover__background has-contrast-background-color has-background-dim-100 has-background-dim\"><\/span><img decoding=\"async\" class=\"wp-block-cover__image-background wp-image-587\" alt=\"\" src=\"https:\/\/bilingual.hu\/app\/themes\/bilingual\/dist\/images\/ornament-wave.svg\" style=\"object-position:50% 0%\" data-object-fit=\"cover\" data-object-position=\"50% 0%\"\/><div class=\"wp-block-cover__inner-container has-global-padding is-layout-constrained wp-block-cover-is-layout-constrained\">\n<div class=\"wp-block-group alignwide CollectionMenu is-content-justification-center is-layout-flex wp-container-core-group-is-layout-1d5b6e68 wp-block-group-is-layout-flex\" style=\"margin-bottom:var(--wp--preset--spacing--110)\">\n<div class=\"wp-block-group wp-container-content-bb43825f is-layout-flow wp-block-group-is-layout-flow\" style=\"min-height:306px\">\n<div class=\"wp-block-group has-global-padding is-layout-constrained wp-container-core-group-is-layout-97829e9f wp-block-group-is-layout-constrained\" style=\"padding-right:var(--wp--preset--spacing--40);padding-left:var(--wp--preset--spacing--40)\">\n<figure class=\"wp-block-image aligncenter size-full is-resized\"><a href=\"https:\/\/bilingual.hu\/en\/enrollment-info\/dates-regarding-enrollment\/\"><img loading=\"lazy\" decoding=\"async\" width=\"330\" height=\"330\" src=\"https:\/\/bilingual.hu\/app\/uploads\/2024\/06\/picture-5.png\" alt=\"\" class=\"wp-image-834\" style=\"aspect-ratio:1;object-fit:cover;width:220px\" srcset=\"https:\/\/bilingual.hu\/app\/uploads\/2024\/06\/picture-5.png 330w, https:\/\/bilingual.hu\/app\/uploads\/2024\/06\/picture-5-300x300.png 300w, https:\/\/bilingual.hu\/app\/uploads\/2024\/06\/picture-5-150x150.png 150w\" sizes=\"auto, (max-width: 330px) 100vw, 330px\" \/><\/a><\/figure>\n<\/div>\n\n\n\n<div class=\"wp-block-group has-global-padding is-layout-constrained wp-container-core-group-is-layout-ff778368 wp-block-group-is-layout-constrained\" style=\"padding-right:var(--wp--preset--spacing--30);padding-left:var(--wp--preset--spacing--30)\">\n<h3 class=\"wp-block-heading has-text-align-center is-style-default has-primary-color has-text-color has-link-color has-2-x-large-font-size wp-elements-790cbc9d172f15296362c5f9d9e111fd\" style=\"margin-top:var(--wp--preset--spacing--40);margin-right:0;margin-bottom:var(--wp--preset--spacing--30);margin-left:0;padding-top:0;padding-right:0;padding-bottom:0;padding-left:0\"><a href=\"https:\/\/bilingual.hu\/en\/enrollment-info\/dates-regarding-enrollment\/\">Events<\/a><\/h3>\n\n\n\n<p class=\"has-text-align-center has-secondary-color has-text-color has-link-color has-normal-font-size wp-elements-eb8618e9098f1d27a2612eeca7a7968e\" style=\"font-style:normal;font-weight:800\"><a href=\"https:\/\/bilingual.hu\/en\/enrollment-info\/dates-regarding-enrollment\/\">More<\/a><\/p>\n<\/div>\n<\/div>\n\n\n\n<div class=\"wp-block-group wp-container-content-bb43825f is-layout-flow wp-block-group-is-layout-flow\" style=\"min-height:306px\">\n<div class=\"wp-block-group has-global-padding is-layout-constrained wp-container-core-group-is-layout-97829e9f wp-block-group-is-layout-constrained\" style=\"padding-right:var(--wp--preset--spacing--40);padding-left:var(--wp--preset--spacing--40)\">\n<figure class=\"wp-block-image aligncenter size-full is-resized\"><a href=\"https:\/\/bilingual.hu\/en\/services-fee\/\"><img loading=\"lazy\" decoding=\"async\" width=\"330\" height=\"330\" src=\"https:\/\/bilingual.hu\/app\/uploads\/2024\/06\/picture-6.png\" alt=\"\" class=\"wp-image-836\" style=\"aspect-ratio:1;object-fit:cover;width:220px\" srcset=\"https:\/\/bilingual.hu\/app\/uploads\/2024\/06\/picture-6.png 330w, https:\/\/bilingual.hu\/app\/uploads\/2024\/06\/picture-6-300x300.png 300w, https:\/\/bilingual.hu\/app\/uploads\/2024\/06\/picture-6-150x150.png 150w\" sizes=\"auto, (max-width: 330px) 100vw, 330px\" \/><\/a><\/figure>\n<\/div>\n\n\n\n<div class=\"wp-block-group has-global-padding is-layout-constrained wp-container-core-group-is-layout-ff778368 wp-block-group-is-layout-constrained\" style=\"padding-right:var(--wp--preset--spacing--30);padding-left:var(--wp--preset--spacing--30)\">\n<h3 class=\"wp-block-heading has-text-align-center is-style-default has-primary-color has-text-color has-link-color has-2-x-large-font-size wp-elements-b2eaa6383614e0b467bcd0e658af129b\" style=\"margin-top:var(--wp--preset--spacing--40);margin-right:0;margin-bottom:var(--wp--preset--spacing--30);margin-left:0;padding-top:0;padding-right:0;padding-bottom:0;padding-left:0\"><a href=\"https:\/\/bilingual.hu\/en\/services-fee\/\">Service fee<\/a><\/h3>\n\n\n\n<p class=\"has-text-align-center has-secondary-color has-text-color has-link-color has-normal-font-size wp-elements-1ac38f13bfa8cfaad080d9779aacf3be\" style=\"font-style:normal;font-weight:800\"><a href=\"https:\/\/bilingual.hu\/en\/services-fee\/\">More<\/a><\/p>\n<\/div>\n<\/div>\n\n\n\n<div class=\"wp-block-group wp-container-content-bb43825f is-layout-flow wp-block-group-is-layout-flow\" style=\"min-height:306px\">\n<div class=\"wp-block-group has-global-padding is-layout-constrained wp-container-core-group-is-layout-97829e9f wp-block-group-is-layout-constrained\" style=\"padding-right:var(--wp--preset--spacing--40);padding-left:var(--wp--preset--spacing--40)\">\n<figure class=\"wp-block-image aligncenter size-full is-resized\"><a href=\"https:\/\/bilingual.hu\/en\/enrollment-info\/downloads\/\"><img loading=\"lazy\" decoding=\"async\" width=\"330\" height=\"330\" src=\"https:\/\/bilingual.hu\/app\/uploads\/2024\/06\/picture-7.png\" alt=\"\" class=\"wp-image-839\" style=\"aspect-ratio:1;object-fit:cover;width:220px\" srcset=\"https:\/\/bilingual.hu\/app\/uploads\/2024\/06\/picture-7.png 330w, https:\/\/bilingual.hu\/app\/uploads\/2024\/06\/picture-7-300x300.png 300w, https:\/\/bilingual.hu\/app\/uploads\/2024\/06\/picture-7-150x150.png 150w\" sizes=\"auto, (max-width: 330px) 100vw, 330px\" \/><\/a><\/figure>\n<\/div>\n\n\n\n<div class=\"wp-block-group has-global-padding is-layout-constrained wp-container-core-group-is-layout-ff778368 wp-block-group-is-layout-constrained\" style=\"padding-right:var(--wp--preset--spacing--30);padding-left:var(--wp--preset--spacing--30)\">\n<h3 class=\"wp-block-heading has-text-align-center is-style-default has-primary-color has-text-color has-link-color has-2-x-large-font-size wp-elements-e8e8e3ac4beb5681e56caab877910461\" style=\"margin-top:var(--wp--preset--spacing--40);margin-right:0;margin-bottom:var(--wp--preset--spacing--30);margin-left:0;padding-top:0;padding-right:0;padding-bottom:0;padding-left:0\"><a href=\"https:\/\/bilingual.hu\/en\/enrollment-info\/downloads\/\">Downloads<\/a><\/h3>\n\n\n\n<p class=\"has-text-align-center has-secondary-color has-text-color has-link-color has-normal-font-size wp-elements-5c63acb8b9aebf650c8d771994a8012d\" style=\"font-style:normal;font-weight:800\"><a href=\"https:\/\/bilingual.hu\/en\/enrollment-info\/downloads\/\">More<\/a><\/p>\n<\/div>\n<\/div>\n\n\n\n<div class=\"wp-block-group wp-container-content-bb43825f is-layout-flow wp-block-group-is-layout-flow\" style=\"min-height:306px\">\n<div class=\"wp-block-group has-global-padding is-layout-constrained wp-container-core-group-is-layout-97829e9f wp-block-group-is-layout-constrained\" style=\"padding-right:var(--wp--preset--spacing--40);padding-left:var(--wp--preset--spacing--40)\">\n<figure class=\"wp-block-image aligncenter size-full is-resized\"><a href=\"https:\/\/bilingual.hu\/en\/enrollment-info\/faq\/\"><img loading=\"lazy\" decoding=\"async\" width=\"330\" height=\"330\" src=\"https:\/\/bilingual.hu\/app\/uploads\/2024\/06\/picture-8.png\" alt=\"\" class=\"wp-image-841\" style=\"aspect-ratio:1;object-fit:cover;width:220px\" srcset=\"https:\/\/bilingual.hu\/app\/uploads\/2024\/06\/picture-8.png 330w, https:\/\/bilingual.hu\/app\/uploads\/2024\/06\/picture-8-300x300.png 300w, https:\/\/bilingual.hu\/app\/uploads\/2024\/06\/picture-8-150x150.png 150w\" sizes=\"auto, (max-width: 330px) 100vw, 330px\" \/><\/a><\/figure>\n<\/div>\n\n\n\n<div class=\"wp-block-group has-global-padding is-layout-constrained wp-container-core-group-is-layout-ff778368 wp-block-group-is-layout-constrained\" style=\"padding-right:var(--wp--preset--spacing--30);padding-left:var(--wp--preset--spacing--30)\">\n<h3 class=\"wp-block-heading has-text-align-center is-style-default has-primary-color has-text-color has-link-color has-2-x-large-font-size wp-elements-b8ee8aacffcf9237f9e6bd6ca633db4d\" style=\"margin-top:var(--wp--preset--spacing--40);margin-right:0;margin-bottom:var(--wp--preset--spacing--30);margin-left:0;padding-top:0;padding-right:0;padding-bottom:0;padding-left:0\"><a href=\"https:\/\/bilingual.hu\/en\/enrollment-info\/faq\/\">FAQ<\/a><\/h3>\n\n\n\n<p class=\"has-text-align-center has-secondary-color has-text-color has-link-color has-normal-font-size wp-elements-7f9e893eeab2406d0ab4af9bc819f9a3\" style=\"font-style:normal;font-weight:800\"><a href=\"https:\/\/bilingual.hu\/en\/enrollment-info\/faq\/\">More<\/a><\/p>\n<\/div>\n<\/div>\n<\/div>\n<\/div><\/div>\n\n\n\n<div class=\"wp-block-group alignwide has-global-padding is-layout-constrained wp-block-group-is-layout-constrained\">\n<div class=\"wp-block-group alignwide collection-menu-cta has-primary-background-color has-background is-content-justification-space-between is-nowrap is-layout-flex wp-container-core-group-is-layout-f655fa0f wp-block-group-is-layout-flex\" style=\"border-radius:24px;padding-top:var(--wp--preset--spacing--60);padding-right:var(--wp--preset--spacing--60);padding-bottom:var(--wp--preset--spacing--60);padding-left:var(--wp--preset--spacing--60)\">\n<div class=\"wp-block-group is-vertical is-layout-flex wp-container-core-group-is-layout-98bb686d wp-block-group-is-layout-flex\" style=\"border-style:none;border-width:0px;border-radius:0px\">\n<h3 class=\"wp-block-heading has-contrast-color has-text-color has-link-color wp-elements-36c3a09aa70837e7b6f0f62449110aed\">Watch us in action<\/h3>\n\n\n\n<p class=\"has-contrast-color has-text-color has-link-color wp-elements-cf15e7add31f2aa450d4588aa2e9d9d0\">Watch our short videos to get an insight into the lessons and sessions.<\/p>\n<\/div>\n\n\n\n<figure class=\"wp-block-image size-large is-resized\"><a href=\"https:\/\/bilingual.hu\/en\/why-bilingual\/watch-us-in-action\/\"><img decoding=\"async\" src=\"https:\/\/bilingual.hu\/app\/themes\/bilingual\/dist\/images\/icons\/arrow-right-negative.svg\" alt=\"ny\u00edl jobbra negat\u00edv\" class=\"wp-image-446\" style=\"aspect-ratio:1;object-fit:cover;width:72px\"\/><\/a><\/figure>\n<\/div>\n<\/div>\n<\/div>\n","protected":false},"excerpt":{"rendered":"<p>Enrollment info Watch us in action Watch our short videos to get an insight into the lessons and sessions.<\/p>\n","protected":false},"author":8,"featured_media":0,"parent":0,"menu_order":2,"comment_status":"closed","ping_status":"closed","template":"page-no-title-social","meta":{"_acf_changed":false,"footnotes":""},"class_list":["post-2469","page","type-page","status-publish","hentry"],"acf":[],"yoast_head":"<!-- This site is optimized with the Yoast SEO plugin v26.0 - https:\/\/yoast.com\/wordpress\/plugins\/seo\/ -->\n<title>Enrollment info - Bilingual<\/title>\n<meta name=\"robots\" content=\"index, follow, max-snippet:-1, max-image-preview:large, max-video-preview:-1\" \/>\n<link rel=\"canonical\" href=\"https:\/\/bilingual.hu\/en\/enrollment-info\/\" \/>\n<meta property=\"og:locale\" content=\"en_US\" \/>\n<meta property=\"og:type\" content=\"article\" \/>\n<meta property=\"og:title\" content=\"Enrollment info - Bilingual\" \/>\n<meta property=\"og:description\" content=\"Enrollment info Watch us in action Watch our short videos to get an insight into the lessons and sessions.\" \/>\n<meta property=\"og:url\" content=\"https:\/\/bilingual.hu\/en\/enrollment-info\/\" \/>\n<meta property=\"og:site_name\" content=\"Bilingual\" \/>\n<meta property=\"article:publisher\" content=\"https:\/\/www.facebook.com\/bilingual.hu\" \/>\n<meta property=\"article:modified_time\" content=\"2025-03-26T13:55:48+00:00\" \/>\n<meta property=\"og:image\" content=\"https:\/\/bilingual.hu\/app\/themes\/bilingual\/dist\/images\/ornament-wave.svg\" \/>\n<meta name=\"twitter:card\" content=\"summary_large_image\" \/>\n<meta name=\"twitter:label1\" content=\"Est. reading time\" \/>\n\t<meta name=\"twitter:data1\" content=\"2 minutes\" \/>\n<script type=\"application\/ld+json\" class=\"yoast-schema-graph\">{\"@context\":\"https:\/\/schema.org\",\"@graph\":[{\"@type\":\"WebPage\",\"@id\":\"https:\/\/bilingual.hu\/en\/enrollment-info\/\",\"url\":\"https:\/\/bilingual.hu\/en\/enrollment-info\/\",\"name\":\"Enrollment info - Bilingual\",\"isPartOf\":{\"@id\":\"https:\/\/bilingual.hu\/en\/#website\"},\"primaryImageOfPage\":{\"@id\":\"https:\/\/bilingual.hu\/en\/enrollment-info\/#primaryimage\"},\"image\":{\"@id\":\"https:\/\/bilingual.hu\/en\/enrollment-info\/#primaryimage\"},\"thumbnailUrl\":\"https:\/\/bilingual.hu\/app\/themes\/bilingual\/dist\/images\/ornament-wave.svg\",\"datePublished\":\"2024-06-11T14:19:53+00:00\",\"dateModified\":\"2025-03-26T13:55:48+00:00\",\"breadcrumb\":{\"@id\":\"https:\/\/bilingual.hu\/en\/enrollment-info\/#breadcrumb\"},\"inLanguage\":\"en-US\",\"potentialAction\":[{\"@type\":\"ReadAction\",\"target\":[\"https:\/\/bilingual.hu\/en\/enrollment-info\/\"]}]},{\"@type\":\"ImageObject\",\"inLanguage\":\"en-US\",\"@id\":\"https:\/\/bilingual.hu\/en\/enrollment-info\/#primaryimage\",\"url\":\"https:\/\/bilingual.hu\/app\/themes\/bilingual\/dist\/images\/ornament-wave.svg\",\"contentUrl\":\"https:\/\/bilingual.hu\/app\/themes\/bilingual\/dist\/images\/ornament-wave.svg\"},{\"@type\":\"BreadcrumbList\",\"@id\":\"https:\/\/bilingual.hu\/en\/enrollment-info\/#breadcrumb\",\"itemListElement\":[{\"@type\":\"ListItem\",\"position\":1,\"name\":\"&nbsp;\",\"item\":\"https:\/\/bilingual.hu\/en\/\"},{\"@type\":\"ListItem\",\"position\":2,\"name\":\"Enrollment info\"}]},{\"@type\":\"WebSite\",\"@id\":\"https:\/\/bilingual.hu\/en\/#website\",\"url\":\"https:\/\/bilingual.hu\/en\/\",\"name\":\"Bilingual\",\"description\":\"A Bilingual Program egy intenz\u00edv k\u00e9tnyelv\u0171 k\u00e9pz\u00e9s.\",\"publisher\":{\"@id\":\"https:\/\/bilingual.hu\/en\/#organization\"},\"potentialAction\":[{\"@type\":\"SearchAction\",\"target\":{\"@type\":\"EntryPoint\",\"urlTemplate\":\"https:\/\/bilingual.hu\/en\/?s={search_term_string}\"},\"query-input\":{\"@type\":\"PropertyValueSpecification\",\"valueRequired\":true,\"valueName\":\"search_term_string\"}}],\"inLanguage\":\"en-US\"},{\"@type\":\"Organization\",\"@id\":\"https:\/\/bilingual.hu\/en\/#organization\",\"name\":\"Bilingual\",\"url\":\"https:\/\/bilingual.hu\/en\/\",\"logo\":{\"@type\":\"ImageObject\",\"inLanguage\":\"en-US\",\"@id\":\"https:\/\/bilingual.hu\/en\/#\/schema\/logo\/image\/\",\"url\":\"https:\/\/bilingual.hu\/app\/uploads\/2024\/08\/Property-1Variant2.svg\",\"contentUrl\":\"https:\/\/bilingual.hu\/app\/uploads\/2024\/08\/Property-1Variant2.svg\",\"caption\":\"Bilingual\"},\"image\":{\"@id\":\"https:\/\/bilingual.hu\/en\/#\/schema\/logo\/image\/\"},\"sameAs\":[\"https:\/\/www.facebook.com\/bilingual.hu\",\"https:\/\/www.instagram.com\/bilingual.hu\/\",\"https:\/\/www.youtube.com\/channel\/UCr0fdfvgn1CRi0YwFT5LwEg\/videos\"]}]}<\/script>\n<!-- \/ Yoast SEO plugin. -->","yoast_head_json":{"title":"Enrollment info - Bilingual","robots":{"index":"index","follow":"follow","max-snippet":"max-snippet:-1","max-image-preview":"max-image-preview:large","max-video-preview":"max-video-preview:-1"},"canonical":"https:\/\/bilingual.hu\/en\/enrollment-info\/","og_locale":"en_US","og_type":"article","og_title":"Enrollment info - Bilingual","og_description":"Enrollment info Watch us in action Watch our short videos to get an insight into the lessons and sessions.","og_url":"https:\/\/bilingual.hu\/en\/enrollment-info\/","og_site_name":"Bilingual","article_publisher":"https:\/\/www.facebook.com\/bilingual.hu","article_modified_time":"2025-03-26T13:55:48+00:00","og_image":[{"url":"https:\/\/bilingual.hu\/app\/themes\/bilingual\/dist\/images\/ornament-wave.svg","type":"","width":"","height":""}],"twitter_card":"summary_large_image","twitter_misc":{"Est. reading time":"2 minutes"},"schema":{"@context":"https:\/\/schema.org","@graph":[{"@type":"WebPage","@id":"https:\/\/bilingual.hu\/en\/enrollment-info\/","url":"https:\/\/bilingual.hu\/en\/enrollment-info\/","name":"Enrollment info - Bilingual","isPartOf":{"@id":"https:\/\/bilingual.hu\/en\/#website"},"primaryImageOfPage":{"@id":"https:\/\/bilingual.hu\/en\/enrollment-info\/#primaryimage"},"image":{"@id":"https:\/\/bilingual.hu\/en\/enrollment-info\/#primaryimage"},"thumbnailUrl":"https:\/\/bilingual.hu\/app\/themes\/bilingual\/dist\/images\/ornament-wave.svg","datePublished":"2024-06-11T14:19:53+00:00","dateModified":"2025-03-26T13:55:48+00:00","breadcrumb":{"@id":"https:\/\/bilingual.hu\/en\/enrollment-info\/#breadcrumb"},"inLanguage":"en-US","potentialAction":[{"@type":"ReadAction","target":["https:\/\/bilingual.hu\/en\/enrollment-info\/"]}]},{"@type":"ImageObject","inLanguage":"en-US","@id":"https:\/\/bilingual.hu\/en\/enrollment-info\/#primaryimage","url":"https:\/\/bilingual.hu\/app\/themes\/bilingual\/dist\/images\/ornament-wave.svg","contentUrl":"https:\/\/bilingual.hu\/app\/themes\/bilingual\/dist\/images\/ornament-wave.svg"},{"@type":"BreadcrumbList","@id":"https:\/\/bilingual.hu\/en\/enrollment-info\/#breadcrumb","itemListElement":[{"@type":"ListItem","position":1,"name":"&nbsp;","item":"https:\/\/bilingual.hu\/en\/"},{"@type":"ListItem","position":2,"name":"Enrollment info"}]},{"@type":"WebSite","@id":"https:\/\/bilingual.hu\/en\/#website","url":"https:\/\/bilingual.hu\/en\/","name":"Bilingual","description":"A Bilingual Program egy intenz\u00edv k\u00e9tnyelv\u0171 k\u00e9pz\u00e9s.","publisher":{"@id":"https:\/\/bilingual.hu\/en\/#organization"},"potentialAction":[{"@type":"SearchAction","target":{"@type":"EntryPoint","urlTemplate":"https:\/\/bilingual.hu\/en\/?s={search_term_string}"},"query-input":{"@type":"PropertyValueSpecification","valueRequired":true,"valueName":"search_term_string"}}],"inLanguage":"en-US"},{"@type":"Organization","@id":"https:\/\/bilingual.hu\/en\/#organization","name":"Bilingual","url":"https:\/\/bilingual.hu\/en\/","logo":{"@type":"ImageObject","inLanguage":"en-US","@id":"https:\/\/bilingual.hu\/en\/#\/schema\/logo\/image\/","url":"https:\/\/bilingual.hu\/app\/uploads\/2024\/08\/Property-1Variant2.svg","contentUrl":"https:\/\/bilingual.hu\/app\/uploads\/2024\/08\/Property-1Variant2.svg","caption":"Bilingual"},"image":{"@id":"https:\/\/bilingual.hu\/en\/#\/schema\/logo\/image\/"},"sameAs":["https:\/\/www.facebook.com\/bilingual.hu","https:\/\/www.instagram.com\/bilingual.hu\/","https:\/\/www.youtube.com\/channel\/UCr0fdfvgn1CRi0YwFT5LwEg\/videos"]}]}},"_links":{"self":[{"href":"https:\/\/bilingual.hu\/en\/wp-json\/wp\/v2\/pages\/2469","targetHints":{"allow":["GET"]}}],"collection":[{"href":"https:\/\/bilingual.hu\/en\/wp-json\/wp\/v2\/pages"}],"about":[{"href":"https:\/\/bilingual.hu\/en\/wp-json\/wp\/v2\/types\/page"}],"author":[{"embeddable":true,"href":"https:\/\/bilingual.hu\/en\/wp-json\/wp\/v2\/users\/8"}],"replies":[{"embeddable":true,"href":"https:\/\/bilingual.hu\/en\/wp-json\/wp\/v2\/comments?post=2469"}],"version-history":[{"count":4,"href":"https:\/\/bilingual.hu\/en\/wp-json\/wp\/v2\/pages\/2469\/revisions"}],"predecessor-version":[{"id":8725,"href":"https:\/\/bilingual.hu\/en\/wp-json\/wp\/v2\/pages\/2469\/revisions\/8725"}],"wp:attachment":[{"href":"https:\/\/bilingual.hu\/en\/wp-json\/wp\/v2\/media?parent=2469"}],"curies":[{"name":"wp","href":"https:\/\/api.w.org\/{rel}","templated":true}]}}