{"id":2462,"date":"2024-06-10T09:44:10","date_gmt":"2024-06-10T07:44:10","guid":{"rendered":"https:\/\/bilingual.hu\/szolgaltatasi-dijak\/"},"modified":"2025-04-02T13:28:19","modified_gmt":"2025-04-02T11:28:19","slug":"service-fee","status":"publish","type":"page","link":"https:\/\/bilingual.hu\/en\/enrollment-info\/service-fee\/","title":{"rendered":"Service Fees in the Bilingual Program"},"content":{"rendered":"\n<div class=\"wp-block-columns alignwide is-layout-flex wp-container-core-columns-is-layout-b91c0df1 wp-block-columns-is-layout-flex\" style=\"margin-top:var(--wp--preset--spacing--120);padding-bottom:var(--wp--preset--spacing--120)\">\n<div class=\"wp-block-column is-layout-flow wp-container-core-column-is-layout-68747412 wp-block-column-is-layout-flow\" style=\"flex-basis:72%\">\n<div class=\"wp-block-group has-global-padding is-layout-constrained wp-block-group-is-layout-constrained\">\n<h2 class=\"wp-block-heading has-blue-gray-color has-text-color has-link-color wp-elements-0d43c05d29627cc9e6a0dbda0e3c3cd5\" id=\"akik-mar-a-program-reszei\">Szolg\u00e1ltat\u00e1si d\u00edjak a Bilingual Programban a 2024\/2025. tan\u00e9vben<\/h2>\n\n\n\n<p class=\"has-blue-gray-color has-text-color has-link-color has-x-large-font-size wp-elements-1f3d2d8a13708d51afd1270a9a04e8b5\"><strong>Tan\u00e9v kezdete: 2024. j\u00falius 1.<\/strong><\/p>\n\n\n\n<figure class=\"wp-block-table is-style-regular\" style=\"padding-top:0;padding-right:0;padding-bottom:0;padding-left:0\"><table><thead><tr><th class=\"has-text-align-left\" data-align=\"left\"><strong>Szolg\u00e1ltat\u00e1si d\u00edj <\/strong><br\/><strong>a 2024\/2025. tan\u00e9vt\u0151l<\/strong><\/th><th class=\"has-text-align-center\" data-align=\"center\"><mark style=\"background-color:rgba(0, 0, 0, 0)\" class=\"has-inline-color has-primary-color\">&#8212;<\/mark><strong>\u00d3voda<\/strong><\/th><th class=\"has-text-align-center\" data-align=\"center\"><mark style=\"background-color:rgba(0, 0, 0, 0)\" class=\"has-inline-color has-primary-color\">&#8212;&#8211;<\/mark><strong>\u00c1ltal\u00e1nos Iskola<\/strong><\/th><th class=\"has-text-align-center\" data-align=\"center\"> <strong>K\u00f6z\u00e9piskola<\/strong><\/th><\/tr><\/thead><tbody><tr><td class=\"has-text-align-left\" data-align=\"left\"><mark style=\"background-color:#6f9ecf\" class=\"has-inline-color\"><strong>\u00c9ves d\u00edj<\/strong><\/mark><\/td><td class=\"has-text-align-center\" data-align=\"center\"><strong>1.370.000 Ft<\/strong><\/td><td class=\"has-text-align-center\" data-align=\"center\"><strong>1.595.000 Ft *<\/strong><\/td><td class=\"has-text-align-center\" data-align=\"center\"><strong>1.520.000 Ft<\/strong><\/td><\/tr><tr><td class=\"has-text-align-left\" data-align=\"left\">El\u0151refizet\u00e9si kedvezm\u00e9ny<br\/><sup>(\u00c1SZF 1. sz. mell\u00e9klet szerint))<\/sup><\/td><td class=\"has-text-align-center\" data-align=\"center\">\u2713<\/td><td class=\"has-text-align-center\" data-align=\"center\">\u2713<\/td><td class=\"has-text-align-center\" data-align=\"center\">\u2713<\/td><\/tr><tr><td class=\"has-text-align-left\" data-align=\"left\">R\u00e9szletfizet\u00e9si lehet\u0151s\u00e9g<\/td><td class=\"has-text-align-center\" data-align=\"center\">\u2713<\/td><td class=\"has-text-align-center\" data-align=\"center\">\u2713<\/td><td class=\"has-text-align-center\" data-align=\"center\">\u2713<\/td><\/tr><tr><td class=\"has-text-align-left\" data-align=\"left\">Testv\u00e9rkedvezm\u00e9ny<\/td><td class=\"has-text-align-center\" data-align=\"center\">20%<\/td><td class=\"has-text-align-center\" data-align=\"center\">20%<\/td><td class=\"has-text-align-center\" data-align=\"center\">20%<\/td><\/tr><\/tbody><\/table><\/figure>\n\n\n\n<p>* Tartalmazza a 2024 \/ 2025. tan\u00e9vben k\u00f6lts\u00e9gt\u00e9r\u00edt\u00e9sk\u00e9nt sz\u00e1ml\u00e1zott teremb\u00e9rleti d\u00edjat.\u00a0<\/p>\n\n\n\n<p>A szolg\u00e1ltat\u00e1si d\u00edjak, kedvezm\u00e9nyek illetve a r\u00e9szletfizet\u00e9s tov\u00e1bbi r\u00e9szletei \u00e9s<br\/>felt\u00e9telei megtal\u00e1lhat\u00f3ak\u00a0az <a href=\"https:\/\/bilingual.hu\/app\/uploads\/2024\/07\/aszf_1_melleklet_szolgaltatasi_dijak_2024_hu_en_proofread.pdf\">\u00c1SZF 1. sz. mell\u00e9klet\u00e9ben<\/a>.<\/p>\n<\/div>\n<\/div>\n\n\n\n<div class=\"wp-block-column is-layout-flow wp-block-column-is-layout-flow\" style=\"flex-basis:28%\">\n<div class=\"wp-block-group has-contrast-color has-secondary-background-color has-text-color has-background has-link-color wp-elements-6444a0fdaeaa3f9d55b36b29a1984d84 is-layout-flow wp-block-group-is-layout-flow\" style=\"border-radius:24px;padding-top:var(--wp--preset--spacing--60);padding-right:var(--wp--preset--spacing--60);padding-bottom:var(--wp--preset--spacing--60);padding-left:var(--wp--preset--spacing--60)\">\n<h2 class=\"wp-block-heading has-h-4-font-size\">Beiratkoz\u00e1s<\/h2>\n\n\n\n<p style=\"margin-top:var(--wp--preset--spacing--20)\">Kapcsolatfelv\u00e9tel, beiratkoz\u00e1s, \u00e1tjelentkez\u00e9s<\/p>\n\n\n\n<figure class=\"wp-block-image size-large is-resized\"><a href=\"https:\/\/bilingual.hu\/kapcsolat\/\"><img loading=\"lazy\" decoding=\"async\" width=\"19\" height=\"19\" src=\"https:\/\/bilingual.hu\/app\/uploads\/2024\/06\/arrow-right.svg\" alt=\"\" class=\"wp-image-446\" style=\"object-fit:cover;width:72px;height:72px\"\/><\/a><\/figure>\n<\/div>\n\n\n\n<div class=\"wp-block-group has-contrast-color has-primary-background-color has-text-color has-background has-link-color wp-elements-bbce3bc5b85bdd899c37cb2f148b180a is-layout-flow wp-block-group-is-layout-flow\" style=\"border-radius:24px;padding-top:var(--wp--preset--spacing--60);padding-right:var(--wp--preset--spacing--60);padding-bottom:var(--wp--preset--spacing--60);padding-left:var(--wp--preset--spacing--60)\">\n<h2 class=\"wp-block-heading has-h-4-font-size\">Hogyan lehet beker\u00fclni a Bilingual Programba?<\/h2>\n\n\n\n<figure class=\"wp-block-image size-large is-resized\"><a href=\"https:\/\/bilingual.hu\/beiratkozas\/hogyan-lehet-bekerulni-a-bilingual-programba\/\"><img loading=\"lazy\" decoding=\"async\" width=\"19\" height=\"19\" src=\"https:\/\/bilingual.hu\/app\/uploads\/2024\/06\/arrow-right.svg\" alt=\"\" class=\"wp-image-446\" style=\"object-fit:cover;width:72px;height:72px\"\/><\/a><\/figure>\n<\/div>\n<\/div>\n<\/div>\n","protected":false},"excerpt":{"rendered":"<p>Szolg\u00e1ltat\u00e1si d\u00edjak a Bilingual Programban a 2024\/2025. tan\u00e9vben Tan\u00e9v kezdete: 2024. j\u00falius 1. Szolg\u00e1ltat\u00e1si d\u00edj a 2024\/2025. tan\u00e9vt\u0151l &#8212;\u00d3voda &#8212;&#8211;\u00c1ltal\u00e1nos Iskola K\u00f6z\u00e9piskola \u00c9ves d\u00edj 1.370.000 Ft 1.595.000 Ft * 1.520.000 Ft El\u0151refizet\u00e9si kedvezm\u00e9ny(\u00c1SZF 1. sz. mell\u00e9klet szerint)) \u2713 \u2713 \u2713 R\u00e9szletfizet\u00e9si lehet\u0151s\u00e9g \u2713 \u2713 \u2713 Testv\u00e9rkedvezm\u00e9ny 20% 20% 20% * Tartalmazza a 2024 \/ 2025. [&hellip;]<\/p>\n","protected":false},"author":8,"featured_media":0,"parent":2469,"menu_order":0,"comment_status":"closed","ping_status":"closed","template":"","meta":{"_acf_changed":false,"footnotes":""},"class_list":["post-2462","page","type-page","status-publish","hentry"],"acf":[],"yoast_head":"<!-- This site is optimized with the Yoast SEO plugin v26.0 - https:\/\/yoast.com\/wordpress\/plugins\/seo\/ -->\n<title>Service Fees in the Bilingual Program - Bilingual<\/title>\n<meta name=\"robots\" content=\"index, follow, max-snippet:-1, max-image-preview:large, max-video-preview:-1\" \/>\n<link rel=\"canonical\" href=\"https:\/\/bilingual.hu\/en\/enrollment-info\/service-fee\/\" \/>\n<meta property=\"og:locale\" content=\"en_US\" \/>\n<meta property=\"og:type\" content=\"article\" \/>\n<meta property=\"og:title\" content=\"Service Fees in the Bilingual Program - Bilingual\" \/>\n<meta property=\"og:description\" content=\"Szolg\u00e1ltat\u00e1si d\u00edjak a Bilingual Programban a 2024\/2025. tan\u00e9vben Tan\u00e9v kezdete: 2024. j\u00falius 1. Szolg\u00e1ltat\u00e1si d\u00edj a 2024\/2025. tan\u00e9vt\u0151l &#8212;\u00d3voda &#8212;&#8211;\u00c1ltal\u00e1nos Iskola K\u00f6z\u00e9piskola \u00c9ves d\u00edj 1.370.000 Ft 1.595.000 Ft * 1.520.000 Ft El\u0151refizet\u00e9si kedvezm\u00e9ny(\u00c1SZF 1. sz. mell\u00e9klet szerint)) \u2713 \u2713 \u2713 R\u00e9szletfizet\u00e9si lehet\u0151s\u00e9g \u2713 \u2713 \u2713 Testv\u00e9rkedvezm\u00e9ny 20% 20% 20% * Tartalmazza a 2024 \/ 2025. [&hellip;]\" \/>\n<meta property=\"og:url\" content=\"https:\/\/bilingual.hu\/en\/enrollment-info\/service-fee\/\" \/>\n<meta property=\"og:site_name\" content=\"Bilingual\" \/>\n<meta property=\"article:publisher\" content=\"https:\/\/www.facebook.com\/bilingual.hu\" \/>\n<meta property=\"article:modified_time\" content=\"2025-04-02T11:28:19+00:00\" \/>\n<meta property=\"og:image\" content=\"https:\/\/bilingual.hu\/app\/uploads\/2025\/03\/bilingual-megosztasi-kep-en.jpg\" \/>\n\t<meta property=\"og:image:width\" content=\"2490\" \/>\n\t<meta property=\"og:image:height\" content=\"1438\" \/>\n\t<meta property=\"og:image:type\" content=\"image\/jpeg\" \/>\n<meta name=\"twitter:card\" content=\"summary_large_image\" \/>\n<meta name=\"twitter:label1\" content=\"Est. reading time\" \/>\n\t<meta name=\"twitter:data1\" content=\"2 minutes\" \/>\n<script type=\"application\/ld+json\" class=\"yoast-schema-graph\">{\"@context\":\"https:\/\/schema.org\",\"@graph\":[{\"@type\":\"WebPage\",\"@id\":\"https:\/\/bilingual.hu\/en\/enrollment-info\/service-fee\/\",\"url\":\"https:\/\/bilingual.hu\/en\/enrollment-info\/service-fee\/\",\"name\":\"Service Fees in the Bilingual Program - Bilingual\",\"isPartOf\":{\"@id\":\"https:\/\/bilingual.hu\/en\/#website\"},\"datePublished\":\"2024-06-10T07:44:10+00:00\",\"dateModified\":\"2025-04-02T11:28:19+00:00\",\"breadcrumb\":{\"@id\":\"https:\/\/bilingual.hu\/en\/enrollment-info\/service-fee\/#breadcrumb\"},\"inLanguage\":\"en-US\",\"potentialAction\":[{\"@type\":\"ReadAction\",\"target\":[\"https:\/\/bilingual.hu\/en\/enrollment-info\/service-fee\/\"]}]},{\"@type\":\"BreadcrumbList\",\"@id\":\"https:\/\/bilingual.hu\/en\/enrollment-info\/service-fee\/#breadcrumb\",\"itemListElement\":[{\"@type\":\"ListItem\",\"position\":1,\"name\":\"&nbsp;\",\"item\":\"https:\/\/bilingual.hu\/en\/\"},{\"@type\":\"ListItem\",\"position\":2,\"name\":\"Enrollment info\",\"item\":\"https:\/\/bilingual.hu\/en\/enrollment-info\/\"},{\"@type\":\"ListItem\",\"position\":3,\"name\":\"Service Fees in the Bilingual Program\"}]},{\"@type\":\"WebSite\",\"@id\":\"https:\/\/bilingual.hu\/en\/#website\",\"url\":\"https:\/\/bilingual.hu\/en\/\",\"name\":\"Bilingual\",\"description\":\"A Bilingual Program egy intenz\u00edv k\u00e9tnyelv\u0171 k\u00e9pz\u00e9s.\",\"publisher\":{\"@id\":\"https:\/\/bilingual.hu\/en\/#organization\"},\"potentialAction\":[{\"@type\":\"SearchAction\",\"target\":{\"@type\":\"EntryPoint\",\"urlTemplate\":\"https:\/\/bilingual.hu\/en\/?s={search_term_string}\"},\"query-input\":{\"@type\":\"PropertyValueSpecification\",\"valueRequired\":true,\"valueName\":\"search_term_string\"}}],\"inLanguage\":\"en-US\"},{\"@type\":\"Organization\",\"@id\":\"https:\/\/bilingual.hu\/en\/#organization\",\"name\":\"Bilingual\",\"url\":\"https:\/\/bilingual.hu\/en\/\",\"logo\":{\"@type\":\"ImageObject\",\"inLanguage\":\"en-US\",\"@id\":\"https:\/\/bilingual.hu\/en\/#\/schema\/logo\/image\/\",\"url\":\"https:\/\/bilingual.hu\/app\/uploads\/2024\/08\/Property-1Variant2.svg\",\"contentUrl\":\"https:\/\/bilingual.hu\/app\/uploads\/2024\/08\/Property-1Variant2.svg\",\"caption\":\"Bilingual\"},\"image\":{\"@id\":\"https:\/\/bilingual.hu\/en\/#\/schema\/logo\/image\/\"},\"sameAs\":[\"https:\/\/www.facebook.com\/bilingual.hu\",\"https:\/\/www.instagram.com\/bilingual.hu\/\",\"https:\/\/www.youtube.com\/channel\/UCr0fdfvgn1CRi0YwFT5LwEg\/videos\"]}]}<\/script>\n<!-- \/ Yoast SEO plugin. -->","yoast_head_json":{"title":"Service Fees in the Bilingual Program - Bilingual","robots":{"index":"index","follow":"follow","max-snippet":"max-snippet:-1","max-image-preview":"max-image-preview:large","max-video-preview":"max-video-preview:-1"},"canonical":"https:\/\/bilingual.hu\/en\/enrollment-info\/service-fee\/","og_locale":"en_US","og_type":"article","og_title":"Service Fees in the Bilingual Program - Bilingual","og_description":"Szolg\u00e1ltat\u00e1si d\u00edjak a Bilingual Programban a 2024\/2025. tan\u00e9vben Tan\u00e9v kezdete: 2024. j\u00falius 1. Szolg\u00e1ltat\u00e1si d\u00edj a 2024\/2025. tan\u00e9vt\u0151l &#8212;\u00d3voda &#8212;&#8211;\u00c1ltal\u00e1nos Iskola K\u00f6z\u00e9piskola \u00c9ves d\u00edj 1.370.000 Ft 1.595.000 Ft * 1.520.000 Ft El\u0151refizet\u00e9si kedvezm\u00e9ny(\u00c1SZF 1. sz. mell\u00e9klet szerint)) \u2713 \u2713 \u2713 R\u00e9szletfizet\u00e9si lehet\u0151s\u00e9g \u2713 \u2713 \u2713 Testv\u00e9rkedvezm\u00e9ny 20% 20% 20% * Tartalmazza a 2024 \/ 2025. [&hellip;]","og_url":"https:\/\/bilingual.hu\/en\/enrollment-info\/service-fee\/","og_site_name":"Bilingual","article_publisher":"https:\/\/www.facebook.com\/bilingual.hu","article_modified_time":"2025-04-02T11:28:19+00:00","og_image":[{"width":2490,"height":1438,"url":"https:\/\/bilingual.hu\/app\/uploads\/2025\/03\/bilingual-megosztasi-kep-en.jpg","type":"image\/jpeg"}],"twitter_card":"summary_large_image","twitter_misc":{"Est. reading time":"2 minutes"},"schema":{"@context":"https:\/\/schema.org","@graph":[{"@type":"WebPage","@id":"https:\/\/bilingual.hu\/en\/enrollment-info\/service-fee\/","url":"https:\/\/bilingual.hu\/en\/enrollment-info\/service-fee\/","name":"Service Fees in the Bilingual Program - Bilingual","isPartOf":{"@id":"https:\/\/bilingual.hu\/en\/#website"},"datePublished":"2024-06-10T07:44:10+00:00","dateModified":"2025-04-02T11:28:19+00:00","breadcrumb":{"@id":"https:\/\/bilingual.hu\/en\/enrollment-info\/service-fee\/#breadcrumb"},"inLanguage":"en-US","potentialAction":[{"@type":"ReadAction","target":["https:\/\/bilingual.hu\/en\/enrollment-info\/service-fee\/"]}]},{"@type":"BreadcrumbList","@id":"https:\/\/bilingual.hu\/en\/enrollment-info\/service-fee\/#breadcrumb","itemListElement":[{"@type":"ListItem","position":1,"name":"&nbsp;","item":"https:\/\/bilingual.hu\/en\/"},{"@type":"ListItem","position":2,"name":"Enrollment info","item":"https:\/\/bilingual.hu\/en\/enrollment-info\/"},{"@type":"ListItem","position":3,"name":"Service Fees in the Bilingual Program"}]},{"@type":"WebSite","@id":"https:\/\/bilingual.hu\/en\/#website","url":"https:\/\/bilingual.hu\/en\/","name":"Bilingual","description":"A Bilingual Program egy intenz\u00edv k\u00e9tnyelv\u0171 k\u00e9pz\u00e9s.","publisher":{"@id":"https:\/\/bilingual.hu\/en\/#organization"},"potentialAction":[{"@type":"SearchAction","target":{"@type":"EntryPoint","urlTemplate":"https:\/\/bilingual.hu\/en\/?s={search_term_string}"},"query-input":{"@type":"PropertyValueSpecification","valueRequired":true,"valueName":"search_term_string"}}],"inLanguage":"en-US"},{"@type":"Organization","@id":"https:\/\/bilingual.hu\/en\/#organization","name":"Bilingual","url":"https:\/\/bilingual.hu\/en\/","logo":{"@type":"ImageObject","inLanguage":"en-US","@id":"https:\/\/bilingual.hu\/en\/#\/schema\/logo\/image\/","url":"https:\/\/bilingual.hu\/app\/uploads\/2024\/08\/Property-1Variant2.svg","contentUrl":"https:\/\/bilingual.hu\/app\/uploads\/2024\/08\/Property-1Variant2.svg","caption":"Bilingual"},"image":{"@id":"https:\/\/bilingual.hu\/en\/#\/schema\/logo\/image\/"},"sameAs":["https:\/\/www.facebook.com\/bilingual.hu","https:\/\/www.instagram.com\/bilingual.hu\/","https:\/\/www.youtube.com\/channel\/UCr0fdfvgn1CRi0YwFT5LwEg\/videos"]}]}},"_links":{"self":[{"href":"https:\/\/bilingual.hu\/en\/wp-json\/wp\/v2\/pages\/2462","targetHints":{"allow":["GET"]}}],"collection":[{"href":"https:\/\/bilingual.hu\/en\/wp-json\/wp\/v2\/pages"}],"about":[{"href":"https:\/\/bilingual.hu\/en\/wp-json\/wp\/v2\/types\/page"}],"author":[{"embeddable":true,"href":"https:\/\/bilingual.hu\/en\/wp-json\/wp\/v2\/users\/8"}],"replies":[{"embeddable":true,"href":"https:\/\/bilingual.hu\/en\/wp-json\/wp\/v2\/comments?post=2462"}],"version-history":[{"count":17,"href":"https:\/\/bilingual.hu\/en\/wp-json\/wp\/v2\/pages\/2462\/revisions"}],"predecessor-version":[{"id":8446,"href":"https:\/\/bilingual.hu\/en\/wp-json\/wp\/v2\/pages\/2462\/revisions\/8446"}],"up":[{"embeddable":true,"href":"https:\/\/bilingual.hu\/en\/wp-json\/wp\/v2\/pages\/2469"}],"wp:attachment":[{"href":"https:\/\/bilingual.hu\/en\/wp-json\/wp\/v2\/media?parent=2462"}],"curies":[{"name":"wp","href":"https:\/\/api.w.org\/{rel}","templated":true}]}}