{"id":1996,"date":"2024-06-04T14:44:03","date_gmt":"2024-06-04T12:44:03","guid":{"rendered":"https:\/\/bilingual.hu\/miert-a-bilingual\/"},"modified":"2024-08-23T09:05:56","modified_gmt":"2024-08-23T07:05:56","slug":"why-bilingual","status":"publish","type":"page","link":"https:\/\/bilingual.hu\/en\/why-bilingual\/","title":{"rendered":"Why Bilingual?"},"content":{"rendered":"\n<div class=\"wp-block-group alignfull collection-menu is-layout-flow wp-block-group-is-layout-flow\" style=\"padding-top:var(--wp--preset--spacing--120);padding-bottom:var(--wp--preset--spacing--120)\">\n<div class=\"wp-block-group alignwide is-layout-flow wp-block-group-is-layout-flow\">\n<h1 class=\"wp-block-heading has-text-align-center has-primary-color has-text-color has-link-color has-4-x-large-font-size wp-elements-679d181c4a8eebc5883f1b310eeef122\">Why Bilingual?<\/h1>\n\n\n\n<div class=\"wp-block-group has-global-padding is-layout-constrained wp-block-group-is-layout-constrained\" style=\"margin-bottom:var(--wp--preset--spacing--110)\"><\/div>\n<\/div>\n\n\n\n<div class=\"wp-block-cover alignfull is-light\"><span aria-hidden=\"true\" class=\"wp-block-cover__background has-contrast-background-color has-background-dim-100 has-background-dim\"><\/span><img decoding=\"async\" class=\"wp-block-cover__image-background wp-image-587\" alt=\"\" src=\"https:\/\/bilingual.hu\/app\/themes\/bilingual\/dist\/images\/ornament-wave.svg\" style=\"object-position:50% 0%\" data-object-fit=\"cover\" data-object-position=\"50% 0%\"\/><div class=\"wp-block-cover__inner-container has-global-padding is-layout-constrained wp-block-cover-is-layout-constrained\">\n<div class=\"wp-block-group alignwide CollectionMenu is-content-justification-center is-layout-flex wp-container-core-group-is-layout-1d5b6e68 wp-block-group-is-layout-flex\" style=\"margin-bottom:var(--wp--preset--spacing--110)\">\n<div class=\"wp-block-group wp-container-content-bb43825f is-layout-flow wp-block-group-is-layout-flow\" style=\"min-height:306px\">\n<div class=\"wp-block-group has-global-padding is-layout-constrained wp-container-core-group-is-layout-97829e9f wp-block-group-is-layout-constrained\" style=\"padding-right:var(--wp--preset--spacing--40);padding-left:var(--wp--preset--spacing--40)\">\n<figure class=\"wp-block-image aligncenter size-full is-resized\"><a href=\"https:\/\/bilingual.hu\/en\/why-bilingual\/watch-us-in-action\/\"><img loading=\"lazy\" decoding=\"async\" width=\"635\" height=\"635\" src=\"https:\/\/bilingual.hu\/app\/uploads\/2024\/08\/Property-1igy-mukodunk-a-gyakorlatban.png\" alt=\"\" class=\"wp-image-6123\" style=\"aspect-ratio:1;object-fit:cover;width:220px\" srcset=\"https:\/\/bilingual.hu\/app\/uploads\/2024\/08\/Property-1igy-mukodunk-a-gyakorlatban.png 635w, https:\/\/bilingual.hu\/app\/uploads\/2024\/08\/Property-1igy-mukodunk-a-gyakorlatban-300x300.png 300w, https:\/\/bilingual.hu\/app\/uploads\/2024\/08\/Property-1igy-mukodunk-a-gyakorlatban-150x150.png 150w\" sizes=\"auto, (max-width: 635px) 100vw, 635px\" \/><\/a><\/figure>\n<\/div>\n\n\n\n<div class=\"wp-block-group has-global-padding is-layout-constrained wp-container-core-group-is-layout-ff778368 wp-block-group-is-layout-constrained\" style=\"padding-right:var(--wp--preset--spacing--30);padding-left:var(--wp--preset--spacing--30)\">\n<h3 class=\"wp-block-heading has-text-align-center is-style-default has-primary-color has-text-color has-link-color has-2-x-large-font-size wp-elements-b562512ef80ce7bf60cd0c5eb16786f5\" style=\"margin-top:var(--wp--preset--spacing--40);margin-right:0;margin-bottom:var(--wp--preset--spacing--30);margin-left:0;padding-top:0;padding-right:0;padding-bottom:0;padding-left:0\"><a href=\"https:\/\/bilingual.hu\/en\/why-bilingual\/watch-us-in-action\/\">Watch us in action<\/a><\/h3>\n\n\n\n<p class=\"has-text-align-center has-secondary-color has-text-color has-link-color has-normal-font-size wp-elements-87864df94066f54291c819060d97c8fc\" style=\"font-style:normal;font-weight:800\"><a href=\"https:\/\/bilingual.hu\/en\/why-bilingual\/watch-us-in-action\/\">More<\/a><\/p>\n<\/div>\n<\/div>\n\n\n\n<div class=\"wp-block-group wp-container-content-bb43825f is-layout-flow wp-block-group-is-layout-flow\" style=\"min-height:306px\">\n<div class=\"wp-block-group has-global-padding is-layout-constrained wp-container-core-group-is-layout-97829e9f wp-block-group-is-layout-constrained\" style=\"padding-right:var(--wp--preset--spacing--40);padding-left:var(--wp--preset--spacing--40)\">\n<figure class=\"wp-block-image aligncenter size-full is-resized\"><a href=\"https:\/\/bilingual.hu\/en\/why-bilingual\/unique-elements\/\"><img loading=\"lazy\" decoding=\"async\" width=\"635\" height=\"635\" src=\"https:\/\/bilingual.hu\/app\/uploads\/2024\/08\/Property-1miben-vagyunk-masok_.png\" alt=\"\" class=\"wp-image-6121\" style=\"aspect-ratio:1;object-fit:cover;width:220px\" srcset=\"https:\/\/bilingual.hu\/app\/uploads\/2024\/08\/Property-1miben-vagyunk-masok_.png 635w, https:\/\/bilingual.hu\/app\/uploads\/2024\/08\/Property-1miben-vagyunk-masok_-300x300.png 300w, https:\/\/bilingual.hu\/app\/uploads\/2024\/08\/Property-1miben-vagyunk-masok_-150x150.png 150w\" sizes=\"auto, (max-width: 635px) 100vw, 635px\" \/><\/a><\/figure>\n<\/div>\n\n\n\n<div class=\"wp-block-group has-global-padding is-layout-constrained wp-container-core-group-is-layout-ff778368 wp-block-group-is-layout-constrained\" style=\"padding-right:var(--wp--preset--spacing--30);padding-left:var(--wp--preset--spacing--30)\">\n<h3 class=\"wp-block-heading has-text-align-center is-style-default has-primary-color has-text-color has-link-color has-2-x-large-font-size wp-elements-3c32f7724c847abc34cd201f4b986651\" style=\"margin-top:var(--wp--preset--spacing--40);margin-right:0;margin-bottom:var(--wp--preset--spacing--30);margin-left:0;padding-top:0;padding-right:0;padding-bottom:0;padding-left:0\"><a href=\"https:\/\/bilingual.hu\/en\/why-bilingual\/unique-elements\">Unique elements<\/a><\/h3>\n\n\n\n<p class=\"has-text-align-center has-secondary-color has-text-color has-link-color has-normal-font-size wp-elements-3799b92ac597add8252a9297a904075a\" style=\"font-style:normal;font-weight:800\"><a href=\"https:\/\/bilingual.hu\/en\/why-bilingual\/unique-elements\/\">More<\/a><\/p>\n<\/div>\n<\/div>\n\n\n\n<div class=\"wp-block-group wp-container-content-bb43825f is-layout-flow wp-block-group-is-layout-flow\" style=\"min-height:306px\">\n<div class=\"wp-block-group has-global-padding is-layout-constrained wp-container-core-group-is-layout-97829e9f wp-block-group-is-layout-constrained\" style=\"padding-right:var(--wp--preset--spacing--40);padding-left:var(--wp--preset--spacing--40)\">\n<figure class=\"wp-block-image aligncenter size-full is-resized\"><a href=\"https:\/\/bilingual.hu\/en\/why-bilingual\/qualified-teachers\"><img loading=\"lazy\" decoding=\"async\" width=\"635\" height=\"635\" src=\"https:\/\/bilingual.hu\/app\/uploads\/2024\/07\/tanaraink-munkatarsaink.png\" alt=\"\" class=\"wp-image-2758\" style=\"aspect-ratio:1;object-fit:cover;width:220px\" srcset=\"https:\/\/bilingual.hu\/app\/uploads\/2024\/07\/tanaraink-munkatarsaink.png 635w, https:\/\/bilingual.hu\/app\/uploads\/2024\/07\/tanaraink-munkatarsaink-300x300.png 300w, https:\/\/bilingual.hu\/app\/uploads\/2024\/07\/tanaraink-munkatarsaink-150x150.png 150w\" sizes=\"auto, (max-width: 635px) 100vw, 635px\" \/><\/a><\/figure>\n<\/div>\n\n\n\n<div class=\"wp-block-group has-global-padding is-layout-constrained wp-container-core-group-is-layout-ff778368 wp-block-group-is-layout-constrained\" style=\"padding-right:var(--wp--preset--spacing--30);padding-left:var(--wp--preset--spacing--30)\">\n<h3 class=\"wp-block-heading has-text-align-center is-style-default has-primary-color has-text-color has-link-color has-2-x-large-font-size wp-elements-c685d4594247ff3d9ad61ef8668dc743\" style=\"margin-top:var(--wp--preset--spacing--40);margin-right:0;margin-bottom:var(--wp--preset--spacing--30);margin-left:0;padding-top:0;padding-right:0;padding-bottom:0;padding-left:0\"><a href=\"https:\/\/bilingual.hu\/en\/why-bilingual\/qualified-teachers\">Qualified Teachers<\/a><\/h3>\n\n\n\n<p class=\"has-text-align-center has-secondary-color has-text-color has-link-color has-normal-font-size wp-elements-7354fba44732a449893f188f2f4acaa6\" style=\"font-style:normal;font-weight:800\"><a href=\"https:\/\/bilingual.hu\/en\/why-bilingual\/qualified-teachers\">More<\/a><\/p>\n<\/div>\n<\/div>\n\n\n\n<div class=\"wp-block-group wp-container-content-bb43825f is-layout-flow wp-block-group-is-layout-flow\" style=\"min-height:306px\">\n<div class=\"wp-block-group has-global-padding is-layout-constrained wp-container-core-group-is-layout-97829e9f wp-block-group-is-layout-constrained\" style=\"padding-right:var(--wp--preset--spacing--40);padding-left:var(--wp--preset--spacing--40)\">\n<figure class=\"wp-block-image aligncenter size-full is-resized\"><a href=\"https:\/\/bilingual.hu\/en\/why-bilingual\/cambridge-english-qualifications\/\"><img loading=\"lazy\" decoding=\"async\" width=\"330\" height=\"330\" src=\"https:\/\/bilingual.hu\/app\/uploads\/2024\/06\/picture-4.png\" alt=\"\" class=\"wp-image-822\" style=\"aspect-ratio:1;object-fit:cover;width:220px\" srcset=\"https:\/\/bilingual.hu\/app\/uploads\/2024\/06\/picture-4.png 330w, https:\/\/bilingual.hu\/app\/uploads\/2024\/06\/picture-4-300x300.png 300w, https:\/\/bilingual.hu\/app\/uploads\/2024\/06\/picture-4-150x150.png 150w\" sizes=\"auto, (max-width: 330px) 100vw, 330px\" \/><\/a><\/figure>\n<\/div>\n\n\n\n<div class=\"wp-block-group has-global-padding is-layout-constrained wp-container-core-group-is-layout-ff778368 wp-block-group-is-layout-constrained\" style=\"padding-right:var(--wp--preset--spacing--30);padding-left:var(--wp--preset--spacing--30)\">\n<h3 class=\"wp-block-heading has-text-align-center is-style-default has-primary-color has-text-color has-link-color has-2-x-large-font-size wp-elements-861c32b761a5cab64cfa94051ae92914\" style=\"margin-top:var(--wp--preset--spacing--40);margin-right:0;margin-bottom:var(--wp--preset--spacing--30);margin-left:0;padding-top:0;padding-right:0;padding-bottom:0;padding-left:0\"><a href=\"https:\/\/bilingual.hu\/en\/why-bilingual\/cambridge-english-qualifications\/\">Cambridge English Qualifications<\/a><\/h3>\n\n\n\n<p class=\"has-text-align-center has-secondary-color has-text-color has-link-color has-normal-font-size wp-elements-96cc867e2c74e8a2cf4e39310f2860ab\" style=\"font-style:normal;font-weight:800\"><a href=\"https:\/\/bilingual.hu\/en\/why-bilingual\/cambridge-english-qualifications\/\">More<\/a><\/p>\n<\/div>\n<\/div>\n<\/div>\n<\/div><\/div>\n\n\n\n<div class=\"wp-block-group alignwide has-global-padding is-layout-constrained wp-block-group-is-layout-constrained\">\n<div class=\"wp-block-group alignwide collection-menu-cta has-primary-background-color has-background is-content-justification-space-between is-nowrap is-layout-flex wp-container-core-group-is-layout-f655fa0f wp-block-group-is-layout-flex\" style=\"border-radius:24px;padding-top:var(--wp--preset--spacing--60);padding-right:var(--wp--preset--spacing--60);padding-bottom:var(--wp--preset--spacing--60);padding-left:var(--wp--preset--spacing--60)\">\n<div class=\"wp-block-group is-vertical is-layout-flex wp-container-core-group-is-layout-98bb686d wp-block-group-is-layout-flex\" style=\"border-style:none;border-width:0px;border-radius:0px\">\n<h3 class=\"wp-block-heading has-contrast-color has-text-color has-link-color wp-elements-1fcbf14cadf5c5c70c64820ea917faca\">Testimonials<\/h3>\n\n\n\n<p class=\"has-contrast-color has-text-color has-link-color wp-elements-eb1d408e41335f97aec83c7486578701\">Feedback is always appreciated, so we are happy to share what you think about parents, teachers, and students.<\/p>\n<\/div>\n\n\n\n<figure class=\"wp-block-image size-large is-resized\"><a href=\"https:\/\/bilingual.hu\/rolunk-mondtak\/\"><img decoding=\"async\" src=\"https:\/\/bilingual.hu\/app\/themes\/bilingual\/dist\/images\/icons\/arrow-right-negative.svg\" alt=\"ny\u00edl jobbra negat\u00edv\" class=\"wp-image-446\" style=\"aspect-ratio:1;object-fit:cover;width:72px\"\/><\/a><\/figure>\n<\/div>\n<\/div>\n<\/div>\n","protected":false},"excerpt":{"rendered":"<p>Why Bilingual? Testimonials Feedback is always appreciated, so we are happy to share what you think about parents, teachers, and students.<\/p>\n","protected":false},"author":8,"featured_media":0,"parent":0,"menu_order":0,"comment_status":"closed","ping_status":"closed","template":"page-no-title-social","meta":{"_acf_changed":false,"footnotes":""},"class_list":["post-1996","page","type-page","status-publish","hentry"],"acf":[],"yoast_head":"<!-- This site is optimized with the Yoast SEO plugin v26.0 - https:\/\/yoast.com\/wordpress\/plugins\/seo\/ -->\n<title>Why Bilingual? - Bilingual<\/title>\n<meta name=\"robots\" content=\"index, follow, max-snippet:-1, max-image-preview:large, max-video-preview:-1\" \/>\n<link rel=\"canonical\" href=\"https:\/\/bilingual.hu\/en\/why-bilingual\/\" \/>\n<meta property=\"og:locale\" content=\"en_US\" \/>\n<meta property=\"og:type\" content=\"article\" \/>\n<meta property=\"og:title\" content=\"Why Bilingual? - Bilingual\" \/>\n<meta property=\"og:description\" content=\"Why Bilingual? Testimonials Feedback is always appreciated, so we are happy to share what you think about parents, teachers, and students.\" \/>\n<meta property=\"og:url\" content=\"https:\/\/bilingual.hu\/en\/why-bilingual\/\" \/>\n<meta property=\"og:site_name\" content=\"Bilingual\" \/>\n<meta property=\"article:publisher\" content=\"https:\/\/www.facebook.com\/bilingual.hu\" \/>\n<meta property=\"article:modified_time\" content=\"2024-08-23T07:05:56+00:00\" \/>\n<meta property=\"og:image\" content=\"https:\/\/bilingual.hu\/app\/themes\/bilingual\/dist\/images\/ornament-wave.svg\" \/>\n<meta name=\"twitter:card\" content=\"summary_large_image\" \/>\n<meta name=\"twitter:label1\" content=\"Est. reading time\" \/>\n\t<meta name=\"twitter:data1\" content=\"2 minutes\" \/>\n<script type=\"application\/ld+json\" class=\"yoast-schema-graph\">{\"@context\":\"https:\/\/schema.org\",\"@graph\":[{\"@type\":\"WebPage\",\"@id\":\"https:\/\/bilingual.hu\/en\/why-bilingual\/\",\"url\":\"https:\/\/bilingual.hu\/en\/why-bilingual\/\",\"name\":\"Why Bilingual? - Bilingual\",\"isPartOf\":{\"@id\":\"https:\/\/bilingual.hu\/en\/#website\"},\"primaryImageOfPage\":{\"@id\":\"https:\/\/bilingual.hu\/en\/why-bilingual\/#primaryimage\"},\"image\":{\"@id\":\"https:\/\/bilingual.hu\/en\/why-bilingual\/#primaryimage\"},\"thumbnailUrl\":\"https:\/\/bilingual.hu\/app\/themes\/bilingual\/dist\/images\/ornament-wave.svg\",\"datePublished\":\"2024-06-04T12:44:03+00:00\",\"dateModified\":\"2024-08-23T07:05:56+00:00\",\"breadcrumb\":{\"@id\":\"https:\/\/bilingual.hu\/en\/why-bilingual\/#breadcrumb\"},\"inLanguage\":\"en-US\",\"potentialAction\":[{\"@type\":\"ReadAction\",\"target\":[\"https:\/\/bilingual.hu\/en\/why-bilingual\/\"]}]},{\"@type\":\"ImageObject\",\"inLanguage\":\"en-US\",\"@id\":\"https:\/\/bilingual.hu\/en\/why-bilingual\/#primaryimage\",\"url\":\"https:\/\/bilingual.hu\/app\/themes\/bilingual\/dist\/images\/ornament-wave.svg\",\"contentUrl\":\"https:\/\/bilingual.hu\/app\/themes\/bilingual\/dist\/images\/ornament-wave.svg\"},{\"@type\":\"BreadcrumbList\",\"@id\":\"https:\/\/bilingual.hu\/en\/why-bilingual\/#breadcrumb\",\"itemListElement\":[{\"@type\":\"ListItem\",\"position\":1,\"name\":\"&nbsp;\",\"item\":\"https:\/\/bilingual.hu\/en\/\"},{\"@type\":\"ListItem\",\"position\":2,\"name\":\"Why Bilingual?\"}]},{\"@type\":\"WebSite\",\"@id\":\"https:\/\/bilingual.hu\/en\/#website\",\"url\":\"https:\/\/bilingual.hu\/en\/\",\"name\":\"Bilingual\",\"description\":\"A Bilingual Program egy intenz\u00edv k\u00e9tnyelv\u0171 k\u00e9pz\u00e9s.\",\"publisher\":{\"@id\":\"https:\/\/bilingual.hu\/en\/#organization\"},\"potentialAction\":[{\"@type\":\"SearchAction\",\"target\":{\"@type\":\"EntryPoint\",\"urlTemplate\":\"https:\/\/bilingual.hu\/en\/?s={search_term_string}\"},\"query-input\":{\"@type\":\"PropertyValueSpecification\",\"valueRequired\":true,\"valueName\":\"search_term_string\"}}],\"inLanguage\":\"en-US\"},{\"@type\":\"Organization\",\"@id\":\"https:\/\/bilingual.hu\/en\/#organization\",\"name\":\"Bilingual\",\"url\":\"https:\/\/bilingual.hu\/en\/\",\"logo\":{\"@type\":\"ImageObject\",\"inLanguage\":\"en-US\",\"@id\":\"https:\/\/bilingual.hu\/en\/#\/schema\/logo\/image\/\",\"url\":\"https:\/\/bilingual.hu\/app\/uploads\/2024\/08\/Property-1Variant2.svg\",\"contentUrl\":\"https:\/\/bilingual.hu\/app\/uploads\/2024\/08\/Property-1Variant2.svg\",\"caption\":\"Bilingual\"},\"image\":{\"@id\":\"https:\/\/bilingual.hu\/en\/#\/schema\/logo\/image\/\"},\"sameAs\":[\"https:\/\/www.facebook.com\/bilingual.hu\",\"https:\/\/www.instagram.com\/bilingual.hu\/\",\"https:\/\/www.youtube.com\/channel\/UCr0fdfvgn1CRi0YwFT5LwEg\/videos\"]}]}<\/script>\n<!-- \/ Yoast SEO plugin. -->","yoast_head_json":{"title":"Why Bilingual? - Bilingual","robots":{"index":"index","follow":"follow","max-snippet":"max-snippet:-1","max-image-preview":"max-image-preview:large","max-video-preview":"max-video-preview:-1"},"canonical":"https:\/\/bilingual.hu\/en\/why-bilingual\/","og_locale":"en_US","og_type":"article","og_title":"Why Bilingual? - Bilingual","og_description":"Why Bilingual? Testimonials Feedback is always appreciated, so we are happy to share what you think about parents, teachers, and students.","og_url":"https:\/\/bilingual.hu\/en\/why-bilingual\/","og_site_name":"Bilingual","article_publisher":"https:\/\/www.facebook.com\/bilingual.hu","article_modified_time":"2024-08-23T07:05:56+00:00","og_image":[{"url":"https:\/\/bilingual.hu\/app\/themes\/bilingual\/dist\/images\/ornament-wave.svg","type":"","width":"","height":""}],"twitter_card":"summary_large_image","twitter_misc":{"Est. reading time":"2 minutes"},"schema":{"@context":"https:\/\/schema.org","@graph":[{"@type":"WebPage","@id":"https:\/\/bilingual.hu\/en\/why-bilingual\/","url":"https:\/\/bilingual.hu\/en\/why-bilingual\/","name":"Why Bilingual? - Bilingual","isPartOf":{"@id":"https:\/\/bilingual.hu\/en\/#website"},"primaryImageOfPage":{"@id":"https:\/\/bilingual.hu\/en\/why-bilingual\/#primaryimage"},"image":{"@id":"https:\/\/bilingual.hu\/en\/why-bilingual\/#primaryimage"},"thumbnailUrl":"https:\/\/bilingual.hu\/app\/themes\/bilingual\/dist\/images\/ornament-wave.svg","datePublished":"2024-06-04T12:44:03+00:00","dateModified":"2024-08-23T07:05:56+00:00","breadcrumb":{"@id":"https:\/\/bilingual.hu\/en\/why-bilingual\/#breadcrumb"},"inLanguage":"en-US","potentialAction":[{"@type":"ReadAction","target":["https:\/\/bilingual.hu\/en\/why-bilingual\/"]}]},{"@type":"ImageObject","inLanguage":"en-US","@id":"https:\/\/bilingual.hu\/en\/why-bilingual\/#primaryimage","url":"https:\/\/bilingual.hu\/app\/themes\/bilingual\/dist\/images\/ornament-wave.svg","contentUrl":"https:\/\/bilingual.hu\/app\/themes\/bilingual\/dist\/images\/ornament-wave.svg"},{"@type":"BreadcrumbList","@id":"https:\/\/bilingual.hu\/en\/why-bilingual\/#breadcrumb","itemListElement":[{"@type":"ListItem","position":1,"name":"&nbsp;","item":"https:\/\/bilingual.hu\/en\/"},{"@type":"ListItem","position":2,"name":"Why Bilingual?"}]},{"@type":"WebSite","@id":"https:\/\/bilingual.hu\/en\/#website","url":"https:\/\/bilingual.hu\/en\/","name":"Bilingual","description":"A Bilingual Program egy intenz\u00edv k\u00e9tnyelv\u0171 k\u00e9pz\u00e9s.","publisher":{"@id":"https:\/\/bilingual.hu\/en\/#organization"},"potentialAction":[{"@type":"SearchAction","target":{"@type":"EntryPoint","urlTemplate":"https:\/\/bilingual.hu\/en\/?s={search_term_string}"},"query-input":{"@type":"PropertyValueSpecification","valueRequired":true,"valueName":"search_term_string"}}],"inLanguage":"en-US"},{"@type":"Organization","@id":"https:\/\/bilingual.hu\/en\/#organization","name":"Bilingual","url":"https:\/\/bilingual.hu\/en\/","logo":{"@type":"ImageObject","inLanguage":"en-US","@id":"https:\/\/bilingual.hu\/en\/#\/schema\/logo\/image\/","url":"https:\/\/bilingual.hu\/app\/uploads\/2024\/08\/Property-1Variant2.svg","contentUrl":"https:\/\/bilingual.hu\/app\/uploads\/2024\/08\/Property-1Variant2.svg","caption":"Bilingual"},"image":{"@id":"https:\/\/bilingual.hu\/en\/#\/schema\/logo\/image\/"},"sameAs":["https:\/\/www.facebook.com\/bilingual.hu","https:\/\/www.instagram.com\/bilingual.hu\/","https:\/\/www.youtube.com\/channel\/UCr0fdfvgn1CRi0YwFT5LwEg\/videos"]}]}},"_links":{"self":[{"href":"https:\/\/bilingual.hu\/en\/wp-json\/wp\/v2\/pages\/1996","targetHints":{"allow":["GET"]}}],"collection":[{"href":"https:\/\/bilingual.hu\/en\/wp-json\/wp\/v2\/pages"}],"about":[{"href":"https:\/\/bilingual.hu\/en\/wp-json\/wp\/v2\/types\/page"}],"author":[{"embeddable":true,"href":"https:\/\/bilingual.hu\/en\/wp-json\/wp\/v2\/users\/8"}],"replies":[{"embeddable":true,"href":"https:\/\/bilingual.hu\/en\/wp-json\/wp\/v2\/comments?post=1996"}],"version-history":[{"count":7,"href":"https:\/\/bilingual.hu\/en\/wp-json\/wp\/v2\/pages\/1996\/revisions"}],"predecessor-version":[{"id":6173,"href":"https:\/\/bilingual.hu\/en\/wp-json\/wp\/v2\/pages\/1996\/revisions\/6173"}],"wp:attachment":[{"href":"https:\/\/bilingual.hu\/en\/wp-json\/wp\/v2\/media?parent=1996"}],"curies":[{"name":"wp","href":"https:\/\/api.w.org\/{rel}","templated":true}]}}