{"id":10125,"date":"2026-03-26T16:26:07","date_gmt":"2026-03-26T15:26:07","guid":{"rendered":"https:\/\/bilingual.hu\/?page_id=10125"},"modified":"2026-03-30T15:01:08","modified_gmt":"2026-03-30T13:01:08","slug":"europa-2000-high-school-service-fee","status":"publish","type":"page","link":"https:\/\/bilingual.hu\/en\/europa-2000-high-school-service-fee\/","title":{"rendered":"Eur\u00f3pa 2000 High School Service Fee"},"content":{"rendered":"\n<div class=\"wp-block-columns alignwide is-layout-flex wp-container-core-columns-is-layout-b91c0df1 wp-block-columns-is-layout-flex\" style=\"margin-top:var(--wp--preset--spacing--120);padding-bottom:var(--wp--preset--spacing--120)\">\n<div class=\"wp-block-column is-layout-flow wp-container-core-column-is-layout-68747412 wp-block-column-is-layout-flow\" style=\"flex-basis:72%\">\n<div class=\"wp-block-group has-global-padding is-layout-constrained wp-block-group-is-layout-constrained\">\n<h2 class=\"wp-block-heading has-blue-gray-color has-text-color has-link-color wp-elements-16084629a834d9280ed16200a44db5d8\" id=\"akik-mar-a-program-reszei\"><strong>Service Fees in the Bilingual Program from the 2026 \/ 2027 school year <\/strong>&#8211; 10th &#8211; 12th grade students<\/h2>\n\n\n\n<p class=\"has-blue-gray-color has-text-color has-link-color has-x-large-font-size wp-elements-e5ed8ff99f40882bc1ef7c38131c2e5b\"><strong><strong>Starting from 1<sup>st<\/sup>&nbsp;July, 2026<\/strong><\/strong><\/p>\n\n\n\n<figure class=\"wp-block-table is-style-regular\" style=\"padding-top:0;padding-right:0;padding-bottom:0;padding-left:0;font-style:normal;font-weight:600;line-height:1.3;text-decoration:none\"><table class=\"has-border-color has-primary-border-color\" style=\"border-width:3px\"><thead><tr><th class=\"has-text-align-center\" data-align=\"center\">Eur\u00f3pa 2000 High School<\/th><th class=\"has-text-align-center\" data-align=\"center\"><mark style=\"background-color:rgba(0, 0, 0, 0)\" class=\"has-inline-color has-primary-color\">&#8212;<\/mark><strong>               Payment Method<\/strong><\/th><th class=\"has-text-align-center\" data-align=\"center\"><strong>                1 st Child<\/strong><\/th><th class=\"has-text-align-center\" data-align=\"center\"><strong>                Siblings<\/strong><\/th><\/tr><\/thead><tbody><tr><td class=\"has-text-align-center\" data-align=\"center\">Annual Service Fee*<\/td><td class=\"has-text-align-center\" data-align=\"center\">from June 10**<\/td><td class=\"has-text-align-center\" data-align=\"center\">1.765.000 Ft<\/td><td class=\"has-text-align-center\" data-align=\"center\">1.424.000 Ft<\/td><\/tr><tr><td class=\"has-text-align-center\" data-align=\"center\"><strong><mark style=\"background-color:rgba(0, 0, 0, 0)\" class=\"has-inline-color has-secondary-color\">Annual Service Fee<\/mark><\/strong>*<\/td><td class=\"has-text-align-center\" data-align=\"center\"><mark style=\"background-color:rgba(0, 0, 0, 0)\" class=\"has-inline-color has-secondary-color\"><strong>Single annual sum <\/strong><\/mark><br><mark style=\"background-color:rgba(0, 0, 0, 0)\" class=\"has-inline-color has-secondary-color\"><strong>paid before June 10<\/strong><\/mark><br><mark style=\"background-color:rgba(0, 0, 0, 0)\" class=\"has-inline-color has-secondary-color\"><strong>(Early Bird  discount)<\/strong><\/mark><\/td><td class=\"has-text-align-center\" data-align=\"center\"><mark style=\"background-color:rgba(0, 0, 0, 0)\" class=\"has-inline-color has-secondary-color\"><strong>1.535.000 Ft<\/strong><\/mark><\/td><td class=\"has-text-align-center\" data-align=\"center\"><mark style=\"background-color:rgba(0, 0, 0, 0)\" class=\"has-inline-color has-secondary-color\"><strong>1.240.000 Ft<\/strong><\/mark><\/td><\/tr><\/tbody><\/table><\/figure>\n\n\n\n<p>*The service fee does NOT include the contribution to be paid for the establishment and maintenance of the Europa 2000 High School Student Status, the amount of which is 170,000 HUF\/month for 12 months for the 2026\/2027 school year. Details can be found on the <a href=\"https:\/\/europa2000.hu\/introduction\/\">high school&#8217;s website.<\/a><\/p>\n\n\n\n<p>**The 2, 4, or 12 installments per year are subject to application. The payment deadlines can be found in <a href=\"https:\/\/bilingual.hu\/app\/uploads\/2025\/02\/ASZF_1C_melleklet_Szolgaltatasi_Dijak_2025-2026_fizetesi-modok-es-hataridok.docx.pdf\">Appendix 1\/C of the General Terms and Conditions.<\/a><\/p>\n\n\n\n<p>Additional details and terms of service fees, discounts and installment payments<br>can be found in the <a href=\"https:\/\/bilingual.hu\/app\/uploads\/2026\/03\/ASZF_1A-melleklet_Szolgaltatasi_Dijak_2026_2021-22-tol-uj-ugyfelek.pdf\">Appendix 1\/A of the General Terms and Conditions.<\/a><\/p>\n<\/div>\n<\/div>\n\n\n\n<div class=\"wp-block-column is-layout-flow wp-block-column-is-layout-flow\" style=\"flex-basis:28%\">\n<div class=\"wp-block-group has-contrast-color has-secondary-background-color has-text-color has-background has-link-color wp-elements-7327526d710efa17fc03c53c2a550fb3 is-layout-flow wp-block-group-is-layout-flow\" style=\"border-radius:24px;padding-top:var(--wp--preset--spacing--60);padding-right:var(--wp--preset--spacing--60);padding-bottom:var(--wp--preset--spacing--60);padding-left:var(--wp--preset--spacing--60)\">\n<h2 class=\"wp-block-heading has-h-4-font-size\">Contact us<\/h2>\n\n\n\n<figure class=\"wp-block-image size-large is-resized\"><a href=\"https:\/\/bilingual.hu\/en\/contact\/\"><img loading=\"lazy\" decoding=\"async\" width=\"19\" height=\"19\" src=\"https:\/\/bilingual.hu\/app\/uploads\/2024\/06\/arrow-right.svg\" alt=\"\" class=\"wp-image-446\" style=\"object-fit:cover;width:72px;height:72px\"\/><\/a><\/figure>\n<\/div>\n\n\n\n<div class=\"wp-block-group has-contrast-color has-primary-background-color has-text-color has-background has-link-color wp-elements-8eb6deeb56c6d3a299f2e36a05cc1da4 is-layout-flow wp-block-group-is-layout-flow\" style=\"border-radius:24px;padding-top:var(--wp--preset--spacing--60);padding-right:var(--wp--preset--spacing--60);padding-bottom:var(--wp--preset--spacing--60);padding-left:var(--wp--preset--spacing--60)\">\n<h2 class=\"wp-block-heading has-h-4-font-size\">How can my child be enrolled into the Bilingual Program?<\/h2>\n\n\n\n<figure class=\"wp-block-image size-large is-resized\"><a href=\"https:\/\/bilingual.hu\/en\/enrollment-info\/how-can-my-child-be-enrolled-into-the-bilingual-program\/\"><img loading=\"lazy\" decoding=\"async\" width=\"19\" height=\"19\" src=\"https:\/\/bilingual.hu\/app\/uploads\/2024\/06\/arrow-right.svg\" alt=\"\" class=\"wp-image-446\" style=\"object-fit:cover;width:72px;height:72px\"\/><\/a><\/figure>\n<\/div>\n<\/div>\n<\/div>\n\n\n\n<p><\/p>\n","protected":false},"excerpt":{"rendered":"<p>Service Fees in the Bilingual Program from the 2026 \/ 2027 school year &#8211; 10th &#8211; 12th grade students Starting from 1st&nbsp;July, 2026 Eur\u00f3pa 2000 High School &#8212; Payment Method 1 st Child Siblings Annual Service Fee* from June 10** 1.765.000 Ft 1.424.000 Ft Annual Service Fee* Single annual sum paid before June 10(Early Bird [&hellip;]<\/p>\n","protected":false},"author":27,"featured_media":0,"parent":0,"menu_order":0,"comment_status":"closed","ping_status":"closed","template":"","meta":{"_acf_changed":false,"footnotes":""},"class_list":["post-10125","page","type-page","status-publish","hentry"],"acf":[],"yoast_head":"<!-- This site is optimized with the Yoast SEO plugin v26.0 - https:\/\/yoast.com\/wordpress\/plugins\/seo\/ -->\n<title>Eur\u00f3pa 2000 High School Service Fee - Bilingual<\/title>\n<meta name=\"robots\" content=\"index, follow, max-snippet:-1, max-image-preview:large, max-video-preview:-1\" \/>\n<link rel=\"canonical\" href=\"https:\/\/bilingual.hu\/en\/europa-2000-high-school-service-fee\/\" \/>\n<meta property=\"og:locale\" content=\"en_US\" \/>\n<meta property=\"og:type\" content=\"article\" \/>\n<meta property=\"og:title\" content=\"Eur\u00f3pa 2000 High School Service Fee - Bilingual\" \/>\n<meta property=\"og:description\" content=\"Service Fees in the Bilingual Program from the 2026 \/ 2027 school year &#8211; 10th &#8211; 12th grade students Starting from 1st&nbsp;July, 2026 Eur\u00f3pa 2000 High School &#8212; Payment Method 1 st Child Siblings Annual Service Fee* from June 10** 1.765.000 Ft 1.424.000 Ft Annual Service Fee* Single annual sum paid before June 10(Early Bird [&hellip;]\" \/>\n<meta property=\"og:url\" content=\"https:\/\/bilingual.hu\/en\/europa-2000-high-school-service-fee\/\" \/>\n<meta property=\"og:site_name\" content=\"Bilingual\" \/>\n<meta property=\"article:publisher\" content=\"https:\/\/www.facebook.com\/bilingual.hu\" \/>\n<meta property=\"article:modified_time\" content=\"2026-03-30T13:01:08+00:00\" \/>\n<meta property=\"og:image\" content=\"https:\/\/bilingual.hu\/app\/uploads\/2025\/03\/bilingual-megosztasi-kep-en.jpg\" \/>\n\t<meta property=\"og:image:width\" content=\"2490\" \/>\n\t<meta property=\"og:image:height\" content=\"1438\" \/>\n\t<meta property=\"og:image:type\" content=\"image\/jpeg\" \/>\n<meta name=\"twitter:card\" content=\"summary_large_image\" \/>\n<meta name=\"twitter:label1\" content=\"Est. reading time\" \/>\n\t<meta name=\"twitter:data1\" content=\"2 minutes\" \/>\n<script type=\"application\/ld+json\" class=\"yoast-schema-graph\">{\"@context\":\"https:\/\/schema.org\",\"@graph\":[{\"@type\":\"WebPage\",\"@id\":\"https:\/\/bilingual.hu\/en\/europa-2000-high-school-service-fee\/\",\"url\":\"https:\/\/bilingual.hu\/en\/europa-2000-high-school-service-fee\/\",\"name\":\"Eur\u00f3pa 2000 High School Service Fee - Bilingual\",\"isPartOf\":{\"@id\":\"https:\/\/bilingual.hu\/en\/#website\"},\"primaryImageOfPage\":{\"@id\":\"https:\/\/bilingual.hu\/en\/europa-2000-high-school-service-fee\/#primaryimage\"},\"image\":{\"@id\":\"https:\/\/bilingual.hu\/en\/europa-2000-high-school-service-fee\/#primaryimage\"},\"thumbnailUrl\":\"https:\/\/bilingual.hu\/app\/uploads\/2024\/06\/arrow-right.svg\",\"datePublished\":\"2026-03-26T15:26:07+00:00\",\"dateModified\":\"2026-03-30T13:01:08+00:00\",\"breadcrumb\":{\"@id\":\"https:\/\/bilingual.hu\/en\/europa-2000-high-school-service-fee\/#breadcrumb\"},\"inLanguage\":\"en-US\",\"potentialAction\":[{\"@type\":\"ReadAction\",\"target\":[\"https:\/\/bilingual.hu\/en\/europa-2000-high-school-service-fee\/\"]}]},{\"@type\":\"ImageObject\",\"inLanguage\":\"en-US\",\"@id\":\"https:\/\/bilingual.hu\/en\/europa-2000-high-school-service-fee\/#primaryimage\",\"url\":\"https:\/\/bilingual.hu\/app\/uploads\/2024\/06\/arrow-right.svg\",\"contentUrl\":\"https:\/\/bilingual.hu\/app\/uploads\/2024\/06\/arrow-right.svg\"},{\"@type\":\"BreadcrumbList\",\"@id\":\"https:\/\/bilingual.hu\/en\/europa-2000-high-school-service-fee\/#breadcrumb\",\"itemListElement\":[{\"@type\":\"ListItem\",\"position\":1,\"name\":\"&nbsp;\",\"item\":\"https:\/\/bilingual.hu\/en\/\"},{\"@type\":\"ListItem\",\"position\":2,\"name\":\"Eur\u00f3pa 2000 High School Service Fee\"}]},{\"@type\":\"WebSite\",\"@id\":\"https:\/\/bilingual.hu\/en\/#website\",\"url\":\"https:\/\/bilingual.hu\/en\/\",\"name\":\"Bilingual\",\"description\":\"A Bilingual Program egy intenz\u00edv k\u00e9tnyelv\u0171 k\u00e9pz\u00e9s.\",\"publisher\":{\"@id\":\"https:\/\/bilingual.hu\/en\/#organization\"},\"potentialAction\":[{\"@type\":\"SearchAction\",\"target\":{\"@type\":\"EntryPoint\",\"urlTemplate\":\"https:\/\/bilingual.hu\/en\/?s={search_term_string}\"},\"query-input\":{\"@type\":\"PropertyValueSpecification\",\"valueRequired\":true,\"valueName\":\"search_term_string\"}}],\"inLanguage\":\"en-US\"},{\"@type\":\"Organization\",\"@id\":\"https:\/\/bilingual.hu\/en\/#organization\",\"name\":\"Bilingual\",\"url\":\"https:\/\/bilingual.hu\/en\/\",\"logo\":{\"@type\":\"ImageObject\",\"inLanguage\":\"en-US\",\"@id\":\"https:\/\/bilingual.hu\/en\/#\/schema\/logo\/image\/\",\"url\":\"https:\/\/bilingual.hu\/app\/uploads\/2024\/08\/Property-1Variant2.svg\",\"contentUrl\":\"https:\/\/bilingual.hu\/app\/uploads\/2024\/08\/Property-1Variant2.svg\",\"caption\":\"Bilingual\"},\"image\":{\"@id\":\"https:\/\/bilingual.hu\/en\/#\/schema\/logo\/image\/\"},\"sameAs\":[\"https:\/\/www.facebook.com\/bilingual.hu\",\"https:\/\/www.instagram.com\/bilingual.hu\/\",\"https:\/\/www.youtube.com\/channel\/UCr0fdfvgn1CRi0YwFT5LwEg\/videos\"]}]}<\/script>\n<!-- \/ Yoast SEO plugin. -->","yoast_head_json":{"title":"Eur\u00f3pa 2000 High School Service Fee - Bilingual","robots":{"index":"index","follow":"follow","max-snippet":"max-snippet:-1","max-image-preview":"max-image-preview:large","max-video-preview":"max-video-preview:-1"},"canonical":"https:\/\/bilingual.hu\/en\/europa-2000-high-school-service-fee\/","og_locale":"en_US","og_type":"article","og_title":"Eur\u00f3pa 2000 High School Service Fee - Bilingual","og_description":"Service Fees in the Bilingual Program from the 2026 \/ 2027 school year &#8211; 10th &#8211; 12th grade students Starting from 1st&nbsp;July, 2026 Eur\u00f3pa 2000 High School &#8212; Payment Method 1 st Child Siblings Annual Service Fee* from June 10** 1.765.000 Ft 1.424.000 Ft Annual Service Fee* Single annual sum paid before June 10(Early Bird [&hellip;]","og_url":"https:\/\/bilingual.hu\/en\/europa-2000-high-school-service-fee\/","og_site_name":"Bilingual","article_publisher":"https:\/\/www.facebook.com\/bilingual.hu","article_modified_time":"2026-03-30T13:01:08+00:00","og_image":[{"width":2490,"height":1438,"url":"https:\/\/bilingual.hu\/app\/uploads\/2025\/03\/bilingual-megosztasi-kep-en.jpg","type":"image\/jpeg"}],"twitter_card":"summary_large_image","twitter_misc":{"Est. reading time":"2 minutes"},"schema":{"@context":"https:\/\/schema.org","@graph":[{"@type":"WebPage","@id":"https:\/\/bilingual.hu\/en\/europa-2000-high-school-service-fee\/","url":"https:\/\/bilingual.hu\/en\/europa-2000-high-school-service-fee\/","name":"Eur\u00f3pa 2000 High School Service Fee - Bilingual","isPartOf":{"@id":"https:\/\/bilingual.hu\/en\/#website"},"primaryImageOfPage":{"@id":"https:\/\/bilingual.hu\/en\/europa-2000-high-school-service-fee\/#primaryimage"},"image":{"@id":"https:\/\/bilingual.hu\/en\/europa-2000-high-school-service-fee\/#primaryimage"},"thumbnailUrl":"https:\/\/bilingual.hu\/app\/uploads\/2024\/06\/arrow-right.svg","datePublished":"2026-03-26T15:26:07+00:00","dateModified":"2026-03-30T13:01:08+00:00","breadcrumb":{"@id":"https:\/\/bilingual.hu\/en\/europa-2000-high-school-service-fee\/#breadcrumb"},"inLanguage":"en-US","potentialAction":[{"@type":"ReadAction","target":["https:\/\/bilingual.hu\/en\/europa-2000-high-school-service-fee\/"]}]},{"@type":"ImageObject","inLanguage":"en-US","@id":"https:\/\/bilingual.hu\/en\/europa-2000-high-school-service-fee\/#primaryimage","url":"https:\/\/bilingual.hu\/app\/uploads\/2024\/06\/arrow-right.svg","contentUrl":"https:\/\/bilingual.hu\/app\/uploads\/2024\/06\/arrow-right.svg"},{"@type":"BreadcrumbList","@id":"https:\/\/bilingual.hu\/en\/europa-2000-high-school-service-fee\/#breadcrumb","itemListElement":[{"@type":"ListItem","position":1,"name":"&nbsp;","item":"https:\/\/bilingual.hu\/en\/"},{"@type":"ListItem","position":2,"name":"Eur\u00f3pa 2000 High School Service Fee"}]},{"@type":"WebSite","@id":"https:\/\/bilingual.hu\/en\/#website","url":"https:\/\/bilingual.hu\/en\/","name":"Bilingual","description":"A Bilingual Program egy intenz\u00edv k\u00e9tnyelv\u0171 k\u00e9pz\u00e9s.","publisher":{"@id":"https:\/\/bilingual.hu\/en\/#organization"},"potentialAction":[{"@type":"SearchAction","target":{"@type":"EntryPoint","urlTemplate":"https:\/\/bilingual.hu\/en\/?s={search_term_string}"},"query-input":{"@type":"PropertyValueSpecification","valueRequired":true,"valueName":"search_term_string"}}],"inLanguage":"en-US"},{"@type":"Organization","@id":"https:\/\/bilingual.hu\/en\/#organization","name":"Bilingual","url":"https:\/\/bilingual.hu\/en\/","logo":{"@type":"ImageObject","inLanguage":"en-US","@id":"https:\/\/bilingual.hu\/en\/#\/schema\/logo\/image\/","url":"https:\/\/bilingual.hu\/app\/uploads\/2024\/08\/Property-1Variant2.svg","contentUrl":"https:\/\/bilingual.hu\/app\/uploads\/2024\/08\/Property-1Variant2.svg","caption":"Bilingual"},"image":{"@id":"https:\/\/bilingual.hu\/en\/#\/schema\/logo\/image\/"},"sameAs":["https:\/\/www.facebook.com\/bilingual.hu","https:\/\/www.instagram.com\/bilingual.hu\/","https:\/\/www.youtube.com\/channel\/UCr0fdfvgn1CRi0YwFT5LwEg\/videos"]}]}},"_links":{"self":[{"href":"https:\/\/bilingual.hu\/en\/wp-json\/wp\/v2\/pages\/10125","targetHints":{"allow":["GET"]}}],"collection":[{"href":"https:\/\/bilingual.hu\/en\/wp-json\/wp\/v2\/pages"}],"about":[{"href":"https:\/\/bilingual.hu\/en\/wp-json\/wp\/v2\/types\/page"}],"author":[{"embeddable":true,"href":"https:\/\/bilingual.hu\/en\/wp-json\/wp\/v2\/users\/27"}],"replies":[{"embeddable":true,"href":"https:\/\/bilingual.hu\/en\/wp-json\/wp\/v2\/comments?post=10125"}],"version-history":[{"count":3,"href":"https:\/\/bilingual.hu\/en\/wp-json\/wp\/v2\/pages\/10125\/revisions"}],"predecessor-version":[{"id":10254,"href":"https:\/\/bilingual.hu\/en\/wp-json\/wp\/v2\/pages\/10125\/revisions\/10254"}],"wp:attachment":[{"href":"https:\/\/bilingual.hu\/en\/wp-json\/wp\/v2\/media?parent=10125"}],"curies":[{"name":"wp","href":"https:\/\/api.w.org\/{rel}","templated":true}]}}